{"id":820,"date":"2021-04-13T10:39:55","date_gmt":"2021-04-13T15:39:55","guid":{"rendered":"https:\/\/101b2606a7.nxcli.io\/?page_id=820"},"modified":"2025-11-13T15:10:07","modified_gmt":"2025-11-13T15:10:07","slug":"testimonials","status":"publish","type":"page","link":"https:\/\/calhounmeredith.com\/es\/testimonials\/","title":{"rendered":"Calhoun Meredith"},"content":{"rendered":"\r\n<p><strong>Calhoun Meredith\u00a0<\/strong><\/p>\r\n\r\n\r\n\r\n<p>4.9\u00a0<\/p>\r\n\r\n\r\n\r\n<p>Basado en 73 comentarios\u00a0<\/p>\r\n\r\n\r\n\r\n<p>Ver todos los comentarios\u00a0<\/p>\r\n\r\n\r\n\r\n<p>Escribe un comentario<\/p>\r\n\r\n\r\n\r\n<p>Danelle D.\u00a0<\/p>\r\n\r\n\r\n\r\n<p>Hace dos meses\u00a0<\/p>\r\n\r\n\r\n\r\n<h5 class=\"wp-block-heading\">\u00a1Tre Meredith es el mejor!<\/h5>\r\n\r\n\r\n\r\n<p>Glynn B.\u00a0<\/p>\r\n\r\n\r\n\r\n<p>Hace dos meses\u00a0<\/p>\r\n\r\n\r\n\r\n<p>Thurman Sims J.\u00a0<\/p>\r\n\r\n\r\n\r\n<p>Hace dos meses\u00a0<\/p>\r\n\r\n\r\n\r\n<p>Edward I.\u00a0<\/p>\r\n\r\n\r\n\r\n<p>Hace dos meses\u00a0<\/p>\r\n\r\n\r\n\r\n<h5 class=\"wp-block-heading\">Gran bufete de abogados. El personal est\u00e1 muy bien informado y es experimentado en su campo. Los recomiendo encarecidamente si est\u00e1n buscando asesor\u00eda legal.<\/h5>\r\n\r\n\r\n\r\n<p>Pierre D\u00a0<\/p>\r\n\r\n\r\n\r\n<p>Hace dos meses\u00a0<\/p>\r\n\r\n\r\n\r\n<p>\u00a1Lo mejor de la industria! \u00a1Manejan todas mis necesidades legales!<\/p>\r\n\r\n\r\n\r\n<p>Nicole B.\u00a0<\/p>\r\n\r\n\r\n\r\n<p>Hace dos meses\u00a0<\/p>\r\n\r\n\r\n\r\n<p>Gran bufete de abogados. \u00a1Me encanta el equipo! Muy bien informado y experimentado en su campo. Muy amables, muy profesionales, al entrar sin saber en qui\u00e9n confiar, todo el equipo te asegura que est\u00e1s en buenas manos eso es lo que m\u00e1s me encant\u00f3. Los recomiendo encarecidamente si est\u00e1 buscando asesor\u00eda legal. Si pudiera dar 10 estrellas lo har\u00eda totalmente.<\/p>\r\n\r\n\r\n\r\n<p>Double T.\u00a0<\/p>\r\n\r\n\r\n\r\n<p>Hace dos meses\u00a0<\/p>\r\n\r\n\r\n\r\n<h5 class=\"wp-block-heading\">Johnnie Cochran est\u00e1 muerto, pero creo que fue reencarnado en el abogado Tre Meredith. \u00a1Gan\u00f3 mi caso que no se ve\u00eda bien!<\/h5>\r\n\r\n\r\n\r\n<p>Shawntiara D.<\/p>\r\n\r\n\r\n\r\n<p>Hace dos meses\u00a0<\/p>\r\n\r\n\r\n\r\n<h5 class=\"wp-block-heading\">Meredith era todo lo que me imagine que tendr\u00eda un abogado. Profesional, inteligente y ganador&#8230; Es un bulldog en la sala de la corte. \u00a1Todos los que lo conozcan tienen suerte!<\/h5>\r\n\r\n\r\n\r\n<p>Jacqui D.\u00a0<\/p>\r\n\r\n\r\n\r\n<p>Hace dos meses\u00a0<\/p>\r\n\r\n\r\n\r\n<p>Simplemente la mejor firma que he contratado. \u00a1El abogado Meredith fue incre\u00edble!<\/p>\r\n\r\n\r\n\r\n<p>Christine C.\u00a0<\/p>\r\n\r\n\r\n\r\n<p>Hace dos meses<\/p>\r\n\r\n\r\n\r\n<p>Yemi A.\u00a0<\/p>\r\n\r\n\r\n\r\n<p>Hace dos meses<\/p>\r\n\r\n\r\n\r\n<p>Roman J.\u00a0<\/p>\r\n\r\n\r\n\r\n<p>Hace dos meses<\/p>\r\n\r\n\r\n\r\n<p>Remyi F.\u00a0<\/p>\r\n\r\n\r\n\r\n<p>Hace dos meses<\/p>\r\n\r\n\r\n\r\n<p>Ashton Tray Taylor S.\u00a0<\/p>\r\n\r\n\r\n\r\n<p>Hace dos meses<\/p>\r\n\r\n\r\n\r\n<p>Brian L.\u00a0<\/p>\r\n\r\n\r\n\r\n<p>Hace dos meses\u00a0<\/p>\r\n\r\n\r\n\r\n<h5 class=\"wp-block-heading\">Personal experto que se preocupan realmente por sus clientes.<\/h5>\r\n\r\n\r\n\r\n<p>Jermarcus N.\u00a0<\/p>\r\n\r\n\r\n\r\n<p>Hace dos meses\u00a0<\/p>\r\n\r\n\r\n\r\n<h5 class=\"wp-block-heading\">Excelente servicio y comunicaci\u00f3n en toda mi situaci\u00f3n legal. Gracias abogado Meredith por toda su ayuda.<\/h5>\r\n\r\n\r\n\r\n<p>Jeremy C.\u00a0<\/p>\r\n\r\n\r\n\r\n<p>Hace dos meses<\/p>\r\n\r\n\r\n\r\n<p>Cameron W.\u00a0<\/p>\r\n\r\n\r\n\r\n<p>Hace dos meses\u00a0<\/p>\r\n\r\n\r\n\r\n<h5 class=\"wp-block-heading\">Respuesta inmediata e informaci\u00f3n fiable. Agradezco la atenci\u00f3n mostrada a mis archivos y seguir\u00e9 remitiendo a colegas a este establecimiento. Gracias<\/h5>\r\n\r\n\r\n\r\n<p>Theodric G.\u00a0<\/p>\r\n\r\n\r\n\r\n<p>Hace dos meses\u00a0<\/p>\r\n\r\n\r\n\r\n<p>Este equipo es la definici\u00f3n de resultados de calidad. Profesional, puntual, cari\u00f1oso, y la mayor\u00eda atentos a los detalles. S\u00f3lo tengo buenos reconocimientos por los servicios que proporcionaron para mi familia y yo. \u00a1Rezo por todos all\u00ed a un incre\u00edble a\u00f1o 2021 y \u00e9xito continuo!<\/p>\r\n\r\n\r\n\r\n<p>PrinceSimsGW\u00a0<\/p>\r\n\r\n\r\n\r\n<p>Hace dos meses\u00a0<\/p>\r\n\r\n\r\n\r\n<h5 class=\"wp-block-heading\">Gran firma, siempre ponen a los clientes en primer lugar<\/h5>\r\n\r\n\r\n\r\n<p>Sky C.\u00a0<\/p>\r\n\r\n\r\n\r\n<p>Hace dos meses<\/p>\r\n\r\n\r\n\r\n<p>Dorsey P.\u00a0<\/p>\r\n\r\n\r\n\r\n<p>Hace dos meses<\/p>\r\n\r\n\r\n\r\n<p>Anthony M.\u00a0<\/p>\r\n\r\n\r\n\r\n<p>Hace dos meses\u00a0<\/p>\r\n\r\n\r\n\r\n<p>La firma Calhoun Meredith hizo un trabajo incre\u00edble para m\u00ed cuando me lesion\u00e9 en un accidente de veh\u00edculo. Son extremadamente profesionales y pacientes cuando ten\u00eda preguntas sobre la legalidad de mi situaci\u00f3n. Me ayudaron a entender claramente el proceso legal de lo que se necesit\u00f3 para conseguirme a lo que ten\u00eda derecho. Recomiendo encarecidamente sus servicios.<\/p>\r\n\r\n\r\n\r\n<p>Shane S.\u00a0<\/p>\r\n\r\n\r\n\r\n<p>Hace dos meses\u00a0<\/p>\r\n\r\n\r\n\r\n<p>\u00a1Los abogados de Calhoun, Meredith toman las medidas necesarias para manejar cuidadosamente sus necesidades legales, desde lesiones personales hasta defensa criminal!<\/p>\r\n\r\n\r\n\r\n<p>Jay M.\u00a0<\/p>\r\n\r\n\r\n\r\n<p>Hace dos meses<\/p>\r\n\r\n\r\n\r\n<p>William R.\u00a0<\/p>\r\n\r\n\r\n\r\n<p>Hace dos meses<\/p>\r\n\r\n\r\n\r\n<p>Omoniyi O.\u00a0<\/p>\r\n\r\n\r\n\r\n<p>Hace dos meses\u00a0<\/p>\r\n\r\n\r\n\r\n<p>Recib\u00ed una citaci\u00f3n mientras estaba en Houston que quer\u00eda asegurarme de que no me afectara negativamente por varias razones. El abogado Tre Meredith se asegur\u00f3 de que eso no sucediera. Defendi\u00f3 en mi nombre y finalmente obtuvo mi citaci\u00f3n. Cada vez que necesitaba hablar con \u00e9l con respecto a una actualizaci\u00f3n, se puso a disposici\u00f3n, incluso si era por un par de minutos. Bas\u00e1ndome en mi experiencia, confiar\u00eda en \u00e9l y sus socios con cualquier asunto legal en el futuro.<\/p>\r\n\r\n\r\n\r\n<p>Nnamelu A.\u00a0<\/p>\r\n\r\n\r\n\r\n<p>Hace dos meses<\/p>\r\n\r\n\r\n\r\n<p>Bjornrae K.\u00a0<\/p>\r\n\r\n\r\n\r\n<p>Hace dos meses<\/p>\r\n\r\n\r\n\r\n<p>Samuel Adeseye, O.\u00a0<\/p>\r\n\r\n\r\n\r\n<p>Hace dos meses<\/p>\r\n\r\n\r\n\r\n<p>Kiara P.\u00a0<\/p>\r\n\r\n\r\n\r\n<p>Hace dos meses\u00a0<\/p>\r\n\r\n\r\n\r\n<p>\u00a1Si est\u00e1s buscando un gran profesionalismo y abogados honestos este es definitivamente el bufete de abogados para usted!<\/p>\r\n\r\n\r\n\r\n<p>Anthony B.<\/p>\r\n\r\n\r\n\r\n<p>Hace dos meses\u00a0<\/p>\r\n\r\n\r\n\r\n<p>La verdadera medida de un gran bufete de abogados se define por la competencia, el profesionalismo y el deseo de servir a sus clientes. Cuando usted tiene un problema legal as\u00ed sea criminal o civil esta es una empresa en la que puede confiar para ayudarle a trabajar duro en su nombre.<\/p>\r\n\r\n\r\n\r\n<p>Dantell C.\u00a0<\/p>\r\n\r\n\r\n\r\n<p>Hace dos meses\u00a0<\/p>\r\n\r\n\r\n\r\n<p>Puntuales. Profesionales. Educados. A menudo no sientes que un profesional realmente se preocupe por ti como cliente, pero estos caballeros definitivamente lo hacen. Fueron m\u00e1s all\u00e1, y superaron las expectativas. Estoy m\u00e1s que contento con el resultado. \u00a1Recomendados!<\/p>\r\n\r\n\r\n\r\n<p>Pamela C.\u00a0<\/p>\r\n\r\n\r\n\r\n<p>Hace dos meses<\/p>\r\n\r\n\r\n\r\n<p>Eric D.<\/p>\r\n\r\n\r\n\r\n<p>Hace dos meses\u00a0<\/p>\r\n\r\n\r\n\r\n<p>Gran servicio. Manejaron mi caso como profesionales. \u00a1Me mantuvieron informado en cada paso del camino y me hicieron sentir como un cliente, no un cheque de pago!<\/p>\r\n\r\n\r\n\r\n<p>Natoshia C.\u00a0<\/p>\r\n\r\n\r\n\r\n<p>Hace dos meses<\/p>\r\n\r\n\r\n\r\n<p>BERNADETTE W.\u00a0<\/p>\r\n\r\n\r\n\r\n<p>Hace dos meses\u00a0<\/p>\r\n\r\n\r\n\r\n<p>Tre Meredith fue un faro de esperanza para mi familia cuando nuestras opciones parec\u00edan limitadas. Estoy eternamente agradecido por su servicio. Por la presente recomiendo esta firma sin reservas.<\/p>\r\n\r\n\r\n\r\n<p>Brittany K.\u00a0<\/p>\r\n\r\n\r\n\r\n<p>Hace dos meses<\/p>\r\n\r\n\r\n\r\n<p>Broderick C.\u00a0<\/p>\r\n\r\n\r\n\r\n<p>Hace dos meses<\/p>\r\n\r\n\r\n\r\n<p>Phil G.\u00a0<\/p>\r\n\r\n\r\n\r\n<p>Hace dos meses<\/p>\r\n\r\n\r\n\r\n<p>Teresa C.\u00a0<\/p>\r\n\r\n\r\n\r\n<p>Hace dos meses<\/p>\r\n\r\n\r\n\r\n<p>Demetrius A.\u00a0<\/p>\r\n\r\n\r\n\r\n<p>Hace dos meses<\/p>\r\n\r\n\r\n\r\n<p>Linda C.\u00a0<\/p>\r\n\r\n\r\n\r\n<p>Hace dos meses<\/p>\r\n\r\n\r\n\r\n<p>Caricia C.\u00a0<\/p>\r\n\r\n\r\n\r\n<p>Hace dos meses<\/p>\r\n\r\n\r\n\r\n<p>Karen C.\u00a0<\/p>\r\n\r\n\r\n\r\n<p>Hace dos meses<\/p>\r\n\r\n\r\n\r\n<p>Willie S.\u00a0<\/p>\r\n\r\n\r\n\r\n<p>Hace dos meses\u00a0<\/p>\r\n\r\n\r\n\r\n<p>Excelente, servicio profesional de calidad. Este bufete de abogados ha estado a mi lado a trav\u00e9s de mis tiempos m\u00e1s dif\u00edciles. Sus acciones r\u00e1pidas creo que ser\u00edan dif\u00edciles de igualar por cualquier gran bufete de abogados. Nada m\u00e1s que aprecio de mi parte.<\/p>\r\n\r\n\r\n\r\n<p>Sierra B.\u00a0<\/p>\r\n\r\n\r\n\r\n<p>Hace dos meses<\/p>\r\n\r\n\r\n\r\n<p>Jasline C.\u00a0<\/p>\r\n\r\n\r\n\r\n<p>Hace dos meses<\/p>\r\n\r\n\r\n\r\n<p>Brian C.\u00a0<\/p>\r\n\r\n\r\n\r\n<p>Hace dos meses<\/p>\r\n\r\n\r\n\r\n<p>Teya G.\u00a0<\/p>\r\n\r\n\r\n\r\n<p>Hace seis meses<\/p>\r\n\r\n\r\n\r\n<p>Beauty Da Creole D.\u00a0<\/p>\r\n\r\n\r\n\r\n<p>Hace siete meses<\/p>\r\n\r\n\r\n\r\n<p>Devra C.\u00a0<\/p>\r\n\r\n\r\n\r\n<p>Hace a\u00f1os<\/p>\r\n\r\n\r\n\r\n<p>Mark S.\u00a0<\/p>\r\n\r\n\r\n\r\n<p>Hace a\u00f1os\u00a0<\/p>\r\n\r\n\r\n\r\n<p>He estado queriendo demandar a un tipo que me deb\u00eda dinero por un tiempo. El proceso me pareci\u00f3 tan engorroso que lo he estado posponiendo. Tre hizo el proceso tan simple y f\u00e1cil y estoy emocionado de trabajar con \u00e9l. Actualizar\u00e9 el caso.<\/p>\r\n\r\n\r\n\r\n<p>Lester L.\u00a0<\/p>\r\n\r\n\r\n\r\n<p>Hace dos a\u00f1os\u00a0<\/p>\r\n\r\n\r\n\r\n<p>\u00a1Gran bufete de abogados!<\/p>\r\n\r\n\r\n\r\n<p>Tashira\u00a0<\/p>\r\n\r\n\r\n\r\n<p>Hace dos a\u00f1os\u00a0<\/p>\r\n\r\n\r\n\r\n<p>\u00a1EL MEJOR PERSONAL DE LA HISTORIA! \u00a1GRACIAS A DIOS POR EL ABOGADO MEREDITH!<\/p>\r\n\r\n\r\n\r\n<p>Cristen A.\u00a0<\/p>\r\n\r\n\r\n\r\n<p>Hace dos a\u00f1os<\/p>\r\n\r\n\r\n\r\n<p>Meshone A.\u00a0<\/p>\r\n\r\n\r\n\r\n<p>Hace dos a\u00f1os<\/p>\r\n\r\n\r\n\r\n<p>Brandon T.\u00a0<\/p>\r\n\r\n\r\n\r\n<p>Hace dos a\u00f1os\u00a0<\/p>\r\n\r\n\r\n\r\n<p>Disfrut\u00e9 mucho mi interacci\u00f3n con el Se\u00f1or Meredith. \u00c9l est\u00e1 muy bien informado y es servicial. S\u00e9 que est\u00e1 ocupado con muchos clientes, pero su firma siempre me hace sentir como el \u00fanico cliente que tienen.<\/p>\r\n\r\n\r\n\r\n<p>Michael H.\u00a0<\/p>\r\n\r\n\r\n\r\n<p>Hace dos a\u00f1os\u00a0<\/p>\r\n\r\n\r\n\r\n<p>Gran firma que proporcion\u00f3 una experiencia excepcional. Me hicieron sentir c\u00f3modo y me explicaron la ley hasta que pudiera entenderla.<\/p>\r\n\r\n\r\n\r\n<p>Brian H.\u00a0<\/p>\r\n\r\n\r\n\r\n<p>Hace dos a\u00f1os\u00a0<\/p>\r\n\r\n\r\n\r\n<p>Recomiendo encarecidamente a esta firma a cualquier persona que busque representaci\u00f3n legal que sea justa, honesta y mantenga su mejor inter\u00e9s y necesidades \u00fanicas a la vanguardia.<\/p>\r\n\r\n\r\n\r\n<p>Michael S.\u00a0<\/p>\r\n\r\n\r\n\r\n<p>Hace dos a\u00f1os\u00a0<\/p>\r\n\r\n\r\n\r\n<p>Incre\u00edble firma, muy profesional, atentos y confiables. Definitivamente volver\u00eda a consultar si fuera necesario.<\/p>\r\n\r\n\r\n\r\n<p>Ramon S.\u00a0<\/p>\r\n\r\n\r\n\r\n<p>Hace dos a\u00f1os\u00a0<\/p>\r\n\r\n\r\n\r\n<p>He recibido consultas con el abogado Meredith en numerosas ocasiones y recomendar\u00eda su consejo a todos los que me importan. Gran firma que se preocupa por sus clientes. \u00a1Muy recomendable!<\/p>\r\n\r\n\r\n\r\n<p>Le&#8217;Andra J.\u00a0<\/p>\r\n\r\n\r\n\r\n<p>Hace dos a\u00f1os<\/p>\r\n\r\n\r\n\r\n<p>Kylon C.\u00a0<\/p>\r\n\r\n\r\n\r\n<p>Hace dos a\u00f1os<\/p>\r\n\r\n\r\n\r\n<p>Raven T.\u00a0<\/p>\r\n\r\n\r\n\r\n<p>Hace dos a\u00f1os<\/p>\r\n\r\n\r\n\r\n<p>Whatabarber B.\u00a0<\/p>\r\n\r\n\r\n\r\n<p>Hace dos a\u00f1os<\/p>\r\n\r\n\r\n\r\n<p>Mal A.\u00a0<\/p>\r\n\r\n\r\n\r\n<p>Hace dos a\u00f1os\u00a0<\/p>\r\n\r\n\r\n\r\n<p>Excelente servicio profesional prestado<\/p>\r\n\r\n\r\n\r\n<p>Haydarus H.\u00a0<\/p>\r\n\r\n\r\n\r\n<p>Hace dos a\u00f1os\u00a0<\/p>\r\n\r\n\r\n\r\n<p>Servicios incre\u00edbles y profesionales. Recib\u00ed la consulta de Treshaun Meridith en m\u00faltiples ocasiones. Proporciona una visi\u00f3n honesta con integridad. Es un placer trabajar con \u00e9l.<\/p>\r\n\r\n\r\n\r\n<p>D&#8217;angelo C.<\/p>\r\n\r\n\r\n\r\n<h4 class=\"wp-block-heading\">Hace dos a\u00f1os\u00a0<\/h4>\r\n\r\n\r\n\r\n<p>\u00a1Abogados incre\u00edbles que siempre ponen a sus clientes en primer lugar!<\/p>\r\n\r\n\r\n\r\n<p>L F.\u00a0<\/p>\r\n\r\n\r\n\r\n<p>Hace dos a\u00f1os\u00a0<\/p>\r\n\r\n\r\n\r\n<p>Gran firma y continuamente trabajando, ya sea a las 3 am o 3pm, el abogado Meredith fue capaz de ayudarme. Gracias<\/p>\r\n","protected":false},"excerpt":{"rendered":"<p>Calhoun Meredith\u00a0 4.9\u00a0 Basado en 73 comentarios\u00a0 Ver todos los comentarios\u00a0 Escribe un comentario Danelle D.\u00a0 Hace dos meses\u00a0 \u00a1Tre Meredith es el mejor! Glynn &hellip; <\/p>\n<p class=\"link-more\"><a href=\"https:\/\/calhounmeredith.com\/es\/testimonials\/\" class=\"more-link\">Continuar leyendo<span class=\"screen-reader-text\"> &#8220;Calhoun Meredith&#8221;<\/span><\/a><\/p>\n","protected":false},"author":21,"featured_media":0,"parent":0,"menu_order":0,"comment_status":"closed","ping_status":"closed","template":"template-parts\/testimonials-page.php","meta":{"_acf_changed":false,"footnotes":""},"class_list":["post-820","page","type-page","status-publish","hentry","entry"],"acf":[],"yoast_head":"<!-- This site is optimized with the Yoast SEO plugin v27.0 - https:\/\/yoast.com\/product\/yoast-seo-wordpress\/ -->\n<title>Calhoun Meredith | Calhoun Meredith<\/title>\n<meta name=\"description\" content=\"Vea testimonios y rese\u00f1as de nuestros clientes. Calhoun Meredith en Houston. Consulta gratuita y sin costos iniciales.\" \/>\n<meta name=\"robots\" content=\"index, follow, max-snippet:-1, max-image-preview:large, max-video-preview:-1\" \/>\n<link rel=\"canonical\" href=\"https:\/\/calhounmeredith.com\/es\/testimonials\/\" \/>\n<meta property=\"og:locale\" content=\"es_MX\" \/>\n<meta property=\"og:type\" content=\"article\" \/>\n<meta property=\"og:title\" content=\"Calhoun Meredith | Calhoun Meredith\" \/>\n<meta property=\"og:description\" content=\"Vea testimonios y rese\u00f1as de nuestros clientes. Calhoun Meredith en Houston. Consulta gratuita y sin costos iniciales.\" \/>\n<meta property=\"og:url\" content=\"https:\/\/calhounmeredith.com\/es\/testimonials\/\" \/>\n<meta property=\"og:site_name\" content=\"Calhoun Meredith\" \/>\n<meta property=\"article:publisher\" content=\"https:\/\/www.facebook.com\/calhounmeredithllc\" \/>\n<meta property=\"article:modified_time\" content=\"2025-11-13T15:10:07+00:00\" \/>\n<meta property=\"og:image\" content=\"https:\/\/calhounmeredith.com\/wp-content\/uploads\/2024\/08\/preview-image-logo.png\" \/>\n\t<meta property=\"og:image:width\" content=\"381\" \/>\n\t<meta property=\"og:image:height\" content=\"155\" \/>\n\t<meta property=\"og:image:type\" content=\"image\/png\" \/>\n<meta name=\"twitter:card\" content=\"summary_large_image\" \/>\n<meta name=\"twitter:label1\" content=\"Tiempo de lectura\" \/>\n\t<meta name=\"twitter:data1\" content=\"6 minutos\" \/>\n<!-- \/ Yoast SEO plugin. -->","yoast_head_json":{"title":"Calhoun Meredith | Calhoun Meredith","description":"Vea testimonios y rese\u00f1as de nuestros clientes. Calhoun Meredith en Houston. Consulta gratuita y sin costos iniciales.","robots":{"index":"index","follow":"follow","max-snippet":"max-snippet:-1","max-image-preview":"max-image-preview:large","max-video-preview":"max-video-preview:-1"},"canonical":"https:\/\/calhounmeredith.com\/es\/testimonials\/","og_locale":"es_MX","og_type":"article","og_title":"Calhoun Meredith | Calhoun Meredith","og_description":"Vea testimonios y rese\u00f1as de nuestros clientes. Calhoun Meredith en Houston. Consulta gratuita y sin costos iniciales.","og_url":"https:\/\/calhounmeredith.com\/es\/testimonials\/","og_site_name":"Calhoun Meredith","article_publisher":"https:\/\/www.facebook.com\/calhounmeredithllc","article_modified_time":"2025-11-13T15:10:07+00:00","og_image":[{"width":381,"height":155,"url":"https:\/\/calhounmeredith.com\/wp-content\/uploads\/2024\/08\/preview-image-logo.png","type":"image\/png"}],"twitter_card":"summary_large_image","twitter_misc":{"Tiempo de lectura":"6 minutos"},"schema":{"@context":"https:\/\/schema.org","@graph":[{"@type":"WebPage","@id":"https:\/\/calhounmeredith.com\/es\/testimonials\/","url":"https:\/\/calhounmeredith.com\/es\/testimonials\/","name":"Calhoun Meredith | Calhoun Meredith","isPartOf":{"@id":"https:\/\/calhounmeredith.com\/#website"},"datePublished":"2021-04-13T15:39:55+00:00","dateModified":"2025-11-13T15:10:07+00:00","description":"Vea testimonios y rese\u00f1as de nuestros clientes. Calhoun Meredith en Houston. Consulta gratuita y sin costos iniciales.","breadcrumb":{"@id":"https:\/\/calhounmeredith.com\/es\/testimonials\/#breadcrumb"},"inLanguage":"es","potentialAction":[{"@type":"ReadAction","target":["https:\/\/calhounmeredith.com\/es\/testimonials\/"]}]},{"@type":"BreadcrumbList","@id":"https:\/\/calhounmeredith.com\/es\/testimonials\/#breadcrumb","itemListElement":[{"@type":"ListItem","position":1,"name":"Home","item":"https:\/\/calhounmeredith.com\/es\/"},{"@type":"ListItem","position":2,"name":"Calhoun Meredith"}]},{"@type":"WebSite","@id":"https:\/\/calhounmeredith.com\/#website","url":"https:\/\/calhounmeredith.com\/","name":"Calhoun Meredith","description":"Houston Injury Law Firm","publisher":{"@id":"https:\/\/calhounmeredith.com\/#organization"},"potentialAction":[{"@type":"SearchAction","target":{"@type":"EntryPoint","urlTemplate":"https:\/\/calhounmeredith.com\/?s={search_term_string}"},"query-input":{"@type":"PropertyValueSpecification","valueRequired":true,"valueName":"search_term_string"}}],"inLanguage":"es"},{"@type":"Organization","@id":"https:\/\/calhounmeredith.com\/#organization","name":"Calhoun Meredith","url":"https:\/\/calhounmeredith.com\/","logo":{"@type":"ImageObject","inLanguage":"es","@id":"https:\/\/calhounmeredith.com\/#\/schema\/logo\/image\/","url":"https:\/\/calhounmeredith.com\/wp-content\/uploads\/2022\/04\/calhoun-meredith-new-logo01-colored.png","contentUrl":"https:\/\/calhounmeredith.com\/wp-content\/uploads\/2022\/04\/calhoun-meredith-new-logo01-colored.png","width":400,"height":200,"caption":"Calhoun Meredith"},"image":{"@id":"https:\/\/calhounmeredith.com\/#\/schema\/logo\/image\/"},"sameAs":["https:\/\/www.facebook.com\/calhounmeredithllc"]}]}},"_links":{"self":[{"href":"https:\/\/calhounmeredith.com\/es\/wp-json\/wp\/v2\/pages\/820","targetHints":{"allow":["GET"]}}],"collection":[{"href":"https:\/\/calhounmeredith.com\/es\/wp-json\/wp\/v2\/pages"}],"about":[{"href":"https:\/\/calhounmeredith.com\/es\/wp-json\/wp\/v2\/types\/page"}],"author":[{"embeddable":true,"href":"https:\/\/calhounmeredith.com\/es\/wp-json\/wp\/v2\/users\/21"}],"replies":[{"embeddable":true,"href":"https:\/\/calhounmeredith.com\/es\/wp-json\/wp\/v2\/comments?post=820"}],"version-history":[{"count":1,"href":"https:\/\/calhounmeredith.com\/es\/wp-json\/wp\/v2\/pages\/820\/revisions"}],"predecessor-version":[{"id":6101,"href":"https:\/\/calhounmeredith.com\/es\/wp-json\/wp\/v2\/pages\/820\/revisions\/6101"}],"wp:attachment":[{"href":"https:\/\/calhounmeredith.com\/es\/wp-json\/wp\/v2\/media?parent=820"}],"curies":[{"name":"wp","href":"https:\/\/api.w.org\/{rel}","templated":true}]}}