{"id":590,"date":"2021-02-02T20:28:25","date_gmt":"2021-02-03T01:28:25","guid":{"rendered":"https:\/\/101b2606a7.nxcli.io\/practice-areas\/"},"modified":"2025-07-11T15:29:41","modified_gmt":"2025-07-11T15:29:41","slug":"areas-practica","status":"publish","type":"page","link":"https:\/\/calhounmeredith.com\/es\/areas-practica\/","title":{"rendered":"\u00c1reas de Pr\u00e1ctica"},"content":{"rendered":"\r\n<h2 class=\"wp-block-heading\"><strong>Lesiones personales\u00a0\u00a0<\/strong><\/h2>\r\n\r\n\r\n\r\n<h3 class=\"wp-block-heading\">Accidentes automovil\u00edsticos\u00a0<\/h3>\r\n\r\n\r\n\r\n<p>Cuando ocurre un accidente automovil\u00edstico, las lesiones pueden ser devastadoras, e incluso resultar en la p\u00e9rdida de vidas. Las lesiones que resultan del accidente pueden conducir a falta de trabajo, facturas m\u00e9dicas, una disminuci\u00f3n en la calidad de vida, e incluso a atenci\u00f3n de por vida. Si la negligencia de otra persona result\u00f3 en su lesi\u00f3n, usted puede tener el derecho de perseguir una reclamaci\u00f3n por da\u00f1os y perjuicios. Un abogado de <a href=\"https:\/\/calhounmeredith.com\/es\/como-se-determina-la-culpa\/\" target=\"_blank\" rel=\"noopener\">accidentes automovil\u00edsticos<\/a> puede ayudarle a sus clientes a navegar este proceso para que no tengan que enfrentar esto por su cuenta..\u00a0<\/p>\r\n\r\n\r\n\r\n<p>M\u00e1s informaci\u00f3n<\/p>\r\n\r\n\r\n\r\n<p><strong>Accidentes de camiones<\/strong>\u00a0<\/p>\r\n\r\n\r\n\r\n<p>Los accidentes que involucran grandes camiones comerciales a menudo resultan en lesiones significativas y p\u00e9rdida de vidas debido al tama\u00f1o y peso del cami\u00f3n. Estas lesiones con frecuencia resultan en un tratamiento extenso e incluso pueden conducir a la atenci\u00f3n m\u00e9dica a largo plazo. Los conductores que han trabajado demasiadas horas, el mal control de los carriles y el mantenimiento inadecuado del cami\u00f3n pueden ser factores que conduzcan a un accidente. Si la negligencia caus\u00f3 su colisi\u00f3n con un veh\u00edculo de este tipo, un abogado de accidentes de cami\u00f3n en Calhoun Meredith defender\u00e1 sus derechos.\u00a0<\/p>\r\n\r\n\r\n\r\n<p>M\u00e1s informaci\u00f3n<\/p>\r\n\r\n\r\n\r\n<p><strong>Accidentes de motocicletas<\/strong>\u00a0<\/p>\r\n\r\n\r\n\r\n<p>Cuando necesite respuestas despu\u00e9s de un accidente de motocicleta, los abogados de Calhoun Meredith est\u00e1n aqu\u00ed para ayudarle. Su amplia experiencia ayuda a los conductores y sus familias a presentar reclamaciones legales contra las partes negligentes para obtener una compensaci\u00f3n. Los motociclistas tienen los mismos derechos que un veh\u00edculo en la calle, pero otros coches o camiones pueden no darse cuenta de ello. Si su negligencia caus\u00f3 su lesi\u00f3n, usted puede ser capaz de perseguir una reclamaci\u00f3n para ayudarle a volver a la calle.\u00a0<\/p>\r\n\r\n\r\n\r\n<p>M\u00e1s informaci\u00f3n<\/p>\r\n\r\n\r\n\r\n<p><strong>Accidentes de Uber<\/strong>\u00a0<\/p>\r\n\r\n\r\n\r\n<p>Al igual que cualquier otro conductor de veh\u00edculo de motor, los conductores de Uber y Lyft tienen la responsabilidad de no causar da\u00f1os a sus pasajeros u otros conductores, ciclistas o peatones que est\u00e1n en la misma calle. Desafortunadamente, los pasajeros u otras personas en la calle pueden verse involucrados en un accidente con un veh\u00edculo de transporte compartido que resulta en una lesi\u00f3n. A diferencia de los automovilistas regulares, los veh\u00edculos de Uber pueden tener varios tipos de seguro. Un <a href=\"https:\/\/calhounmeredith.com\/es\/abogado-de-accidentes-de-uber\/\" target=\"_blank\" rel=\"noopener\">abogado de accidentes de Uber<\/a> en Calhoun Meredith puede ayudarle a los heridos a navegar a trav\u00e9s del proceso del seguro y a ayudarlos en el camino hacia la curaci\u00f3n..\u00a0<\/p>\r\n\r\n\r\n\r\n<p>M\u00e1s informaci\u00f3n<\/p>\r\n\r\n\r\n\r\n<p><strong>Violencia en <a href=\"https:\/\/calhounmeredith.com\/es\/violence-home-seek-justice-complex-injury\/\" target=\"_blank\" rel=\"noopener\">complejos de apartamentos<\/a><\/strong> .<\/p>\r\n\r\n\r\n\r\n<p>Los complejos de apartamentos pueden tener cientos o miles de inquilinos al mismo tiempo, adem\u00e1s de los hu\u00e9spedes de los visitantes que van y vienen. Adem\u00e1s, las personas que no residen en el complejo, saben que cualquier residente puede visitar la propiedad. Los propietarios y gerentes de estos complejos tienen el deber de mantener un ambiente seguro, y al no hacerlo puede resultar en actos de crimen o violencia cometidos por un inquilino, hu\u00e9sped o empleado contra aquellos que viven all\u00ed. Si usted ha sido v\u00edctima de agresi\u00f3n, asaltos, agresi\u00f3n sexual o violencia con armas de fuego, es posible que pueda perseguir una reclamaci\u00f3n para recuperar los da\u00f1os y perjuicios por sus p\u00e9rdidas.\u00a0<\/p>\r\n\r\n\r\n\r\n<p>M\u00e1s informaci\u00f3n<\/p>\r\n\r\n\r\n\r\n<p><strong>Muerte injusta<\/strong>\u00a0<\/p>\r\n\r\n\r\n\r\n<p>Cuando las acciones o negligencias de alguien resultan en p\u00e9rdidas de vidas, se puede presentar una demanda contra el acusado que caus\u00f3 la muerte. Perder a un ser querido es una experiencia que altera la vida, el dolor y el shock se profundizan cuando sospecha que su muerte pudo haberse evitado. Comunicarse con un abogado de muerte injusta despu\u00e9s de una p\u00e9rdida puede ayudarle a tomar decisiones sobre el futuro y ayudarle a recuperar la compensaci\u00f3n para cubrir los gastos inesperados que pueda estar enfrentando.\u00a0<\/p>\r\n\r\n\r\n\r\n<p>M\u00e1s informaci\u00f3n<\/p>\r\n\r\n\r\n\r\n<p><strong>Lesiones personales<\/strong>\u00a0<\/p>\r\n\r\n\r\n\r\n<p>Cada d\u00eda, la negligencia conduce a lesiones; las leyes de estas fueron dise\u00f1adas para proteger a las personas que han sido perjudicadas como resultado de la negligencia de otra persona. Cuando esto ocurre, la parte perjudicada tiene derecho a emprender acciones legales contra las partes negligentes para recuperar la compensaci\u00f3n por lesiones, salarios perdidos, facturas m\u00e9dicas y otros da\u00f1os. <a href=\"https:\/\/calhounmeredith.com\/houston-car-accident-lawyer\/common-injuries\/\" target=\"_blank\" rel=\"noopener\">Los abogados de lesiones<\/a> personales de Calhoun Meredith est\u00e1n listos para ayudarle a los clientes heridos a buscar la m\u00e1xima compensaci\u00f3n y justicia.\u00a0<\/p>\r\n\r\n\r\n\r\n<p>M\u00e1s informaci\u00f3n<\/p>\r\n\r\n\r\n\r\n<p><strong><a class=\"rank-math-link\" href=\"https:\/\/calhounmeredith.com\/es\/abogado-de-accidentes-de-camiones\/\">Accidentes con camiones articulados<\/a><\/strong>\u00a0<\/p>\r\n\r\n\r\n\r\n<p>Hay un n\u00famero significativo de camiones que comparten la calle con veh\u00edculos en Houston. Estos semi-camiones son significativamente m\u00e1s grandes y pesados que el veh\u00edculo promedio y pueden conducir a lesiones significativas y p\u00e9rdida de vidas cuando ocurre un accidente. Si ha tenido un accidente con un veh\u00edculo de 18 ruedas y ha sufrido de lesiones, es posible que pueda presentar una demanda contra la parte negligente por da\u00f1os y perjuicios para ayudarle a compensar sus p\u00e9rdidas.\u00a0<\/p>\r\n\r\n\r\n\r\n<p>M\u00e1s informaci\u00f3n<\/p>\r\n\r\n\r\n\r\n<p><strong>Accidentes de autob\u00fas<\/strong>\u00a0<\/p>\r\n\r\n\r\n\r\n<p>La gente conf\u00eda en los autobuses para el transporte. Desde el Metro hasta los autobuses escolares, estos son un medio de transporte conveniente; desafortunadamente, es posible que no siempre funcionen de forma segura. Cuando esto ocurre, puede resultar en un accidente donde los pasajeros, peatones, ciclistas u otros automovilistas puedan sufrir lesiones significativas debido al tama\u00f1o y peso del autob\u00fas.\u00a0<\/p>\r\n\r\n\r\n\r\n<p>M\u00e1s informaci\u00f3n<\/p>\r\n\r\n\r\n\r\n<p><strong>Accidentes de bicicleta<\/strong>\u00a0<\/p>\r\n\r\n\r\n\r\n<p>A pesar de que una bicicleta tiene menos ruedas que los veh\u00edculos de motor con los que pueden compartir espacio, los ciclistas tienen derechos cuando viajan por la calle. Ya sea que est\u00e9 us\u00e1ndola por placer, ejercicio o trabajo, los ciclistas deben sentirse seguros de que pueden andar por Houston de forma segura. Desafortunadamente, esto no siempre sucede, y un conductor negligente puede causar un accidente que resulte en una lesi\u00f3n grave. Si se enfrenta a facturas m\u00e9dicas y salarios perdidos despu\u00e9s de un incidente, un abogado de accidentes de bicicleta puede ayudarle a perseguir una reclamaci\u00f3n de compensaci\u00f3n.\u00a0<\/p>\r\n\r\n\r\n\r\n<p>M\u00e1s informaci\u00f3n<\/p>\r\n\r\n\r\n\r\n<p><strong>Accidentes de peatones<\/strong>\u00a0<\/p>\r\n\r\n\r\n\r\n<p>Cuando un veh\u00edculo descuidado golpea a un peat\u00f3n caminando por la acera o cruzando la calle, con frecuencia conduce a lesiones significativas o incluso p\u00e9rdida de vida. Si sufri\u00f3 una lesi\u00f3n despu\u00e9s de ser golpeado por un coche, cami\u00f3n o autob\u00fas, es posible que pueda presentar una reclamaci\u00f3n contra el conductor negligente que caus\u00f3 sus lesiones.\u00a0<\/p>\r\n\r\n\r\n\r\n<p>M\u00e1s informaci\u00f3n<\/p>\r\n\r\n\r\n\r\n<p><strong>Accidentes por conducir en estado de ebriedad<\/strong>\u00a0<\/p>\r\n\r\n\r\n\r\n<p>Un conductor ebrio pone en riesgo la seguridad de los dem\u00e1s cuando se pone al volante. Sin importar que usted sea un conductor de veh\u00edculo a motor, pasajero, peat\u00f3n o ciclista, un accidente causado por un conductor intoxicado o deteriorado puede ser devastador. Si usted fue herido por un conductor ebrio, un abogado de lesiones de DUI (por sus siglas en ingl\u00e9s) en Calhoun Meredith puede ayudarle a luchar por la justicia que se merece.\u00a0<\/p>\r\n\r\n\r\n\r\n<p>M\u00e1s informaci\u00f3n<\/p>\r\n\r\n\r\n\r\n<p><strong>Accidentes de golpe con fuga<\/strong><\/p>\r\n\r\n\r\n\r\n<p>Cuando un conductor negligente huye de la escena de un accidente, se produce un \u201cgolpe con fuga\u201d. Aunque es posible que inicialmente no se sepa qui\u00e9n caus\u00f3 la colisi\u00f3n y su lesi\u00f3n, los abogados de accidentes de este tipo en Calhoun Meredith investigar\u00e1n completamente el accidente y tratar\u00e1n con la compa\u00f1\u00eda de seguros para abogar en su nombre.\u00a0<\/p>\r\n\r\n\r\n\r\n<p>M\u00e1s informaci\u00f3n<\/p>\r\n\r\n\r\n\r\n<p><strong>Accidentes por colisiones traseras<\/strong>\u00a0<\/p>\r\n\r\n\r\n\r\n<p>La conducci\u00f3n distra\u00edda, los frenos defectuosos, conducir cerca del veh\u00edculo de adelante, el exceso de velocidad, la conducci\u00f3n deteriorada y las condiciones h\u00famedas de la calle pueden conducir a un accidente por estas colisiones. Esta colisi\u00f3n com\u00fan puede resultar en un choque menor o en un accidente catastr\u00f3fico. Lesiones en la espalda, el cuello y el hombro, lesiones en la cabeza y el cerebro, huesos fracturados y lesiones de la m\u00e9dula espinal son lesiones comunes que ocurren en estos. Un abogado familiarizado con los accidentes que involucran a un coche siendo golpeado por detr\u00e1s por otro, puede investigar el accidente, evaluar el alcance de las p\u00e9rdidas y buscar una compensaci\u00f3n para las v\u00edctimas heridas.<\/p>\r\n\r\n\r\n\r\n<p>M\u00e1s informaci\u00f3n<\/p>\r\n\r\n\r\n\r\n<h4 class=\"wp-block-heading\"><strong>Colisiones frontales<\/strong>\u00a0<\/h4>\r\n\r\n\r\n\r\n<p>Una colisi\u00f3n frontal ocurre cuando dos coches que viajan en direcciones opuestas chocan. Esto ocurre con frecuencia cuando un conductor viaja por el camino equivocado en una calle o se desv\u00eda hacia el tr\u00e1fico en sentido contrario. Debido al impacto de estos accidentes, las lesiones pueden ser extremadamente graves, pueden incluir traumatismo cerebral, par\u00e1lisis, lesiones de la m\u00e9dula espinal e incluso p\u00e9rdida de vidas. La conducci\u00f3n distra\u00edda y en estado de ebriedad son con frecuencia algunos de los factores que causan estos accidentes, y un abogado de colisi\u00f3n frontal puede investigar completamente el accidente y luchar por la justicia.\u00a0<\/p>\r\n\r\n\r\n\r\n<p>M\u00e1s informaci\u00f3n<\/p>\r\n\r\n\r\n\r\n<h4 class=\"wp-block-heading\"><strong>Otras \u00e1reas de pr\u00e1ctica<\/strong><\/h4>\r\n\r\n\r\n\r\n<h4 class=\"wp-block-heading\"><strong>Derecho de medios<\/strong><\/h4>\r\n\r\n\r\n\r\n<p>Sin importar si es cantante, bailar\u00edn, comediante, autor, artista visual o atleta con actividades de entretenimiento, nuestros abogados de entretenimiento asesoran a los clientes en empresas creativas, incluyendo negociaciones contractuales, acuerdos de grabaci\u00f3n, licencias, derechos de autor, marcas comerciales y patentes, acuerdos de desempe\u00f1o, la prevenci\u00f3n y resoluci\u00f3n de otras disputas legales.\u00a0<\/p>\r\n\r\n\r\n\r\n<p>M\u00e1s informaci\u00f3n<\/p>\r\n\r\n\r\n\r\n<h3 class=\"wp-block-heading\"><strong>Defensa criminal<\/strong>\u00a0<\/h3>\r\n\r\n\r\n\r\n<p>Independientemente de c\u00f3mo se encuentre en la necesidad de defensa legal, nuestros abogados de defensa criminal est\u00e1n ansiosos y dispuestos a ayudar y proteger sus derechos constitucionales. Nuestro equipo representa casos desde delitos menores hasta delitos graves, incluyendo DUI (conducci\u00f3n en estado de ebriedad), robo, posesi\u00f3n de drogas, consumo de alcohol en menores de edad y falsificaci\u00f3n.\u00a0<\/p>\r\n\r\n\r\n\r\n<p>M\u00e1s informaci\u00f3n<\/p>\r\n\r\n\r\n\r\n<p>Cuando se trata de asuntos gubernamentales, Calhoun Meredith tiene la experiencia de representarlos, as\u00ed como a individuos, grupos y empresas que tratan con el gobierno. Desde la solicitud de permisos y la petici\u00f3n de variaciones de zonificaci\u00f3n hasta la redacci\u00f3n y administraci\u00f3n de contratos, nuestros abogados de relaciones gubernamentales representan a clientes de ambos lados en este tipo de asuntos.\u00a0<\/p>\r\n\r\n\r\n\r\n<h4 class=\"wp-block-heading\"><strong>Relaciones p\u00fablicas<\/strong><\/h4>\r\n\r\n\r\n\r\n<p>M\u00e1s informaci\u00f3n<\/p>\r\n\r\n\r\n\r\n<h4 class=\"wp-block-heading\"><strong>Derecho comercial<\/strong><\/h4>\r\n\r\n\r\n\r\n<p>Desde emprendedores hasta corporaciones establecidas, el equipo de<a class=\"rank-math-link\" href=\"\/es\/\"> Calhoun Meredith<\/a> proporciona soluciones legales para cada etapa o negocio. Nuestros abogados de negocios gu\u00edan a los clientes a trav\u00e9s de la formaci\u00f3n de entidades, contratos, resoluci\u00f3n de disputas, recursos humanos y otras necesidades legales.\u00a0<\/p>\r\n\r\n\r\n\r\n<p>M\u00e1s informaci\u00f3n<\/p>\r\n","protected":false},"excerpt":{"rendered":"<p>Lesiones personales\u00a0\u00a0 Accidentes automovil\u00edsticos\u00a0 Cuando ocurre un accidente automovil\u00edstico, las lesiones pueden ser devastadoras, e incluso resultar en la p\u00e9rdida de vidas. Las lesiones que &hellip; <\/p>\n<p class=\"link-more\"><a href=\"https:\/\/calhounmeredith.com\/es\/areas-practica\/\" class=\"more-link\">Continuar leyendo<span class=\"screen-reader-text\"> &#8220;\u00c1reas de Pr\u00e1ctica&#8221;<\/span><\/a><\/p>\n","protected":false},"author":21,"featured_media":0,"parent":0,"menu_order":0,"comment_status":"closed","ping_status":"closed","template":"template-parts\/practiceareas-page.php","meta":{"_acf_changed":false,"footnotes":""},"class_list":["post-590","page","type-page","status-publish","hentry","entry"],"acf":[],"yoast_head":"<!-- This site is optimized with the Yoast SEO plugin v27.0 - https:\/\/yoast.com\/product\/yoast-seo-wordpress\/ -->\n<title>\u00c1reas de Pr\u00e1ctica | Calhoun Meredith<\/title>\n<meta name=\"robots\" content=\"index, follow, max-snippet:-1, max-image-preview:large, max-video-preview:-1\" \/>\n<link rel=\"canonical\" href=\"https:\/\/calhounmeredith.com\/es\/areas-practica\/\" \/>\n<meta property=\"og:locale\" content=\"es_MX\" \/>\n<meta property=\"og:type\" content=\"article\" \/>\n<meta property=\"og:title\" content=\"\u00c1reas de Pr\u00e1ctica | Calhoun Meredith\" \/>\n<meta property=\"og:description\" content=\"Lesiones personales\u00a0\u00a0 Accidentes automovil\u00edsticos\u00a0 Cuando ocurre un accidente automovil\u00edstico, las lesiones pueden ser devastadoras, e incluso resultar en la p\u00e9rdida de vidas. Las lesiones que &hellip; Continuar leyendo &quot;\u00c1reas de Pr\u00e1ctica&quot;\" \/>\n<meta property=\"og:url\" content=\"https:\/\/calhounmeredith.com\/es\/areas-practica\/\" \/>\n<meta property=\"og:site_name\" content=\"Calhoun Meredith\" \/>\n<meta property=\"article:publisher\" content=\"https:\/\/www.facebook.com\/calhounmeredithllc\" \/>\n<meta property=\"article:modified_time\" content=\"2025-07-11T15:29:41+00:00\" \/>\n<meta property=\"og:image\" content=\"https:\/\/calhounmeredith.com\/wp-content\/uploads\/2024\/08\/preview-image-logo.png\" \/>\n\t<meta property=\"og:image:width\" content=\"381\" \/>\n\t<meta property=\"og:image:height\" content=\"155\" \/>\n\t<meta property=\"og:image:type\" content=\"image\/png\" \/>\n<meta name=\"twitter:card\" content=\"summary_large_image\" \/>\n<meta name=\"twitter:label1\" content=\"Tiempo de lectura\" \/>\n\t<meta name=\"twitter:data1\" content=\"8 minutos\" \/>\n<!-- \/ Yoast SEO plugin. -->","yoast_head_json":{"title":"\u00c1reas de Pr\u00e1ctica | Calhoun Meredith","robots":{"index":"index","follow":"follow","max-snippet":"max-snippet:-1","max-image-preview":"max-image-preview:large","max-video-preview":"max-video-preview:-1"},"canonical":"https:\/\/calhounmeredith.com\/es\/areas-practica\/","og_locale":"es_MX","og_type":"article","og_title":"\u00c1reas de Pr\u00e1ctica | Calhoun Meredith","og_description":"Lesiones personales\u00a0\u00a0 Accidentes automovil\u00edsticos\u00a0 Cuando ocurre un accidente automovil\u00edstico, las lesiones pueden ser devastadoras, e incluso resultar en la p\u00e9rdida de vidas. Las lesiones que &hellip; Continuar leyendo \"\u00c1reas de Pr\u00e1ctica\"","og_url":"https:\/\/calhounmeredith.com\/es\/areas-practica\/","og_site_name":"Calhoun Meredith","article_publisher":"https:\/\/www.facebook.com\/calhounmeredithllc","article_modified_time":"2025-07-11T15:29:41+00:00","og_image":[{"width":381,"height":155,"url":"https:\/\/calhounmeredith.com\/wp-content\/uploads\/2024\/08\/preview-image-logo.png","type":"image\/png"}],"twitter_card":"summary_large_image","twitter_misc":{"Tiempo de lectura":"8 minutos"},"schema":{"@context":"https:\/\/schema.org","@graph":[{"@type":"WebPage","@id":"https:\/\/calhounmeredith.com\/es\/areas-practica\/","url":"https:\/\/calhounmeredith.com\/es\/areas-practica\/","name":"\u00c1reas de Pr\u00e1ctica | Calhoun Meredith","isPartOf":{"@id":"https:\/\/calhounmeredith.com\/#website"},"datePublished":"2021-02-03T01:28:25+00:00","dateModified":"2025-07-11T15:29:41+00:00","breadcrumb":{"@id":"https:\/\/calhounmeredith.com\/es\/areas-practica\/#breadcrumb"},"inLanguage":"es","potentialAction":[{"@type":"ReadAction","target":["https:\/\/calhounmeredith.com\/es\/areas-practica\/"]}]},{"@type":"BreadcrumbList","@id":"https:\/\/calhounmeredith.com\/es\/areas-practica\/#breadcrumb","itemListElement":[{"@type":"ListItem","position":1,"name":"Home","item":"https:\/\/calhounmeredith.com\/es\/"},{"@type":"ListItem","position":2,"name":"\u00c1reas de Pr\u00e1ctica"}]},{"@type":"WebSite","@id":"https:\/\/calhounmeredith.com\/#website","url":"https:\/\/calhounmeredith.com\/","name":"Calhoun Meredith","description":"Houston Injury Law Firm","publisher":{"@id":"https:\/\/calhounmeredith.com\/#organization"},"potentialAction":[{"@type":"SearchAction","target":{"@type":"EntryPoint","urlTemplate":"https:\/\/calhounmeredith.com\/?s={search_term_string}"},"query-input":{"@type":"PropertyValueSpecification","valueRequired":true,"valueName":"search_term_string"}}],"inLanguage":"es"},{"@type":"Organization","@id":"https:\/\/calhounmeredith.com\/#organization","name":"Calhoun Meredith","url":"https:\/\/calhounmeredith.com\/","logo":{"@type":"ImageObject","inLanguage":"es","@id":"https:\/\/calhounmeredith.com\/#\/schema\/logo\/image\/","url":"https:\/\/calhounmeredith.com\/wp-content\/uploads\/2022\/04\/calhoun-meredith-new-logo01-colored.png","contentUrl":"https:\/\/calhounmeredith.com\/wp-content\/uploads\/2022\/04\/calhoun-meredith-new-logo01-colored.png","width":400,"height":200,"caption":"Calhoun Meredith"},"image":{"@id":"https:\/\/calhounmeredith.com\/#\/schema\/logo\/image\/"},"sameAs":["https:\/\/www.facebook.com\/calhounmeredithllc"]}]}},"_links":{"self":[{"href":"https:\/\/calhounmeredith.com\/es\/wp-json\/wp\/v2\/pages\/590","targetHints":{"allow":["GET"]}}],"collection":[{"href":"https:\/\/calhounmeredith.com\/es\/wp-json\/wp\/v2\/pages"}],"about":[{"href":"https:\/\/calhounmeredith.com\/es\/wp-json\/wp\/v2\/types\/page"}],"author":[{"embeddable":true,"href":"https:\/\/calhounmeredith.com\/es\/wp-json\/wp\/v2\/users\/21"}],"replies":[{"embeddable":true,"href":"https:\/\/calhounmeredith.com\/es\/wp-json\/wp\/v2\/comments?post=590"}],"version-history":[{"count":2,"href":"https:\/\/calhounmeredith.com\/es\/wp-json\/wp\/v2\/pages\/590\/revisions"}],"predecessor-version":[{"id":6098,"href":"https:\/\/calhounmeredith.com\/es\/wp-json\/wp\/v2\/pages\/590\/revisions\/6098"}],"wp:attachment":[{"href":"https:\/\/calhounmeredith.com\/es\/wp-json\/wp\/v2\/media?parent=590"}],"curies":[{"name":"wp","href":"https:\/\/api.w.org\/{rel}","templated":true}]}}