{"id":588,"date":"2021-02-04T15:23:38","date_gmt":"2021-02-04T20:23:38","guid":{"rendered":"https:\/\/101b2606a7.nxcli.io\/nosotros\/tre-meredith\/"},"modified":"2025-07-11T15:38:58","modified_gmt":"2025-07-11T15:38:58","slug":"tre-meredith","status":"publish","type":"page","link":"https:\/\/calhounmeredith.com\/es\/nosotros\/tre-meredith\/","title":{"rendered":"Abogado Tre Meredith"},"content":{"rendered":"\r\n<p>Tre Meredith se gradu\u00f3 de la Preparatoria Spring. Asisti\u00f3 a la Universidad de Houston y recibi\u00f3 una Licenciatura en Administraci\u00f3n de Empresas en Finanzas. Obtuvo su Doctorado en Derecho en la Escuela de Derecho Thurgood Marshall de la Universidad Del Sur de Texas, donde se gradu\u00f3 dentro del 5% de calificaciones m\u00e1s altas de su clase y se desempe\u00f1\u00f3 como vicepresidente de la Asociaci\u00f3n de Abogados Estudiantiles y miembro del diario de derecho.\u00a0<\/p>\r\n\r\n\r\n\r\n<p>El abogado Meredith es el actual socio director de<a href=\"\/es\/\"> Calhoun Meredith<\/a>. Su dedicaci\u00f3n, excelentes habilidades anal\u00edticas y de escritura, atenci\u00f3n exigente al detalle y personalidad carism\u00e1tica le ofrece a Meredith una ventaja sobre sus competidores. En pocas palabras, a los clientes les encanta y adoran el enfoque implacable de Meredith a la pr\u00e1ctica de la ley.<\/p>\r\n\r\n\r\n\r\n<h2 class=\"wp-block-heading\"><strong>Educaci\u00f3n<\/strong><\/h2>\r\n\r\n\r\n\r\n<ul class=\"wp-block-list\" id=\"block-5a2218b7-f8ca-491d-b4f6-9a0882133624\">\r\n<li>Escuela de Derecho de Thurgood Marshall del sur de Houston Texas<\/li>\r\n<li>Doctorado en Derecho<\/li>\r\n<li>Reconocimientos: dentro del 5% de calificaciones m\u00e1s altas de su clase<\/li>\r\n<li>Reconocimientos: vicepresidente de la Asociaci\u00f3n de Abogados Estudiantiles<\/li>\r\n<li>Universidad de negocios de C.T. Bauer, Universidad de Houston en Houston, Texas\u00a0<\/li>\r\n<li>Licenciatura en Administraci\u00f3n de Empresas\u00a0<\/li>\r\n<li>Carrera: Finanzas<\/li>\r\n<\/ul>\r\n\r\n\r\n\r\n<h2 class=\"wp-block-heading\"><strong>Permisos para ejercer<\/strong><\/h2>\r\n\r\n\r\n\r\n<ul class=\"wp-block-list\" id=\"block-c2292908-2801-4045-9eed-5f229440b816\">\r\n<li>Texas\u00a0<\/li>\r\n<li>Tribunal de Distrito de E.U.A del Distrito Sur de Texas<\/li>\r\n<\/ul>\r\n\r\n\r\n\r\n<h2 class=\"wp-block-heading\"><strong>Fraternidades<\/strong><\/h2>\r\n\r\n\r\n\r\n<ul class=\"wp-block-list\">\r\n<li>Fraternidad Kappa Alpha Psi, Inc.<\/li>\r\n<\/ul>\r\n\r\n\r\n\r\n<h2 class=\"wp-block-heading\"><strong>\u00c1reas de pr\u00e1ctica<\/strong><\/h2>\r\n\r\n\r\n\r\n<ul class=\"wp-block-list\" id=\"block-0fa47ac5-385f-4d4b-8cf5-54acb08924b1\">\r\n<li>Defensa criminal\u00a0<\/li>\r\n<li>Lesiones personales<\/li>\r\n<\/ul>\r\n","protected":false},"excerpt":{"rendered":"<p>Tre Meredith se gradu\u00f3 de la Preparatoria Spring. Asisti\u00f3 a la Universidad de Houston y recibi\u00f3 una Licenciatura en Administraci\u00f3n de Empresas en Finanzas. Obtuvo &hellip; <\/p>\n<p class=\"link-more\"><a href=\"https:\/\/calhounmeredith.com\/es\/nosotros\/tre-meredith\/\" class=\"more-link\">Continuar leyendo<span class=\"screen-reader-text\"> &#8220;Abogado Tre Meredith&#8221;<\/span><\/a><\/p>\n","protected":false},"author":21,"featured_media":0,"parent":584,"menu_order":0,"comment_status":"closed","ping_status":"closed","template":"template-parts\/singleprofile-page.php","meta":{"_acf_changed":false,"footnotes":""},"class_list":["post-588","page","type-page","status-publish","hentry","entry"],"acf":[],"yoast_head":"<!-- This site is optimized with the Yoast SEO plugin v27.0 - https:\/\/yoast.com\/product\/yoast-seo-wordpress\/ -->\n<title>Abogado Tre Meredith | Calhoun Meredith<\/title>\n<meta name=\"robots\" content=\"index, follow, max-snippet:-1, max-image-preview:large, max-video-preview:-1\" \/>\n<link rel=\"canonical\" href=\"https:\/\/calhounmeredith.com\/es\/nosotros\/tre-meredith\/\" \/>\n<meta property=\"og:locale\" content=\"es_MX\" \/>\n<meta property=\"og:type\" content=\"article\" \/>\n<meta property=\"og:title\" content=\"Abogado Tre Meredith | Calhoun Meredith\" \/>\n<meta property=\"og:description\" content=\"Tre Meredith se gradu\u00f3 de la Preparatoria Spring. Asisti\u00f3 a la Universidad de Houston y recibi\u00f3 una Licenciatura en Administraci\u00f3n de Empresas en Finanzas. Obtuvo &hellip; Continuar leyendo &quot;Abogado Tre Meredith&quot;\" \/>\n<meta property=\"og:url\" content=\"https:\/\/calhounmeredith.com\/es\/nosotros\/tre-meredith\/\" \/>\n<meta property=\"og:site_name\" content=\"Calhoun Meredith\" \/>\n<meta property=\"article:publisher\" content=\"https:\/\/www.facebook.com\/calhounmeredithllc\" \/>\n<meta property=\"article:modified_time\" content=\"2025-07-11T15:38:58+00:00\" \/>\n<meta property=\"og:image\" content=\"https:\/\/calhounmeredith.com\/wp-content\/uploads\/2024\/08\/preview-image-logo.png\" \/>\n\t<meta property=\"og:image:width\" content=\"381\" \/>\n\t<meta property=\"og:image:height\" content=\"155\" \/>\n\t<meta property=\"og:image:type\" content=\"image\/png\" \/>\n<meta name=\"twitter:card\" content=\"summary_large_image\" \/>\n<meta name=\"twitter:label1\" content=\"Tiempo de lectura\" \/>\n\t<meta name=\"twitter:data1\" content=\"1 minuto\" \/>\n<!-- \/ Yoast SEO plugin. -->","yoast_head_json":{"title":"Abogado Tre Meredith | Calhoun Meredith","robots":{"index":"index","follow":"follow","max-snippet":"max-snippet:-1","max-image-preview":"max-image-preview:large","max-video-preview":"max-video-preview:-1"},"canonical":"https:\/\/calhounmeredith.com\/es\/nosotros\/tre-meredith\/","og_locale":"es_MX","og_type":"article","og_title":"Abogado Tre Meredith | Calhoun Meredith","og_description":"Tre Meredith se gradu\u00f3 de la Preparatoria Spring. Asisti\u00f3 a la Universidad de Houston y recibi\u00f3 una Licenciatura en Administraci\u00f3n de Empresas en Finanzas. Obtuvo &hellip; Continuar leyendo \"Abogado Tre Meredith\"","og_url":"https:\/\/calhounmeredith.com\/es\/nosotros\/tre-meredith\/","og_site_name":"Calhoun Meredith","article_publisher":"https:\/\/www.facebook.com\/calhounmeredithllc","article_modified_time":"2025-07-11T15:38:58+00:00","og_image":[{"width":381,"height":155,"url":"https:\/\/calhounmeredith.com\/wp-content\/uploads\/2024\/08\/preview-image-logo.png","type":"image\/png"}],"twitter_card":"summary_large_image","twitter_misc":{"Tiempo de lectura":"1 minuto"},"schema":{"@context":"https:\/\/schema.org","@graph":[{"@type":"WebPage","@id":"https:\/\/calhounmeredith.com\/es\/nosotros\/tre-meredith\/","url":"https:\/\/calhounmeredith.com\/es\/nosotros\/tre-meredith\/","name":"Abogado Tre Meredith | Calhoun Meredith","isPartOf":{"@id":"https:\/\/calhounmeredith.com\/#website"},"datePublished":"2021-02-04T20:23:38+00:00","dateModified":"2025-07-11T15:38:58+00:00","breadcrumb":{"@id":"https:\/\/calhounmeredith.com\/es\/nosotros\/tre-meredith\/#breadcrumb"},"inLanguage":"es","potentialAction":[{"@type":"ReadAction","target":["https:\/\/calhounmeredith.com\/es\/nosotros\/tre-meredith\/"]}]},{"@type":"BreadcrumbList","@id":"https:\/\/calhounmeredith.com\/es\/nosotros\/tre-meredith\/#breadcrumb","itemListElement":[{"@type":"ListItem","position":1,"name":"Home","item":"https:\/\/calhounmeredith.com\/es\/"},{"@type":"ListItem","position":2,"name":"Nuestra Firma","item":"https:\/\/calhounmeredith.com\/es\/nosotros\/"},{"@type":"ListItem","position":3,"name":"Abogado Tre Meredith"}]},{"@type":"WebSite","@id":"https:\/\/calhounmeredith.com\/#website","url":"https:\/\/calhounmeredith.com\/","name":"Calhoun Meredith","description":"Houston Injury Law Firm","publisher":{"@id":"https:\/\/calhounmeredith.com\/#organization"},"potentialAction":[{"@type":"SearchAction","target":{"@type":"EntryPoint","urlTemplate":"https:\/\/calhounmeredith.com\/?s={search_term_string}"},"query-input":{"@type":"PropertyValueSpecification","valueRequired":true,"valueName":"search_term_string"}}],"inLanguage":"es"},{"@type":"Organization","@id":"https:\/\/calhounmeredith.com\/#organization","name":"Calhoun Meredith","url":"https:\/\/calhounmeredith.com\/","logo":{"@type":"ImageObject","inLanguage":"es","@id":"https:\/\/calhounmeredith.com\/#\/schema\/logo\/image\/","url":"https:\/\/calhounmeredith.com\/wp-content\/uploads\/2022\/04\/calhoun-meredith-new-logo01-colored.png","contentUrl":"https:\/\/calhounmeredith.com\/wp-content\/uploads\/2022\/04\/calhoun-meredith-new-logo01-colored.png","width":400,"height":200,"caption":"Calhoun Meredith"},"image":{"@id":"https:\/\/calhounmeredith.com\/#\/schema\/logo\/image\/"},"sameAs":["https:\/\/www.facebook.com\/calhounmeredithllc"]}]}},"_links":{"self":[{"href":"https:\/\/calhounmeredith.com\/es\/wp-json\/wp\/v2\/pages\/588","targetHints":{"allow":["GET"]}}],"collection":[{"href":"https:\/\/calhounmeredith.com\/es\/wp-json\/wp\/v2\/pages"}],"about":[{"href":"https:\/\/calhounmeredith.com\/es\/wp-json\/wp\/v2\/types\/page"}],"author":[{"embeddable":true,"href":"https:\/\/calhounmeredith.com\/es\/wp-json\/wp\/v2\/users\/21"}],"replies":[{"embeddable":true,"href":"https:\/\/calhounmeredith.com\/es\/wp-json\/wp\/v2\/comments?post=588"}],"version-history":[{"count":1,"href":"https:\/\/calhounmeredith.com\/es\/wp-json\/wp\/v2\/pages\/588\/revisions"}],"predecessor-version":[{"id":6103,"href":"https:\/\/calhounmeredith.com\/es\/wp-json\/wp\/v2\/pages\/588\/revisions\/6103"}],"up":[{"embeddable":true,"href":"https:\/\/calhounmeredith.com\/es\/wp-json\/wp\/v2\/pages\/584"}],"wp:attachment":[{"href":"https:\/\/calhounmeredith.com\/es\/wp-json\/wp\/v2\/media?parent=588"}],"curies":[{"name":"wp","href":"https:\/\/api.w.org\/{rel}","templated":true}]}}