{"id":587,"date":"2021-02-15T13:19:31","date_gmt":"2021-02-15T18:19:31","guid":{"rendered":"https:\/\/101b2606a7.nxcli.io\/nosotros\/attorney-shane-sanders\/"},"modified":"2021-08-20T13:44:35","modified_gmt":"2021-08-20T13:44:35","slug":"shane-sanders","status":"publish","type":"page","link":"https:\/\/calhounmeredith.com\/es\/nosotros\/shane-sanders\/","title":{"rendered":"Abogago Shane Sanders"},"content":{"rendered":"\n<p>Shane Sanders es un abogado de juicio con sede en Houston, TX. Shane se gradu\u00f3 de la Universidad de Prairie View A&amp;M en 2008 con una licenciatura en Justicia Criminal. En 2016, Shane Sanders obtuvo su Doctorado en Derecho de la Escuela de Derecho de Thurgood Marshall.<\/p>\n\n\n\n<p>En la facultad de derecho, Shane Sanders sab\u00eda que quer\u00eda ser un gran abogado de juicio. Agudiz\u00f3 sus habilidades defensoras al unirse a varios equipos de simulaciones de juicios, donde particip\u00f3 en varias competiciones tanto a nivel local como estatal. Como estudiante, Shane gan\u00f3 su primer juicio criminal.<\/p>\n\n\n\n<p>Despu\u00e9s de graduarse en 2016, Shane comenz\u00f3 su carrera legal como abogado de defensa criminal a cargo de su propia pr\u00e1ctica legal. Como practicante en solitario Shane represent\u00f3 a individuos acusados de delitos menores y delitos graves, adem\u00e1s de manejar casos de lesiones personales. M\u00e1s tarde se convertir\u00eda en fiscal de la Oficina Distrital del Condado de Harris. Durante su estad\u00eda ah\u00ed, manej\u00f3 distintos delitos menores de conducciones bajo la influencia de alguna sustancia (DWI por sus siglas en ingl\u00e9s), violencia familiar, asaltos, prostituci\u00f3n y casos de robo.<\/p>\n\n\n\n<p>Ser un ex fiscal significa que Shane sabe c\u00f3mo estos preparan sus casos. Ahora que Shane sabe c\u00f3mo armar un caso, est\u00e1 mejor equipado para desmontarlos. Shane aporta sus habilidades, conocimientos y experiencia a <a href=\"\/es\/\" class=\"rank-math-link\">Calhoun Meredith<\/a> para que podamos proporcionar una representaci\u00f3n competente, agresiva y efectiva a nuestros clientes.<\/p>\n\n\n\n<h2 class=\"wp-block-heading\"><strong>Educaci\u00f3n<\/strong><\/h2>\n\n\n\n<ul class=\"wp-block-list\"><li>Facultad de Derecho de Thurgood Marshall del sur de Texas en Houston<\/li><li>Doctorado en Derecho&nbsp;<\/li><li>Universidad de Prairie View A&amp;M de Texas&nbsp;<\/li><li>Licenciatura en Derecho Penal<\/li><\/ul>\n\n\n\n<h2 class=\"wp-block-heading\"><strong>Permisos para ejercer<\/strong><\/h2>\n\n\n\n<ul class=\"wp-block-list\"><li>Texas<\/li><\/ul>\n\n\n\n<h2 class=\"wp-block-heading\"><strong>\u00c1reas de pr\u00e1ctica<\/strong><\/h2>\n\n\n\n<ul class=\"wp-block-list\"><li>Lesiones personales<\/li><li>Derecho Penal<\/li><\/ul>\n","protected":false},"excerpt":{"rendered":"<p>Shane Sanders es un abogado de juicio con sede en Houston, TX. Shane se gradu\u00f3 de la Universidad de Prairie View A&amp;M en 2008 con &hellip; <\/p>\n<p class=\"link-more\"><a href=\"https:\/\/calhounmeredith.com\/es\/nosotros\/shane-sanders\/\" class=\"more-link\">Continuar leyendo<span class=\"screen-reader-text\"> &#8220;Abogago Shane Sanders&#8221;<\/span><\/a><\/p>\n","protected":false},"author":21,"featured_media":0,"parent":584,"menu_order":0,"comment_status":"closed","ping_status":"closed","template":"template-parts\/singleprofile-page.php","meta":{"_acf_changed":false,"footnotes":""},"class_list":["post-587","page","type-page","status-publish","hentry","entry"],"acf":[],"yoast_head":"<!-- This site is optimized with the Yoast SEO plugin v27.0 - https:\/\/yoast.com\/product\/yoast-seo-wordpress\/ -->\n<title>Abogago Shane Sanders | Calhoun Meredith<\/title>\n<meta name=\"robots\" content=\"index, follow, max-snippet:-1, max-image-preview:large, max-video-preview:-1\" \/>\n<link rel=\"canonical\" href=\"https:\/\/calhounmeredith.com\/es\/nosotros\/shane-sanders\/\" \/>\n<meta property=\"og:locale\" content=\"es_MX\" \/>\n<meta property=\"og:type\" content=\"article\" \/>\n<meta property=\"og:title\" content=\"Abogago Shane Sanders | Calhoun Meredith\" \/>\n<meta property=\"og:description\" content=\"Shane Sanders es un abogado de juicio con sede en Houston, TX. Shane se gradu\u00f3 de la Universidad de Prairie View A&amp;M en 2008 con &hellip; Continuar leyendo &quot;Abogago Shane Sanders&quot;\" \/>\n<meta property=\"og:url\" content=\"https:\/\/calhounmeredith.com\/es\/nosotros\/shane-sanders\/\" \/>\n<meta property=\"og:site_name\" content=\"Calhoun Meredith\" \/>\n<meta property=\"article:publisher\" content=\"https:\/\/www.facebook.com\/calhounmeredithllc\" \/>\n<meta property=\"article:modified_time\" content=\"2021-08-20T13:44:35+00:00\" \/>\n<meta property=\"og:image\" content=\"https:\/\/calhounmeredith.com\/wp-content\/uploads\/2024\/08\/preview-image-logo.png\" \/>\n\t<meta property=\"og:image:width\" content=\"381\" \/>\n\t<meta property=\"og:image:height\" content=\"155\" \/>\n\t<meta property=\"og:image:type\" content=\"image\/png\" \/>\n<meta name=\"twitter:card\" content=\"summary_large_image\" \/>\n<meta name=\"twitter:label1\" content=\"Tiempo de lectura\" \/>\n\t<meta name=\"twitter:data1\" content=\"1 minuto\" \/>\n<!-- \/ Yoast SEO plugin. -->","yoast_head_json":{"title":"Abogago Shane Sanders | Calhoun Meredith","robots":{"index":"index","follow":"follow","max-snippet":"max-snippet:-1","max-image-preview":"max-image-preview:large","max-video-preview":"max-video-preview:-1"},"canonical":"https:\/\/calhounmeredith.com\/es\/nosotros\/shane-sanders\/","og_locale":"es_MX","og_type":"article","og_title":"Abogago Shane Sanders | Calhoun Meredith","og_description":"Shane Sanders es un abogado de juicio con sede en Houston, TX. Shane se gradu\u00f3 de la Universidad de Prairie View A&amp;M en 2008 con &hellip; Continuar leyendo \"Abogago Shane Sanders\"","og_url":"https:\/\/calhounmeredith.com\/es\/nosotros\/shane-sanders\/","og_site_name":"Calhoun Meredith","article_publisher":"https:\/\/www.facebook.com\/calhounmeredithllc","article_modified_time":"2021-08-20T13:44:35+00:00","og_image":[{"width":381,"height":155,"url":"https:\/\/calhounmeredith.com\/wp-content\/uploads\/2024\/08\/preview-image-logo.png","type":"image\/png"}],"twitter_card":"summary_large_image","twitter_misc":{"Tiempo de lectura":"1 minuto"},"schema":{"@context":"https:\/\/schema.org","@graph":[{"@type":"WebPage","@id":"https:\/\/calhounmeredith.com\/es\/nosotros\/shane-sanders\/","url":"https:\/\/calhounmeredith.com\/es\/nosotros\/shane-sanders\/","name":"Abogago Shane Sanders | Calhoun Meredith","isPartOf":{"@id":"https:\/\/calhounmeredith.com\/#website"},"datePublished":"2021-02-15T18:19:31+00:00","dateModified":"2021-08-20T13:44:35+00:00","breadcrumb":{"@id":"https:\/\/calhounmeredith.com\/es\/nosotros\/shane-sanders\/#breadcrumb"},"inLanguage":"es","potentialAction":[{"@type":"ReadAction","target":["https:\/\/calhounmeredith.com\/es\/nosotros\/shane-sanders\/"]}]},{"@type":"BreadcrumbList","@id":"https:\/\/calhounmeredith.com\/es\/nosotros\/shane-sanders\/#breadcrumb","itemListElement":[{"@type":"ListItem","position":1,"name":"Home","item":"https:\/\/calhounmeredith.com\/es\/"},{"@type":"ListItem","position":2,"name":"Nuestra Firma","item":"https:\/\/calhounmeredith.com\/es\/nosotros\/"},{"@type":"ListItem","position":3,"name":"Abogago Shane Sanders"}]},{"@type":"WebSite","@id":"https:\/\/calhounmeredith.com\/#website","url":"https:\/\/calhounmeredith.com\/","name":"Calhoun Meredith","description":"Houston Injury Law Firm","publisher":{"@id":"https:\/\/calhounmeredith.com\/#organization"},"potentialAction":[{"@type":"SearchAction","target":{"@type":"EntryPoint","urlTemplate":"https:\/\/calhounmeredith.com\/?s={search_term_string}"},"query-input":{"@type":"PropertyValueSpecification","valueRequired":true,"valueName":"search_term_string"}}],"inLanguage":"es"},{"@type":"Organization","@id":"https:\/\/calhounmeredith.com\/#organization","name":"Calhoun Meredith","url":"https:\/\/calhounmeredith.com\/","logo":{"@type":"ImageObject","inLanguage":"es","@id":"https:\/\/calhounmeredith.com\/#\/schema\/logo\/image\/","url":"https:\/\/calhounmeredith.com\/wp-content\/uploads\/2022\/04\/calhoun-meredith-new-logo01-colored.png","contentUrl":"https:\/\/calhounmeredith.com\/wp-content\/uploads\/2022\/04\/calhoun-meredith-new-logo01-colored.png","width":400,"height":200,"caption":"Calhoun Meredith"},"image":{"@id":"https:\/\/calhounmeredith.com\/#\/schema\/logo\/image\/"},"sameAs":["https:\/\/www.facebook.com\/calhounmeredithllc"]}]}},"_links":{"self":[{"href":"https:\/\/calhounmeredith.com\/es\/wp-json\/wp\/v2\/pages\/587","targetHints":{"allow":["GET"]}}],"collection":[{"href":"https:\/\/calhounmeredith.com\/es\/wp-json\/wp\/v2\/pages"}],"about":[{"href":"https:\/\/calhounmeredith.com\/es\/wp-json\/wp\/v2\/types\/page"}],"author":[{"embeddable":true,"href":"https:\/\/calhounmeredith.com\/es\/wp-json\/wp\/v2\/users\/21"}],"replies":[{"embeddable":true,"href":"https:\/\/calhounmeredith.com\/es\/wp-json\/wp\/v2\/comments?post=587"}],"version-history":[{"count":0,"href":"https:\/\/calhounmeredith.com\/es\/wp-json\/wp\/v2\/pages\/587\/revisions"}],"up":[{"embeddable":true,"href":"https:\/\/calhounmeredith.com\/es\/wp-json\/wp\/v2\/pages\/584"}],"wp:attachment":[{"href":"https:\/\/calhounmeredith.com\/es\/wp-json\/wp\/v2\/media?parent=587"}],"curies":[{"name":"wp","href":"https:\/\/api.w.org\/{rel}","templated":true}]}}