{"id":586,"date":"2021-02-04T15:02:31","date_gmt":"2021-02-04T20:02:31","guid":{"rendered":"https:\/\/101b2606a7.nxcli.io\/nosotros\/dominique-calhoun\/"},"modified":"2022-08-19T08:17:15","modified_gmt":"2022-08-19T13:17:15","slug":"dominique-calhoun","status":"publish","type":"page","link":"https:\/\/calhounmeredith.com\/es\/nosotros\/dominique-calhoun\/","title":{"rendered":"Abogado Dominique D. Calhoun"},"content":{"rendered":"\n<p>Graduado del 10% superior de su clase en la Facultad de Derecho Thurgood Marshall de Texas Southern University, Dominique D. Calhoun es el socio gerente de Calhoun Meredith, PLLC, una firma de abogados boutique que se especializa en defender a sus clientes en cuestiones relacionadas con litigios y asuntos de relaciones gubernamentales.<\/p>\n\n\n\n<p>Antes de convertirse en socio del bufete de abogados, Calhoun fue director de relaciones gubernamentales de Texas Southern University, donde desarroll\u00f3 las estrategias legislativas y de asignaciones para los gobiernos federal, estatal y local. Durante su mandato, Calhoun asegur\u00f3 m\u00e1s de $40 millones a trav\u00e9s del gobierno estatal y local para la instituci\u00f3n. El principal de sus logros fue obtener $16 millones en asignaciones estatales para mejorar la infraestructura de la universidad y $15 millones de asignaciones del condado para el proyecto de mejora de la calle Cleburne. Adem\u00e1s, bajo su direcci\u00f3n, la universidad pudo derogar una ley que afect\u00f3 negativamente el programa de atletismo de la universidad, asegurando que el programa continuar\u00eda recibiendo $2 millones al a\u00f1o. Antes de unirse a TSU, Calhoun fue director de distrito de un senador estatal y secretario de asuntos legales y presupuestarios del entonces representante estatal Sylvester Turner, quien ahora es alcalde de la ciudad de Houston.<\/p>\n\n\n\n<p>Hoy, Calhoun representa a cientos de personas y ha recuperado millones para sus clientes a trav\u00e9s de acuerdos o procesos de litigio. En 2021, Texas Super Lawyers lo nombr\u00f3 Rising Star por su dedicada representaci\u00f3n de sus clientes.<\/p>\n\n\n\n<p>En 2022, Calhoun fue presidente electo de la Asociaci\u00f3n Nacional de Abogados, la asociaci\u00f3n de abogados m\u00e1s antigua y m\u00e1s grande de los Estados Unidos de Am\u00e9rica compuesta por abogados, jueces y miembros de la profesi\u00f3n legal negros. Adem\u00e1s, Calhoun es el enlace nacional de March of Dimes para Kappa Alpha Psi Fraternity, Inc., miembro de la junta de Undies for Everyone, vicepresidente de la Fundaci\u00f3n de la C\u00e1mara de Comercio Negra del Gran Houston y miembro del Colegio de Abogados de Diversidad del Estado de Texas. en la Comisi\u00f3n de Profesi\u00f3n.<\/p>\n\n\n\n<p><strong>Educaci\u00f3n<\/strong><\/p>\n\n\n\n<p>Escuela de Derecho de Thurgood Marshall del sur de Texas, Doctorado en Leyes<\/p>\n\n\n\n<ul class=\"wp-block-list\"><li>Reconocimientos: Graduado dentro del 10% de las mejores calificaciones de su clase&nbsp;<\/li><li>Nombrado por el Gobernador de Texas para servir como Regente Estudiantil de la Universidad del Sur de Texas&nbsp;<\/li><li>Presidente de la Asociaci\u00f3n de Abogados Estudiantiles&nbsp;<\/li><li>Miembro del diario estudiantil de leyes de la escuela de derecho de Thurgood Marshall&nbsp;<\/li><li>Incluido en la Orden de los Abogados&nbsp;<\/li><\/ul>\n\n\n\n<ul class=\"wp-block-list\"><li>Universidad Estatal del Medio Oeste, Wichita Falls, Texas&nbsp;<\/li><li>Maestr\u00eda en Administraci\u00f3n de Empresas&nbsp;<\/li><li>Reconocimientos: Graduado dentro del 10% de las mejores calificaciones de su clase&nbsp;<\/li><\/ul>\n\n\n\n<ul class=\"wp-block-list\"><li>(B.S. por sus siglas en ingl\u00e9s), Licenciatura en Ciencias&nbsp;<\/li><li>Reconocimientos: presidente de la Asociaci\u00f3n de Gobierno Estudiantil<\/li><\/ul>\n\n\n\n<p><strong>Permisos para ejercer<\/strong><\/p>\n\n\n\n<ul class=\"wp-block-list\"><li>Jurisdicci\u00f3n estatal de Texas&nbsp;<\/li><li>Distrito Sur de Texas<\/li><\/ul>\n\n\n\n<p><strong>Actividades por el bien p\u00fablico<\/strong><\/p>\n\n\n\n<ul class=\"wp-block-list\"><li>Vicepresidente de la Fundaci\u00f3n de la C\u00e1mara de Comercio Negra del Gran Houston&nbsp;<\/li><li>Miembro de la Junta de la campa\u00f1a \u201cRopa interior para Todos\u201d (Undies for everyone, por su nombre en ingl\u00e9s)<\/li><li>&nbsp;Enlace Nacional para la Marcha por la salud de las madres y sus beb\u00e9s Promesa de la fraternidad A Kappa.<\/li><\/ul>\n\n\n\n<p><strong>Asociaciones profesionales<\/strong><\/p>\n\n\n\n<ul class=\"wp-block-list\"><li>Presidente-electo de la asociaci\u00f3n Nacional de Abogados\u00a0<\/li><li>Miembro del Comit\u00e9 de Diversidad en la Profesi\u00f3n en la Asociaci\u00f3n de Abogados del Estado de Texas\u00a0<\/li><li>Miembro de la Junta nacional de directores de la escuela de derecho de Thurgood Marshall<\/li><\/ul>\n\n\n\n<p><strong>Fraternidades<\/strong><\/p>\n\n\n\n<ul class=\"wp-block-list\"><li>Fraternidad Kappa Alpha Psi, Inc.&nbsp;<\/li><li>Fraternidad empresarial Delta Sigma Pi&nbsp;<\/li><li>Fraternidad Legal Sigma Delta Tau<\/li><\/ul>\n\n\n\n<p><strong>\u00c1reas de pr\u00e1ctica<\/strong><\/p>\n\n\n\n<ul class=\"wp-block-list\"><li>Lesiones personales&nbsp;<\/li><li>Derecho mercantil&nbsp;<\/li><li>Relaciones P\u00fablicas<\/li><\/ul>\n\n\n\n<p><strong>Reconocimientos<\/strong><\/p>\n\n\n\n<ul class=\"wp-block-list\"><li>Calificado por Super Lawyers | Seleccionado en 2022. Thomson Reuters.<\/li><\/ul>\n","protected":false},"excerpt":{"rendered":"<p>Graduado del 10% superior de su clase en la Facultad de Derecho Thurgood Marshall de Texas Southern University, Dominique D. Calhoun es el socio gerente &hellip; <\/p>\n<p class=\"link-more\"><a href=\"https:\/\/calhounmeredith.com\/es\/nosotros\/dominique-calhoun\/\" class=\"more-link\">Continuar leyendo<span class=\"screen-reader-text\"> &#8220;Abogado Dominique D. Calhoun&#8221;<\/span><\/a><\/p>\n","protected":false},"author":21,"featured_media":0,"parent":584,"menu_order":0,"comment_status":"closed","ping_status":"closed","template":"template-parts\/singleprofile-page.php","meta":{"_acf_changed":false,"footnotes":""},"class_list":["post-586","page","type-page","status-publish","hentry","entry"],"acf":[],"yoast_head":"<!-- This site is optimized with the Yoast SEO plugin v27.0 - https:\/\/yoast.com\/product\/yoast-seo-wordpress\/ -->\n<title>Abogado Dominique D. Calhoun | Calhoun Meredith<\/title>\n<meta name=\"robots\" content=\"index, follow, max-snippet:-1, max-image-preview:large, max-video-preview:-1\" \/>\n<link rel=\"canonical\" href=\"https:\/\/calhounmeredith.com\/es\/nosotros\/dominique-calhoun\/\" \/>\n<meta property=\"og:locale\" content=\"es_MX\" \/>\n<meta property=\"og:type\" content=\"article\" \/>\n<meta property=\"og:title\" content=\"Abogado Dominique D. Calhoun | Calhoun Meredith\" \/>\n<meta property=\"og:description\" content=\"Graduado del 10% superior de su clase en la Facultad de Derecho Thurgood Marshall de Texas Southern University, Dominique D. Calhoun es el socio gerente &hellip; Continuar leyendo &quot;Abogado Dominique D. Calhoun&quot;\" \/>\n<meta property=\"og:url\" content=\"https:\/\/calhounmeredith.com\/es\/nosotros\/dominique-calhoun\/\" \/>\n<meta property=\"og:site_name\" content=\"Calhoun Meredith\" \/>\n<meta property=\"article:publisher\" content=\"https:\/\/www.facebook.com\/calhounmeredithllc\" \/>\n<meta property=\"article:modified_time\" content=\"2022-08-19T13:17:15+00:00\" \/>\n<meta property=\"og:image\" content=\"https:\/\/calhounmeredith.com\/wp-content\/uploads\/2024\/08\/preview-image-logo.png\" \/>\n\t<meta property=\"og:image:width\" content=\"381\" \/>\n\t<meta property=\"og:image:height\" content=\"155\" \/>\n\t<meta property=\"og:image:type\" content=\"image\/png\" \/>\n<meta name=\"twitter:card\" content=\"summary_large_image\" \/>\n<meta name=\"twitter:label1\" content=\"Tiempo de lectura\" \/>\n\t<meta name=\"twitter:data1\" content=\"3 minutos\" \/>\n<!-- \/ Yoast SEO plugin. -->","yoast_head_json":{"title":"Abogado Dominique D. Calhoun | Calhoun Meredith","robots":{"index":"index","follow":"follow","max-snippet":"max-snippet:-1","max-image-preview":"max-image-preview:large","max-video-preview":"max-video-preview:-1"},"canonical":"https:\/\/calhounmeredith.com\/es\/nosotros\/dominique-calhoun\/","og_locale":"es_MX","og_type":"article","og_title":"Abogado Dominique D. Calhoun | Calhoun Meredith","og_description":"Graduado del 10% superior de su clase en la Facultad de Derecho Thurgood Marshall de Texas Southern University, Dominique D. Calhoun es el socio gerente &hellip; Continuar leyendo \"Abogado Dominique D. Calhoun\"","og_url":"https:\/\/calhounmeredith.com\/es\/nosotros\/dominique-calhoun\/","og_site_name":"Calhoun Meredith","article_publisher":"https:\/\/www.facebook.com\/calhounmeredithllc","article_modified_time":"2022-08-19T13:17:15+00:00","og_image":[{"width":381,"height":155,"url":"https:\/\/calhounmeredith.com\/wp-content\/uploads\/2024\/08\/preview-image-logo.png","type":"image\/png"}],"twitter_card":"summary_large_image","twitter_misc":{"Tiempo de lectura":"3 minutos"},"schema":{"@context":"https:\/\/schema.org","@graph":[{"@type":"WebPage","@id":"https:\/\/calhounmeredith.com\/es\/nosotros\/dominique-calhoun\/","url":"https:\/\/calhounmeredith.com\/es\/nosotros\/dominique-calhoun\/","name":"Abogado Dominique D. Calhoun | Calhoun Meredith","isPartOf":{"@id":"https:\/\/calhounmeredith.com\/#website"},"datePublished":"2021-02-04T20:02:31+00:00","dateModified":"2022-08-19T13:17:15+00:00","breadcrumb":{"@id":"https:\/\/calhounmeredith.com\/es\/nosotros\/dominique-calhoun\/#breadcrumb"},"inLanguage":"es","potentialAction":[{"@type":"ReadAction","target":["https:\/\/calhounmeredith.com\/es\/nosotros\/dominique-calhoun\/"]}]},{"@type":"BreadcrumbList","@id":"https:\/\/calhounmeredith.com\/es\/nosotros\/dominique-calhoun\/#breadcrumb","itemListElement":[{"@type":"ListItem","position":1,"name":"Home","item":"https:\/\/calhounmeredith.com\/es\/"},{"@type":"ListItem","position":2,"name":"Nuestra Firma","item":"https:\/\/calhounmeredith.com\/es\/nosotros\/"},{"@type":"ListItem","position":3,"name":"Abogado Dominique D. Calhoun"}]},{"@type":"WebSite","@id":"https:\/\/calhounmeredith.com\/#website","url":"https:\/\/calhounmeredith.com\/","name":"Calhoun Meredith","description":"Houston Injury Law Firm","publisher":{"@id":"https:\/\/calhounmeredith.com\/#organization"},"potentialAction":[{"@type":"SearchAction","target":{"@type":"EntryPoint","urlTemplate":"https:\/\/calhounmeredith.com\/?s={search_term_string}"},"query-input":{"@type":"PropertyValueSpecification","valueRequired":true,"valueName":"search_term_string"}}],"inLanguage":"es"},{"@type":"Organization","@id":"https:\/\/calhounmeredith.com\/#organization","name":"Calhoun Meredith","url":"https:\/\/calhounmeredith.com\/","logo":{"@type":"ImageObject","inLanguage":"es","@id":"https:\/\/calhounmeredith.com\/#\/schema\/logo\/image\/","url":"https:\/\/calhounmeredith.com\/wp-content\/uploads\/2022\/04\/calhoun-meredith-new-logo01-colored.png","contentUrl":"https:\/\/calhounmeredith.com\/wp-content\/uploads\/2022\/04\/calhoun-meredith-new-logo01-colored.png","width":400,"height":200,"caption":"Calhoun Meredith"},"image":{"@id":"https:\/\/calhounmeredith.com\/#\/schema\/logo\/image\/"},"sameAs":["https:\/\/www.facebook.com\/calhounmeredithllc"]}]}},"_links":{"self":[{"href":"https:\/\/calhounmeredith.com\/es\/wp-json\/wp\/v2\/pages\/586","targetHints":{"allow":["GET"]}}],"collection":[{"href":"https:\/\/calhounmeredith.com\/es\/wp-json\/wp\/v2\/pages"}],"about":[{"href":"https:\/\/calhounmeredith.com\/es\/wp-json\/wp\/v2\/types\/page"}],"author":[{"embeddable":true,"href":"https:\/\/calhounmeredith.com\/es\/wp-json\/wp\/v2\/users\/21"}],"replies":[{"embeddable":true,"href":"https:\/\/calhounmeredith.com\/es\/wp-json\/wp\/v2\/comments?post=586"}],"version-history":[{"count":0,"href":"https:\/\/calhounmeredith.com\/es\/wp-json\/wp\/v2\/pages\/586\/revisions"}],"up":[{"embeddable":true,"href":"https:\/\/calhounmeredith.com\/es\/wp-json\/wp\/v2\/pages\/584"}],"wp:attachment":[{"href":"https:\/\/calhounmeredith.com\/es\/wp-json\/wp\/v2\/media?parent=586"}],"curies":[{"name":"wp","href":"https:\/\/api.w.org\/{rel}","templated":true}]}}