{"id":584,"date":"2021-01-30T19:32:13","date_gmt":"2021-01-31T00:32:13","guid":{"rendered":"https:\/\/101b2606a7.nxcli.io\/about\/"},"modified":"2021-04-13T08:01:16","modified_gmt":"2021-04-13T13:01:16","slug":"nosotros","status":"publish","type":"page","link":"https:\/\/calhounmeredith.com\/es\/nosotros\/","title":{"rendered":"Nuestra Firma"},"content":{"rendered":"\n<p>En Calhoun Meredith, entendemos lo dif\u00edcil que puede ser navegar por el sistema legal, ya sea que est\u00e9 presentando una reclamaci\u00f3n por lesiones contra una compa\u00f1\u00eda de seguros, creando un negocio o interactuando con el gobierno.<br><br>No importa su problema legal, estamos comprometidos a encontrar la soluci\u00f3n m\u00e1s efectiva e innovadora a su problema. Desde nuestras oficinas en Houston, buscamos implacablemente justicia para los clientes para que sus derechos permanezcan intactos. Le guiaremos a trav\u00e9s de cada paso de su proceso legal con atenci\u00f3n a sus necesidades \u00fanicas.<\/p>\n\n\n\n<h2 class=\"wp-block-heading\"><strong>Conozca a nuestros abogados<\/strong><\/h2>\n\n\n\n<p>Abogado&nbsp;<\/p>\n\n\n\n<p>DOMINIQUE D. CALHOUN<\/p>\n\n\n\n<p>Abogado&nbsp;<\/p>\n\n\n\n<p>TRE MEREDITH<\/p>\n\n\n\n<p>Abogado<\/p>\n\n\n\n<p>TRENTON SIMS<\/p>\n\n\n\n<p>Abogado<\/p>\n\n\n\n<p>BJORNRAE K. KEMP<\/p>\n\n\n\n<p>Abogado<\/p>\n\n\n\n<p>SHANE SANDERS<\/p>\n\n\n\n<p>Cuando la vida toma un giro dej\u00e1ndolo frente a una batalla legal, es fundamental que trabaje con un abogado que se tome el tiempo para entender sus necesidades. Proporcionamos defensa basada en resultados a cada cliente al que servimos. Hemos ayudado a los clientes a encontrar una soluci\u00f3n para una variedad de asuntos legales, incluyendo:<\/p>\n\n\n\n<ul class=\"wp-block-list\"><li>Accidentes automovil\u00edsticos, incluidos pasajeros de Uber y Lyft&nbsp;<\/li><li>Lesiones sufridas debido a condiciones inseguras en la propiedad de alguien<\/li><li>Lesiones catastr\u00f3ficas, incluidas las resultantes de accidentes de camiones<\/li><li>Negociaciones de contratos en el entretenimiento&nbsp;<\/li><li>Influencia gubernamental y trabajo por contrato&nbsp;<\/li><li>Formaci\u00f3n de entidades empresariales, gobernabilidad, negociaci\u00f3n de contratos y manuales de empleados<\/li><\/ul>\n\n\n\n<h2 class=\"wp-block-heading\"><strong>Defensa legal de vanguardia con servicio personalizado<\/strong><\/h2>\n\n\n\n<p>Nuestro enfoque contempor\u00e1neo garantiza que nuestros clientes reciban una representaci\u00f3n que utilice la tecnolog\u00eda actual y las innovaciones modernas del siglo XXI. Al hacerlo, proporcionamos asesoramiento legal avanzado que nos da la ventaja que necesitamos para ofrecer soluciones de vanguardia.<\/p>\n\n\n\n<h2 class=\"wp-block-heading\"><strong>Representaci\u00f3n legal de calidad segura hoy<\/strong><\/h2>\n\n\n\n<p>En Calhoun Meredith, nos dedicamos a servir a nuestra comunidad con servicios legales excepcionales. Si se enfrenta a un desaf\u00edo legal, nosotros perseguiremos sus mejores intereses de todo coraz\u00f3n. Perm\u00edtanos centrarnos en los detalles legales para que usted pueda dirigir su energ\u00eda a otro lugar.<br><br>Trabaje con una empresa que adopte soluciones modernas para problemas antiguos.&nbsp;<\/p>\n\n\n\n<p>REVISI\u00d3N GRATUITA DE CASOS<\/p>\n","protected":false},"excerpt":{"rendered":"<p>En Calhoun Meredith, entendemos lo dif\u00edcil que puede ser navegar por el sistema legal, ya sea que est\u00e9 presentando una reclamaci\u00f3n por lesiones contra una &hellip; <\/p>\n<p class=\"link-more\"><a href=\"https:\/\/calhounmeredith.com\/es\/nosotros\/\" class=\"more-link\">Continuar leyendo<span class=\"screen-reader-text\"> &#8220;Nuestra Firma&#8221;<\/span><\/a><\/p>\n","protected":false},"author":21,"featured_media":0,"parent":0,"menu_order":0,"comment_status":"closed","ping_status":"closed","template":"","meta":{"_acf_changed":false,"footnotes":""},"class_list":["post-584","page","type-page","status-publish","hentry","entry"],"acf":[],"yoast_head":"<!-- This site is optimized with the Yoast SEO plugin v27.0 - https:\/\/yoast.com\/product\/yoast-seo-wordpress\/ -->\n<title>Nuestra Firma | Calhoun Meredith<\/title>\n<meta name=\"robots\" content=\"index, follow, max-snippet:-1, max-image-preview:large, max-video-preview:-1\" \/>\n<link rel=\"canonical\" href=\"https:\/\/calhounmeredith.com\/es\/nosotros\/\" \/>\n<meta property=\"og:locale\" content=\"es_MX\" \/>\n<meta property=\"og:type\" content=\"article\" \/>\n<meta property=\"og:title\" content=\"Nuestra Firma | Calhoun Meredith\" \/>\n<meta property=\"og:description\" content=\"En Calhoun Meredith, entendemos lo dif\u00edcil que puede ser navegar por el sistema legal, ya sea que est\u00e9 presentando una reclamaci\u00f3n por lesiones contra una &hellip; Continuar leyendo &quot;Nuestra Firma&quot;\" \/>\n<meta property=\"og:url\" content=\"https:\/\/calhounmeredith.com\/es\/nosotros\/\" \/>\n<meta property=\"og:site_name\" content=\"Calhoun Meredith\" \/>\n<meta property=\"article:publisher\" content=\"https:\/\/www.facebook.com\/calhounmeredithllc\" \/>\n<meta property=\"article:modified_time\" content=\"2021-04-13T13:01:16+00:00\" \/>\n<meta property=\"og:image\" content=\"https:\/\/calhounmeredith.com\/wp-content\/uploads\/2024\/08\/preview-image-logo.png\" \/>\n\t<meta property=\"og:image:width\" content=\"381\" \/>\n\t<meta property=\"og:image:height\" content=\"155\" \/>\n\t<meta property=\"og:image:type\" content=\"image\/png\" \/>\n<meta name=\"twitter:card\" content=\"summary_large_image\" \/>\n<meta name=\"twitter:label1\" content=\"Tiempo de lectura\" \/>\n\t<meta name=\"twitter:data1\" content=\"2 minutos\" \/>\n<!-- \/ Yoast SEO plugin. -->","yoast_head_json":{"title":"Nuestra Firma | Calhoun Meredith","robots":{"index":"index","follow":"follow","max-snippet":"max-snippet:-1","max-image-preview":"max-image-preview:large","max-video-preview":"max-video-preview:-1"},"canonical":"https:\/\/calhounmeredith.com\/es\/nosotros\/","og_locale":"es_MX","og_type":"article","og_title":"Nuestra Firma | Calhoun Meredith","og_description":"En Calhoun Meredith, entendemos lo dif\u00edcil que puede ser navegar por el sistema legal, ya sea que est\u00e9 presentando una reclamaci\u00f3n por lesiones contra una &hellip; Continuar leyendo \"Nuestra Firma\"","og_url":"https:\/\/calhounmeredith.com\/es\/nosotros\/","og_site_name":"Calhoun Meredith","article_publisher":"https:\/\/www.facebook.com\/calhounmeredithllc","article_modified_time":"2021-04-13T13:01:16+00:00","og_image":[{"width":381,"height":155,"url":"https:\/\/calhounmeredith.com\/wp-content\/uploads\/2024\/08\/preview-image-logo.png","type":"image\/png"}],"twitter_card":"summary_large_image","twitter_misc":{"Tiempo de lectura":"2 minutos"},"schema":{"@context":"https:\/\/schema.org","@graph":[{"@type":"WebPage","@id":"https:\/\/calhounmeredith.com\/es\/nosotros\/","url":"https:\/\/calhounmeredith.com\/es\/nosotros\/","name":"Nuestra Firma | Calhoun Meredith","isPartOf":{"@id":"https:\/\/calhounmeredith.com\/#website"},"datePublished":"2021-01-31T00:32:13+00:00","dateModified":"2021-04-13T13:01:16+00:00","breadcrumb":{"@id":"https:\/\/calhounmeredith.com\/es\/nosotros\/#breadcrumb"},"inLanguage":"es","potentialAction":[{"@type":"ReadAction","target":["https:\/\/calhounmeredith.com\/es\/nosotros\/"]}]},{"@type":"BreadcrumbList","@id":"https:\/\/calhounmeredith.com\/es\/nosotros\/#breadcrumb","itemListElement":[{"@type":"ListItem","position":1,"name":"Home","item":"https:\/\/calhounmeredith.com\/es\/"},{"@type":"ListItem","position":2,"name":"Nuestra Firma"}]},{"@type":"WebSite","@id":"https:\/\/calhounmeredith.com\/#website","url":"https:\/\/calhounmeredith.com\/","name":"Calhoun Meredith","description":"Houston Injury Law Firm","publisher":{"@id":"https:\/\/calhounmeredith.com\/#organization"},"potentialAction":[{"@type":"SearchAction","target":{"@type":"EntryPoint","urlTemplate":"https:\/\/calhounmeredith.com\/?s={search_term_string}"},"query-input":{"@type":"PropertyValueSpecification","valueRequired":true,"valueName":"search_term_string"}}],"inLanguage":"es"},{"@type":"Organization","@id":"https:\/\/calhounmeredith.com\/#organization","name":"Calhoun Meredith","url":"https:\/\/calhounmeredith.com\/","logo":{"@type":"ImageObject","inLanguage":"es","@id":"https:\/\/calhounmeredith.com\/#\/schema\/logo\/image\/","url":"https:\/\/calhounmeredith.com\/wp-content\/uploads\/2022\/04\/calhoun-meredith-new-logo01-colored.png","contentUrl":"https:\/\/calhounmeredith.com\/wp-content\/uploads\/2022\/04\/calhoun-meredith-new-logo01-colored.png","width":400,"height":200,"caption":"Calhoun Meredith"},"image":{"@id":"https:\/\/calhounmeredith.com\/#\/schema\/logo\/image\/"},"sameAs":["https:\/\/www.facebook.com\/calhounmeredithllc"]}]}},"_links":{"self":[{"href":"https:\/\/calhounmeredith.com\/es\/wp-json\/wp\/v2\/pages\/584","targetHints":{"allow":["GET"]}}],"collection":[{"href":"https:\/\/calhounmeredith.com\/es\/wp-json\/wp\/v2\/pages"}],"about":[{"href":"https:\/\/calhounmeredith.com\/es\/wp-json\/wp\/v2\/types\/page"}],"author":[{"embeddable":true,"href":"https:\/\/calhounmeredith.com\/es\/wp-json\/wp\/v2\/users\/21"}],"replies":[{"embeddable":true,"href":"https:\/\/calhounmeredith.com\/es\/wp-json\/wp\/v2\/comments?post=584"}],"version-history":[{"count":0,"href":"https:\/\/calhounmeredith.com\/es\/wp-json\/wp\/v2\/pages\/584\/revisions"}],"wp:attachment":[{"href":"https:\/\/calhounmeredith.com\/es\/wp-json\/wp\/v2\/media?parent=584"}],"curies":[{"name":"wp","href":"https:\/\/api.w.org\/{rel}","templated":true}]}}