{"id":578,"date":"2021-02-02T20:23:12","date_gmt":"2021-02-03T01:23:12","guid":{"rendered":"http:\/\/localhost:10028\/houston\/wrongful-death-lawyer\/"},"modified":"2025-10-13T12:12:39","modified_gmt":"2025-10-13T12:12:39","slug":"abogado-de-muerte-injusta","status":"publish","type":"page","link":"https:\/\/calhounmeredith.com\/es\/abogado-de-muerte-injusta\/","title":{"rendered":"Abogado de muerte injusta en Houston"},"content":{"rendered":"\r\n<p>Como miembro de la familia de una v\u00edctima de muerte injusta en Houston Texas, usted puede obtener justicia presentando una demanda. Sin embargo, perseguir reclamos de muerte injusta en el dolor puede ser una experiencia traum\u00e1tica y un proceso tedioso; es posible que necesite de un bufete de abogados especializados en este asunto para aliviar la carga. Ayudar\u00eda si llamara a los abogados de muerte injusta de Houston en Calhoun Meredith para ayudarle a obtener la mejor compensaci\u00f3n por su p\u00e9rdida.<\/p>\r\n\r\n\r\n\r\n\r\n\r\n<h2 class=\"wp-block-heading\"><strong>\u00bfQu\u00e9 es una muerte injusta?<\/strong><\/h2>\r\n\r\n\r\n\r\n<p>Una muerte injusta ocurre cuando alguien muere debido al descuido o mala conducta de otro. Cualquier muerte inesperada que la ley no sancione es ilegal, y hay sanciones para el malhechor que causa tal muerte. Un veredicto de muerte emitido por un tribunal competente no es il\u00edcito. Sin embargo, si el conductor culpable a una conducci\u00f3n negligente, mata a alguien, ha causado un accidente automovil\u00edstico por muerte injusta.<\/p>\r\n\r\n\r\n\r\n<p>A diferencia de los casos de asesinato, los demandantes no necesitan probar la intenci\u00f3n. En su lugar, para probar la muerte injusta, deben demostrar que el acusado viol\u00f3 un deber de cuidado. A continuaci\u00f3n, deben demostrar que fue la imprudencia lo que caus\u00f3 la muerte del fallecido y nada m\u00e1s. Los demandantes tambi\u00e9n deben demostrar que han sufrido da\u00f1os y perjuicios debido a esto. Un deber de cuidado es la obligaci\u00f3n de hacer algo que mantenga a los dem\u00e1s a salvo. Tambi\u00e9n es una responsabilidad abstenerse de hacer algo que da\u00f1e a otro.<\/p>\r\n\r\n\r\n\r\n<p>&nbsp;<\/p>\r\n<p><img decoding=\"async\" data-src=\"https:\/\/calhounmeredith.com\/wp-content\/uploads\/2024\/05\/houston-wrongful-death-lawyer-2.webp\" alt=\"El hombre y la mujer asisten a un funeral\" width=\"600\" height=\"400\" src=\"data:image\/svg+xml;base64,PHN2ZyB3aWR0aD0iMSIgaGVpZ2h0PSIxIiB4bWxucz0iaHR0cDovL3d3dy53My5vcmcvMjAwMC9zdmciPjwvc3ZnPg==\" class=\"lazyload\" style=\"--smush-placeholder-width: 600px; --smush-placeholder-aspect-ratio: 600\/400;\" \/><\/p>\r\n\r\n\r\n\r\n<p>Cualquier persona que incumpla negligentemente un deber de cuidado y que resulte en un fallecimiento ha causado una muerte injusta. Tal persona ser\u00eda responsable de los da\u00f1os monetarios a la familia del fallecido, adem\u00e1s de arriesgarse a ir a la c\u00e1rcel. Estos son algunos escenarios de muerte injusta causados por una violaci\u00f3n del deber de cuidado:<\/p>\r\n\r\n\r\n\r\n<ol class=\"wp-block-list\">\r\n<li>Conductores negligentes que causan muertes en <a class=\"rank-math-link\" href=\"https:\/\/calhounmeredith.com\/es\/abogado-de-accidentes-de-camiones\/\">accidentes de camiones<\/a>\u00a0<\/li>\r\n<li>El procedimiento m\u00e9dico incorrecto que resulta en la muerte de un paciente<\/li>\r\n<li>Un empleador que descuida <a href=\"https:\/\/calhounmeredith.com\/houston-car-accident-lawyer\/common-injuries\/\" target=\"_blank\" rel=\"noopener\">los entornos de trabajo que resulten en accidentes<\/a> fatales.\u00a0<\/li>\r\n<li>Accidentes mortales causados por productos defectuosos y drogas peligrosas\u00a0<\/li>\r\n<li>Responsabilidad de las instalaciones y la negligencia de las propiedades\u00a0<\/li>\r\n<li>Abuso en el hogar de ancianos<\/li>\r\n<\/ol>\r\n\r\n\r\n\r\n<p>Hay muchos casos de muertes injustas en Houston Texas. Los demandantes o reclamadores que deseen obtener una compensaci\u00f3n deben estar familiarizados con los procesos de reclamos y las leyes de muerte de Houston.<\/p>\r\n\r\n\r\n\r\n<h2 class=\"wp-block-heading\"><strong>\u00bfCu\u00e1les son los procesos en las demandas por muerte injusta en Texas?<\/strong><\/h2>\r\n\r\n\r\n\r\n<p>Si bien no se le puede compensar lo suficiente por su dolor, usted tendr\u00e1 un sentido de justicia si recibe los da\u00f1os de algunas de las partes responsables. Eso solo puede suceder si presenta una reclamaci\u00f3n. Todos los estados de E.U.A. permiten reclamos de muerte injusta. Sin embargo, las reglas y pasos para presentar estas reclamaciones difieren de un estado a otro. Una vez m\u00e1s, cada estado tiene diferentes estatutos para demandas y reclamos por muerte injusta. Si est\u00e1 presentando una reclamaci\u00f3n v\u00e1lida en Houston Texas, es posible que tenga que pasar por estos procesos:<\/p>\r\n\r\n\r\n\r\n<h3 class=\"wp-block-heading\">Presentar una reclamaci\u00f3n\u00a0<\/h3>\r\n\r\n\r\n\r\n<p>Si las partes negligentes no tienen cobertura de seguro v\u00e1lido, pueden tener que cubrir los costos desde su bolsillo. De lo contrario, el primer paso para recibir la compensaci\u00f3n de los da\u00f1os por muerte injusta es presentar una reclamaci\u00f3n ante la compa\u00f1\u00eda de seguros de las personas culpables.<\/p>\r\n\r\n\r\n\r\n<p><a class=\"rank-math-link\" href=\"https:\/\/www.krgv.com\/news\/nuevas-leyes-en-texas-para-el-a-o-2020\/\" rel=\"nofollow\" >Las leyes de Texas<\/a> restringen a las personas que puedan presentar estas reclamaciones. Si no est\u00e1 seguro acerca de los requisitos, busque consejo de un abogado de muerte injusta. Despu\u00e9s de presentar sus solicitudes, la compa\u00f1\u00eda de seguros puede aceptar o denegar la responsabilidad por los da\u00f1os y perjuicios.\u00a0\u00a0<\/p>\r\n\r\n\r\n\r\n<p>Esto generalmente es despu\u00e9s de que concluyeran sus investigaciones privadas. Si aceptan la responsabilidad civil, ellos pueden emplear los servicios de un ajustador de seguros para evaluar la compensaci\u00f3n adecuada para usted.\u00a0<\/p>\r\n\r\n\r\n\r\n<h3 class=\"wp-block-heading\">Negociar con el proveedor de seguros\u00a0<\/h3>\r\n\r\n\r\n\r\n<p>Los ajustadores de seguros generalmente llegan a acuerdos que est\u00e1n muy por debajo de lo que usted merece. Cuando esto sucede, usted puede negociar con la compa\u00f1\u00eda de seguros para obtener lo que crea que es justo. Para lograr el \u00e9xito en la negociaci\u00f3n, usted debe de ser paciente y persistente. Usted deber\u00eda armarse con conocimientos y hechos adecuados sobre los detalles del caso.<\/p>\r\n\r\n\r\n\r\n<h3 class=\"wp-block-heading\">Llegar a un acuerdo de muerte injusta\u00a0<\/h3>\r\n\r\n\r\n\r\n<p>Las negociaciones suelen terminar cuando cualquiera de las partes acepta las condiciones de la otra. Si acepta un acuerdo, el proveedor de seguros le pagar\u00e1 una compensaci\u00f3n financiera siguiendo los t\u00e9rminos de las negociaciones. Sin embargo, no en todas las situaciones se llegar\u00e1 a un acuerdo. Cuando las negociaciones se rompen, se pueden tomar m\u00e1s acciones legales mediante la instauraci\u00f3n de una demanda civil.<\/p>\r\n\r\n\r\n\r\n<h3 class=\"wp-block-heading\">Presentar una demanda civil\u00a0<\/h3>\r\n\r\n\r\n\r\n<p>Si no puede obtener una compensaci\u00f3n de la compa\u00f1\u00eda de seguros por cualquier motivo, usted puede presentar un caso ante un tribunal competente. El juez examinar\u00e1 las pruebas o pruebas ante el tribunal y escuchar\u00e1 los argumentos de ambas partes. Despu\u00e9s de que el juicio haya terminado y la corte de Texas haya revisado todos los factores relevantes, el juez decidir\u00e1 una suma razonable. Todav\u00eda puede presentar una demanda civil incluso cuando el estado instituya acciones criminales contra el acusado.<\/p>\r\n\r\n\r\n\r\n<h2 class=\"wp-block-heading\"><strong>\u00bfQui\u00e9n puede presentar una demanda por muerte injusta en Houston Texas?\u00a0<\/strong><\/h2>\r\n\r\n\r\n\r\n<p>Ser amigo de v\u00edctimas de muerte injusta puede causarle mucha angustia mental. Si bien es posible que experimente dolor emocional y lesiones, es posible que le resulte dif\u00edcil obtener da\u00f1os por la p\u00e9rdida de vidas. Esto se debe a que la ley de muerte de <a href=\"https:\/\/calhounmeredith.com\/es\/si-le-atropella-un-auto\/\" target=\"_blank\" rel=\"noopener\">Texas limita a los demandantes<\/a> de muerte injusta a las siguientes personas:<\/p>\r\n\r\n\r\n\r\n<h3 class=\"wp-block-heading\"><strong>El c\u00f3nyuge sobreviviente de la v\u00edctima<\/strong><\/h3>\r\n\r\n\r\n\r\n<p>La primera categor\u00eda de personas que pueden comenzar una demanda por muerte injusta en <a class=\"rank-math-link\" href=\"https:\/\/spanishintexas.org\/es\/investigacion\/\" rel=\"nofollow\" >Texas <\/a>es el esposo o la esposa del fallecido. Una vez que alguien pueda probar que son c\u00f3nyuges del muerto, usted tendr\u00eda derecho a da\u00f1os monetarios.<\/p>\r\n\r\n\r\n\r\n<h3 class=\"wp-block-heading\"><strong>El hijo o los hijos del fallecido<\/strong>\u00a0<\/h3>\r\n\r\n\r\n\r\n<p><img decoding=\"async\" data-src=\"https:\/\/calhounmeredith.com\/wp-content\/uploads\/2024\/05\/Wrongful-Death-11.webp\" alt=\"Un hombre sostiene a una dama despu\u00e9s de una mala noticia.\" width=\"600\" height=\"400\" src=\"data:image\/svg+xml;base64,PHN2ZyB3aWR0aD0iMSIgaGVpZ2h0PSIxIiB4bWxucz0iaHR0cDovL3d3dy53My5vcmcvMjAwMC9zdmciPjwvc3ZnPg==\" class=\"lazyload\" style=\"--smush-placeholder-width: 600px; --smush-placeholder-aspect-ratio: 600\/400;\" \/><\/p>\r\n\r\n\r\n\r\n<p>Otra categor\u00eda de los demandantes es el hijo o hijos de la v\u00edctima. Los ni\u00f1os menores de edad pueden presentar una demanda por muerte injusta en Texas. Sin embargo, el tribunal puede nombrar a parientes como tutores para representar en nombre del menor. Tenga en cuenta que los ni\u00f1os adoptados no pueden reclamar los beneficios de muerte de sus padres biol\u00f3gicos.<\/p>\r\n\r\n\r\n\r\n<h2 class=\"wp-block-heading\"><strong>Padres de la v\u00edctima<\/strong>\u00a0<\/h2>\r\n\r\n\r\n\r\n<p>Si la v\u00edctima no estaba casada y no ten\u00eda hijos, los padres pueden emprender acciones legales para recuperar los da\u00f1os y perjuicios.<\/p>\r\n\r\n\r\n\r\n<p>En algunas circunstancias, una persona fallecida puede no tener padres, hijos o c\u00f3nyuges. En cambio, pueden tener hermanos y hermanas sobrevivientes. Sin embargo, la Ley de Texas no les da a los hermanos la capacidad de instituir reclamos de muerte injusta. En tales situaciones, los representantes personales o ejecutores de la herencia del fallecido presentar\u00e1n las reclamaciones.<\/p>\r\n\r\n\r\n\r\n<p>Una persona fallecida nombra a un representante personal en su testamento. Si no existiera uno, el juez puede nombrar a un administrador del patrimonio o ejecutor para ese prop\u00f3sito. Los abuelos y otros miembros lejanos de la familia no pueden presentar una reclamaci\u00f3n.<\/p>\r\n\r\n\r\n\r\n<p><a href=\"https:\/\/calhounmeredith.com\/es\/estatuto-de-limitaciones\/\" target=\"_blank\" rel=\"noopener\">Texas tiene un estatuto de limitaciones<\/a> para reclamos y demandas por muerte injusta.. La regla de limitaciones prescribe el l\u00edmite de tiempo dentro del cual debe presentar una reclamaci\u00f3n.\u00a0 Los tribunales tienen derecho a ignorar su caso si es presentado fuera de tiempo.\u00a0El estatuto de limitaciones de Texas para la muerte injusta es de dos a\u00f1os a partir de la fecha de tal suceso. Hay excepciones a esta regla. Usted puede preguntarles a sus abogados de <a class=\"rank-math-link\" href=\"https:\/\/calhounmeredith.com\/es\/\">lesiones personales <\/a>acerca de este tiempo.<\/p>\r\n\r\n\r\n\r\n<h2 class=\"wp-block-heading\"><strong>Tipos comunes de da\u00f1os en una demanda por muerte injusta de Texas<\/strong><\/h2>\r\n\r\n\r\n\r\n<p>Una persona que instituye una reclamaci\u00f3n por muerte injusta puede tratar de recuperar los siguientes da\u00f1os y perjuicios:<\/p>\r\n\r\n\r\n\r\n<h3 class=\"wp-block-heading\"><strong>Da\u00f1os Punitivos<\/strong>\u00a0<\/h3>\r\n\r\n\r\n\r\n<p>Los da\u00f1os punitivos tienen como objetivo castigar a los responsables.\u00a0 Se convierten en da\u00f1os ejemplares cuando el objetivo es disuadir a los futuros malhechores.\u00a0<\/p>\r\n\r\n\r\n\r\n<h3 class=\"wp-block-heading\"><strong>Da\u00f1os compensatorios<\/strong>\u00a0<\/h3>\r\n\r\n\r\n\r\n<p>Estos incluyen la p\u00e9rdida de ganar dinero, dolor mental, p\u00e9rdida de compa\u00f1erismo, comodidad y herencias perdidas. Tambi\u00e9n puede incluir da\u00f1os por el mantenimiento, p\u00e9rdida de atenci\u00f3n, apoyo y otras compensaciones que los beneficiarios habr\u00edan disfrutado si la v\u00edctima hubiera vivido. El c\u00f3nyuge del fallecido puede demandar por p\u00e9rdida de consorcio.<\/p>\r\n\r\n\r\n\r\n<h3 class=\"wp-block-heading\"><strong>Da\u00f1os econ\u00f3micos\u00a0<\/strong><\/h3>\r\n\r\n\r\n\r\n<p>Los da\u00f1os econ\u00f3micos cubren los gastos funerarios y otros gastos relacionados con la muerte, facturas m\u00e9dicas, p\u00e9rdidas de herencia y mucho m\u00e1s.\u00a0<\/p>\r\n\r\n<p>&nbsp;<\/p>\r\n<p>&nbsp;<\/p>\r\n\r\n<p><img decoding=\"async\" data-src=\"https:\/\/calhounmeredith.com\/wp-content\/uploads\/2024\/05\/houston-wrongful-death-lawyer-featured.webp\" alt=\"Una rosa se asienta sobre una tumba\" width=\"1280\" height=\"1000\" src=\"data:image\/svg+xml;base64,PHN2ZyB3aWR0aD0iMSIgaGVpZ2h0PSIxIiB4bWxucz0iaHR0cDovL3d3dy53My5vcmcvMjAwMC9zdmciPjwvc3ZnPg==\" class=\"lazyload\" style=\"--smush-placeholder-width: 1280px; --smush-placeholder-aspect-ratio: 1280\/1000;\" \/><\/p>\r\n\r\n\r\n\r\n<p>Si desea obtener los enormes da\u00f1os posibles por su p\u00e9rdida, debe contratar a un abogado de muerte injusta. Al otorgar da\u00f1os y perjuicios, un juez considerar\u00eda muchos factores. Los argumentos de un demandante tambi\u00e9n pueden influir en la mente del tribunal para tomar decisiones a su favor. Un abogado de muerte injusta sabe c\u00f3mo convencer a los jueces para que le den las mejores compensaciones.<\/p>\r\n\r\n\r\n\r\n<h2 class=\"wp-block-heading\"><strong>Quite el peso de sus hombros consultando con los mejores abogados de muerte injusta de Houston<\/strong><\/h2>\r\n\r\n\r\n\r\n<p>Perder a un ser querido por las acciones negligentes de otra persona puede ser muy doloroso. Es a\u00fan m\u00e1s traum\u00e1tico cuando tiene que experimentar p\u00e9rdidas financieras al pagar los gastos funerarios. Pero eso no es todo. Todav\u00eda tendr\u00e1 que enfrentar un proceso legal laborioso para obtener justicia real para su ser querido.<\/p>\r\n\r\n\r\n\r\n<p>La buena noticia, sin embargo, es que no tiene que hacerlo solo.\u00a0 Nosotros nos encargamos de sus cargas legales. En <a class=\"rank-math-link\" href=\"\/es\/\">Calhoun Meredith<\/a>, nuestros abogados han manejado con \u00e9xito reclamos de muerte injusta para la satisfacci\u00f3n de nuestros clientes. Programe una consulta con nosotros inmediatamente. Prometemos superar sus expectativas.<\/p>\r\n","protected":false},"excerpt":{"rendered":"<p>Como miembro de la familia de una v\u00edctima de muerte injusta en Houston Texas, usted puede obtener justicia presentando una demanda. Sin embargo, perseguir reclamos &hellip; <\/p>\n<p class=\"link-more\"><a href=\"https:\/\/calhounmeredith.com\/es\/abogado-de-muerte-injusta\/\" class=\"more-link\">Continuar leyendo<span class=\"screen-reader-text\"> &#8220;Abogado de muerte injusta en Houston&#8221;<\/span><\/a><\/p>\n","protected":false},"author":21,"featured_media":3418,"parent":0,"menu_order":0,"comment_status":"closed","ping_status":"closed","template":"","meta":{"_acf_changed":false,"footnotes":""},"class_list":["post-578","page","type-page","status-publish","has-post-thumbnail","hentry","entry"],"acf":[],"yoast_head":"<!-- This site is optimized with the Yoast SEO plugin v27.0 - https:\/\/yoast.com\/product\/yoast-seo-wordpress\/ -->\n<title>Abogado de muerte injusta en Houston<\/title>\n<meta name=\"description\" content=\"Si ha perdido a un ser querido debido a la negligencia de otra persona, comun\u00edquese con Calhoun Meredith. \u00a1Un abogado de homicidio de Houston!\" \/>\n<meta name=\"robots\" content=\"index, follow, max-snippet:-1, max-image-preview:large, max-video-preview:-1\" \/>\n<link rel=\"canonical\" href=\"https:\/\/calhounmeredith.com\/es\/abogado-de-muerte-injusta\/\" \/>\n<meta property=\"og:locale\" content=\"es_MX\" \/>\n<meta property=\"og:type\" content=\"article\" \/>\n<meta property=\"og:title\" content=\"Abogado de muerte injusta en Houston\" \/>\n<meta property=\"og:description\" content=\"Si ha perdido a un ser querido debido a la negligencia de otra persona, comun\u00edquese con Calhoun Meredith. \u00a1Un abogado de homicidio de Houston!\" \/>\n<meta property=\"og:url\" content=\"https:\/\/calhounmeredith.com\/es\/abogado-de-muerte-injusta\/\" \/>\n<meta property=\"og:site_name\" content=\"Calhoun Meredith\" \/>\n<meta property=\"article:publisher\" content=\"https:\/\/www.facebook.com\/calhounmeredithllc\" \/>\n<meta property=\"article:modified_time\" content=\"2025-10-13T12:12:39+00:00\" \/>\n<meta property=\"og:image\" content=\"https:\/\/calhounmeredith.com\/wp-content\/uploads\/2024\/05\/houston-wrongful-death-lawyer-featured.webp\" \/>\n\t<meta property=\"og:image:width\" content=\"1280\" \/>\n\t<meta property=\"og:image:height\" content=\"1000\" \/>\n\t<meta property=\"og:image:type\" content=\"image\/webp\" \/>\n<meta name=\"twitter:card\" content=\"summary_large_image\" \/>\n<meta name=\"twitter:label1\" content=\"Tiempo de lectura\" \/>\n\t<meta name=\"twitter:data1\" content=\"8 minutos\" \/>\n<!-- \/ Yoast SEO plugin. -->","yoast_head_json":{"title":"Abogado de muerte injusta en Houston","description":"Si ha perdido a un ser querido debido a la negligencia de otra persona, comun\u00edquese con Calhoun Meredith. \u00a1Un abogado de homicidio de Houston!","robots":{"index":"index","follow":"follow","max-snippet":"max-snippet:-1","max-image-preview":"max-image-preview:large","max-video-preview":"max-video-preview:-1"},"canonical":"https:\/\/calhounmeredith.com\/es\/abogado-de-muerte-injusta\/","og_locale":"es_MX","og_type":"article","og_title":"Abogado de muerte injusta en Houston","og_description":"Si ha perdido a un ser querido debido a la negligencia de otra persona, comun\u00edquese con Calhoun Meredith. \u00a1Un abogado de homicidio de Houston!","og_url":"https:\/\/calhounmeredith.com\/es\/abogado-de-muerte-injusta\/","og_site_name":"Calhoun Meredith","article_publisher":"https:\/\/www.facebook.com\/calhounmeredithllc","article_modified_time":"2025-10-13T12:12:39+00:00","og_image":[{"width":1280,"height":1000,"url":"https:\/\/calhounmeredith.com\/wp-content\/uploads\/2024\/05\/houston-wrongful-death-lawyer-featured.webp","type":"image\/webp"}],"twitter_card":"summary_large_image","twitter_misc":{"Tiempo de lectura":"8 minutos"},"schema":{"@context":"https:\/\/schema.org","@graph":[{"@type":"WebPage","@id":"https:\/\/calhounmeredith.com\/es\/abogado-de-muerte-injusta\/","url":"https:\/\/calhounmeredith.com\/es\/abogado-de-muerte-injusta\/","name":"Abogado de muerte injusta en Houston","isPartOf":{"@id":"https:\/\/calhounmeredith.com\/#website"},"primaryImageOfPage":{"@id":"https:\/\/calhounmeredith.com\/es\/abogado-de-muerte-injusta\/#primaryimage"},"image":{"@id":"https:\/\/calhounmeredith.com\/es\/abogado-de-muerte-injusta\/#primaryimage"},"thumbnailUrl":"https:\/\/calhounmeredith.com\/wp-content\/uploads\/2024\/05\/houston-wrongful-death-lawyer-featured.webp","datePublished":"2021-02-03T01:23:12+00:00","dateModified":"2025-10-13T12:12:39+00:00","description":"Si ha perdido a un ser querido debido a la negligencia de otra persona, comun\u00edquese con Calhoun Meredith. \u00a1Un abogado de homicidio de Houston!","breadcrumb":{"@id":"https:\/\/calhounmeredith.com\/es\/abogado-de-muerte-injusta\/#breadcrumb"},"inLanguage":"es","potentialAction":[{"@type":"ReadAction","target":["https:\/\/calhounmeredith.com\/es\/abogado-de-muerte-injusta\/"]}]},{"@type":"ImageObject","inLanguage":"es","@id":"https:\/\/calhounmeredith.com\/es\/abogado-de-muerte-injusta\/#primaryimage","url":"https:\/\/calhounmeredith.com\/wp-content\/uploads\/2024\/05\/houston-wrongful-death-lawyer-featured.webp","contentUrl":"https:\/\/calhounmeredith.com\/wp-content\/uploads\/2024\/05\/houston-wrongful-death-lawyer-featured.webp","width":1280,"height":1000},{"@type":"BreadcrumbList","@id":"https:\/\/calhounmeredith.com\/es\/abogado-de-muerte-injusta\/#breadcrumb","itemListElement":[{"@type":"ListItem","position":1,"name":"Home","item":"https:\/\/calhounmeredith.com\/es\/"},{"@type":"ListItem","position":2,"name":"Abogado de muerte injusta en Houston"}]},{"@type":"WebSite","@id":"https:\/\/calhounmeredith.com\/#website","url":"https:\/\/calhounmeredith.com\/","name":"Calhoun Meredith","description":"Houston Injury Law Firm","publisher":{"@id":"https:\/\/calhounmeredith.com\/#organization"},"potentialAction":[{"@type":"SearchAction","target":{"@type":"EntryPoint","urlTemplate":"https:\/\/calhounmeredith.com\/?s={search_term_string}"},"query-input":{"@type":"PropertyValueSpecification","valueRequired":true,"valueName":"search_term_string"}}],"inLanguage":"es"},{"@type":"Organization","@id":"https:\/\/calhounmeredith.com\/#organization","name":"Calhoun Meredith","url":"https:\/\/calhounmeredith.com\/","logo":{"@type":"ImageObject","inLanguage":"es","@id":"https:\/\/calhounmeredith.com\/#\/schema\/logo\/image\/","url":"https:\/\/calhounmeredith.com\/wp-content\/uploads\/2022\/04\/calhoun-meredith-new-logo01-colored.png","contentUrl":"https:\/\/calhounmeredith.com\/wp-content\/uploads\/2022\/04\/calhoun-meredith-new-logo01-colored.png","width":400,"height":200,"caption":"Calhoun Meredith"},"image":{"@id":"https:\/\/calhounmeredith.com\/#\/schema\/logo\/image\/"},"sameAs":["https:\/\/www.facebook.com\/calhounmeredithllc"]}]}},"_links":{"self":[{"href":"https:\/\/calhounmeredith.com\/es\/wp-json\/wp\/v2\/pages\/578","targetHints":{"allow":["GET"]}}],"collection":[{"href":"https:\/\/calhounmeredith.com\/es\/wp-json\/wp\/v2\/pages"}],"about":[{"href":"https:\/\/calhounmeredith.com\/es\/wp-json\/wp\/v2\/types\/page"}],"author":[{"embeddable":true,"href":"https:\/\/calhounmeredith.com\/es\/wp-json\/wp\/v2\/users\/21"}],"replies":[{"embeddable":true,"href":"https:\/\/calhounmeredith.com\/es\/wp-json\/wp\/v2\/comments?post=578"}],"version-history":[{"count":5,"href":"https:\/\/calhounmeredith.com\/es\/wp-json\/wp\/v2\/pages\/578\/revisions"}],"predecessor-version":[{"id":6100,"href":"https:\/\/calhounmeredith.com\/es\/wp-json\/wp\/v2\/pages\/578\/revisions\/6100"}],"wp:featuredmedia":[{"embeddable":true,"href":"https:\/\/calhounmeredith.com\/es\/wp-json\/wp\/v2\/media\/3418"}],"wp:attachment":[{"href":"https:\/\/calhounmeredith.com\/es\/wp-json\/wp\/v2\/media?parent=578"}],"curies":[{"name":"wp","href":"https:\/\/api.w.org\/{rel}","templated":true}]}}