{"id":572,"date":"2021-02-10T09:14:59","date_gmt":"2021-02-10T14:14:59","guid":{"rendered":"http:\/\/localhost:10028\/houston\/tractor-trailer-accident\/"},"modified":"2025-11-13T14:58:12","modified_gmt":"2025-11-13T14:58:12","slug":"accidente-de-tractor","status":"publish","type":"page","link":"https:\/\/calhounmeredith.com\/es\/abogado-de-accidentes-de-camiones\/accidente-de-tractor\/","title":{"rendered":"Abogado de accidente de tractor en Houston"},"content":{"rendered":"\r\n<p>Un accidente de un cami\u00f3n articulado puede resultar en lesiones graves, especialmente cuando el tr\u00e1iler choca contra un veh\u00edculo de pasajeros mucho m\u00e1s peque\u00f1o. Como v\u00edctima de un accidente de este tipo, usted puede buscar una cantidad justa de compensaci\u00f3n. Ll\u00e1menos hoy para discutir su reclamo con nuestros abogados de accidentes de camiones articulados de Houston. Aqu\u00ed en Calhoun Meredith, el objetivo de nuestros abogados es conseguirle la cantidad m\u00e1xima de dinero por las p\u00e9rdidas sufridas en el choque.<\/p>\r\n\r\n\r\n\r\n<p>Al presentar una demanda por un accidente de cami\u00f3n en <a href=\"https:\/\/calhounmeredith.com\/es\/houston\/\" target=\"_blank\" rel=\"noopener\">Houston<\/a> Texas, es importante entender c\u00f3mo funcionan estas reclamaciones, para que pueda obtener la compensaci\u00f3n correcta. He aqu\u00ed un vistazo a los aspectos clave de los accidentes con camiones articulados y las reclamaciones resultantes de ellos.. Por lo general, un bufete de abogados puede ayudar con estos problemas.<\/p>\r\n\r\n\r\n\r\n\r\n\r\n<h2 class=\"wp-block-heading\"><strong>El abogado de accidentes de camiones le aconsejar\u00e1 sobre las causas comunes de accidentes de camiones articulados<\/strong><\/h2>\r\n\r\n\r\n\r\n<p>Los accidentes con camiones articulados son causados por una serie de factores. He aqu\u00ed un vistazo a algunas de las causas m\u00e1s comunes que contribuyen en los casos de los accidentes camiones de 18 ruedas:<\/p>\r\n\r\n\r\n\r\n<p><strong>Abuso del alcohol y drogas<\/strong>: La negligencia o conducta inadecuada del conductor del cami\u00f3n puede causar <a class=\"rank-math-link\" href=\"https:\/\/calhounmeredith.com\/es\/abogado-de-accidentes-de-auto\/\">accidentes <\/a>graves. Es bastante com\u00fan entre los conductores de camiones el consumir alcohol o abusar de las drogas mientras se encuentran en el trabajo. Un estudio de <a class=\"rank-math-link\" href=\"https:\/\/greenhousetreatment.com\/\" rel=\"nofollow\" >American Addition Centers<\/a> (por su nombre en ingl\u00e9s) revela que casi el 50% de los camioneros consumen alcohol y el 30% toma anfetaminas. El abuso de estas sustancias puede hacer que los conductores de camiones experimenten fallos en su juicio. Como resultado, pueden terminar creando riesgos para otras personas en la calle y causando accidentes graves.<\/p>\r\n\r\n\r\n\r\n<p><strong>Exceso de velocidad<\/strong>: La mayor\u00eda de los conductores de camiones de Texas trabajan bajo plazos cortos al enviar una carga de un lugar a otro. Esto los pone bajo mucho estr\u00e9s y pueden tratar de acelerar las cosas para llegar a tiempo.<\/p>\r\n<p>En los casos en que el conductor tenga la culpa, ser\u00e1 una buena l\u00ednea de defensa. Esta es la raz\u00f3n por la que el exceso de velocidad es a menudo un factor que contribuye a los accidentes con camiones articulados. Los accidentes de camiones comerciales son en la mayor\u00eda de los casos causados por el exceso de velocidad. Estos veh\u00edculos pueden pesar hasta 80.000 libras, por lo que son excepcionalmente peligrosos cuando se conducen a altas velocidades. Muchos <a href=\"https:\/\/calhounmeredith.com\/es\/causas-de-accidentes-de-camiones\/\">accidentes mortales de camiones fueron causados<\/a> por factores de exceso de velocidad.<\/p>\r\n\r\n\r\n\r\n<p><img decoding=\"async\" data-src=\"https:\/\/calhounmeredith.com\/wp-content\/uploads\/2024\/05\/houston-tractor-trailer-2.webp\" alt=\"Un cami\u00f3n grande hace un giro amplio en una carretera de Houston.\" width=\"600\" height=\"400\" src=\"data:image\/svg+xml;base64,PHN2ZyB3aWR0aD0iMSIgaGVpZ2h0PSIxIiB4bWxucz0iaHR0cDovL3d3dy53My5vcmcvMjAwMC9zdmciPjwvc3ZnPg==\" class=\"lazyload\" style=\"--smush-placeholder-width: 600px; --smush-placeholder-aspect-ratio: 600\/400;\" \/><\/p>\r\n\r\n\r\n\r\n<p><strong>Conducci\u00f3n distra\u00edda<\/strong>: Recibir una llamada, enviar mensajes de texto por tel\u00e9fono, revisar la radio, comer y realizar pr\u00e1cticamente cualquier otra tarea durante la conducci\u00f3n crea una distracci\u00f3n. Para el conductor, esta distracci\u00f3n puede resultar en una falla moment\u00e1nea de concentraci\u00f3n en la calle, lo que resulta en colisiones, lesiones, p\u00e9rdida de propiedad y otros tipos de accidentes. Incluso los accidentes mortales de camiones son el resultado de una conducci\u00f3n distra\u00edda.<\/p>\r\n\r\n\r\n\r\n<p><strong>Fatiga del conductor<\/strong>: Legalmente, los camioneros no tienen la obligaci\u00f3n de trabajar m\u00e1s de un n\u00famero espec\u00edfico de horas por semana y por d\u00eda. Cuando los conductores trabajan m\u00e1s all\u00e1 de esto con el fin de ganar m\u00e1s dinero o cuando son forzados por su empleador, pueden experimentar fatiga. Esto puede inducir somnolencia y hacer que un conductor duerma al volante, lo que resulta en una colisi\u00f3n, a veces <a class=\"rank-math-link\" href=\"https:\/\/calhounmeredith.com\/es\/abogado-de-muerte-injusta\/\">accidentes fatales<\/a>. Las lesiones graves como un golpe a la m\u00e9dula espinal pueden resultar de esto.<\/p>\r\n\r\n\r\n\r\n<p><strong>Problemas de la carga<\/strong>: La carga en los camiones articulados o semicamiones debe cumplir con las rigurosas regulaciones federales. Dicha carga no debe estar m\u00e1s all\u00e1 de un cierto l\u00edmite en t\u00e9rminos de su peso, y tambi\u00e9n debe estar asegurada correctamente. Cuando la carga est\u00e1 mal asegurada o el cami\u00f3n tiene sobrepeso, el conductor puede perder el control en cualquier momento y causar incidentes.<\/p>\r\n\r\n\r\n\r\n<h2 class=\"wp-block-heading\"><strong>\u00bfQu\u00e9 hacer despu\u00e9s de un accidente con un cami\u00f3n articulado?<\/strong><\/h2>\r\n\r\n\r\n\r\n<p>Si usted ha estado en un accidente con un cami\u00f3n articulado, es importante tomar los pasos correctos despu\u00e9s del accidente. Tomar las decisiones correctas a ra\u00edz del accidente le ayudar\u00e1 a mantenerse a salvo, al mismo tiempo que garantiza que sus derechos est\u00e9n protegidos. Estos son los pasos recomendados que debe seguir despu\u00e9s de un accidente de cami\u00f3n:<\/p>\r\n\r\n\r\n\r\n<h3 class=\"wp-block-heading\"><strong>Obtener ayuda m\u00e9dica<\/strong>\u00a0<\/h3>\r\n\r\n\r\n\r\n<p>Despu\u00e9s de un accidente de cami\u00f3n en Houston, es fundamental someterse a un tratamiento m\u00e9dico. Usted puede sentir que no tiene lesiones, pero pueden salir despu\u00e9s del accidente y resultar en lesiones internas graves que no se conocen inmediatamente. Las compa\u00f1\u00edas de camiones o la compa\u00f1\u00eda de seguros tambi\u00e9n pueden rechazar su reclamo m\u00e1s adelante si usted no acepta el tratamiento m\u00e9dico inmediato. As\u00ed que lo primero que hay que hacer justo despu\u00e9s de un accidente es ser examinado m\u00e9dicamente y someterse a tratamiento si es necesario.<\/p>\r\n\r\n\r\n\r\n<h3 class=\"wp-block-heading\"><strong>Dar una declaraci\u00f3n<\/strong>\u00a0<\/h3>\r\n\r\n\r\n\r\n<p>Como cualquier abogado de accidentes de camiones le comentar\u00e1, en el caso de la mayor\u00eda de los accidentes de tr\u00e1fico, los agentes de la ley llegan a la escena del accidente. Estos oficiales llevan a cabo investigaciones en el lugar, toman declaraciones de todas las partes involucradas y forman sus propias conclusiones. Se le pedir\u00e1 una declaraci\u00f3n si est\u00e1 involucrado. Al dar una, aseg\u00farese de aferrarse a los hechos y simplemente contar c\u00f3mo cree que ocurri\u00f3 el accidente. Lo mejor es no culpar a nadie o admitir la culpa en esta etapa.<\/p>\r\n\r\n\r\n\r\n<h2 class=\"wp-block-heading\"><strong>Recopile las pruebas e informaci\u00f3n \u00fatil para probar su lesi\u00f3n<\/strong><\/h2>\r\n\r\n\r\n\r\n<p>En el caso de un accidente con camiones de 18 ruedas, si no sali\u00f3 demasiado herido f\u00edsicamente como para moverse, es recomendable que usted tome fotos y videos de la escena del accidente. Conc\u00e9ntrese en los camiones involucrados. Registre a los veh\u00edculos de pasajeros involucrados en el accidente y cualquier da\u00f1o visible en estos veh\u00edculos, marcas de deslizamiento en la calle, su posici\u00f3n final, el ambiente, as\u00ed como las lesiones causadas a usted. Tales pruebas son muy \u00fatiles para fundamentar su reclamaci\u00f3n de da\u00f1os y perjuicios m\u00e1s adelante.<\/p>\r\n\r\n\r\n\r\n<p><img decoding=\"async\" data-src=\"https:\/\/calhounmeredith.com\/wp-content\/uploads\/2024\/05\/houston-tractor-trailer-evidence.webp\" alt=\"Un cami\u00f3n ha estado involucrado en un accidente en Houston y el conductor pide ayuda.\" width=\"600\" height=\"400\" src=\"data:image\/svg+xml;base64,PHN2ZyB3aWR0aD0iMSIgaGVpZ2h0PSIxIiB4bWxucz0iaHR0cDovL3d3dy53My5vcmcvMjAwMC9zdmciPjwvc3ZnPg==\" class=\"lazyload\" style=\"--smush-placeholder-width: 600px; --smush-placeholder-aspect-ratio: 600\/400;\" \/><\/p>\r\n<p>&nbsp;<\/p>\r\n\r\n\r\n\r\n<p>Al mismo tiempo, aseg\u00farese de preguntarle al conductor del cami\u00f3n sobre el n\u00famero de registro, los detalles de la compa\u00f1\u00eda de camiones y seguros, y otra informaci\u00f3n vital. Si alguna persona o el conductor del cami\u00f3n ha presenciado el accidente, tambi\u00e9n debe anotar sus datos de contacto para que m\u00e1s tarde pueda ser contactado para dar testimonio como testigo.<\/p>\r\n\r\n\r\n\r\n<h2 class=\"wp-block-heading\"><strong>P\u00f3ngase en contacto con un abogado de accidentes de cami\u00f3n de Houston<\/strong>\u00a0<\/h2>\r\n\r\n\r\n\r\n<p>Un buen abogado de accidentes con camiones articulados de Houston puede ser inmensamente \u00fatil cuando usted est\u00e1 considerando presentar una reclamaci\u00f3n por <a class=\"rank-math-link\" href=\"https:\/\/ast.wikipedia.org\/wiki\/Indemnizaci%C3%B3n_de_perxuicios\" rel=\"nofollow\" >da\u00f1os y perjuicios<\/a>. Los abogados calificados de renombre tienen la capacidad de ayudar a las v\u00edctimas de accidentes a identificar a la parte responsable, reunir las pruebas pertinentes y luego presentar la reclamaci\u00f3n sin perder tiempo. Tambi\u00e9n podr\u00e1n evaluar el importe de la compensaci\u00f3n correcta. As\u00ed que es una buena idea obtener ayuda legal lo antes posible despu\u00e9s de un accidente de cami\u00f3n.<\/p>\r\n\r\n\r\n\r\n<h2 class=\"wp-block-heading\"><strong>\u00bfQui\u00e9n es responsable de un accidente con un cami\u00f3n de 18 ruedas?<\/strong><\/h2>\r\n\r\n\r\n\r\n<p>De acuerdo con las regulaciones de Houston, varias partes pueden ser responsables de accidentes que involucran camiones o camiones articulados. En la mayor\u00eda de los casos, la empresa camionera es la parte responsable. Un abogado con experiencia trabajando con la industria de camiones en Houston siempre es un buen aliado para usted, pueden traer expertos en reconstrucci\u00f3n de accidentes u otros especialistas que puedan ayudar.<\/p>\r\n\r\n\r\n\r\n<p>Esto se debe a que cuando se trata de cualquier negligencia por parte del conductor, las empresas camioneras pueden ser consideradas responsables de no garantizar que contrataron personal confiable. Una empresa de camiones tambi\u00e9n puede ser considerada negligente si no repara los defectos vehiculares que el mantenimiento adecuado habr\u00eda evitado.\u00a0<\/p>\r\n\r\n\r\n\r\n<p>Tambi\u00e9n se pueden presentar reclamaciones por accidentes de cami\u00f3n contra la compa\u00f1\u00eda de env\u00edos, el fabricante del veh\u00edculo, as\u00ed como contra terceros relacionados con la operaci\u00f3n del veh\u00edculo y el mantenimiento de los camiones.<\/p>\r\n\r\n\r\n\r\n<h2 class=\"wp-block-heading\">\u00bfC\u00f3mo puede ayudarle un abogado de accidentes con camiones articulados en Houston?)<\/h2>\r\n\r\n\r\n\r\n<p><img decoding=\"async\" data-src=\"https:\/\/calhounmeredith.com\/wp-content\/uploads\/2024\/05\/houston-18-wheeler-accident.webp\" alt=\"Un cami\u00f3n ha estado involucrado en un accidente en Houston y el conductor pide ayuda.\" width=\"600\" height=\"400\" src=\"data:image\/svg+xml;base64,PHN2ZyB3aWR0aD0iMSIgaGVpZ2h0PSIxIiB4bWxucz0iaHR0cDovL3d3dy53My5vcmcvMjAwMC9zdmciPjwvc3ZnPg==\" class=\"lazyload\" style=\"--smush-placeholder-width: 600px; --smush-placeholder-aspect-ratio: 600\/400;\" \/><\/p>\r\n\r\n\r\n\r\n<p>Al presentar una demanda por da\u00f1os y perjuicios en un accidente de cami\u00f3n en Houston, Texas, nuestros clientes tienen que enfrentar a los equipos legales y los recursos de las principales compa\u00f1\u00edas. Por su cuenta, sus probabilidades de \u00e9xito son muy escasas. Esta es la raz\u00f3n por la que es mejor obtener la ayuda de buenos abogados de accidentes de cami\u00f3n.<\/p>\r\n\r\n\r\n\r\n<p>Aqu\u00ed en <a class=\"rank-math-link\" href=\"\/es\/\">Calhoun, Meredith<\/a>, PLLC, creemos que las v\u00edctimas de los accidentes de camiones tienen derecho a una compensaci\u00f3n justa. Todas las personas involucradas en un incidente de cami\u00f3n comercial tienen derecho a ser representadas por un abogado de<a class=\"rank-math-link\" href=\"https:\/\/calhounmeredith.com\/es\/abogado-de-lesiones-personales\/\"> lesiones personales<\/a> bien establecido.\u00a0<\/p>\r\n\r\n\r\n\r\n<p>Esta es la raz\u00f3n por la que nuestros abogados de accidentes de camiones proporcionan todo el apoyo y la asistencia cuando se nos contrata para ayudarle con su reclamo. Ll\u00e1menos hoy para programar una consulta gratuita y discutir su reclamo con nuestros abogados.<\/p>\r\n","protected":false},"excerpt":{"rendered":"<p>Un accidente de un cami\u00f3n articulado puede resultar en lesiones graves, especialmente cuando el tr\u00e1iler choca contra un veh\u00edculo de pasajeros mucho m\u00e1s peque\u00f1o. Como &hellip; <\/p>\n<p class=\"link-more\"><a href=\"https:\/\/calhounmeredith.com\/es\/abogado-de-accidentes-de-camiones\/accidente-de-tractor\/\" class=\"more-link\">Continuar leyendo<span class=\"screen-reader-text\"> &#8220;Abogado de accidente de tractor en Houston&#8221;<\/span><\/a><\/p>\n","protected":false},"author":21,"featured_media":3328,"parent":574,"menu_order":0,"comment_status":"closed","ping_status":"closed","template":"","meta":{"_acf_changed":false,"footnotes":""},"class_list":["post-572","page","type-page","status-publish","has-post-thumbnail","hentry","entry"],"acf":[],"yoast_head":"<!-- This site is optimized with the Yoast SEO plugin v27.0 - https:\/\/yoast.com\/product\/yoast-seo-wordpress\/ -->\n<title>Abogado de accidente de tractor en Houston | Calhoun Meredith<\/title>\n<meta name=\"description\" content=\"\u00bfNecesita un abogado de accidente de tractor? No busca m\u00e1s los abogados de Calhoun, Meredith le pueden ayudar.\" \/>\n<meta name=\"robots\" content=\"index, follow, max-snippet:-1, max-image-preview:large, max-video-preview:-1\" \/>\n<link rel=\"canonical\" href=\"https:\/\/calhounmeredith.com\/es\/abogado-de-accidentes-de-camiones\/accidente-de-tractor\/\" \/>\n<meta property=\"og:locale\" content=\"es_MX\" \/>\n<meta property=\"og:type\" content=\"article\" \/>\n<meta property=\"og:title\" content=\"Abogado de accidente de tractor en Houston | Calhoun Meredith\" \/>\n<meta property=\"og:description\" content=\"\u00bfNecesita un abogado de accidente de tractor? No busca m\u00e1s los abogados de Calhoun, Meredith le pueden ayudar.\" \/>\n<meta property=\"og:url\" content=\"https:\/\/calhounmeredith.com\/es\/abogado-de-accidentes-de-camiones\/accidente-de-tractor\/\" \/>\n<meta property=\"og:site_name\" content=\"Calhoun Meredith\" \/>\n<meta property=\"article:publisher\" content=\"https:\/\/www.facebook.com\/calhounmeredithllc\" \/>\n<meta property=\"article:modified_time\" content=\"2025-11-13T14:58:12+00:00\" \/>\n<meta property=\"og:image\" content=\"https:\/\/calhounmeredith.com\/wp-content\/uploads\/2024\/05\/houston-tractor-trailer-accident.webp\" \/>\n\t<meta property=\"og:image:width\" content=\"1280\" \/>\n\t<meta property=\"og:image:height\" content=\"1000\" \/>\n\t<meta property=\"og:image:type\" content=\"image\/webp\" \/>\n<meta name=\"twitter:card\" content=\"summary_large_image\" \/>\n<meta name=\"twitter:label1\" content=\"Tiempo de lectura\" \/>\n\t<meta name=\"twitter:data1\" content=\"8 minutos\" \/>\n<!-- \/ Yoast SEO plugin. -->","yoast_head_json":{"title":"Abogado de accidente de tractor en Houston | Calhoun Meredith","description":"\u00bfNecesita un abogado de accidente de tractor? No busca m\u00e1s los abogados de Calhoun, Meredith le pueden ayudar.","robots":{"index":"index","follow":"follow","max-snippet":"max-snippet:-1","max-image-preview":"max-image-preview:large","max-video-preview":"max-video-preview:-1"},"canonical":"https:\/\/calhounmeredith.com\/es\/abogado-de-accidentes-de-camiones\/accidente-de-tractor\/","og_locale":"es_MX","og_type":"article","og_title":"Abogado de accidente de tractor en Houston | Calhoun Meredith","og_description":"\u00bfNecesita un abogado de accidente de tractor? No busca m\u00e1s los abogados de Calhoun, Meredith le pueden ayudar.","og_url":"https:\/\/calhounmeredith.com\/es\/abogado-de-accidentes-de-camiones\/accidente-de-tractor\/","og_site_name":"Calhoun Meredith","article_publisher":"https:\/\/www.facebook.com\/calhounmeredithllc","article_modified_time":"2025-11-13T14:58:12+00:00","og_image":[{"width":1280,"height":1000,"url":"https:\/\/calhounmeredith.com\/wp-content\/uploads\/2024\/05\/houston-tractor-trailer-accident.webp","type":"image\/webp"}],"twitter_card":"summary_large_image","twitter_misc":{"Tiempo de lectura":"8 minutos"},"schema":{"@context":"https:\/\/schema.org","@graph":[{"@type":"WebPage","@id":"https:\/\/calhounmeredith.com\/es\/abogado-de-accidentes-de-camiones\/accidente-de-tractor\/","url":"https:\/\/calhounmeredith.com\/es\/abogado-de-accidentes-de-camiones\/accidente-de-tractor\/","name":"Abogado de accidente de tractor en Houston | Calhoun Meredith","isPartOf":{"@id":"https:\/\/calhounmeredith.com\/#website"},"primaryImageOfPage":{"@id":"https:\/\/calhounmeredith.com\/es\/abogado-de-accidentes-de-camiones\/accidente-de-tractor\/#primaryimage"},"image":{"@id":"https:\/\/calhounmeredith.com\/es\/abogado-de-accidentes-de-camiones\/accidente-de-tractor\/#primaryimage"},"thumbnailUrl":"https:\/\/calhounmeredith.com\/wp-content\/uploads\/2024\/05\/houston-tractor-trailer-accident.webp","datePublished":"2021-02-10T14:14:59+00:00","dateModified":"2025-11-13T14:58:12+00:00","description":"\u00bfNecesita un abogado de accidente de tractor? No busca m\u00e1s los abogados de Calhoun, Meredith le pueden ayudar.","breadcrumb":{"@id":"https:\/\/calhounmeredith.com\/es\/abogado-de-accidentes-de-camiones\/accidente-de-tractor\/#breadcrumb"},"inLanguage":"es","potentialAction":[{"@type":"ReadAction","target":["https:\/\/calhounmeredith.com\/es\/abogado-de-accidentes-de-camiones\/accidente-de-tractor\/"]}]},{"@type":"ImageObject","inLanguage":"es","@id":"https:\/\/calhounmeredith.com\/es\/abogado-de-accidentes-de-camiones\/accidente-de-tractor\/#primaryimage","url":"https:\/\/calhounmeredith.com\/wp-content\/uploads\/2024\/05\/houston-tractor-trailer-accident.webp","contentUrl":"https:\/\/calhounmeredith.com\/wp-content\/uploads\/2024\/05\/houston-tractor-trailer-accident.webp","width":1280,"height":1000,"caption":"A white cargo truck and passenger vehicle involved in an accident."},{"@type":"BreadcrumbList","@id":"https:\/\/calhounmeredith.com\/es\/abogado-de-accidentes-de-camiones\/accidente-de-tractor\/#breadcrumb","itemListElement":[{"@type":"ListItem","position":1,"name":"Home","item":"https:\/\/calhounmeredith.com\/es\/"},{"@type":"ListItem","position":2,"name":"Abogado De Accidentes De Camiones En Houston","item":"https:\/\/calhounmeredith.com\/es\/abogado-de-accidentes-de-camiones\/"},{"@type":"ListItem","position":3,"name":"Abogado de accidente de tractor en Houston"}]},{"@type":"WebSite","@id":"https:\/\/calhounmeredith.com\/#website","url":"https:\/\/calhounmeredith.com\/","name":"Calhoun Meredith","description":"Houston Injury Law Firm","publisher":{"@id":"https:\/\/calhounmeredith.com\/#organization"},"potentialAction":[{"@type":"SearchAction","target":{"@type":"EntryPoint","urlTemplate":"https:\/\/calhounmeredith.com\/?s={search_term_string}"},"query-input":{"@type":"PropertyValueSpecification","valueRequired":true,"valueName":"search_term_string"}}],"inLanguage":"es"},{"@type":"Organization","@id":"https:\/\/calhounmeredith.com\/#organization","name":"Calhoun Meredith","url":"https:\/\/calhounmeredith.com\/","logo":{"@type":"ImageObject","inLanguage":"es","@id":"https:\/\/calhounmeredith.com\/#\/schema\/logo\/image\/","url":"https:\/\/calhounmeredith.com\/wp-content\/uploads\/2022\/04\/calhoun-meredith-new-logo01-colored.png","contentUrl":"https:\/\/calhounmeredith.com\/wp-content\/uploads\/2022\/04\/calhoun-meredith-new-logo01-colored.png","width":400,"height":200,"caption":"Calhoun Meredith"},"image":{"@id":"https:\/\/calhounmeredith.com\/#\/schema\/logo\/image\/"},"sameAs":["https:\/\/www.facebook.com\/calhounmeredithllc"]}]}},"_links":{"self":[{"href":"https:\/\/calhounmeredith.com\/es\/wp-json\/wp\/v2\/pages\/572","targetHints":{"allow":["GET"]}}],"collection":[{"href":"https:\/\/calhounmeredith.com\/es\/wp-json\/wp\/v2\/pages"}],"about":[{"href":"https:\/\/calhounmeredith.com\/es\/wp-json\/wp\/v2\/types\/page"}],"author":[{"embeddable":true,"href":"https:\/\/calhounmeredith.com\/es\/wp-json\/wp\/v2\/users\/21"}],"replies":[{"embeddable":true,"href":"https:\/\/calhounmeredith.com\/es\/wp-json\/wp\/v2\/comments?post=572"}],"version-history":[{"count":8,"href":"https:\/\/calhounmeredith.com\/es\/wp-json\/wp\/v2\/pages\/572\/revisions"}],"predecessor-version":[{"id":6514,"href":"https:\/\/calhounmeredith.com\/es\/wp-json\/wp\/v2\/pages\/572\/revisions\/6514"}],"up":[{"embeddable":true,"href":"https:\/\/calhounmeredith.com\/es\/wp-json\/wp\/v2\/pages\/574"}],"wp:featuredmedia":[{"embeddable":true,"href":"https:\/\/calhounmeredith.com\/es\/wp-json\/wp\/v2\/media\/3328"}],"wp:attachment":[{"href":"https:\/\/calhounmeredith.com\/es\/wp-json\/wp\/v2\/media?parent=572"}],"curies":[{"name":"wp","href":"https:\/\/api.w.org\/{rel}","templated":true}]}}