{"id":568,"date":"2021-02-10T10:28:41","date_gmt":"2021-02-10T15:28:41","guid":{"rendered":"http:\/\/localhost:10028\/houston\/public-transportation-lawyer\/"},"modified":"2025-08-06T09:54:52","modified_gmt":"2025-08-06T09:54:52","slug":"abogado-de-transporte-publico","status":"publish","type":"page","link":"https:\/\/calhounmeredith.com\/es\/houston\/abogado-de-transporte-publico\/","title":{"rendered":"Abogado de transporte p\u00fablico en Houston"},"content":{"rendered":"\r\n<p>El transporte p\u00fablico en Houston no solo es conveniente, sino que tambi\u00e9n ayuda a las personas a ahorrar significativamente. Tambi\u00e9n ayuda a reducir la huella de carbono de la poblaci\u00f3n (que ser\u00eda mucho mayor si cada uno condujera su propio veh\u00edculo). Sin embargo, la posibilidad de un accidente de autob\u00fas siempre existe. En caso de que esto suceda, necesitar\u00e1 un <a href=\"https:\/\/calhounmeredith.com\/es\/abogado-de-accidentes-de-auto\/colision-frontal\/\" target=\"_blank\" rel=\"noopener\">abogado de transporte p\u00fablico de Houston<\/a> a su lado..<\/p>\r\n\r\n\r\n\r\n\r\n\r\n<p>Los accidentes de transporte p\u00fablico no son tan raros como uno querr\u00eda que fueran. Aunque no son muy frecuentes, los accidentes de autob\u00fas ocurren, y en la mayor\u00eda de los casos (casi todos ellos) los conductores son los culpables. Si usted estaba en el extremo receptor de tal tragedia, buscar compensaci\u00f3n financiera por sus p\u00e9rdidas es su derecho legal y usted debe adquirir los servicios de un abogado experimentado de transporte p\u00fablico de Houston para buscar justicia.<\/p>\r\n\r\n\r\n\r\n<p>Manejar un caso tan delicado por su cuenta es arriesgado y, en algunos casos, in\u00fatil. Con la ayuda legal de un abogado de accidentes de autob\u00fas de su lado, usted podr\u00eda obtener un reembolso justificado por las p\u00e9rdidas que sufri\u00f3.<\/p>\r\n\r\n\r\n\r\n<h2 class=\"wp-block-heading\"><strong>\u00bfPor qu\u00e9 ocurren los accidentes de autobuses?<\/strong><\/h2>\r\n\r\n\r\n\r\n<p><img decoding=\"async\" class=\"alignnone size-full wp-image-3716 lazyload\" data-src=\"https:\/\/calhounmeredith.com\/wp-content\/uploads\/2024\/05\/houston-bus-turned-1.webp\" alt=\"autob\u00fas\" width=\"600\" height=\"400\" data-srcset=\"https:\/\/calhounmeredith.com\/wp-content\/uploads\/2024\/05\/houston-bus-turned-1.webp 600w, https:\/\/calhounmeredith.com\/wp-content\/uploads\/2024\/05\/houston-bus-turned-1-300x200.webp 300w\" data-sizes=\"(max-width: 600px) 100vw, 600px\" src=\"data:image\/svg+xml;base64,PHN2ZyB3aWR0aD0iMSIgaGVpZ2h0PSIxIiB4bWxucz0iaHR0cDovL3d3dy53My5vcmcvMjAwMC9zdmciPjwvc3ZnPg==\" style=\"--smush-placeholder-width: 600px; --smush-placeholder-aspect-ratio: 600\/400;\" \/><\/p>\r\n\r\n\r\n\r\n<p>Los peatones rara vez tienen la culpa cuando se trata de<a class=\"rank-math-link\" href=\"https:\/\/calhounmeredith.com\/es\/abogado-de-accidentes-de-autobus\/\"> accidentes de autobuses<\/a> en Houston. Lo mismo ocurre tambi\u00e9n con otros conductores involucrados en los accidentes. En la mayor\u00eda de los casos, el conductor del autob\u00fas mostr\u00f3 negligencia que condujo al accidente, o pudo haber habido un problema t\u00e9cnico.\u00a0<\/p>\r\n\r\n\r\n\r\n<p>Estas son algunas de las razones m\u00e1s <a href=\"https:\/\/calhounmeredith.com\/houston-car-accident-lawyer\/common-injuries\/\" target=\"_blank\" rel=\"noopener\">comunes de los accidentes<\/a> de autob\u00fas:<\/p>\r\n\r\n\r\n\r\n<p><strong>Conductor distra\u00eddo<\/strong>: Distraerse mientras se conduce es una de las principales causas de accidentes automovil\u00edsticos en los EE.UU.\u00a0Los conductores muestran negligencia a veces por acciones como comer, atender una llamada telef\u00f3nica o tener una conversaci\u00f3n mientras conducen, todas son formas de conducci\u00f3n distra\u00edda. Si esto conduce a un accidente, se culpa al conductor.<\/p>\r\n\r\n\r\n\r\n<p><strong>Exceso de velocidad m\u00e1s all\u00e1 del l\u00edmite:<\/strong> El exceso de velocidad es una ofensa en s\u00ed mismo y si conduce a un accidente, el conductor ser\u00e1 responsable sin lugar a dudas por el accidente de autob\u00fas.<\/p>\r\n\r\n\r\n\r\n<p><strong>Conducci\u00f3n bajo la influencia de alguna sustancia<\/strong>: Las compa\u00f1\u00edas de autobuses deben asegurar que su flota es conducida por un personal siempre atento. Al permitir que un conductor intoxicado maneje uno de sus autobuses, la compa\u00f1\u00eda est\u00e1 incitando al desastre. En caso de accidente, la v\u00edctima puede demandar a la empresa por su negligencia criminal y al conductor por conducir ebrio.<\/p>\r\n\r\n\r\n\r\n<p><strong>Error de juicio<\/strong>: Incluso un conductor con licencia y responsable puede cometer errores, sin embargo, no estar\u00e1 exento de la culpa si estos causan un accidente.\u00a0<\/p>\r\n\r\n\r\n\r\n<p><strong>Problemas t\u00e9cnicos<\/strong>: Si el autob\u00fas no se detuvo a tiempo o si hubo alg\u00fan otro<a class=\"rank-math-link\" href=\"https:\/\/madrid.ccoo.es\/62b29ecf8554a026ce5d5462ef9eb295000045.pdf\" rel=\"nofollow\" > problema t\u00e9cnico<\/a> que estuviera relacionado con el accidente, usted puede demandar a la compa\u00f1\u00eda de autobuses por su incapacidad de resolverlo a tiempo.<\/p>\r\n\r\n\r\n\r\n<p><strong>Problemas de seguridad vial<\/strong>: A veces, las condiciones de la calle pueden tener en culpa por un accidente, en cuyo caso, demande al estado de <a class=\"rank-math-link\" href=\"https:\/\/es.wikipedia.org\/wiki\/Houston\" rel=\"nofollow\" >Texas <\/a>por su negligencia que le llev\u00f3 a su sufrimiento.\u00a0<\/p>\r\n\r\n\r\n\r\n<p>Sufrir de un episodio tan traum\u00e1tico es duro, pero uno puede tener esperanza en que llegue la justicia. Como se indic\u00f3 en las secciones anteriores, la culpa depender\u00e1 de las circunstancias que conduzcan al accidente. Usted debe buscar consejos legales adecuados de un abogado de transporte p\u00fablico de Houston para proceder de la mejor manera posible con su demanda por lesiones personales.<\/p>\r\n\r\n\r\n\r\n<h2 class=\"wp-block-heading\"><strong>Lesiones sufridas debido a accidentes de autobuses Houston, Texas<\/strong><\/h2>\r\n\r\n\r\n\r\n<p>Los accidentes con peatones y autobuses tienden a ser lesiones m\u00e1s graves que los que involucran autobuses y otros autom\u00f3viles. Los peatones, incluso si estuvieron involucrados en un accidente de autob\u00fas menor, pueden sufrir contusiones, golpes en la cabeza, posible traumatismo cerebral, conmociones cerebrales, da\u00f1os \u00f3seos (incluso fractura), lesiones en la columna vertebral, etc.<\/p>\r\n\r\n\r\n\r\n<p><img decoding=\"async\" data-src=\"https:\/\/calhounmeredith.com\/wp-content\/uploads\/2024\/05\/houston-bus-accident-injury-1.webp\" alt=\"personas heridas por accidente\" width=\"600\" height=\"400\" src=\"data:image\/svg+xml;base64,PHN2ZyB3aWR0aD0iMSIgaGVpZ2h0PSIxIiB4bWxucz0iaHR0cDovL3d3dy53My5vcmcvMjAwMC9zdmciPjwvc3ZnPg==\" class=\"lazyload\" style=\"--smush-placeholder-width: 600px; --smush-placeholder-aspect-ratio: 600\/400;\" \/><\/p>\r\n\r\n\r\n\r\n<p>En casos graves de lesiones por accidentes de autob\u00fas, las cosas pueden empeorar al grado de amputaciones, desfiguraciones permanentes, da\u00f1o severo a los \u00f3rganos internos, traumatismo cerebral grave, lesiones intensas en la columna vertebral y, en algunos casos, una <a class=\"rank-math-link\" href=\"https:\/\/calhounmeredith.com\/es\/abogado-de-muerte-injusta\/\">muerte injusta<\/a>.\u00a0<\/p>\r\n\r\n\r\n\r\n<p>Para las personas que viajaban en veh\u00edculos cuando ocurri\u00f3 el accidente, las cosas pueden no ser tan malas como para un peat\u00f3n debido a la protecci\u00f3n adicional de las bolsas de aire. Sin embargo, esto puede no ser siempre el caso. Los golpes en la cabeza y la columna vertebral pueden dejar a uno en grave agon\u00eda, a\u00f1adiendo el da\u00f1o a la propiedad.<\/p>\r\n\r\n\r\n\r\n<p>En resumen, los <a class=\"rank-math-link\" href=\"https:\/\/calhounmeredith.com\/es\/abogado-de-accidentes-de-autobus\/\">accidentes de autob\u00fas<\/a> pueden ser desagradables, pero usted puede buscar reembolso financiero por sus p\u00e9rdidas.<\/p>\r\n\r\n\r\n\r\n<h2 class=\"wp-block-heading\"><strong>\u00bfQu\u00e9 hacer despu\u00e9s de un accidente de autob\u00fas?<\/strong><\/h2>\r\n\r\n\r\n\r\n<p>No pierda el tiempo pensando en si el accidente fue menor o no, llame a la polic\u00eda inmediatamente, ese es su derecho legal. Si no se siente listo, p\u00eddale a otra persona que lo haga. Usted debe tomar fotos de toda la escena, especialmente las de cualquier da\u00f1o a la propiedad y de lesiones, tambi\u00e9n debe fotografiar la matr\u00edcula del autob\u00fas que caus\u00f3 el accidente. Aseg\u00farese de tener fotos de todos los veh\u00edculos involucrados en el accidente.<\/p>\r\n\r\n\r\n\r\n<p>Intercambie informaci\u00f3n con el conductor y anote cada detalle. Pida la informaci\u00f3n de contacto de los transe\u00fantes, ya que pueden convertirse en testigos valiosos y ayudar a solidificar su reclamo. Cuando aparezcan los agentes de la polic\u00eda, d\u00edgales todo lo que pueda recordar y p\u00eddales una copia del informe policial.<\/p>\r\n\r\n\r\n\r\n<p>A continuaci\u00f3n, debe visitar a su m\u00e9dico, no demore la b\u00fasqueda de atenci\u00f3n m\u00e9dica por m\u00e1s de 72 horas despu\u00e9s del accidente, es un requisito legal. A continuaci\u00f3n, mantenga un control sobre todos sus gastos y p\u00e9rdidas debido a este accidente, todos los recibos, facturas m\u00e9dicas, seguimiento de los salarios perdidos, y as\u00ed sucesivamente. Cualquier pasajero herido debe hacer lo mismo.<\/p>\r\n\r\n<p>&nbsp;<\/p>\r\n\r\n<p>Cuando presente una reclamaci\u00f3n por lesiones personales ante la compa\u00f1\u00eda de seguros del conductor culpable, usted podr\u00eda esperar una compensaci\u00f3n de entre $3,000 a $75,000 d\u00f3lares por casos promedio. Sin embargo, los casos graves pueden traerle una suma m\u00e1s grande. Sus abogados de lesiones personales luchar\u00e1n por su mejor inter\u00e9s en estos casos.<\/p>\r\n\r\n\r\n\r\n<p>Un abogado experimentado en <a class=\"rank-math-link\" href=\"https:\/\/calhounmeredith.com\/es\/abogado-de-lesiones-personales\/\">lesiones personales<\/a> de Texas pasar\u00e1 por un largo camino en este caso.\u00a0Los abogados generalmente resumen todas sus p\u00e9rdidas econ\u00f3micas y luego las multiplican con un n\u00famero de hasta cinco, dependiendo de la gravedad de los da\u00f1os que sufri\u00f3.\u00a0<\/p>\r\n\r\n\r\n\r\n<p>De esta manera, obtendr\u00e1 una compensaci\u00f3n justa. Si la aseguradora no responde positivamente, deje que su abogado se haga cargo y presente una demanda ante el tribunal.<\/p>\r\n\r\n\r\n\r\n<p><img decoding=\"async\" data-src=\"https:\/\/calhounmeredith.com\/wp-content\/uploads\/2024\/05\/houston-call-police-1.webp\" alt=\"hombre llamando a la polic\u00eda despu\u00e9s de un accidente\" width=\"600\" height=\"400\" src=\"data:image\/svg+xml;base64,PHN2ZyB3aWR0aD0iMSIgaGVpZ2h0PSIxIiB4bWxucz0iaHR0cDovL3d3dy53My5vcmcvMjAwMC9zdmciPjwvc3ZnPg==\" class=\"lazyload\" style=\"--smush-placeholder-width: 600px; --smush-placeholder-aspect-ratio: 600\/400;\" \/><\/p>\r\n\r\n\r\n\r\n<h2 class=\"wp-block-heading\"><strong>Calhoun Meredith est\u00e1 aqu\u00ed para ayudarle<\/strong><\/h2>\r\n\r\n\r\n\r\n<p>Nuestro equipo de abogados dedicados y profesionales de <a href=\"https:\/\/calhounmeredith.com\/es\/houston\/\" target=\"_blank\" rel=\"noopener\">Houston<\/a> en Calhoun Meredith estar\u00e1 m\u00e1s que dispuesto a ayudarle con su caso.. En el pasado, hemos ayudado a nuestros clientes a asegurar sus compensaciones leg\u00edtimas y haremos todo lo posible para ganar su reclamo de accidente de autob\u00fas.<\/p>\r\n\r\n\r\n\r\n<p>Llame al equipo de abogados de transporte p\u00fablico de Houston en<a class=\"rank-math-link\" href=\"\/es\/\"> Calhoun Meredith.<\/a> La consulta es gratuita, as\u00ed que no dude en llamar, \u00a1y no nos deber\u00e1 ni un centavo hasta que haya ganado su reclamaci\u00f3n!<\/p>\r\n","protected":false},"excerpt":{"rendered":"<p>El transporte p\u00fablico en Houston no solo es conveniente, sino que tambi\u00e9n ayuda a las personas a ahorrar significativamente. Tambi\u00e9n ayuda a reducir la huella &hellip; <\/p>\n<p class=\"link-more\"><a href=\"https:\/\/calhounmeredith.com\/es\/houston\/abogado-de-transporte-publico\/\" class=\"more-link\">Continuar leyendo<span class=\"screen-reader-text\"> &#8220;Abogado de transporte p\u00fablico en Houston&#8221;<\/span><\/a><\/p>\n","protected":false},"author":21,"featured_media":3284,"parent":526,"menu_order":0,"comment_status":"closed","ping_status":"closed","template":"","meta":{"_acf_changed":false,"footnotes":""},"class_list":["post-568","page","type-page","status-publish","has-post-thumbnail","hentry","entry"],"acf":[],"yoast_head":"<!-- This site is optimized with the Yoast SEO plugin v27.0 - https:\/\/yoast.com\/product\/yoast-seo-wordpress\/ -->\n<title>Abogado de transporte p\u00fablico en Houston<\/title>\n<meta name=\"description\" content=\"\u00bfLesionado en un transporte p\u00fablico? El equipo de abogados de transporte p\u00fablico de Houston en Calhoun Meredith est\u00e1 listo para ayudarlo.\" \/>\n<meta name=\"robots\" content=\"index, follow, max-snippet:-1, max-image-preview:large, max-video-preview:-1\" \/>\n<link rel=\"canonical\" href=\"https:\/\/calhounmeredith.com\/es\/houston\/abogado-de-transporte-publico\/\" \/>\n<meta property=\"og:locale\" content=\"es_MX\" \/>\n<meta property=\"og:type\" content=\"article\" \/>\n<meta property=\"og:title\" content=\"Abogado de transporte p\u00fablico en Houston\" \/>\n<meta property=\"og:description\" content=\"\u00bfLesionado en un transporte p\u00fablico? El equipo de abogados de transporte p\u00fablico de Houston en Calhoun Meredith est\u00e1 listo para ayudarlo.\" \/>\n<meta property=\"og:url\" content=\"https:\/\/calhounmeredith.com\/es\/houston\/abogado-de-transporte-publico\/\" \/>\n<meta property=\"og:site_name\" content=\"Calhoun Meredith\" \/>\n<meta property=\"article:publisher\" content=\"https:\/\/www.facebook.com\/calhounmeredithllc\" \/>\n<meta property=\"article:modified_time\" content=\"2025-08-06T09:54:52+00:00\" \/>\n<meta property=\"og:image\" content=\"https:\/\/calhounmeredith.com\/wp-content\/uploads\/2024\/05\/houston-public-transportation-lawyer.webp\" \/>\n\t<meta property=\"og:image:width\" content=\"1280\" \/>\n\t<meta property=\"og:image:height\" content=\"1000\" \/>\n\t<meta property=\"og:image:type\" content=\"image\/webp\" \/>\n<meta name=\"twitter:card\" content=\"summary_large_image\" \/>\n<meta name=\"twitter:label1\" content=\"Tiempo de lectura\" \/>\n\t<meta name=\"twitter:data1\" content=\"6 minutos\" \/>\n<!-- \/ Yoast SEO plugin. -->","yoast_head_json":{"title":"Abogado de transporte p\u00fablico en Houston","description":"\u00bfLesionado en un transporte p\u00fablico? El equipo de abogados de transporte p\u00fablico de Houston en Calhoun Meredith est\u00e1 listo para ayudarlo.","robots":{"index":"index","follow":"follow","max-snippet":"max-snippet:-1","max-image-preview":"max-image-preview:large","max-video-preview":"max-video-preview:-1"},"canonical":"https:\/\/calhounmeredith.com\/es\/houston\/abogado-de-transporte-publico\/","og_locale":"es_MX","og_type":"article","og_title":"Abogado de transporte p\u00fablico en Houston","og_description":"\u00bfLesionado en un transporte p\u00fablico? El equipo de abogados de transporte p\u00fablico de Houston en Calhoun Meredith est\u00e1 listo para ayudarlo.","og_url":"https:\/\/calhounmeredith.com\/es\/houston\/abogado-de-transporte-publico\/","og_site_name":"Calhoun Meredith","article_publisher":"https:\/\/www.facebook.com\/calhounmeredithllc","article_modified_time":"2025-08-06T09:54:52+00:00","og_image":[{"width":1280,"height":1000,"url":"https:\/\/calhounmeredith.com\/wp-content\/uploads\/2024\/05\/houston-public-transportation-lawyer.webp","type":"image\/webp"}],"twitter_card":"summary_large_image","twitter_misc":{"Tiempo de lectura":"6 minutos"},"schema":{"@context":"https:\/\/schema.org","@graph":[{"@type":"WebPage","@id":"https:\/\/calhounmeredith.com\/es\/houston\/abogado-de-transporte-publico\/","url":"https:\/\/calhounmeredith.com\/es\/houston\/abogado-de-transporte-publico\/","name":"Abogado de transporte p\u00fablico en Houston","isPartOf":{"@id":"https:\/\/calhounmeredith.com\/#website"},"primaryImageOfPage":{"@id":"https:\/\/calhounmeredith.com\/es\/houston\/abogado-de-transporte-publico\/#primaryimage"},"image":{"@id":"https:\/\/calhounmeredith.com\/es\/houston\/abogado-de-transporte-publico\/#primaryimage"},"thumbnailUrl":"https:\/\/calhounmeredith.com\/wp-content\/uploads\/2024\/05\/houston-public-transportation-lawyer.webp","datePublished":"2021-02-10T15:28:41+00:00","dateModified":"2025-08-06T09:54:52+00:00","description":"\u00bfLesionado en un transporte p\u00fablico? El equipo de abogados de transporte p\u00fablico de Houston en Calhoun Meredith est\u00e1 listo para ayudarlo.","breadcrumb":{"@id":"https:\/\/calhounmeredith.com\/es\/houston\/abogado-de-transporte-publico\/#breadcrumb"},"inLanguage":"es","potentialAction":[{"@type":"ReadAction","target":["https:\/\/calhounmeredith.com\/es\/houston\/abogado-de-transporte-publico\/"]}]},{"@type":"ImageObject","inLanguage":"es","@id":"https:\/\/calhounmeredith.com\/es\/houston\/abogado-de-transporte-publico\/#primaryimage","url":"https:\/\/calhounmeredith.com\/wp-content\/uploads\/2024\/05\/houston-public-transportation-lawyer.webp","contentUrl":"https:\/\/calhounmeredith.com\/wp-content\/uploads\/2024\/05\/houston-public-transportation-lawyer.webp","width":1280,"height":1000},{"@type":"BreadcrumbList","@id":"https:\/\/calhounmeredith.com\/es\/houston\/abogado-de-transporte-publico\/#breadcrumb","itemListElement":[{"@type":"ListItem","position":1,"name":"Home","item":"https:\/\/calhounmeredith.com\/es\/"},{"@type":"ListItem","position":2,"name":"Houston","item":"https:\/\/calhounmeredith.com\/es\/"},{"@type":"ListItem","position":3,"name":"Abogado de transporte p\u00fablico en Houston"}]},{"@type":"WebSite","@id":"https:\/\/calhounmeredith.com\/#website","url":"https:\/\/calhounmeredith.com\/","name":"Calhoun Meredith","description":"Houston Injury Law Firm","publisher":{"@id":"https:\/\/calhounmeredith.com\/#organization"},"potentialAction":[{"@type":"SearchAction","target":{"@type":"EntryPoint","urlTemplate":"https:\/\/calhounmeredith.com\/?s={search_term_string}"},"query-input":{"@type":"PropertyValueSpecification","valueRequired":true,"valueName":"search_term_string"}}],"inLanguage":"es"},{"@type":"Organization","@id":"https:\/\/calhounmeredith.com\/#organization","name":"Calhoun Meredith","url":"https:\/\/calhounmeredith.com\/","logo":{"@type":"ImageObject","inLanguage":"es","@id":"https:\/\/calhounmeredith.com\/#\/schema\/logo\/image\/","url":"https:\/\/calhounmeredith.com\/wp-content\/uploads\/2022\/04\/calhoun-meredith-new-logo01-colored.png","contentUrl":"https:\/\/calhounmeredith.com\/wp-content\/uploads\/2022\/04\/calhoun-meredith-new-logo01-colored.png","width":400,"height":200,"caption":"Calhoun Meredith"},"image":{"@id":"https:\/\/calhounmeredith.com\/#\/schema\/logo\/image\/"},"sameAs":["https:\/\/www.facebook.com\/calhounmeredithllc"]}]}},"_links":{"self":[{"href":"https:\/\/calhounmeredith.com\/es\/wp-json\/wp\/v2\/pages\/568","targetHints":{"allow":["GET"]}}],"collection":[{"href":"https:\/\/calhounmeredith.com\/es\/wp-json\/wp\/v2\/pages"}],"about":[{"href":"https:\/\/calhounmeredith.com\/es\/wp-json\/wp\/v2\/types\/page"}],"author":[{"embeddable":true,"href":"https:\/\/calhounmeredith.com\/es\/wp-json\/wp\/v2\/users\/21"}],"replies":[{"embeddable":true,"href":"https:\/\/calhounmeredith.com\/es\/wp-json\/wp\/v2\/comments?post=568"}],"version-history":[{"count":6,"href":"https:\/\/calhounmeredith.com\/es\/wp-json\/wp\/v2\/pages\/568\/revisions"}],"predecessor-version":[{"id":6198,"href":"https:\/\/calhounmeredith.com\/es\/wp-json\/wp\/v2\/pages\/568\/revisions\/6198"}],"up":[{"embeddable":true,"href":"https:\/\/calhounmeredith.com\/es\/wp-json\/wp\/v2\/pages\/526"}],"wp:featuredmedia":[{"embeddable":true,"href":"https:\/\/calhounmeredith.com\/es\/wp-json\/wp\/v2\/media\/3284"}],"wp:attachment":[{"href":"https:\/\/calhounmeredith.com\/es\/wp-json\/wp\/v2\/media?parent=568"}],"curies":[{"name":"wp","href":"https:\/\/api.w.org\/{rel}","templated":true}]}}