{"id":566,"date":"2021-02-04T13:23:13","date_gmt":"2021-02-04T18:23:13","guid":{"rendered":"http:\/\/localhost:10028\/houston\/premises-liability-lawyer\/"},"modified":"2025-07-11T15:27:48","modified_gmt":"2025-07-11T15:27:48","slug":"abogado-de-responsabilidad-de-locales","status":"publish","type":"page","link":"https:\/\/calhounmeredith.com\/es\/abogado-de-responsabilidad-de-locales\/","title":{"rendered":"Abogado de responsabilidad de locales en Houston"},"content":{"rendered":"\r\n<h2 class=\"wp-block-heading\"><strong>Ayuda legal efectiva despu\u00e9s de una lesi\u00f3n en la propiedad de otra persona<\/strong><\/h2>\r\n\r\n\r\n\r\n<p>Si se cay\u00f3 por una escalera en un complejo de apartamentos, se desliz\u00f3 en un piso mojado en una tienda de comestibles, se tropez\u00f3 en una banqueta rota afuera de un edificio de oficinas o sufri\u00f3 cualquier otra lesi\u00f3n en una propiedad, usted podr\u00eda cobrar una compensaci\u00f3n a trav\u00e9s de una demanda o una reclamaci\u00f3n de responsabilidad del local.\u00a0<\/p>\r\n\r\n\r\n\r\n<p>Calhoun Meredith, en Houston ofrecen consultas iniciales gratuitas para todos los casos de lesiones personales. Estamos disponibles para evaluar su historia y guiarlo al siguiente paso hacia la obtenci\u00f3n de la ayuda legal y financiera que necesita.<\/p>\r\n\r\n\r\n\r\n\r\n\r\n<h2 class=\"wp-block-heading\"><strong>Un caso de responsabilidad local puede llevarle a restaurar una esperanza<\/strong><\/h2>\r\n\r\n\r\n\r\n<p>Es posible que haya sido hospitalizado. Puede que est\u00e9 lidiando con el dolor. Es posible que haya perdido su trabajo durante un per\u00edodo prolongado de tiempo. Sin importar cuales hayan sido las dificultades que se hayan provocado a trav\u00e9s de su accidente de deslizamiento y ca\u00edda u otra lesi\u00f3n peligrosa en las instalaciones, tenga la seguridad de que nosotros lo respaldamos. Nuestros abogados de responsabilidad de local est\u00e1n aqu\u00ed para ayudarle a obtener el apoyo que necesita despu\u00e9s de una lesi\u00f3n, incluyendo:<\/p>\r\n\r\n\r\n\r\n<ul class=\"wp-block-list\">\r\n<li>Acceso a tratamientos m\u00e9dicos incluso si no tiene seguro\u00a0<\/li>\r\n<li>Compensaci\u00f3n por facturas m\u00e9dicas y costos relacionados a la terapia, rehabilitaci\u00f3n y adaptaciones para discapacidades, ya sean temporales o permanentes\u00a0<\/li>\r\n<li>Sustituci\u00f3n de salarios perdidos\u00a0<\/li>\r\n<li>Reconocimiento de su dolor y sufrimiento<\/li>\r\n<\/ul>\r\n\r\n\r\n\r\n<p>Tal vez perdi\u00f3 a un ser querido en un incidente fatal en un centro comercial. Podemos representarlo en una reclamaci\u00f3n por muerte injusta asociada con la responsabilidad de las instalaciones.\u00a0<\/p>\r\n\r\n\r\n\r\n<p>Sea cual sea la lesi\u00f3n y sus p\u00e9rdidas, nuestro bufete de abogados de Houston est\u00e1 aqu\u00ed para ayudarle. Las consultas iniciales son gratuitas. Si lo representamos, lo haremos de manera de contingencia. Esto significa que los honorarios de los abogados ser\u00e1n parte de un acuerdo final o pago del veredicto. Usted no tendr\u00e1 que preocuparse por pagarnos mientras trabajamos en su caso.<\/p>\r\n\r\n\r\n\r\n<h2 class=\"wp-block-heading\"><strong>El prop\u00f3sito de nuestro bufete de abogados es apoyar a los clientes que enfrentan desaf\u00edos legales<\/strong><\/h2>\r\n\r\n\r\n\r\n<p>La innovaci\u00f3n est\u00e1 en el coraz\u00f3n de nuestra pr\u00e1ctica legal. Puede contar con nosotros para persistir y perseverar en su nombre si es cliente de<a class=\"rank-math-link\" href=\"\/es\/\"> Calhoun Meredith<\/a>, PLLC. Nuestro bufete de abogados de Houston se encarga de una variedad de asuntos legales, incluyendo la responsabilidad de los locales. Nuestros abogados trabajadores tienen como objetivo obtener resultados que superen las expectativas de nuestros clientes.<\/p>\r\n\r\n\r\n\r\n<p>P\u00f3ngase en contacto con nosotros para obtener la m\u00e1xima compensaci\u00f3n despu\u00e9s de sufrir una fractura de hueso, lesi\u00f3n por quemaduras, lesi\u00f3n en la cabeza o lesi\u00f3n en la m\u00e9dula espinal que ocurren en instalaciones peligrosas.\u00a0<\/p>\r\n\r\n\r\n\r\n<p>Ll\u00e1menos o p\u00f3ngase en contacto con nosotros en l\u00ednea para empezar a buscar la compensaci\u00f3n que necesita.<\/p>\r\n","protected":false},"excerpt":{"rendered":"<p>Ayuda legal efectiva despu\u00e9s de una lesi\u00f3n en la propiedad de otra persona Si se cay\u00f3 por una escalera en un complejo de apartamentos, se &hellip; <\/p>\n<p class=\"link-more\"><a href=\"https:\/\/calhounmeredith.com\/es\/abogado-de-responsabilidad-de-locales\/\" class=\"more-link\">Continuar leyendo<span class=\"screen-reader-text\"> &#8220;Abogado de responsabilidad de locales en Houston&#8221;<\/span><\/a><\/p>\n","protected":false},"author":21,"featured_media":3708,"parent":0,"menu_order":0,"comment_status":"closed","ping_status":"closed","template":"","meta":{"_acf_changed":false,"footnotes":""},"class_list":["post-566","page","type-page","status-publish","has-post-thumbnail","hentry","entry"],"acf":[],"yoast_head":"<!-- This site is optimized with the Yoast SEO plugin v27.0 - https:\/\/yoast.com\/product\/yoast-seo-wordpress\/ -->\n<title>Abogado de responsabilidad de locales en Houston<\/title>\n<meta name=\"description\" content=\"Si necesita asistencia legal, no busque m\u00e1s, p\u00f3ngase en contacto con Calhoun Meredith para su consulta.\" \/>\n<meta name=\"robots\" content=\"index, follow, max-snippet:-1, max-image-preview:large, max-video-preview:-1\" \/>\n<link rel=\"canonical\" href=\"https:\/\/calhounmeredith.com\/es\/abogado-de-responsabilidad-de-locales\/\" \/>\n<meta property=\"og:locale\" content=\"es_MX\" \/>\n<meta property=\"og:type\" content=\"article\" \/>\n<meta property=\"og:title\" content=\"Abogado de responsabilidad de locales en Houston\" \/>\n<meta property=\"og:description\" content=\"Si necesita asistencia legal, no busque m\u00e1s, p\u00f3ngase en contacto con Calhoun Meredith para su consulta.\" \/>\n<meta property=\"og:url\" content=\"https:\/\/calhounmeredith.com\/es\/abogado-de-responsabilidad-de-locales\/\" \/>\n<meta property=\"og:site_name\" content=\"Calhoun Meredith\" \/>\n<meta property=\"article:publisher\" content=\"https:\/\/www.facebook.com\/calhounmeredithllc\" \/>\n<meta property=\"article:modified_time\" content=\"2025-07-11T15:27:48+00:00\" \/>\n<meta property=\"og:image\" content=\"https:\/\/calhounmeredith.com\/wp-content\/uploads\/2024\/05\/Premises-Liability.webp\" \/>\n\t<meta property=\"og:image:width\" content=\"1230\" \/>\n\t<meta property=\"og:image:height\" content=\"820\" \/>\n\t<meta property=\"og:image:type\" content=\"image\/webp\" \/>\n<meta name=\"twitter:card\" content=\"summary_large_image\" \/>\n<meta name=\"twitter:label1\" content=\"Tiempo de lectura\" \/>\n\t<meta name=\"twitter:data1\" content=\"3 minutos\" \/>\n<!-- \/ Yoast SEO plugin. -->","yoast_head_json":{"title":"Abogado de responsabilidad de locales en Houston","description":"Si necesita asistencia legal, no busque m\u00e1s, p\u00f3ngase en contacto con Calhoun Meredith para su consulta.","robots":{"index":"index","follow":"follow","max-snippet":"max-snippet:-1","max-image-preview":"max-image-preview:large","max-video-preview":"max-video-preview:-1"},"canonical":"https:\/\/calhounmeredith.com\/es\/abogado-de-responsabilidad-de-locales\/","og_locale":"es_MX","og_type":"article","og_title":"Abogado de responsabilidad de locales en Houston","og_description":"Si necesita asistencia legal, no busque m\u00e1s, p\u00f3ngase en contacto con Calhoun Meredith para su consulta.","og_url":"https:\/\/calhounmeredith.com\/es\/abogado-de-responsabilidad-de-locales\/","og_site_name":"Calhoun Meredith","article_publisher":"https:\/\/www.facebook.com\/calhounmeredithllc","article_modified_time":"2025-07-11T15:27:48+00:00","og_image":[{"width":1230,"height":820,"url":"https:\/\/calhounmeredith.com\/wp-content\/uploads\/2024\/05\/Premises-Liability.webp","type":"image\/webp"}],"twitter_card":"summary_large_image","twitter_misc":{"Tiempo de lectura":"3 minutos"},"schema":{"@context":"https:\/\/schema.org","@graph":[{"@type":"WebPage","@id":"https:\/\/calhounmeredith.com\/es\/abogado-de-responsabilidad-de-locales\/","url":"https:\/\/calhounmeredith.com\/es\/abogado-de-responsabilidad-de-locales\/","name":"Abogado de responsabilidad de locales en Houston","isPartOf":{"@id":"https:\/\/calhounmeredith.com\/#website"},"primaryImageOfPage":{"@id":"https:\/\/calhounmeredith.com\/es\/abogado-de-responsabilidad-de-locales\/#primaryimage"},"image":{"@id":"https:\/\/calhounmeredith.com\/es\/abogado-de-responsabilidad-de-locales\/#primaryimage"},"thumbnailUrl":"https:\/\/calhounmeredith.com\/wp-content\/uploads\/2024\/05\/Premises-Liability.webp","datePublished":"2021-02-04T18:23:13+00:00","dateModified":"2025-07-11T15:27:48+00:00","description":"Si necesita asistencia legal, no busque m\u00e1s, p\u00f3ngase en contacto con Calhoun Meredith para su consulta.","breadcrumb":{"@id":"https:\/\/calhounmeredith.com\/es\/abogado-de-responsabilidad-de-locales\/#breadcrumb"},"inLanguage":"es","potentialAction":[{"@type":"ReadAction","target":["https:\/\/calhounmeredith.com\/es\/abogado-de-responsabilidad-de-locales\/"]}]},{"@type":"ImageObject","inLanguage":"es","@id":"https:\/\/calhounmeredith.com\/es\/abogado-de-responsabilidad-de-locales\/#primaryimage","url":"https:\/\/calhounmeredith.com\/wp-content\/uploads\/2024\/05\/Premises-Liability.webp","contentUrl":"https:\/\/calhounmeredith.com\/wp-content\/uploads\/2024\/05\/Premises-Liability.webp","width":1230,"height":820},{"@type":"BreadcrumbList","@id":"https:\/\/calhounmeredith.com\/es\/abogado-de-responsabilidad-de-locales\/#breadcrumb","itemListElement":[{"@type":"ListItem","position":1,"name":"Home","item":"https:\/\/calhounmeredith.com\/es\/"},{"@type":"ListItem","position":2,"name":"Houston","item":"https:\/\/calhounmeredith.com\/es\/"},{"@type":"ListItem","position":3,"name":"Abogado de responsabilidad de locales en Houston"}]},{"@type":"WebSite","@id":"https:\/\/calhounmeredith.com\/#website","url":"https:\/\/calhounmeredith.com\/","name":"Calhoun Meredith","description":"Houston Injury Law Firm","publisher":{"@id":"https:\/\/calhounmeredith.com\/#organization"},"potentialAction":[{"@type":"SearchAction","target":{"@type":"EntryPoint","urlTemplate":"https:\/\/calhounmeredith.com\/?s={search_term_string}"},"query-input":{"@type":"PropertyValueSpecification","valueRequired":true,"valueName":"search_term_string"}}],"inLanguage":"es"},{"@type":"Organization","@id":"https:\/\/calhounmeredith.com\/#organization","name":"Calhoun Meredith","url":"https:\/\/calhounmeredith.com\/","logo":{"@type":"ImageObject","inLanguage":"es","@id":"https:\/\/calhounmeredith.com\/#\/schema\/logo\/image\/","url":"https:\/\/calhounmeredith.com\/wp-content\/uploads\/2022\/04\/calhoun-meredith-new-logo01-colored.png","contentUrl":"https:\/\/calhounmeredith.com\/wp-content\/uploads\/2022\/04\/calhoun-meredith-new-logo01-colored.png","width":400,"height":200,"caption":"Calhoun Meredith"},"image":{"@id":"https:\/\/calhounmeredith.com\/#\/schema\/logo\/image\/"},"sameAs":["https:\/\/www.facebook.com\/calhounmeredithllc"]}]}},"_links":{"self":[{"href":"https:\/\/calhounmeredith.com\/es\/wp-json\/wp\/v2\/pages\/566","targetHints":{"allow":["GET"]}}],"collection":[{"href":"https:\/\/calhounmeredith.com\/es\/wp-json\/wp\/v2\/pages"}],"about":[{"href":"https:\/\/calhounmeredith.com\/es\/wp-json\/wp\/v2\/types\/page"}],"author":[{"embeddable":true,"href":"https:\/\/calhounmeredith.com\/es\/wp-json\/wp\/v2\/users\/21"}],"replies":[{"embeddable":true,"href":"https:\/\/calhounmeredith.com\/es\/wp-json\/wp\/v2\/comments?post=566"}],"version-history":[{"count":2,"href":"https:\/\/calhounmeredith.com\/es\/wp-json\/wp\/v2\/pages\/566\/revisions"}],"predecessor-version":[{"id":6096,"href":"https:\/\/calhounmeredith.com\/es\/wp-json\/wp\/v2\/pages\/566\/revisions\/6096"}],"wp:featuredmedia":[{"embeddable":true,"href":"https:\/\/calhounmeredith.com\/es\/wp-json\/wp\/v2\/media\/3708"}],"wp:attachment":[{"href":"https:\/\/calhounmeredith.com\/es\/wp-json\/wp\/v2\/media?parent=566"}],"curies":[{"name":"wp","href":"https:\/\/api.w.org\/{rel}","templated":true}]}}