{"id":564,"date":"2021-02-02T20:20:34","date_gmt":"2021-02-03T01:20:34","guid":{"rendered":"http:\/\/localhost:10028\/houston\/personal-injury-lawyer\/"},"modified":"2025-07-11T15:28:41","modified_gmt":"2025-07-11T15:28:41","slug":"abogado-de-lesiones-personales","status":"publish","type":"page","link":"https:\/\/calhounmeredith.com\/es\/houston\/abogado-de-lesiones-personales\/","title":{"rendered":"Abogado de lesiones personales en Houston"},"content":{"rendered":"\r\n<p>Miles de personas en Houston Texas, sufren de lesiones personales por varios accidentes. Si ha estado en un accidente en el que sufri\u00f3 lesiones, puede presentar una reclamaci\u00f3n de compensaci\u00f3n contra la parte culpable. Lo mejor ser\u00eda llamar a las oficinas legales de Calhoun Meredith para representarle y conseguirle un acuerdo justo para sus heridas. \u00a1Nuestros <a href=\"https:\/\/calhounmeredith.com\/es\/abogado-de-lesiones-personales\/\" target=\"_blank\" rel=\"noopener\">abogados de lesiones personales<\/a> de Houston ya est\u00e1n disponibles.!<\/p>\r\n\r\n\r\n\r\n\r\n\r\n<h2 class=\"wp-block-heading\"><strong>\u00bfQu\u00e9 es una lesi\u00f3n personal?<\/strong><\/h2>\r\n\r\n\r\n\r\n<p>Si usted ha tenido un <a href=\"https:\/\/calhounmeredith.com\/es\/que-pasa-si-mi-conductor-de-uber-sufre-un-accidente-automovilistico\/\">accidente automovil\u00edstico y ha sufrido<\/a> una lesi\u00f3n, debe entender el campo de lesiones personales. Entender este concepto le ayudar\u00e1 a presentar su caso y la elecci\u00f3n de abogados que necesita.<\/p>\r\n\r\n\r\n\r\n<p>Una lesi\u00f3n personal se refiere al da\u00f1o causado por las acciones de alguien al cuerpo, la mente o las emociones de otra persona y puede conducir a la p\u00e9rdida de vidas. Esto es contrario a cualquier <a class=\"rank-math-link\" href=\"https:\/\/es.wikipedia.org\/wiki\/Delito_de_da%C3%B1os\" rel=\"nofollow\" >da\u00f1o a la propiedad<\/a> personal en el mismo accidente. Las reclamaciones por lesiones personales son reclamos presentados para recuperar la compensaci\u00f3n por las lesiones emocionales de un accidente.<\/p>\r\n\r\n\r\n\r\n<p>El demandante es la parte herida. Por otro lado, el acusado suele ser la persona que caus\u00f3 la lesi\u00f3n. Si el accidente resultara en la <a class=\"rank-math-link\" href=\"https:\/\/calhounmeredith.com\/es\/abogado-de-muerte-injusta\/\">muerte injusta<\/a> de una persona, los demandantes ser\u00edan los representantes de la propiedad del fallecido.\u00a0 Por lo anterior, est\u00e1 claro que las personas sufren lesiones personales de:<\/p>\r\n\r\n\r\n\r\n<ul class=\"wp-block-list\">\r\n<li><a class=\"rank-math-link\" href=\"https:\/\/calhounmeredith.com\/es\/abogado-de-accidentes-de-auto\/\">Accidentes automovil\u00edsticos<\/a>, de camiones y de autobuses\u00a0\u00a0<\/li>\r\n<li>Resbalones y ca\u00eddas (responsabilidad de los locales)\u00a0<\/li>\r\n<li>Negligencia m\u00e9dica\u00a0<\/li>\r\n<li>Accidentes de construcci\u00f3n\u00a0<\/li>\r\n<li>Accidentes en el lugar de trabajo\u00a0<\/li>\r\n<li>Productos defectuosos\u00a0<\/li>\r\n<\/ul>\r\n\r\n\r\n\r\n<p><img decoding=\"async\" data-src=\"https:\/\/calhounmeredith.com\/wp-content\/uploads\/2024\/05\/houston-personal-injury-lawyer-2.webp\" alt=\"Una se\u00f1ora sostiene su cuello con dolor despu\u00e9s de un accidente automovil\u00edstico\" width=\"600\" height=\"400\" src=\"data:image\/svg+xml;base64,PHN2ZyB3aWR0aD0iMSIgaGVpZ2h0PSIxIiB4bWxucz0iaHR0cDovL3d3dy53My5vcmcvMjAwMC9zdmciPjwvc3ZnPg==\" class=\"lazyload\" style=\"--smush-placeholder-width: 600px; --smush-placeholder-aspect-ratio: 600\/400;\" \/><\/p>\r\n\r\n\r\n\r\n<p>Claramente, los <a href=\"https:\/\/calhounmeredith.com\/es\/causas-de-accidentes-de-camiones\/\" target=\"_blank\" rel=\"noopener\">accidentes de cualquier forma son las principales causas<\/a> de lesiones personales en Texas.\u00a0<\/p>\r\n\r\n\r\n\r\n<h2 class=\"wp-block-heading\"><strong>\u00bfQu\u00e9 es un acuerdo justo?<\/strong><\/h2>\r\n\r\n\r\n\r\n<p>Despu\u00e9s de un accidente, los da\u00f1os directos que los clientes quieren recuperar son los gastos m\u00e9dicos, porque deben haber gastado su dinero tratando sus heridas. Sin embargo, las facturas de tratamiento m\u00e9dico no son la \u00fanica compensaci\u00f3n financiera que pueden recuperar.\u00a0<\/p>\r\n\r\n\r\n\r\n<h2 class=\"wp-block-heading\">Aparte de las facturas m\u00e9dicas, los demandantes de lesiones personales tambi\u00e9n pueden recuperar:<\/h2>\r\n\r\n\r\n\r\n<ul class=\"wp-block-list\">\r\n<li>P\u00e9rdida de ganancias\u00a0\u00a0<\/li>\r\n<li>Dolor y sufrimiento\u00a0<\/li>\r\n<li>Honorarios legales\u00a0<\/li>\r\n<li>Costo del equipo m\u00e9dico\u00a0<\/li>\r\n<li>Da\u00f1os por discapacidad\u00a0<\/li>\r\n<li>P\u00e9rdida de capacidad adquisitiva<\/li>\r\n<\/ul>\r\n\r\n\r\n\r\n<p>El objetivo de los da\u00f1os personales es la indemnizaci\u00f3n, pero tambi\u00e9n pueden ser punitivos. En el juicio, un juez puede otorgar da\u00f1os punitivos cuando la conducta de la otra parte fue tan espantosa y merecedora de un castigo.<\/p>\r\n\r\n\r\n\r\n<p>En el camino hacia la compensaci\u00f3n, las v\u00edctimas pueden presentar una demanda <a href=\"https:\/\/calhounmeredith.com\/es\/como-maximizar-su-acuerdo-por-lesiones\/\" target=\"_blank\" rel=\"noopener\">por lesiones personales o negociar un acuerdo<\/a> por estas.. La mayor\u00eda de las v\u00edctimas de lesiones personales estadounidenses resuelven sus reclamos sin pasar por un juicio. Los bufetes de abogados aconsejan que el pago es una excelente opci\u00f3n para un demandante lesionado porque puede escapar de las molestias y la incertidumbre de los litigios.<\/p>\r\n\r\n\r\n\r\n<p>No todas las ofertas hechas por una parte responsable son un acuerdo razonable. Una compensaci\u00f3n justa ser\u00eda una que cubra la mayor parte o la totalidad de su tratamiento m\u00e9dico y otras p\u00e9rdidas en las que haya incurrido por el accidente. Para reclamos de muerte injusta, debe cubrir los gastos funerarios.<\/p>\r\n\r\n\r\n\r\n<p>En algunos casos raros donde una compa\u00f1\u00eda de seguros hace una oferta justa por sus lesiones, ser\u00eda mejor contrarrestar con una cantidad razonable tambi\u00e9n. De esta manera, la otra parte entiende que usted est\u00e1 tratando de compensar sus lesiones y no hacerse rico. Por \u00faltimo, con la ayuda de un bufete de abogados de lesiones, puede obtener ayuda y orientaci\u00f3n para obtener una compensaci\u00f3n por su caso.<\/p>\r\n\r\n\r\n\r\n<h2 class=\"wp-block-heading\"><strong>\u00bfVale la pena conseguir un abogado?<\/strong><\/h2>\r\n\r\n\r\n\r\n<p><a href=\"https:\/\/calhounmeredith.com\/houston-car-accident-lawyer\/common-injuries\/\" target=\"_blank\" rel=\"noopener\">Los clientes de lesiones<\/a> personales a menudo se preguntan si contratar a un abogado vale la pena su tiempo y dinero.. El alto costo de conseguir un abogado y su mala reputaci\u00f3n a menudo empeora este dilema. Sin embargo, lo mejor es contratar a un abogado de lesiones personales de Houston ya que usted carece de experiencia legal..<\/p>\r\n\r\n\r\n\r\n<p>De hecho, una persona tiene derecho a presentar una demanda o iniciar negociaciones de un acuerdo sin un abogado; sin embargo, este es un movimiento poco recomendado. El proceso de reclamaciones por lesiones personales es t\u00e9cnico, y requiere de recursos espec\u00edficos especialmente de la experiencia y la especialidad de un abogado.\u00a0<\/p>\r\n\r\n\r\n\r\n<h2 class=\"wp-block-heading\">A continuaci\u00f3n, se presentan tres casos en los que ser\u00eda mejor tener a un profesional de lesiones personales de Houston:<\/h2>\r\n\r\n\r\n\r\n<ul class=\"wp-block-list\">\r\n<li><strong>Est\u00e1 pidiendo una gran suma de dinero:<\/strong> Si est\u00e1 pidiendo m\u00e1s de un par de miles de d\u00f3lares, le ayudar\u00e1 tener un abogado. Por un lado, es poco probable que un ajustador de seguros lo tome en serio si usted pide sumas tan grandes sin un abogado presente. Entonces, emplear\u00e1n todas las formas de t\u00e1cticas para asegurarse de que se vaya con menos dinero del que se merece, o con nada en lo absoluto.\u00a0\u00a0<\/li>\r\n<li><strong>La falla est\u00e1 en cuesti\u00f3n:<\/strong> Donde la parte culpable niega ser la causa del accidente y sus lesiones, ayudar\u00eda si tuviera un abogado. Excelentes abogados de Houston pueden elaborar su argumento inteligentemente y presentar evidencia para absolverle de la culpa y probar la responsabilidad de la otra parte. Esto es importante si su caso involucra a m\u00faltiples partes negligentes.\u00a0<\/li>\r\n<li><strong>Usted sufre una lesi\u00f3n grave:<\/strong> Su tipo de lesi\u00f3n es un indicador significativo de si debe contratar a un abogado. Si sufre una lesi\u00f3n catastr\u00f3fica, necesitar\u00e1 recuperar gastos m\u00e9dicos pasados, presentes y futuros. Por lo tanto, necesita un abogado para probar que la parte culpable viol\u00f3 su deber de cuidado hacia usted para que pueda recuperar da\u00f1os financieros por su atenci\u00f3n m\u00e9dica.<\/li>\r\n<\/ul>\r\n\r\n\r\n\r\n<h2 class=\"wp-block-heading\"><strong>\u00bfPuede un abogado de lesiones personales abandonar su caso?<\/strong><\/h2>\r\n\r\n\r\n\r\n<p>S\u00ed, su abogado de <a href=\"https:\/\/calhounmeredith.com\/es\/cuales-son-los-tipos-de-casos-de-lesiones-personales\/\" target=\"_blank\" rel=\"noopener\">lesiones personales de Houston puede retirar su caso<\/a> despu\u00e9s de alg\u00fan tiempo.. Aunque la ley de Texas requiere que los abogados representen a sus clientes hasta la conclusi\u00f3n de la demanda, en la pr\u00e1ctica legal, un abogado puede retirarse de su caso.<\/p>\r\n\r\n\r\n\r\n<p>Sin embargo, hay pasos que el abogado debe tomar. En primer lugar, tendr\u00e1 que informarle a usted y al tribunal de su decisi\u00f3n de retirarse. Adem\u00e1s, el proceso legal requiere que entreguen todos los datos que tienen sobre su caso.\u00a0<\/p>\r\n\r\n\r\n\r\n<p>Un abogado que se retira de su caso puede afectarlo negativamente. Por lo tanto, debe haber una buena raz\u00f3n para tal retiro. A continuaci\u00f3n, se presentan algunos casos en los que los <a href=\"https:\/\/calhounmeredith.com\/es\/houston\/abogado-de-transporte-publico\/\" target=\"_blank\" rel=\"noopener\">abogados de lesiones personales de Houston<\/a> pueden dejar su caso.\u00a0<\/p>\r\n\r\n\r\n\r\n<p><img decoding=\"async\" data-src=\"https:\/\/calhounmeredith.com\/wp-content\/uploads\/2024\/05\/houston-personal-injury-lawyer-1-1.webp\" alt=\"Un hombre sufre una lesi\u00f3n en Texas\" width=\"600\" height=\"400\" src=\"data:image\/svg+xml;base64,PHN2ZyB3aWR0aD0iMSIgaGVpZ2h0PSIxIiB4bWxucz0iaHR0cDovL3d3dy53My5vcmcvMjAwMC9zdmciPjwvc3ZnPg==\" class=\"lazyload\" style=\"--smush-placeholder-width: 600px; --smush-placeholder-aspect-ratio: 600\/400;\" \/><\/p>\r\n\r\n\r\n\r\n<h2 class=\"wp-block-heading\">Conflicto de intereses<\/h2>\r\n\r\n\r\n\r\n<p>Su inter\u00e9s y el de su abogado pueden entrar en conflicto en alg\u00fan momento. En tal caso, la \u00e9tica profesi\u00f3n legal manda que el abogado entregue su caso. Un conflicto de intereses podr\u00eda ser financiero, o que el demandado en su caso era un antiguo cliente de su abogado. Su abogado tambi\u00e9n se retirar\u00e1 obligatoriamente si se convierten en un testigo crucial en el caso.<\/p>\r\n\r\n\r\n\r\n<h3 class=\"wp-block-heading\">Usted ha participado en actividades criminales\u00a0\u00a0\u00a0\u00a0<\/h3>\r\n\r\n\r\n\r\n<p>La ley requiere que su abogado lo defienda lo mejor que pueda. Sin embargo, su abogado no debe participar en ninguna actividad criminal mientras est\u00e9 en su defensa. Si tambi\u00e9n comete un delito o persiste en uno, su abogado puede retirarse del caso.<\/p>\r\n\r\n\r\n\r\n<h3 class=\"wp-block-heading\">Retuvo informaci\u00f3n cr\u00edtica de su abogado\u00a0<\/h3>\r\n\r\n\r\n\r\n<p>Ser\u00eda mejor que nunca le mintiera a su abogado. Tambi\u00e9n ayudar\u00eda decirle todo lo que necesita saber sobre su caso. La otra parte podr\u00eda sorprenderlo con datos que no tiene. Si retiene informaci\u00f3n o evidencia confidencial de un abogado, puede retirar su caso.<\/p>\r\n\r\n\r\n\r\n<p>Hay otras razones por las que un abogado retirar\u00eda su caso. Podr\u00eda ser que:\u00a0<\/p>\r\n\r\n\r\n\r\n<ul class=\"wp-block-list\">\r\n<li>El caso requiere de mucho tiempo.\u00a0<\/li>\r\n<li>El abogado ya no ve la posibilidad de \u00e9xito.\u00a0<\/li>\r\n<li>El acusado puede no poder pagar incluso si usted gana.\u00a0<\/li>\r\n<li>El caso es demasiado costoso, especialmente si es sobre una base de honorarios de contingencia.\u00a0<\/li>\r\n<li>Usted viol\u00f3 el contrato de representaci\u00f3n legal.<\/li>\r\n<\/ul>\r\n\r\n\r\n\r\n<h2 class=\"wp-block-heading\"><strong>Los mejores abogados de lesiones personales de Houston pueden representarle<\/strong><\/h2>\r\n\r\n\r\n\r\n<p>Incluso si su abogado retira su caso, muchas otras firmas de lesiones personales de <a href=\"https:\/\/calhounmeredith.com\/es\/a-quien-puedo-demandar-despues-de-un-accidente-de-camion\/\">Texas todav\u00eda pueden<\/a> tomar el caso si tiene m\u00e9rito. En <a class=\"rank-math-link\" href=\"\/es\/\">Calhoun Meredith, <\/a>nuestro equipo legal tiene una excelente trayectoria y la experiencia requerida para ganar cualquier reclamo de lesiones personales. Si usted tiene una reclamaci\u00f3n de lesiones personales de Houston que desee ganar, ll\u00e1menos hoy para una consulta y su representaci\u00f3n.<\/p>\r\n","protected":false},"excerpt":{"rendered":"<p>Miles de personas en Houston Texas, sufren de lesiones personales por varios accidentes. Si ha estado en un accidente en el que sufri\u00f3 lesiones, puede &hellip; <\/p>\n<p class=\"link-more\"><a href=\"https:\/\/calhounmeredith.com\/es\/houston\/abogado-de-lesiones-personales\/\" class=\"more-link\">Continuar leyendo<span class=\"screen-reader-text\"> &#8220;Abogado de lesiones personales en Houston&#8221;<\/span><\/a><\/p>\n","protected":false},"author":21,"featured_media":3634,"parent":526,"menu_order":0,"comment_status":"closed","ping_status":"closed","template":"","meta":{"_acf_changed":false,"footnotes":""},"class_list":["post-564","page","type-page","status-publish","has-post-thumbnail","hentry","entry"],"acf":[],"yoast_head":"<!-- This site is optimized with the Yoast SEO plugin v27.0 - https:\/\/yoast.com\/product\/yoast-seo-wordpress\/ -->\n<title>Abogado de lesiones personales en Houston | Consulta Gratis<\/title>\n<meta name=\"description\" content=\"Si ha resultado lesionado, comun\u00edquese hoy mismo con un abogado de lesiones personales de Houston en Calhoun, Meredith, Sims.\" \/>\n<meta name=\"robots\" content=\"index, follow, max-snippet:-1, max-image-preview:large, max-video-preview:-1\" \/>\n<link rel=\"canonical\" href=\"https:\/\/calhounmeredith.com\/es\/houston\/abogado-de-lesiones-personales\/\" \/>\n<meta property=\"og:locale\" content=\"es_MX\" \/>\n<meta property=\"og:type\" content=\"article\" \/>\n<meta property=\"og:title\" content=\"Abogado de lesiones personales en Houston | Consulta Gratis\" \/>\n<meta property=\"og:description\" content=\"Si ha resultado lesionado, comun\u00edquese hoy mismo con un abogado de lesiones personales de Houston en Calhoun, Meredith, Sims.\" \/>\n<meta property=\"og:url\" content=\"https:\/\/calhounmeredith.com\/es\/houston\/abogado-de-lesiones-personales\/\" \/>\n<meta property=\"og:site_name\" content=\"Calhoun Meredith\" \/>\n<meta property=\"article:publisher\" content=\"https:\/\/www.facebook.com\/calhounmeredithllc\" \/>\n<meta property=\"article:modified_time\" content=\"2025-07-11T15:28:41+00:00\" \/>\n<meta property=\"og:image\" content=\"https:\/\/calhounmeredith.com\/wp-content\/uploads\/2024\/05\/houston-personal-injury-lawyer-featured-1.webp\" \/>\n\t<meta property=\"og:image:width\" content=\"1280\" \/>\n\t<meta property=\"og:image:height\" content=\"1000\" \/>\n\t<meta property=\"og:image:type\" content=\"image\/webp\" \/>\n<meta name=\"twitter:card\" content=\"summary_large_image\" \/>\n<meta name=\"twitter:label1\" content=\"Tiempo de lectura\" \/>\n\t<meta name=\"twitter:data1\" content=\"7 minutos\" \/>\n<!-- \/ Yoast SEO plugin. -->","yoast_head_json":{"title":"Abogado de lesiones personales en Houston | Consulta Gratis","description":"Si ha resultado lesionado, comun\u00edquese hoy mismo con un abogado de lesiones personales de Houston en Calhoun, Meredith, Sims.","robots":{"index":"index","follow":"follow","max-snippet":"max-snippet:-1","max-image-preview":"max-image-preview:large","max-video-preview":"max-video-preview:-1"},"canonical":"https:\/\/calhounmeredith.com\/es\/houston\/abogado-de-lesiones-personales\/","og_locale":"es_MX","og_type":"article","og_title":"Abogado de lesiones personales en Houston | Consulta Gratis","og_description":"Si ha resultado lesionado, comun\u00edquese hoy mismo con un abogado de lesiones personales de Houston en Calhoun, Meredith, Sims.","og_url":"https:\/\/calhounmeredith.com\/es\/houston\/abogado-de-lesiones-personales\/","og_site_name":"Calhoun Meredith","article_publisher":"https:\/\/www.facebook.com\/calhounmeredithllc","article_modified_time":"2025-07-11T15:28:41+00:00","og_image":[{"width":1280,"height":1000,"url":"https:\/\/calhounmeredith.com\/wp-content\/uploads\/2024\/05\/houston-personal-injury-lawyer-featured-1.webp","type":"image\/webp"}],"twitter_card":"summary_large_image","twitter_misc":{"Tiempo de lectura":"7 minutos"},"schema":{"@context":"https:\/\/schema.org","@graph":[{"@type":"WebPage","@id":"https:\/\/calhounmeredith.com\/es\/houston\/abogado-de-lesiones-personales\/","url":"https:\/\/calhounmeredith.com\/es\/houston\/abogado-de-lesiones-personales\/","name":"Abogado de lesiones personales en Houston | Consulta Gratis","isPartOf":{"@id":"https:\/\/calhounmeredith.com\/#website"},"primaryImageOfPage":{"@id":"https:\/\/calhounmeredith.com\/es\/houston\/abogado-de-lesiones-personales\/#primaryimage"},"image":{"@id":"https:\/\/calhounmeredith.com\/es\/houston\/abogado-de-lesiones-personales\/#primaryimage"},"thumbnailUrl":"https:\/\/calhounmeredith.com\/wp-content\/uploads\/2024\/05\/houston-personal-injury-lawyer-featured-1.webp","datePublished":"2021-02-03T01:20:34+00:00","dateModified":"2025-07-11T15:28:41+00:00","description":"Si ha resultado lesionado, comun\u00edquese hoy mismo con un abogado de lesiones personales de Houston en Calhoun, Meredith, Sims.","breadcrumb":{"@id":"https:\/\/calhounmeredith.com\/es\/houston\/abogado-de-lesiones-personales\/#breadcrumb"},"inLanguage":"es","potentialAction":[{"@type":"ReadAction","target":["https:\/\/calhounmeredith.com\/es\/houston\/abogado-de-lesiones-personales\/"]}]},{"@type":"ImageObject","inLanguage":"es","@id":"https:\/\/calhounmeredith.com\/es\/houston\/abogado-de-lesiones-personales\/#primaryimage","url":"https:\/\/calhounmeredith.com\/wp-content\/uploads\/2024\/05\/houston-personal-injury-lawyer-featured-1.webp","contentUrl":"https:\/\/calhounmeredith.com\/wp-content\/uploads\/2024\/05\/houston-personal-injury-lawyer-featured-1.webp","width":1280,"height":1000},{"@type":"BreadcrumbList","@id":"https:\/\/calhounmeredith.com\/es\/houston\/abogado-de-lesiones-personales\/#breadcrumb","itemListElement":[{"@type":"ListItem","position":1,"name":"Home","item":"https:\/\/calhounmeredith.com\/es\/"},{"@type":"ListItem","position":2,"name":"Houston","item":"https:\/\/calhounmeredith.com\/es\/"},{"@type":"ListItem","position":3,"name":"Abogado de lesiones personales en Houston"}]},{"@type":"WebSite","@id":"https:\/\/calhounmeredith.com\/#website","url":"https:\/\/calhounmeredith.com\/","name":"Calhoun Meredith","description":"Houston Injury Law Firm","publisher":{"@id":"https:\/\/calhounmeredith.com\/#organization"},"potentialAction":[{"@type":"SearchAction","target":{"@type":"EntryPoint","urlTemplate":"https:\/\/calhounmeredith.com\/?s={search_term_string}"},"query-input":{"@type":"PropertyValueSpecification","valueRequired":true,"valueName":"search_term_string"}}],"inLanguage":"es"},{"@type":"Organization","@id":"https:\/\/calhounmeredith.com\/#organization","name":"Calhoun Meredith","url":"https:\/\/calhounmeredith.com\/","logo":{"@type":"ImageObject","inLanguage":"es","@id":"https:\/\/calhounmeredith.com\/#\/schema\/logo\/image\/","url":"https:\/\/calhounmeredith.com\/wp-content\/uploads\/2022\/04\/calhoun-meredith-new-logo01-colored.png","contentUrl":"https:\/\/calhounmeredith.com\/wp-content\/uploads\/2022\/04\/calhoun-meredith-new-logo01-colored.png","width":400,"height":200,"caption":"Calhoun Meredith"},"image":{"@id":"https:\/\/calhounmeredith.com\/#\/schema\/logo\/image\/"},"sameAs":["https:\/\/www.facebook.com\/calhounmeredithllc"]}]}},"_links":{"self":[{"href":"https:\/\/calhounmeredith.com\/es\/wp-json\/wp\/v2\/pages\/564","targetHints":{"allow":["GET"]}}],"collection":[{"href":"https:\/\/calhounmeredith.com\/es\/wp-json\/wp\/v2\/pages"}],"about":[{"href":"https:\/\/calhounmeredith.com\/es\/wp-json\/wp\/v2\/types\/page"}],"author":[{"embeddable":true,"href":"https:\/\/calhounmeredith.com\/es\/wp-json\/wp\/v2\/users\/21"}],"replies":[{"embeddable":true,"href":"https:\/\/calhounmeredith.com\/es\/wp-json\/wp\/v2\/comments?post=564"}],"version-history":[{"count":5,"href":"https:\/\/calhounmeredith.com\/es\/wp-json\/wp\/v2\/pages\/564\/revisions"}],"predecessor-version":[{"id":5799,"href":"https:\/\/calhounmeredith.com\/es\/wp-json\/wp\/v2\/pages\/564\/revisions\/5799"}],"up":[{"embeddable":true,"href":"https:\/\/calhounmeredith.com\/es\/wp-json\/wp\/v2\/pages\/526"}],"wp:featuredmedia":[{"embeddable":true,"href":"https:\/\/calhounmeredith.com\/es\/wp-json\/wp\/v2\/media\/3634"}],"wp:attachment":[{"href":"https:\/\/calhounmeredith.com\/es\/wp-json\/wp\/v2\/media?parent=564"}],"curies":[{"name":"wp","href":"https:\/\/api.w.org\/{rel}","templated":true}]}}