{"id":562,"date":"2021-02-10T10:23:44","date_gmt":"2021-02-10T15:23:44","guid":{"rendered":"http:\/\/localhost:10028\/houston\/pedestrian-accident-lawyer\/"},"modified":"2024-05-16T14:01:41","modified_gmt":"2024-05-16T14:01:41","slug":"abogado-de-accidentes-peatonales","status":"publish","type":"page","link":"https:\/\/calhounmeredith.com\/es\/abogado-de-accidentes-peatonales\/","title":{"rendered":"Abogado de accidentes peatonales en Houston"},"content":{"rendered":"\r\n<p>Es un d\u00eda normal para usted, va caminando y cruza la calle despu\u00e9s de haber comprobado que las se\u00f1ales de control de tr\u00e1fico dicen que puede hacerlo.&nbsp;<\/p>\r\n\r\n\r\n\r\n<p>De repente, oye el sonido de los neum\u00e1ticos y un golpe. A continuaci\u00f3n, usted est\u00e1 acostado con dolor. As\u00ed es como ocurren la mayor\u00eda de los accidentes de peatones y pueden cambiar la vida. Lo que es peor es que un insensible e indiferente agente de seguros lo visitar\u00e1 en el hospital y tratar\u00e1 de intimidarlo para que acepte un acuerdo nominal de suma global.<\/p>\r\n\r\n\r\n\r\n<p>Sin embargo, los abogados profesionales de accidentes de peatones de <a href=\"https:\/\/es.wikipedia.org\/wiki\/Houston\" target=\"_blank\" rel=\"nofollow noreferrer noopener\" class=\"rank-math-link\">Houston<\/a> pueden representar a las v\u00edctimas vulnerables ante las compa\u00f1\u00edas de seguros de los conductores culpables y luchar por sus derechos legales por una compensaci\u00f3n financiera, ya sea a trav\u00e9s de negociaciones de arreglo o presentando demandas por lesiones personales.&nbsp;<\/p>\r\n\r\n\r\n\r\n<p>Los experimentados abogados de Calhoun Meredith est\u00e1n aqu\u00ed para proteger sus derechos y luchar por justicia ante un juez y jurado, si fuera necesario.<\/p>\r\n\r\n\r\n\r\n\r\n\r\n<h2 class=\"wp-block-heading\"><strong>\u00bfQu\u00e9 tan probable es que usted est\u00e9 involucrado en un accidente de peatones?&nbsp;&nbsp;&nbsp;<\/strong><\/h2>\r\n\r\n\r\n\r\n<figure class=\"wp-block-image size-large\"><img decoding=\"async\" data-src=\"https:\/\/calhounmeredith.com\/wp-content\/uploads\/2024\/05\/houston-pedestrian-accident-lawyer-featured-1.webp\" alt=\"Paso de peatones en una calle de Houston\" class=\"wp-image-406 lazyload\" src=\"data:image\/svg+xml;base64,PHN2ZyB3aWR0aD0iMSIgaGVpZ2h0PSIxIiB4bWxucz0iaHR0cDovL3d3dy53My5vcmcvMjAwMC9zdmciPjwvc3ZnPg==\" style=\"--smush-placeholder-width: 1280px; --smush-placeholder-aspect-ratio: 1280\/1000;\" \/><\/figure>\r\n\r\n\r\n\r\n<p>El Departamento de Transporte de los <a href=\"https:\/\/es.wikipedia.org\/wiki\/Estados_Unidos\" target=\"_blank\" rel=\"nofollow noreferrer noopener\" class=\"rank-math-link\">Estados Unidos<\/a> da una definici\u00f3n amplia al t\u00e9rmino peat\u00f3n. Seg\u00fan el documento oficial, un peat\u00f3n es &#8220;cualquier persona a pie, caminando, corriendo, trotando, haciendo senderismo, sentado o acostado que est\u00e9 involucrado en un accidente de tr\u00e1fico de veh\u00edculos de motor&#8221;. Por lo tanto, hay muchos casos en los que usted puede ser v\u00edctima de un accidente de peat\u00f3n, seg\u00fan lo definido por la ley, y tiene derecho a una compensaci\u00f3n justa.<\/p>\r\n\r\n\r\n\r\n<p>Desafortunadamente, los datos estad\u00edsticos muestran que los accidentes de peatones y veh\u00edculos de motor ocurren con una alta frecuencia en el estado de Texas, y tienen consecuencias muy graves.&nbsp;<\/p>\r\n\r\n\r\n\r\n<h2 class=\"wp-block-heading\">Seg\u00fan el Departamento de Transporte de Texas, en 2018:&nbsp;<\/h2>\r\n\r\n\r\n\r\n<ul class=\"wp-block-list\"><li>5,952 peatones fueron v\u00edctimas de accidentes automovil\u00edsticos&nbsp;<\/li><li>De ellos, 660 peatones murieron en accidentes de veh\u00edculos&nbsp;<\/li><li>Mientras que 1.260 peatones sufrieron lesiones graves<\/li><\/ul>\r\n\r\n\r\n\r\n<p>Por lo tanto, es muy probable que los peatones sean arrastrados a accidentes incluso sin tener la culpa, y si usted se encuentra en tal situaci\u00f3n, no debe demorar en tener abogados profesionales de accidentes de peatones que presenten una reclamaci\u00f3n por lesiones personales en su nombre.<\/p>\r\n\r\n\r\n\r\n<h2 class=\"wp-block-heading\"><strong>Lesiones sufridas por las v\u00edctimas de accidentes de peatones<\/strong><\/h2>\r\n\r\n\r\n\r\n<p>Por cada abogado de lesiones personales de Houston de Calhoun Meredith, cada caso representa una tr\u00e1gica historia de vida debido a la negligencia de alguien, y nos ocupamos de que el conductor responsable pague por eso. Los accidentes de peatones resultan en lesiones graves a catastr\u00f3ficas, tales como:<\/p>\r\n\r\n\r\n\r\n<ul class=\"wp-block-list\"><li>Lesiones en el cuello y la <a href=\"https:\/\/es.wikipedia.org\/wiki\/M%C3%A9dula_espinal\" target=\"_blank\" rel=\"nofollow noreferrer noopener\" class=\"rank-math-link\">m\u00e9dula espinal<\/a>&nbsp;<\/li><li>Lesi\u00f3n cerebral traum\u00e1tica&nbsp;<\/li><li>P\u00e9rdida de extremidades&nbsp;<\/li><li>Lesiones graves en \u00f3rganos internos&nbsp;<\/li><li>Huesos fracturados&nbsp;<\/li><li>Par\u00e1lisis<\/li><\/ul>\r\n\r\n\r\n\r\n<p>En cada uno de estos casos, la recuperaci\u00f3n es larga y dif\u00edcil y resulta en grandes facturas m\u00e9dicas. Su abogado de lesiones personales se asegurar\u00e1 de obtener una compensaci\u00f3n justa por estos gastos, as\u00ed como por otras p\u00e9rdidas econ\u00f3micas y no econ\u00f3micas a las que tiene derecho.&nbsp;<\/p>\r\n\r\n\r\n\r\n<p>Los conductores responsables de este tipo de accidentes tienden a huir de la escena o a evadir la culpa, pero nuestros abogados de lesiones personales saben c\u00f3mo jugar fuerte para que no tenga que preocuparse por nada.<\/p>\r\n\r\n\r\n\r\n<h2 class=\"wp-block-heading\"><strong>Tipos de compensaci\u00f3n que tiene derecho a recibir<\/strong><\/h2>\r\n\r\n\r\n\r\n<p>El conductor culpable del accidente que result\u00f3 en sus lesiones y posiblemente en la discapacidad de por vida, tiene que cubrir todas las p\u00e9rdidas reconocidas por la ley.&nbsp;<\/p>\r\n\r\n\r\n\r\n<p>Hay dos tipos de tales p\u00e9rdidas:<\/p>\r\n\r\n\r\n\r\n<h3 class=\"wp-block-heading\"><strong>P\u00e9rdidas econ\u00f3micas<\/strong>&nbsp;<\/h3>\r\n\r\n\r\n\r\n<p>Las p\u00e9rdidas econ\u00f3micas o financieras se refieren a cualquier gasto en el que incurra como resultado del accidente peatonal y a los ingresos adeudados que no pueda generar y cobrar.&nbsp;<\/p>\r\n\r\n\r\n\r\n<figure class=\"wp-block-image size-large\"><img decoding=\"async\" data-src=\"https:\/\/calhounmeredith.com\/wp-content\/uploads\/2024\/05\/houston-pedestrian-accident-lawyer-1.webp\" alt=\"Accidente de ciclista y peat\u00f3n en Houston\" class=\"wp-image-405 lazyload\" src=\"data:image\/svg+xml;base64,PHN2ZyB3aWR0aD0iMSIgaGVpZ2h0PSIxIiB4bWxucz0iaHR0cDovL3d3dy53My5vcmcvMjAwMC9zdmciPjwvc3ZnPg==\" style=\"--smush-placeholder-width: 600px; --smush-placeholder-aspect-ratio: 600\/399;\" \/><\/figure>\r\n\r\n\r\n\r\n<p>Estos son:&nbsp;<\/p>\r\n\r\n\r\n\r\n<ul class=\"wp-block-list\"><li>Atenci\u00f3n m\u00e9dica presente y futura&nbsp;<\/li><li>Atenci\u00f3n de por vida en caso de discapacidad o incapacidad&nbsp;<\/li><li>P\u00e9rdida de salarios&nbsp;<\/li><li>P\u00e9rdida de capacidad de ganancias futuras&nbsp;<\/li><li>Da\u00f1os a la propiedad.<\/li><\/ul>\r\n\r\n\r\n\r\n<h3 class=\"wp-block-heading\"><strong>P\u00e9rdidas no econ\u00f3micas<\/strong>&nbsp;<\/h3>\r\n\r\n\r\n\r\n<p>Esta es generalmente la parte de la compensaci\u00f3n que las grandes compa\u00f1\u00edas de seguros intentar\u00e1n minimizar y excluir de su reclamo. Sin embargo, ser atropellado por un coche es una experiencia traum\u00e1tica para cualquier persona, le deja con dolor f\u00edsico y sufrimiento mental.&nbsp;<\/p>\r\n\r\n\r\n\r\n<p>Un abogado de accidentes de peatones de <a href=\"https:\/\/calhounmeredith.com\/es\/houston\/\" target=\"_blank\" rel=\"noopener\">Houston<\/a> luchar\u00e1 en su nombre y llevar\u00e1 su caso a la corte si la compa\u00f1\u00eda de seguros de autom\u00f3viles del conductor se niega a firmar un acuerdo fuera de la corte..<\/p>\r\n\r\n\r\n\r\n<h2 class=\"wp-block-heading\"><strong>Qu\u00e9 hacer despu\u00e9s de un accidente de peatones<\/strong><\/h2>\r\n\r\n\r\n\r\n<h3 class=\"wp-block-heading\"><strong>Llame a una ambulancia<\/strong>&nbsp;<\/h3>\r\n\r\n\r\n\r\n<p>Su seguridad y bienestar son lo m\u00e1s importante. Llame al 9-1-1 o pida a otra persona que lo haga por usted si no puede hacerlo. Tenga en cuenta que es importante hacer exactamente lo que los param\u00e9dicos le dicen, incluyendo ser llevado al hospital. De lo contrario, la agencia de seguros intentar\u00e1 minimizar el alcance de sus lesiones y dolor, refiri\u00e9ndose a su decisi\u00f3n de ir en contra de los consejos m\u00e9dicos.<\/p>\r\n\r\n\r\n\r\n<h3 class=\"wp-block-heading\"><strong>Reporte el accidente a la Polic\u00eda<\/strong>&nbsp;<\/h3>\r\n\r\n\r\n\r\n<p>Cualquier accidente automovil\u00edstico o de <a href=\"https:\/\/calhounmeredith.com\/es\/abogado-de-accidentes-de-bicicleta\/\" class=\"rank-math-link\">bicicleta<\/a> que resulte en lesiones debe ser reportado a la polic\u00eda del estado de Texas, al Departamento de la Polic\u00eda de Houston o a cualquier agencia policial cercana. Las autoridades llevar\u00e1n a cabo una investigaci\u00f3n exhaustiva en la escena del accidente y preparar\u00e1n un informe que ser\u00e1 muy \u00fatil para el abogado que maneje su caso de <a href=\"https:\/\/calhounmeredith.com\/es\/abogado-de-lesiones-personales\/\" class=\"rank-math-link\">lesiones personales<\/a>.<\/p>\r\n\r\n\r\n\r\n<h3 class=\"wp-block-heading\"><strong>P\u00f3ngase en contacto con un abogado de accidentes de peatones de Houston<\/strong>&nbsp;<\/h3>\r\n\r\n\r\n\r\n<p>Dado que los accidentes automovil\u00edsticos de peatones pueden tener lugar en cualquier momento, el equipo legal de Calhoun Meredith est\u00e1 disponible para evaluaciones de casos 24\/7. Despu\u00e9s de que nos contrate, iniciaremos negociaciones con la agencia de seguros del conductor culpable. Si no podemos obtener un acuerdo justo para usted, prepararemos el caso para el juicio, donde lucharemos por la m\u00e1xima compensaci\u00f3n seg\u00fan la ley.<\/p>\r\n\r\n\r\n\r\n<h3 class=\"wp-block-heading\"><strong>Deje que el abogado de accidentes peatonales maneje su caso<\/strong><\/h3>\r\n\r\n\r\n\r\n<p>Despu\u00e9s de una consulta inicial con usted y obteniendo toda la informaci\u00f3n que pueda darle, el abogado de lesiones personales consolidar\u00e1 a\u00fan m\u00e1s su reclamo mediante la realizaci\u00f3n de una investigaci\u00f3n privada del accidente y luego proceder\u00e1 con su reclamo.<\/p>\r\n\r\n\r\n\r\n<h3 class=\"wp-block-heading\">Esto implicar\u00e1:&nbsp;<\/h3>\r\n\r\n\r\n\r\n<ul class=\"wp-block-list\"><li>Leer el informe policial&nbsp;<\/li><li>Contactar a testigos presenciales para obtener sus declaraciones y cualquier foto que hayan tomado con su tel\u00e9fono m\u00f3vil&nbsp;<\/li><li>Determinar al culpable del accidente&nbsp;<\/li><li>Ponerse en contacto con la aseguradora del conductor y presentar una reclamaci\u00f3n de compensaci\u00f3n en su nombre.<\/li><\/ul>\r\n\r\n\r\n\r\n<h2 class=\"wp-block-heading\"><strong>\u00bfPuede pagar un abogado de accidentes peatonales de Houston?<\/strong><\/h2>\r\n\r\n\r\n\r\n<p>\u00a1La respuesta a esta pregunta es un s\u00ed definitivo!&nbsp;<\/p>\r\n\r\n\r\n\r\n<p>En Calhoun Meredith trabajamos de manera de contingencia. Esto significa que s\u00f3lo nos paga al final del caso si obtenemos con \u00e9xito una compensaci\u00f3n justa para usted. Por lo tanto, usted no tiene que pagar ninguna tarifa por adelantado o empezar a ahorrar dinero. En su lugar, se nos paga un porcentaje de su liquidaci\u00f3n. Esto nos motiva a luchar por su justicia y a ganar la m\u00e1xima compensaci\u00f3n que el tribunal pueda otorgar.<\/p>\r\n\r\n\r\n\r\n<h2 class=\"wp-block-heading\"><strong>\u00a1No nos detendremos hasta que se haga justicia!<\/strong><\/h2>\r\n\r\n\r\n\r\n<figure class=\"wp-block-image size-large\"><img decoding=\"async\" data-src=\"https:\/\/calhounmeredith.com\/wp-content\/uploads\/2024\/05\/cross-walk.webp\" alt=\"Paso de peatones cerca de un parque en Housotn\" class=\"wp-image-900 lazyload\" src=\"data:image\/svg+xml;base64,PHN2ZyB3aWR0aD0iMSIgaGVpZ2h0PSIxIiB4bWxucz0iaHR0cDovL3d3dy53My5vcmcvMjAwMC9zdmciPjwvc3ZnPg==\" style=\"--smush-placeholder-width: 600px; --smush-placeholder-aspect-ratio: 600\/400;\" \/><\/figure>\r\n\r\n\r\n\r\n<p><a class=\"rank-math-link\" href=\"\/es\/\">Calhoun Meredith,<\/a> PLLC pone al cliente en primer lugar en todo lo que hace. Nuestra \u00e9tica de trabajo s\u00f3lo se ve superada por la compasi\u00f3n que mostramos por cada persona herida que conf\u00eda en nosotros para obtenerle justicia.<\/p>\r\n\r\n\r\n\r\n<p>Nuestro historial nos permite manejar con confianza incluso casos complejos y enfrentarnos a grandes compa\u00f1\u00edas de seguros y asegurar que paguen una cantidad justa por su dolor y sufrimiento.&nbsp;<\/p>\r\n\r\n\r\n\r\n<p>\u00a1Ll\u00e1menos: 832-430-6210!<\/p>\r\n","protected":false},"excerpt":{"rendered":"<p>Es un d\u00eda normal para usted, va caminando y cruza la calle despu\u00e9s de haber comprobado que las se\u00f1ales de control de tr\u00e1fico dicen que &hellip; <\/p>\n<p class=\"link-more\"><a href=\"https:\/\/calhounmeredith.com\/es\/abogado-de-accidentes-peatonales\/\" class=\"more-link\">Continuar leyendo<span class=\"screen-reader-text\"> &#8220;Abogado de accidentes peatonales en Houston&#8221;<\/span><\/a><\/p>\n","protected":false},"author":21,"featured_media":4112,"parent":0,"menu_order":0,"comment_status":"closed","ping_status":"closed","template":"","meta":{"_acf_changed":false,"footnotes":""},"class_list":["post-562","page","type-page","status-publish","has-post-thumbnail","hentry","entry"],"acf":[],"yoast_head":"<!-- This site is optimized with the Yoast SEO plugin v27.0 - https:\/\/yoast.com\/product\/yoast-seo-wordpress\/ -->\n<title>Abogado de accidentes peatonales en Houston<\/title>\n<meta name=\"description\" content=\"lesion\u00f3 mientras caminaba en Houston, comun\u00edquese con Calhoun Meredith hoy. Un abogado de accidentes de peatones de Houston est\u00e1 aqu\u00ed para ayudarlo!\" \/>\n<meta name=\"robots\" content=\"index, follow, max-snippet:-1, max-image-preview:large, max-video-preview:-1\" \/>\n<link rel=\"canonical\" href=\"https:\/\/calhounmeredith.com\/es\/abogado-de-accidentes-peatonales\/\" \/>\n<meta property=\"og:locale\" content=\"es_MX\" \/>\n<meta property=\"og:type\" content=\"article\" \/>\n<meta property=\"og:title\" content=\"Abogado de accidentes peatonales en Houston\" \/>\n<meta property=\"og:description\" content=\"lesion\u00f3 mientras caminaba en Houston, comun\u00edquese con Calhoun Meredith hoy. Un abogado de accidentes de peatones de Houston est\u00e1 aqu\u00ed para ayudarlo!\" \/>\n<meta property=\"og:url\" content=\"https:\/\/calhounmeredith.com\/es\/abogado-de-accidentes-peatonales\/\" \/>\n<meta property=\"og:site_name\" content=\"Calhoun Meredith\" \/>\n<meta property=\"article:publisher\" content=\"https:\/\/www.facebook.com\/calhounmeredithllc\" \/>\n<meta property=\"article:modified_time\" content=\"2024-05-16T14:01:41+00:00\" \/>\n<meta property=\"og:image\" content=\"https:\/\/calhounmeredith.com\/wp-content\/uploads\/2024\/05\/houston-pedestrian-accident-lawyer-featured-1.webp\" \/>\n\t<meta property=\"og:image:width\" content=\"1280\" \/>\n\t<meta property=\"og:image:height\" content=\"1000\" \/>\n\t<meta property=\"og:image:type\" content=\"image\/webp\" \/>\n<meta name=\"twitter:card\" content=\"summary_large_image\" \/>\n<meta name=\"twitter:label1\" content=\"Tiempo de lectura\" \/>\n\t<meta name=\"twitter:data1\" content=\"7 minutos\" \/>\n<!-- \/ Yoast SEO plugin. -->","yoast_head_json":{"title":"Abogado de accidentes peatonales en Houston","description":"lesion\u00f3 mientras caminaba en Houston, comun\u00edquese con Calhoun Meredith hoy. Un abogado de accidentes de peatones de Houston est\u00e1 aqu\u00ed para ayudarlo!","robots":{"index":"index","follow":"follow","max-snippet":"max-snippet:-1","max-image-preview":"max-image-preview:large","max-video-preview":"max-video-preview:-1"},"canonical":"https:\/\/calhounmeredith.com\/es\/abogado-de-accidentes-peatonales\/","og_locale":"es_MX","og_type":"article","og_title":"Abogado de accidentes peatonales en Houston","og_description":"lesion\u00f3 mientras caminaba en Houston, comun\u00edquese con Calhoun Meredith hoy. Un abogado de accidentes de peatones de Houston est\u00e1 aqu\u00ed para ayudarlo!","og_url":"https:\/\/calhounmeredith.com\/es\/abogado-de-accidentes-peatonales\/","og_site_name":"Calhoun Meredith","article_publisher":"https:\/\/www.facebook.com\/calhounmeredithllc","article_modified_time":"2024-05-16T14:01:41+00:00","og_image":[{"width":1280,"height":1000,"url":"https:\/\/calhounmeredith.com\/wp-content\/uploads\/2024\/05\/houston-pedestrian-accident-lawyer-featured-1.webp","type":"image\/webp"}],"twitter_card":"summary_large_image","twitter_misc":{"Tiempo de lectura":"7 minutos"},"schema":{"@context":"https:\/\/schema.org","@graph":[{"@type":"WebPage","@id":"https:\/\/calhounmeredith.com\/es\/abogado-de-accidentes-peatonales\/","url":"https:\/\/calhounmeredith.com\/es\/abogado-de-accidentes-peatonales\/","name":"Abogado de accidentes peatonales en Houston","isPartOf":{"@id":"https:\/\/calhounmeredith.com\/#website"},"primaryImageOfPage":{"@id":"https:\/\/calhounmeredith.com\/es\/abogado-de-accidentes-peatonales\/#primaryimage"},"image":{"@id":"https:\/\/calhounmeredith.com\/es\/abogado-de-accidentes-peatonales\/#primaryimage"},"thumbnailUrl":"https:\/\/calhounmeredith.com\/wp-content\/uploads\/2024\/05\/houston-pedestrian-accident-lawyer-featured-1.webp","datePublished":"2021-02-10T15:23:44+00:00","dateModified":"2024-05-16T14:01:41+00:00","description":"lesion\u00f3 mientras caminaba en Houston, comun\u00edquese con Calhoun Meredith hoy. Un abogado de accidentes de peatones de Houston est\u00e1 aqu\u00ed para ayudarlo!","breadcrumb":{"@id":"https:\/\/calhounmeredith.com\/es\/abogado-de-accidentes-peatonales\/#breadcrumb"},"inLanguage":"es","potentialAction":[{"@type":"ReadAction","target":["https:\/\/calhounmeredith.com\/es\/abogado-de-accidentes-peatonales\/"]}]},{"@type":"ImageObject","inLanguage":"es","@id":"https:\/\/calhounmeredith.com\/es\/abogado-de-accidentes-peatonales\/#primaryimage","url":"https:\/\/calhounmeredith.com\/wp-content\/uploads\/2024\/05\/houston-pedestrian-accident-lawyer-featured-1.webp","contentUrl":"https:\/\/calhounmeredith.com\/wp-content\/uploads\/2024\/05\/houston-pedestrian-accident-lawyer-featured-1.webp","width":1280,"height":1000},{"@type":"BreadcrumbList","@id":"https:\/\/calhounmeredith.com\/es\/abogado-de-accidentes-peatonales\/#breadcrumb","itemListElement":[{"@type":"ListItem","position":1,"name":"Home","item":"https:\/\/calhounmeredith.com\/es\/"},{"@type":"ListItem","position":2,"name":"Houston","item":"https:\/\/calhounmeredith.com\/es\/"},{"@type":"ListItem","position":3,"name":"Abogado de accidentes peatonales en Houston"}]},{"@type":"WebSite","@id":"https:\/\/calhounmeredith.com\/#website","url":"https:\/\/calhounmeredith.com\/","name":"Calhoun Meredith","description":"Houston Injury Law Firm","publisher":{"@id":"https:\/\/calhounmeredith.com\/#organization"},"potentialAction":[{"@type":"SearchAction","target":{"@type":"EntryPoint","urlTemplate":"https:\/\/calhounmeredith.com\/?s={search_term_string}"},"query-input":{"@type":"PropertyValueSpecification","valueRequired":true,"valueName":"search_term_string"}}],"inLanguage":"es"},{"@type":"Organization","@id":"https:\/\/calhounmeredith.com\/#organization","name":"Calhoun Meredith","url":"https:\/\/calhounmeredith.com\/","logo":{"@type":"ImageObject","inLanguage":"es","@id":"https:\/\/calhounmeredith.com\/#\/schema\/logo\/image\/","url":"https:\/\/calhounmeredith.com\/wp-content\/uploads\/2022\/04\/calhoun-meredith-new-logo01-colored.png","contentUrl":"https:\/\/calhounmeredith.com\/wp-content\/uploads\/2022\/04\/calhoun-meredith-new-logo01-colored.png","width":400,"height":200,"caption":"Calhoun Meredith"},"image":{"@id":"https:\/\/calhounmeredith.com\/#\/schema\/logo\/image\/"},"sameAs":["https:\/\/www.facebook.com\/calhounmeredithllc"]}]}},"_links":{"self":[{"href":"https:\/\/calhounmeredith.com\/es\/wp-json\/wp\/v2\/pages\/562","targetHints":{"allow":["GET"]}}],"collection":[{"href":"https:\/\/calhounmeredith.com\/es\/wp-json\/wp\/v2\/pages"}],"about":[{"href":"https:\/\/calhounmeredith.com\/es\/wp-json\/wp\/v2\/types\/page"}],"author":[{"embeddable":true,"href":"https:\/\/calhounmeredith.com\/es\/wp-json\/wp\/v2\/users\/21"}],"replies":[{"embeddable":true,"href":"https:\/\/calhounmeredith.com\/es\/wp-json\/wp\/v2\/comments?post=562"}],"version-history":[{"count":2,"href":"https:\/\/calhounmeredith.com\/es\/wp-json\/wp\/v2\/pages\/562\/revisions"}],"predecessor-version":[{"id":4117,"href":"https:\/\/calhounmeredith.com\/es\/wp-json\/wp\/v2\/pages\/562\/revisions\/4117"}],"wp:featuredmedia":[{"embeddable":true,"href":"https:\/\/calhounmeredith.com\/es\/wp-json\/wp\/v2\/media\/4112"}],"wp:attachment":[{"href":"https:\/\/calhounmeredith.com\/es\/wp-json\/wp\/v2\/media?parent=562"}],"curies":[{"name":"wp","href":"https:\/\/api.w.org\/{rel}","templated":true}]}}