{"id":558,"date":"2021-02-18T18:26:53","date_gmt":"2021-02-18T23:26:53","guid":{"rendered":"http:\/\/localhost:10028\/houston\/hit-and-run-accident\/"},"modified":"2025-07-11T15:51:09","modified_gmt":"2025-07-11T15:51:09","slug":"accidente-de-choque-y-fuga","status":"publish","type":"page","link":"https:\/\/calhounmeredith.com\/es\/abogado-de-accidentes-de-auto\/accidente-de-choque-y-fuga\/","title":{"rendered":"Accidente de choque y fuga en Houston"},"content":{"rendered":"\r\n<p>Huir de la escena de un accidente es un delito en Texas. Legalmente, todas las partes involucradas en accidentes deben intercambiar informaci\u00f3n entre s\u00ed e informar a la polic\u00eda. Sin embargo, si una parte huye de la escena sin cumplir con este requisito, entonces todo el asunto caer\u00e1 bajo el tipo de accidentes de golpe con fuga.<\/p>\r\n\r\n\r\n\r\n<p>El problema con este tipo de accidentes es que, si el conductor culpable no es capturado y aprehendido, usted quedar\u00e1 atrapado en una posici\u00f3n precaria por buscar una compensaci\u00f3n por todas las p\u00e9rdidas que sufri\u00f3 debido a este accidente. Su compa\u00f1\u00eda de seguros puede intentar minimizar sus sufrimientos o usar alg\u00fan tecnicismo en su p\u00f3liza de seguro para rechazarle el pago que necesita. Aqu\u00ed es donde usted debe usar sus derechos legales y hacer que un experimentado equipo de <a href=\"https:\/\/calhounmeredith.com\/es\/abogado-de-lesiones-personales\/\">abogados de accidentes<\/a> presente una demanda en un tribunal de Houston.<\/p>\r\n\r\n\r\n\r\n<p>Los casos de golpe con fuga, como se se\u00f1al\u00f3 anteriormente, involucran a un conductor que abandona la escena del accidente sin intercambiar informaci\u00f3n con el otro conductor.<\/p>\r\n<p>Naturalmente, es el conductor que huye el que se considera culpable del accidente. Los conductores tienden a ponerse nerviosos, o tienden a querer evitar las consecuencias de sus acciones, lo que los lleva a huir de la escena.<\/p>\r\n\r\n\r\n\r\n<p>En <a href=\"https:\/\/calhounmeredith.com\/es\/\" target=\"_blank\" rel=\"noopener\">Houston<\/a>, este comportamiento es com\u00fan entre los conductores intoxicados que no desean ser acusados de causar un accidente por conducir ebrio.. O tal vez, el conductor no tiene licencia, puede tener un historial criminal, una obligaci\u00f3n legal pendiente, o puede haberlo hecho debido a un error de juicio. En cualquiera de los casos, se qued\u00f3 solo para hacer frente a todo el da\u00f1o causado por la imprudencia y la indiferencia de otra persona.<\/p>\r\n\r\n\r\n\r\n<p><img decoding=\"async\" data-src=\"https:\/\/calhounmeredith.com\/wp-content\/uploads\/2024\/05\/hit-and-run-2.webp\" alt=\"Coche negro se vuelca en una autopista de Houston\" width=\"1230\" height=\"821\" src=\"data:image\/svg+xml;base64,PHN2ZyB3aWR0aD0iMSIgaGVpZ2h0PSIxIiB4bWxucz0iaHR0cDovL3d3dy53My5vcmcvMjAwMC9zdmciPjwvc3ZnPg==\" class=\"lazyload\" style=\"--smush-placeholder-width: 1230px; --smush-placeholder-aspect-ratio: 1230\/821;\" \/><\/p>\r\n\r\n\r\n\r\n<p>Sus lesiones, da\u00f1os a la propiedad (cualquier da\u00f1o a su coche) o dolor tendr\u00e1n que ser atendidos por usted mismo a menos de que el conductor sea atrapado. La polic\u00eda interpretar\u00e1 este acto como un delito menor por parte del conductor negligente, y si el accidente fue severo, se convertir\u00e1 en un delito grave.\u00a0<\/p>\r\n\r\n\r\n\r\n<p>Las probabilidades de detener al conductor y ponerlo tras las rejas son escasas a menos de que el accidente fuese grave. En la mayor\u00eda de los casos, las v\u00edctimas se ven obligadas a acercarse a su propia compa\u00f1\u00eda de seguros para solicitar una compensaci\u00f3n econ\u00f3mica por las p\u00e9rdidas que sufrieron.<\/p>\r\n\r\n\r\n\r\n<p>Por lo general, la cobertura de automovilistas no asegurados, que es parte de casi todas las p\u00f3lizas de seguro de autom\u00f3viles (a menos que la quitar\u00e1 de la suya \u2013 nunca haga eso), le ayudar\u00e1 a cubrir estos gastos. Si el delincuente es capturado, entonces usted puede demandarlos por su negligencia.<\/p>\r\n\r\n\r\n\r\n<p>Sin embargo, si eso no sucede, usted se atorar\u00e1 con su propia compa\u00f1\u00eda de seguros por una compensaci\u00f3n. A veces, ellos pueden encontrar razones para no pagarle, y si ve que eso sucede, v\u00e1yase. Usted tiene el derecho legal de demandar a su proveedor de seguros para que cumplan su compromiso con usted.<\/p>\r\n\r\n\r\n\r\n\r\n\r\n<h2 class=\"wp-block-heading\"><strong>\u00bfQu\u00e9 hacer despu\u00e9s de un accidente de golpe con fuga en Houston Texas?\u00a0<\/strong><\/h2>\r\n\r\n\r\n\r\n<p>Ser una v\u00edctima de un accidente de golpe con fuga no es f\u00e1cil. El pago f\u00edsico y mental puede estar aumentando, pero usted debe reunir fuerzas y llegar directamente a los negocios para asegurar su compensaci\u00f3n financiera:<\/p>\r\n\r\n\r\n\r\n<ul class=\"wp-block-list\">\r\n<li>Lo \u00fanico que no debe hacer es perseguir al conductor, aunque pueda hacerlo, porque pueden estar armados o ser peligrosos de otra manera.<\/li>\r\n<li>Llame a la polic\u00eda inmediatamente y espere cerca de la escena del accidente hasta que los oficiales se presenten.\u00a0<\/li>\r\n<li>Antes de hacerlo, fotograf\u00ede todo, literalmente. Tome fotos de su auto, sus lesiones, las de cualquier otra persona que le acompa\u00f1ase, la escena del accidente y cualquier cosa que pueda ayudarle a obtener los detalles correctos.\u00a0<\/li>\r\n<li>Hable con todos los testigos presenciales, si hubo e inf\u00f3rmeles que compartan su informaci\u00f3n de contacto con usted, ya que pueden testificar en su reclamaci\u00f3n m\u00e1s adelante.\u00a0<\/li>\r\n<li>Cuando los agentes de polic\u00eda se presenten a la escena, de todos los detalles delante de ellos lo mejor que pueda.\u00a0<\/li>\r\n<li>Visite a un m\u00e9dico dentro de las 72 horas posteriores al accidente y lleve un registro de todos sus gastos, como facturas m\u00e9dicas, salarios perdidos y gastos de su bolsillo que resultaron debido de este accidente.\u00a0<\/li>\r\n<li>La inversi\u00f3n puede durar algunas semanas, as\u00ed que tenga paciencia, pero no retrase el proceso innecesariamente.<\/li>\r\n<\/ul>\r\n\r\n\r\n\r\n<p>El estatuto de limitaciones (SOL por sus siglas en ingl\u00e9s) pone un tope de dos a tres a\u00f1os en la presentaci\u00f3n de una demanda por accidentes automovil\u00edsticos en Texas.. Si bien algunas excepciones pueden exigir una extensi\u00f3n de este plazo, no debe esperar para ponerse en contacto con un abogado experimentado para obtener asesoramiento legal.<\/p>\r\n\r\n\r\n\r\n<p>Relacionado: <a href=\"https:\/\/calhounmeredith.com\/es\/despues-de-un-accidente-automovilistico\/\" target=\"_blank\" rel=\"noopener\">\u00bfQu\u00e9 hacer despu\u00e9s de un accidente automovil\u00edstico?<\/a>\u00a0<\/p>\r\n\r\n\r\n\r\n<p>Si su compa\u00f1\u00eda de seguros no es justa en su caso, tendr\u00e1 que llevar las cosas ante un tribunal.<\/p>\r\n\r\n\r\n\r\n<h2 class=\"wp-block-heading\"><strong>Exigiendo una compensaci\u00f3n econ\u00f3mica por los da\u00f1os causados por accidentes de golpes con fuga en Houston<\/strong><\/h2>\r\n\r\n\r\n\r\n<p>Como v\u00edctima de un accidente de veh\u00edculo, la solicitud de reembolso financiero para liquidar los da\u00f1os en un caso de golpe con fuga puede tardar un tiempo en despejarse, ya que el infractor no est\u00e1. Sin embargo, usted todav\u00eda debe proceder con la presentaci\u00f3n de su reclamo con su compa\u00f1\u00eda de seguros. Los da\u00f1os econ\u00f3micos y no econ\u00f3micos por los que puede solicitar un reembolso incluyen, pero no se limitan a:<\/p>\r\n\r\n\r\n\r\n<ul class=\"wp-block-list\">\r\n<li>Cubrir sus gastos m\u00e9dicos, incluyendo facturas por su estad\u00eda en el hospital, cirug\u00edas, fisioterapia, medicamentos, cuidado personal, sesiones psiqui\u00e1tricas, etc.\u00a0<\/li>\r\n<li>Reembolsar cualquier da\u00f1o a la propiedad que se refleje en el costo de las reparaciones necesarias para su autom\u00f3vil.\u00a0<\/li>\r\n<li>Compensar cualquier p\u00e9rdida de ingresos, gastos de su bolsillo y otras p\u00e9rdidas econ\u00f3micas que resultaron debido al accidente.\u00a0<\/li>\r\n<li>Reembolso por cualquier dolor o sufrimiento por el que tuviera que pasar, incluyendo cualquier desfiguraci\u00f3n permanente, p\u00e9rdida de alegr\u00eda de la vida, p\u00e9rdida de un ser querido (muerte injusta), discapacidad, etc.<\/li>\r\n<\/ul>\r\n\r\n\r\n\r\n<p><img decoding=\"async\" data-src=\"https:\/\/calhounmeredith.com\/wp-content\/uploads\/2024\/05\/hot-and-run.webp\" alt=\"El coche gris tiene da\u00f1os en el lado del conductor.\" width=\"600\" height=\"400\" src=\"data:image\/svg+xml;base64,PHN2ZyB3aWR0aD0iMSIgaGVpZ2h0PSIxIiB4bWxucz0iaHR0cDovL3d3dy53My5vcmcvMjAwMC9zdmciPjwvc3ZnPg==\" class=\"lazyload\" style=\"--smush-placeholder-width: 600px; --smush-placeholder-aspect-ratio: 600\/400;\" \/><\/p>\r\n\r\n\r\n\r\n<p>Nuestros <a href=\"https:\/\/calhounmeredith.com\/es\/abogado-de-accidentes-de-auto\/\">abogados de accidentes de auto<\/a> pueden ayudarle en la creaci\u00f3n de una demanda razonable y justa de compensaci\u00f3n financiera dentro del marco legal de Texas.\u00a0<\/p>\r\n\r\n\r\n\r\n<p>En promedio, los acuerdos se encuentran entre los $10,000 y los $25,000 d\u00f3lares por accidentes de golpe con fuga, pero puede ser mucho m\u00e1s en su caso si el accidente caus\u00f3 da\u00f1os importantes.<\/p>\r\n\r\n\r\n\r\n<h2 class=\"wp-block-heading\"><strong>El bufete de abogados Calhoun Meredith puede ayudarle<\/strong><\/h2>\r\n\r\n\r\n\r\n<p>Lo \u00fanico peor que estar involucrado en un accidente de golpe con fuga es que su aseguradora le niegue la ayuda. Esto puede no ser su culpa porque se sabe que las compa\u00f1\u00edas de seguros juegan sucio y utilizan tecnicismos menores para negarle a las personas su compensaci\u00f3n leg\u00edtima.<\/p>\r\n\r\n\r\n\r\n<p>Sin embargo, usted no est\u00e1 solo, porque el experimentado equipo de abogados en el bufete de abogados de Calhoun Meredith le ayudar\u00e1 en esto.\u00a0<\/p>\r\n\r\n\r\n\r\n<p>Nuestra sesi\u00f3n de consulta es gratuita, as\u00ed que no dude en llamarnos. Trabajamos sobre una base de honorarios de contingencia para que usted no tenga que preocuparse por pagar por adelantado. \u00a1Ll\u00e1menos y haremos todo lo posible para ayudarle a ganar su reclamo! <a href=\"https:\/\/calhounmeredith.com\/es\/contacto\/\">Ponte en contacto<\/a> con <a class=\"rank-math-link\" href=\"\/es\/\">Calhoun Meredith<\/a>.<\/p>\r\n","protected":false},"excerpt":{"rendered":"<p>Huir de la escena de un accidente es un delito en Texas. Legalmente, todas las partes involucradas en accidentes deben intercambiar informaci\u00f3n entre s\u00ed e &hellip; <\/p>\n<p class=\"link-more\"><a href=\"https:\/\/calhounmeredith.com\/es\/abogado-de-accidentes-de-auto\/accidente-de-choque-y-fuga\/\" class=\"more-link\">Continuar leyendo<span class=\"screen-reader-text\"> &#8220;Accidente de choque y fuga en Houston&#8221;<\/span><\/a><\/p>\n","protected":false},"author":21,"featured_media":3735,"parent":543,"menu_order":0,"comment_status":"closed","ping_status":"closed","template":"","meta":{"_acf_changed":false,"footnotes":""},"class_list":["post-558","page","type-page","status-publish","has-post-thumbnail","hentry","entry"],"acf":[],"yoast_head":"<!-- This site is optimized with the Yoast SEO plugin v27.0 - https:\/\/yoast.com\/product\/yoast-seo-wordpress\/ -->\n<title>Accidente de choque y fuga en Houston | Disponible 24 horas | Calhoun Meredith<\/title>\n<meta name=\"description\" content=\"Si necesita asistencia legal para un choque y fuga, llame a Calhoun Meredith para su consulta.\" \/>\n<meta name=\"robots\" content=\"index, follow, max-snippet:-1, max-image-preview:large, max-video-preview:-1\" \/>\n<link rel=\"canonical\" href=\"https:\/\/calhounmeredith.com\/es\/abogado-de-accidentes-de-auto\/accidente-de-choque-y-fuga\/\" \/>\n<meta property=\"og:locale\" content=\"es_MX\" \/>\n<meta property=\"og:type\" content=\"article\" \/>\n<meta property=\"og:title\" content=\"Accidente de choque y fuga en Houston | Disponible 24 horas | Calhoun Meredith\" \/>\n<meta property=\"og:description\" content=\"Si necesita asistencia legal para un choque y fuga, llame a Calhoun Meredith para su consulta.\" \/>\n<meta property=\"og:url\" content=\"https:\/\/calhounmeredith.com\/es\/abogado-de-accidentes-de-auto\/accidente-de-choque-y-fuga\/\" \/>\n<meta property=\"og:site_name\" content=\"Calhoun Meredith\" \/>\n<meta property=\"article:publisher\" content=\"https:\/\/www.facebook.com\/calhounmeredithllc\" \/>\n<meta property=\"article:modified_time\" content=\"2025-07-11T15:51:09+00:00\" \/>\n<meta property=\"og:image\" content=\"https:\/\/calhounmeredith.com\/wp-content\/uploads\/2024\/05\/hit-and-run-2.webp\" \/>\n\t<meta property=\"og:image:width\" content=\"1230\" \/>\n\t<meta property=\"og:image:height\" content=\"821\" \/>\n\t<meta property=\"og:image:type\" content=\"image\/webp\" \/>\n<meta name=\"twitter:card\" content=\"summary_large_image\" \/>\n<meta name=\"twitter:label1\" content=\"Tiempo de lectura\" \/>\n\t<meta name=\"twitter:data1\" content=\"6 minutos\" \/>\n<!-- \/ Yoast SEO plugin. -->","yoast_head_json":{"title":"Accidente de choque y fuga en Houston | Disponible 24 horas | Calhoun Meredith","description":"Si necesita asistencia legal para un choque y fuga, llame a Calhoun Meredith para su consulta.","robots":{"index":"index","follow":"follow","max-snippet":"max-snippet:-1","max-image-preview":"max-image-preview:large","max-video-preview":"max-video-preview:-1"},"canonical":"https:\/\/calhounmeredith.com\/es\/abogado-de-accidentes-de-auto\/accidente-de-choque-y-fuga\/","og_locale":"es_MX","og_type":"article","og_title":"Accidente de choque y fuga en Houston | Disponible 24 horas | Calhoun Meredith","og_description":"Si necesita asistencia legal para un choque y fuga, llame a Calhoun Meredith para su consulta.","og_url":"https:\/\/calhounmeredith.com\/es\/abogado-de-accidentes-de-auto\/accidente-de-choque-y-fuga\/","og_site_name":"Calhoun Meredith","article_publisher":"https:\/\/www.facebook.com\/calhounmeredithllc","article_modified_time":"2025-07-11T15:51:09+00:00","og_image":[{"width":1230,"height":821,"url":"https:\/\/calhounmeredith.com\/wp-content\/uploads\/2024\/05\/hit-and-run-2.webp","type":"image\/webp"}],"twitter_card":"summary_large_image","twitter_misc":{"Tiempo de lectura":"6 minutos"},"schema":{"@context":"https:\/\/schema.org","@graph":[{"@type":"WebPage","@id":"https:\/\/calhounmeredith.com\/es\/abogado-de-accidentes-de-auto\/accidente-de-choque-y-fuga\/","url":"https:\/\/calhounmeredith.com\/es\/abogado-de-accidentes-de-auto\/accidente-de-choque-y-fuga\/","name":"Accidente de choque y fuga en Houston | Disponible 24 horas | Calhoun Meredith","isPartOf":{"@id":"https:\/\/calhounmeredith.com\/#website"},"primaryImageOfPage":{"@id":"https:\/\/calhounmeredith.com\/es\/abogado-de-accidentes-de-auto\/accidente-de-choque-y-fuga\/#primaryimage"},"image":{"@id":"https:\/\/calhounmeredith.com\/es\/abogado-de-accidentes-de-auto\/accidente-de-choque-y-fuga\/#primaryimage"},"thumbnailUrl":"https:\/\/calhounmeredith.com\/wp-content\/uploads\/2024\/05\/hit-and-run-2.webp","datePublished":"2021-02-18T23:26:53+00:00","dateModified":"2025-07-11T15:51:09+00:00","description":"Si necesita asistencia legal para un choque y fuga, llame a Calhoun Meredith para su consulta.","breadcrumb":{"@id":"https:\/\/calhounmeredith.com\/es\/abogado-de-accidentes-de-auto\/accidente-de-choque-y-fuga\/#breadcrumb"},"inLanguage":"es","potentialAction":[{"@type":"ReadAction","target":["https:\/\/calhounmeredith.com\/es\/abogado-de-accidentes-de-auto\/accidente-de-choque-y-fuga\/"]}]},{"@type":"ImageObject","inLanguage":"es","@id":"https:\/\/calhounmeredith.com\/es\/abogado-de-accidentes-de-auto\/accidente-de-choque-y-fuga\/#primaryimage","url":"https:\/\/calhounmeredith.com\/wp-content\/uploads\/2024\/05\/hit-and-run-2.webp","contentUrl":"https:\/\/calhounmeredith.com\/wp-content\/uploads\/2024\/05\/hit-and-run-2.webp","width":1230,"height":821},{"@type":"BreadcrumbList","@id":"https:\/\/calhounmeredith.com\/es\/abogado-de-accidentes-de-auto\/accidente-de-choque-y-fuga\/#breadcrumb","itemListElement":[{"@type":"ListItem","position":1,"name":"Home","item":"https:\/\/calhounmeredith.com\/es\/"},{"@type":"ListItem","position":2,"name":"Houston","item":"https:\/\/calhounmeredith.com\/es\/"},{"@type":"ListItem","position":3,"name":"Accidente de choque y fuga en Houston"}]},{"@type":"WebSite","@id":"https:\/\/calhounmeredith.com\/#website","url":"https:\/\/calhounmeredith.com\/","name":"Calhoun Meredith","description":"Houston Injury Law Firm","publisher":{"@id":"https:\/\/calhounmeredith.com\/#organization"},"potentialAction":[{"@type":"SearchAction","target":{"@type":"EntryPoint","urlTemplate":"https:\/\/calhounmeredith.com\/?s={search_term_string}"},"query-input":{"@type":"PropertyValueSpecification","valueRequired":true,"valueName":"search_term_string"}}],"inLanguage":"es"},{"@type":"Organization","@id":"https:\/\/calhounmeredith.com\/#organization","name":"Calhoun Meredith","url":"https:\/\/calhounmeredith.com\/","logo":{"@type":"ImageObject","inLanguage":"es","@id":"https:\/\/calhounmeredith.com\/#\/schema\/logo\/image\/","url":"https:\/\/calhounmeredith.com\/wp-content\/uploads\/2022\/04\/calhoun-meredith-new-logo01-colored.png","contentUrl":"https:\/\/calhounmeredith.com\/wp-content\/uploads\/2022\/04\/calhoun-meredith-new-logo01-colored.png","width":400,"height":200,"caption":"Calhoun Meredith"},"image":{"@id":"https:\/\/calhounmeredith.com\/#\/schema\/logo\/image\/"},"sameAs":["https:\/\/www.facebook.com\/calhounmeredithllc"]}]}},"_links":{"self":[{"href":"https:\/\/calhounmeredith.com\/es\/wp-json\/wp\/v2\/pages\/558","targetHints":{"allow":["GET"]}}],"collection":[{"href":"https:\/\/calhounmeredith.com\/es\/wp-json\/wp\/v2\/pages"}],"about":[{"href":"https:\/\/calhounmeredith.com\/es\/wp-json\/wp\/v2\/types\/page"}],"author":[{"embeddable":true,"href":"https:\/\/calhounmeredith.com\/es\/wp-json\/wp\/v2\/users\/21"}],"replies":[{"embeddable":true,"href":"https:\/\/calhounmeredith.com\/es\/wp-json\/wp\/v2\/comments?post=558"}],"version-history":[{"count":10,"href":"https:\/\/calhounmeredith.com\/es\/wp-json\/wp\/v2\/pages\/558\/revisions"}],"predecessor-version":[{"id":5924,"href":"https:\/\/calhounmeredith.com\/es\/wp-json\/wp\/v2\/pages\/558\/revisions\/5924"}],"up":[{"embeddable":true,"href":"https:\/\/calhounmeredith.com\/es\/wp-json\/wp\/v2\/pages\/543"}],"wp:featuredmedia":[{"embeddable":true,"href":"https:\/\/calhounmeredith.com\/es\/wp-json\/wp\/v2\/media\/3735"}],"wp:attachment":[{"href":"https:\/\/calhounmeredith.com\/es\/wp-json\/wp\/v2\/media?parent=558"}],"curies":[{"name":"wp","href":"https:\/\/api.w.org\/{rel}","templated":true}]}}