{"id":556,"date":"2021-02-10T10:33:30","date_gmt":"2021-02-10T15:33:30","guid":{"rendered":"http:\/\/localhost:10028\/houston\/head-on-collision-lawyer\/"},"modified":"2025-11-13T15:12:59","modified_gmt":"2025-11-13T15:12:59","slug":"colision-frontal","status":"publish","type":"page","link":"https:\/\/calhounmeredith.com\/es\/abogado-de-accidentes-de-auto\/colision-frontal\/","title":{"rendered":"Abogado de colisi\u00f3n frontal en Houston"},"content":{"rendered":"\r\n<p>El impacto de las colisiones frontales es altamente trascendental. Muchos accidentes de colisi\u00f3n frontal en Houston han causado muertes (el 18 por ciento de los casos resultaron mortales), y eso se debe a que el impulso combinado de ambos veh\u00edculos puede ofrecer una fuerza desgarradora a los pasajeros. Si se ve involucrado en uno de estos accidentes, usted necesitar\u00e1 consultar a un abogado experimentado en colisiones frontales de Houston.<\/p>\r\n\r\n\r\n\r\n<p>Estas formas de accidentes no son tan raras como usted puede suponer.\u00a0Las colisiones frontales ocurren con bastante frecuencia, y aunque no siempre son fatales, esto no los excluye de provocar muertes. Estar involucrado en una colisi\u00f3n frontal, especialmente si no es su culpa, puede ser profundamente traum\u00e1tico.<\/p>\r\n\r\n\r\n\r\n<figure class=\"wp-block-image size-large\"><img decoding=\"async\" class=\"wp-image-300 lazyload\" data-src=\"https:\/\/calhounmeredith.com\/wp-content\/uploads\/2024\/05\/hhonreal.webp\" alt=\"Un accidente automovil\u00edstico gris y negro en una intersecci\u00f3n en Houston\" src=\"data:image\/svg+xml;base64,PHN2ZyB3aWR0aD0iMSIgaGVpZ2h0PSIxIiB4bWxucz0iaHR0cDovL3d3dy53My5vcmcvMjAwMC9zdmciPjwvc3ZnPg==\" style=\"--smush-placeholder-width: 600px; --smush-placeholder-aspect-ratio: 600\/400;\" \/><\/figure>\r\n\r\n\r\n\r\n<p>Incluso los accidentes menores pueden dejarle en gran agon\u00eda y causar graves da\u00f1os a la propiedad.\u00a0Las v\u00edctimas a menudo se quedan tratando de averiguar c\u00f3mo presentar una reclamaci\u00f3n por lesiones personales ante la compa\u00f1\u00eda de seguros.\u00a0<\/p>\r\n\r\n\r\n\r\n\r\n\r\n<p>Las p\u00f3lizas de seguro de autom\u00f3viles de responsabilidad civil no siempre son suficientes para cubrir las p\u00e9rdidas en este tipo de accidentes. Estamos aqu\u00ed para darle las opciones legales despu\u00e9s de un accidente de coche. Una <a href=\"https:\/\/calhounmeredith.com\/es\/si-le-atropella-un-auto\/\" target=\"_blank\" rel=\"noopener\">demanda por lesiones personales en Texas<\/a> podr\u00eda tomar semanas, pero nos aseguramos de que vea una compensaci\u00f3n por su atenci\u00f3n m\u00e9dica..<\/p>\r\n\r\n\r\n\r\n<p>Si usted estuvo involucrado en una colisi\u00f3n frontal o perdi\u00f3 a alguien a causa de un accidente de este tipo, puede buscar una compensaci\u00f3n financiera justa por sus p\u00e9rdidas a trav\u00e9s de una demanda por lesiones personales, y un abogado de colisi\u00f3n frontal de Houston competente puede hacer toda la diferencia en su reclamo.<\/p>\r\n\r\n\r\n\r\n<h2 class=\"wp-block-heading\"><strong>\u00bfPor qu\u00e9 ocurren los accidentes de colisi\u00f3n frontal en Houston, Texas?\u00a0<\/strong><\/h2>\r\n\r\n\r\n\r\n<p>Las colisiones frontales son comunes en las calles de Texas, especialmente cuando los coches cruzan el camell\u00f3n en un intento de pasar al veh\u00edculo delante de ellos, s\u00f3lo para colisionar con un coche o cami\u00f3n que se aproxima. Lo mismo es posible si alguien viola un carril de un solo sentido, ya sea intencional o involuntariamente.<\/p>\r\n\r\n\r\n\r\n<p>En Houston, las colisiones frontales pueden ocurrir en intersecciones donde los conductores a menudo no se detienen a tiempo cuando los sem\u00e1foros cambian a rojo (ya que iban a exceso de velocidad para evitar detenerse en primer lugar).\u00a0<\/p>\r\n\r\n\r\n\r\n<p>En todos estos escenarios, una cosa es com\u00fan: las colisiones frontales casi siempre resultan debido a la violaci\u00f3n de las leyes de tr\u00e1fico. Por lo tanto, el conductor culpable ser\u00e1 el que viole esas leyes, resultando en un accidente.<\/p>\r\n\r\n\r\n\r\n<h2 class=\"wp-block-heading\">Las causas comunes de las colisiones frontales en Houston se han reportado como:<\/h2>\r\n\r\n\r\n\r\n<ul class=\"wp-block-list\">\r\n<li>Conducir ebrio, conducir intoxicado o conducir bajo la influencia (de drogas) es una de las principales causas de este tipo de accidentes, especialmente en las intersecciones.\u00a0Los accidentes de conducci\u00f3n en estado de ebriedad pueden causar muertes y resultar en miles de d\u00f3lares en acuerdos. Incluso los conductores culpables pueden terminar necesitando de atenci\u00f3n m\u00e9dica para las lesiones de la m\u00e9dula espinal, lesiones cerebrales y otros tipos de lesiones porque conduc\u00edan distra\u00eddos, lo que result\u00f3 en un accidente. Dependiendo de su cobertura de seguro, es posible que no tengan una sobre s\u00ed mismos.\u00a0<\/li>\r\n<li>Otra de las principales causas de los litigios por lesiones personales en Texas es la conducci\u00f3n distra\u00edda, donde el conductor estaba ocupado enviando mensajes de texto en un tel\u00e9fono celular, comiendo o desatendido de otra manera, lo que conduce a una cat\u00e1strofe. Los registros telef\u00f3nicos de los tel\u00e9fonos inteligentes pueden ser citados por bufetes de abogados de accidentes que pueden ser utilizados en reclamos de accidentes. Estas pueden ser las pruebas necesarias en las negociaciones de acuerdos y dar lugar a una recuperaci\u00f3n sustancial financiera.\u00a0<\/li>\r\n<li>El horario de verano a menudo les cuesta a las personas una hora de sue\u00f1o, lo que hace que muchos se sientan somnolientos al volante, lo que resulta en accidentes fatales en una demanda por lesiones personales.\u00a0Conducir un veh\u00edculo en Texas requiere de estar alerta, especialmente con el terreno y los patrones de tr\u00e1fico. El informe policial deber\u00eda de ayudar a determinar si la conducci\u00f3n somnolienta fue un factor.\u00a0<\/li>\r\n<li>La conducci\u00f3n agresiva es otra causa notable de los accidentes frontales en Texas.\u00a0Los comportamientos imprudentes de conducci\u00f3n a menudo causan muchos tipos de colisiones, incluidas colisiones traseras.\u00a0\u00a0<\/li>\r\n<li>Algunas personas violan deliberadamente la ley en un veh\u00edculo sin otra raz\u00f3n m\u00e1s que ser un conductor imprudente, creyendo que est\u00e1n por encima de la ley.\u00a0El exceso de velocidad es un comportamiento imprudente de conducci\u00f3n que un informe policial puede indicar, esto se puede utilizar en las reclamaciones de seguro.\u00a0<\/li>\r\n<li>En algunos casos, el conductor puede simplemente perder el control del veh\u00edculo debido a problemas t\u00e9cnicos, como un neum\u00e1tico reventado. Usted todav\u00eda tiene derecho a una compensaci\u00f3n en este tipo de accidentes. La empresa que hizo el neum\u00e1tico puede ser responsable de los da\u00f1os si estaba defectuoso.<\/li>\r\n<\/ul>\r\n\r\n\r\n\r\n<p>Si usted estuvo involucrado en una colisi\u00f3n frontal, su demanda de reembolso financiero est\u00e1 justificada. Usted tendr\u00e1 que reunir todas las pruebas, hablar con los testigos y buscar su cooperaci\u00f3n, y luego tratar de resolver una compensaci\u00f3n justa en una demanda por lesiones personales contra la compa\u00f1\u00eda de seguros de la parte culpable.<\/p>\r\n\r\n\r\n\r\n<p>Sin embargo, si las cosas toman un mal rumbo con el acuerdo, usted puede salir y buscar la ayuda de abogados experimentados de accidentes automovil\u00edsticos. Nuestros clientes reciben ayuda a trav\u00e9s de todo el proceso de nuestra firma legal con experiencia. Nos aseguraremos de que si tiene preguntas le demos las respuestas que lo mantengan informado, incluso durante el juicio. Su demanda por <a href=\"https:\/\/calhounmeredith.com\/es\/abogado-de-lesiones-personales\/\" target=\"_blank\" rel=\"noopener\">lesiones personales de Houston ser\u00e1 manejada por el abogado<\/a> m\u00e1s experimentado de nuestra firma..<\/p>\r\n\r\n\r\n\r\n<h2 class=\"wp-block-heading\"><strong>Tipos de lesiones sufridas por colisiones frontales en Houston, Texas<\/strong><\/h2>\r\n\r\n\r\n\r\n<figure class=\"wp-block-image size-large\"><img decoding=\"async\" class=\"wp-image-298 lazyload\" data-src=\"https:\/\/calhounmeredith.com\/wp-content\/uploads\/2024\/05\/hhonblowntire.webp\" alt=\"Una llanta rota causada por un accidente en Houston\" src=\"data:image\/svg+xml;base64,PHN2ZyB3aWR0aD0iMSIgaGVpZ2h0PSIxIiB4bWxucz0iaHR0cDovL3d3dy53My5vcmcvMjAwMC9zdmciPjwvc3ZnPg==\" style=\"--smush-placeholder-width: 600px; --smush-placeholder-aspect-ratio: 600\/400;\" \/><\/figure>\r\n\r\n\r\n\r\n<p>Los da\u00f1os sufridos por las v\u00edctimas de colisiones frontales incluyen p\u00e9rdidas econ\u00f3micas y no econ\u00f3micas. En Houston, los accidentes graves han resultado ser fatales (a una velocidad de 43 mph), lo que resulta en la<a class=\"rank-math-link\" href=\"https:\/\/calhounmeredith.com\/es\/abogado-de-muerte-injusta\/\" target=\"_blank\" rel=\"noreferrer noopener\"> muerte injusta <\/a>de muchas personas, en tal caso, la familia del fallecido puede demandar a la parte responsable por su reclamo de negligencia, incluyendo los costos del entierro.<\/p>\r\n\r\n\r\n\r\n<p>Las lesiones comunes sufridas incluyen latigazo cervical, laceraciones y lesiones de tejidos blandos.\u00a0Las lesiones graves incluyen traumatismo cerebral grave (lesi\u00f3n cerebral traum\u00e1tica), golpes en la columna vertebral (lesiones de la m\u00e9dula espinal), lesiones en el cuello, hernias, moretones, cortes, lesiones de tejidos blandos, fracturas en los huesos, lesiones internas y da\u00f1os en \u00f3rganos son algunos de los posibles resultados para las v\u00edctimas en un accidente frontal. Muchos latigazos, lesiones abdominales, lesiones en la cabeza y lesiones secundarias son la causa de las bolsas de aire desplegadas en las colisiones de autom\u00f3viles. Una v\u00edctima de accidente en Houston, Texas, tendr\u00e1 que hacer una reclamaci\u00f3n de seguro contra el conductor culpable.<\/p>\r\n\r\n\r\n\r\n<p>Las cosas pueden empeorar hasta llegar a <a class=\"rank-math-link\" href=\"https:\/\/es.wikipedia.org\/wiki\/Amputaci%C3%B3n#:~:text=La%20amputaci%C3%B3n%20es%20el%20corte,tumor%20maligno%20o%20una%20gangrena.\" target=\"_blank\" rel=\"nofollow noreferrer noopener\">amputaciones<\/a>, desfiguraciones e incluso par\u00e1lisis.\u00a0Las lesiones catastr\u00f3ficas son los tipos de lesiones que los <a href=\"https:\/\/calhounmeredith.com\/es\/abogado-de-lesiones-personales\/\">abogados de lesiones personales<\/a> encuentran m\u00e1s a menudo en Houston, Texas..\u00a0La recuperaci\u00f3n f\u00edsica en estas situaciones puede crear una gran cantidad de dificultades para las familias y el seguro a menudo los dejar\u00e1 sin ning\u00fan camino disponible. Su abogado de choque se encargar\u00e1 de que sus necesidades se aborden en cada etapa del acuerdo y del proceso legal.<\/p>\r\n\r\n\r\n\r\n<p>Los casos menores tambi\u00e9n involucran lesiones agonizantes y da\u00f1os a largo plazo en el cuerpo.\u00a0Las lesiones traum\u00e1ticas no tienen que ser lesiones f\u00edsicas, tambi\u00e9n pueden resultar en traumas emocionales para las v\u00edctimas de lesiones. La ansiedad o el trastorno de estr\u00e9s postraum\u00e1tico siempre es una posibilidad despu\u00e9s de un accidente causado por conductores negligentes. Un abogado de accidentes automovil\u00edsticos buscar\u00e1 el dinero para ayudarle a las familias a reconstruirse despu\u00e9s de cualquier tipo de colisi\u00f3n.<\/p>\r\n\r\n\r\n\r\n<p>Pero en la mayor\u00eda de los casos, el componente de los da\u00f1os a la propiedad (en forma de costo de reparaci\u00f3n de veh\u00edculos) es igual de abrumador. Tener un veh\u00edculo que est\u00e1 fuera de servicio puede crear a\u00fan m\u00e1s dificultades, especialmente para las v\u00edctimas de accidentes que esperan el pago de las compa\u00f1\u00edas de seguros.<\/p>\r\n\r\n\r\n\r\n<h2 class=\"wp-block-heading\"><strong>Compensaci\u00f3n financiera por los da\u00f1os de una colisi\u00f3n frontal en Houston<\/strong><\/h2>\r\n\r\n\r\n\r\n<p>Las lesiones traum\u00e1ticas sufridas por cualquier v\u00edctima de una colisi\u00f3n frontal exigen una compensaci\u00f3n justa del seguro por sus p\u00e9rdidas. No s\u00f3lo las lesiones por accidentes traum\u00e1ticos representan una presi\u00f3n econ\u00f3mica creciente sobre las personas, sino que tambi\u00e9n les dejan con dolor agonizante en el proceso y eso sin mencionar la carga emocional de haber perdido a sus seres queridos a causa de un accidente fatal.\u00a0<\/p>\r\n\r\n\r\n\r\n<p>La siguiente lista cuenta los tipos de reembolsos financieros que el proveedor de seguros de la parte culpable deber\u00eda cubrir:<\/p>\r\n\r\n\r\n\r\n<ul class=\"wp-block-list\">\r\n<li>Todos los gastos m\u00e9dicos que necesite reclamar debido al accidente, incluyendo facturas de medicina, cirug\u00edas, fisioterapia, consejer\u00eda psiqui\u00e1trica, etc. Muchos de los gastos cubiertos depender\u00e1n del tipo de cobertura que el responsable tuviera (o si tienen p\u00f3lizas de seguro en lo absoluto).\u00a0<\/li>\r\n<li>Cualquier p\u00e9rdida de ingresos debido a la incapacidad de ir a trabajar despu\u00e9s de un accidente.\u00a0Los salarios son una forma de da\u00f1os econ\u00f3micos que las v\u00edctimas de accidentes a menudo buscan de las compa\u00f1\u00edas de seguros.\u00a0<\/li>\r\n<li>Todos los gastos de su bolsillo necesarios por el accidente y la negligencia.\u00a0Las lesiones f\u00edsicas pueden ser una forma de lesi\u00f3n traum\u00e1tica, en la que se requiere atenci\u00f3n inmediata de emergencia.\u00a0<\/li>\r\n<li>Gastos para cuidados a largo plazo y requisitos de recuperaci\u00f3n. Los expertos pueden ser tra\u00eddos para dar fe de la angustia mental, la atenci\u00f3n m\u00e9dica continua y la depresi\u00f3n debilitante que una v\u00edctima de accidente ha sufrido, que puede ser requerido por el seguro. El juez y el jurado a menudo revisan este tipo de declaraciones al pronunciarse sobre los montos de liquidaci\u00f3n de la cobertura de la compa\u00f1\u00eda de seguros.\u00a0<\/li>\r\n<li>Compensaci\u00f3n por sufrir una p\u00e9rdida de alegr\u00eda de la vida, es decir, por haber perdido a un ser querido. En esta situaci\u00f3n, las familias pueden solicitar da\u00f1os por muerte injusta de la compa\u00f1\u00eda de seguros y una compensaci\u00f3n adicional por la p\u00e9rdida del consorcio.<\/li>\r\n<\/ul>\r\n\r\n\r\n\r\n<p>La compa\u00f1\u00eda de seguros a menudo utilizar\u00e1 incluso los m\u00e1s m\u00ednimos tecnicismos para negarse a pagar todo lo que necesita (en promedio, el acuerdo es de $30,000 d\u00f3lares). La mejor manera de asegurar su compensaci\u00f3n leg\u00edtima es involucrar siempre a su abogado de lesiones personales en el asunto. El nivel de pago depender\u00e1 del acuerdo que haga, los costos de su bolsillo y otra informaci\u00f3n recopilada de la investigaci\u00f3n de accidentes de su abogado. Cuando los ajustadores de reclamaciones no quieran cooperar, los abogados de accidentes de su veh\u00edculo ir\u00e1n a juicio para una sentencia sobre la reclamaci\u00f3n del seguro.<\/p>\r\n\r\n\r\n\r\n<p>No siempre se puede asumir que el conductor culpable tiene la cantidad correcta de cobertura del seguro, lo que requerir\u00e1 que encuentre un abogado de <a href=\"https:\/\/calhounmeredith.com\/es\/cuales-son-las-causas-comunes-de-los-accidentes-de-autobus-en-houston-tx\/\" target=\"_blank\" rel=\"noopener\">accidentes automovil\u00edsticos<\/a> experimentado.. Los ajustadores tambi\u00e9n tratar\u00e1n de introducir descubrimientos que podr\u00edan debilitar las pruebas presentadas por su abogado de colisiones frontales de Houston. Los testigos del accidente son la mejor forma de asegurar que la verdad sea sacada y que se haga justicia en t\u00e9rminos de pago.<\/p>\r\n\r\n\r\n\r\n<h2 class=\"wp-block-heading\"><strong>Ayudamos a las v\u00edctimas de colisiones frontales en Texas<\/strong><\/h2>\r\n\r\n\r\n\r\n<p>Nosotros, en Calhoun Meredith hemos ayudado una y otra vez a nuestros clientes en Texas a obtener las m\u00e1ximas compensaciones por sus lesiones y p\u00e9rdidas. Nuestro equipo de abogados est\u00e1 m\u00e1s que listo para enfrentar cualquier desaf\u00edo legal en su nombre contra el conductor culpable, incluso si eso significara llevar el asunto ante un tribunal con una demanda civil.<\/p>\r\n\r\n\r\n\r\n<figure class=\"wp-block-image size-large\"><img decoding=\"async\" class=\"wp-image-299 lazyload\" data-src=\"https:\/\/calhounmeredith.com\/wp-content\/uploads\/2024\/05\/hhoninjury.webp\" alt=\"Un hombre atiende a una dama despu\u00e9s de un choque frontal\" src=\"data:image\/svg+xml;base64,PHN2ZyB3aWR0aD0iMSIgaGVpZ2h0PSIxIiB4bWxucz0iaHR0cDovL3d3dy53My5vcmcvMjAwMC9zdmciPjwvc3ZnPg==\" style=\"--smush-placeholder-width: 600px; --smush-placeholder-aspect-ratio: 600\/400;\" \/><\/figure>\r\n\r\n\r\n\r\n<p>No dude en llamar a nuestra oficina, las sesiones de consulta son gratuitas. Nos encargaremos del proceso de una reclamaci\u00f3n de <a class=\"rank-math-link\" href=\"https:\/\/calhounmeredith.com\/es\/abogado-de-lesiones-personales\/\">lesiones personales<\/a> que facilitar\u00e1 el reembolso despu\u00e9s del accidente para nuestros clientes y sus familias.<\/p>\r\n\r\n\r\n\r\n<p>Entendemos lo importante que es conocer sus opciones de compensaci\u00f3n, raz\u00f3n por la cual lo vemos a trav\u00e9s del proceso del seguro. Utilizamos toda la informaci\u00f3n de los accidentes de tr\u00e1fico para garantizar que obtenga m\u00e1s que un acuerdo inadecuado. Revisaremos el informe del accidente, las declaraciones del m\u00e9dico, los registros m\u00e9dicos, sus salarios perdidos y todos los otros factores que pueden ser requeridos para un ensayo de lesiones personales.<\/p>\r\n\r\n\r\n\r\n<p>No tendr\u00e1 que preocuparse por no tener suficiente para pagarle a nuestros abogados, porque trabajamos de manera de contingencia, \u00a1solo pediremos nuestro pago cuando tenga el suyo! Para una evaluaci\u00f3n de casos, no dude en llamar y averiguar sus opciones. Usted tiene preguntas, tenemos las respuestas y consejos que necesitar\u00e1 para manejar a los ajustadores del seguro. Llame a <a class=\"rank-math-link\" href=\"\/es\/\" target=\"_blank\" rel=\"noreferrer noopener\">Calhoun Meredith<\/a>.<\/p>\r\n","protected":false},"excerpt":{"rendered":"<p>El impacto de las colisiones frontales es altamente trascendental. Muchos accidentes de colisi\u00f3n frontal en Houston han causado muertes (el 18 por ciento de los &hellip; <\/p>\n<p class=\"link-more\"><a href=\"https:\/\/calhounmeredith.com\/es\/abogado-de-accidentes-de-auto\/colision-frontal\/\" class=\"more-link\">Continuar leyendo<span class=\"screen-reader-text\"> &#8220;Abogado de colisi\u00f3n frontal en Houston&#8221;<\/span><\/a><\/p>\n","protected":false},"author":21,"featured_media":4119,"parent":543,"menu_order":0,"comment_status":"closed","ping_status":"closed","template":"","meta":{"_acf_changed":false,"footnotes":""},"class_list":["post-556","page","type-page","status-publish","has-post-thumbnail","hentry","entry"],"acf":[],"yoast_head":"<!-- This site is optimized with the Yoast SEO plugin v27.0 - https:\/\/yoast.com\/product\/yoast-seo-wordpress\/ -->\n<title>Abogado de colisi\u00f3n frontal en Houston<\/title>\n<meta name=\"description\" content=\"Accidentes automovil\u00edsticos pueden ser devastadores. Comun\u00edquese con un abogado de colisi\u00f3n frontal de Houston.\" \/>\n<meta name=\"robots\" content=\"index, follow, max-snippet:-1, max-image-preview:large, max-video-preview:-1\" \/>\n<link rel=\"canonical\" href=\"https:\/\/calhounmeredith.com\/es\/abogado-de-accidentes-de-auto\/colision-frontal\/\" \/>\n<meta property=\"og:locale\" content=\"es_MX\" \/>\n<meta property=\"og:type\" content=\"article\" \/>\n<meta property=\"og:title\" content=\"Abogado de colisi\u00f3n frontal en Houston\" \/>\n<meta property=\"og:description\" content=\"Accidentes automovil\u00edsticos pueden ser devastadores. Comun\u00edquese con un abogado de colisi\u00f3n frontal de Houston.\" \/>\n<meta property=\"og:url\" content=\"https:\/\/calhounmeredith.com\/es\/abogado-de-accidentes-de-auto\/colision-frontal\/\" \/>\n<meta property=\"og:site_name\" content=\"Calhoun Meredith\" \/>\n<meta property=\"article:publisher\" content=\"https:\/\/www.facebook.com\/calhounmeredithllc\" \/>\n<meta property=\"article:modified_time\" content=\"2025-11-13T15:12:59+00:00\" \/>\n<meta property=\"og:image\" content=\"https:\/\/calhounmeredith.com\/wp-content\/uploads\/2024\/05\/houston-head-on-collision-lawyer-1.webp\" \/>\n\t<meta property=\"og:image:width\" content=\"1280\" \/>\n\t<meta property=\"og:image:height\" content=\"1000\" \/>\n\t<meta property=\"og:image:type\" content=\"image\/webp\" \/>\n<meta name=\"twitter:card\" content=\"summary_large_image\" \/>\n<meta name=\"twitter:label1\" content=\"Tiempo de lectura\" \/>\n\t<meta name=\"twitter:data1\" content=\"10 minutos\" \/>\n<!-- \/ Yoast SEO plugin. -->","yoast_head_json":{"title":"Abogado de colisi\u00f3n frontal en Houston","description":"Accidentes automovil\u00edsticos pueden ser devastadores. Comun\u00edquese con un abogado de colisi\u00f3n frontal de Houston.","robots":{"index":"index","follow":"follow","max-snippet":"max-snippet:-1","max-image-preview":"max-image-preview:large","max-video-preview":"max-video-preview:-1"},"canonical":"https:\/\/calhounmeredith.com\/es\/abogado-de-accidentes-de-auto\/colision-frontal\/","og_locale":"es_MX","og_type":"article","og_title":"Abogado de colisi\u00f3n frontal en Houston","og_description":"Accidentes automovil\u00edsticos pueden ser devastadores. Comun\u00edquese con un abogado de colisi\u00f3n frontal de Houston.","og_url":"https:\/\/calhounmeredith.com\/es\/abogado-de-accidentes-de-auto\/colision-frontal\/","og_site_name":"Calhoun Meredith","article_publisher":"https:\/\/www.facebook.com\/calhounmeredithllc","article_modified_time":"2025-11-13T15:12:59+00:00","og_image":[{"width":1280,"height":1000,"url":"https:\/\/calhounmeredith.com\/wp-content\/uploads\/2024\/05\/houston-head-on-collision-lawyer-1.webp","type":"image\/webp"}],"twitter_card":"summary_large_image","twitter_misc":{"Tiempo de lectura":"10 minutos"},"schema":{"@context":"https:\/\/schema.org","@graph":[{"@type":"WebPage","@id":"https:\/\/calhounmeredith.com\/es\/abogado-de-accidentes-de-auto\/colision-frontal\/","url":"https:\/\/calhounmeredith.com\/es\/abogado-de-accidentes-de-auto\/colision-frontal\/","name":"Abogado de colisi\u00f3n frontal en Houston","isPartOf":{"@id":"https:\/\/calhounmeredith.com\/#website"},"primaryImageOfPage":{"@id":"https:\/\/calhounmeredith.com\/es\/abogado-de-accidentes-de-auto\/colision-frontal\/#primaryimage"},"image":{"@id":"https:\/\/calhounmeredith.com\/es\/abogado-de-accidentes-de-auto\/colision-frontal\/#primaryimage"},"thumbnailUrl":"https:\/\/calhounmeredith.com\/wp-content\/uploads\/2024\/05\/houston-head-on-collision-lawyer-1.webp","datePublished":"2021-02-10T15:33:30+00:00","dateModified":"2025-11-13T15:12:59+00:00","description":"Accidentes automovil\u00edsticos pueden ser devastadores. Comun\u00edquese con un abogado de colisi\u00f3n frontal de Houston.","breadcrumb":{"@id":"https:\/\/calhounmeredith.com\/es\/abogado-de-accidentes-de-auto\/colision-frontal\/#breadcrumb"},"inLanguage":"es","potentialAction":[{"@type":"ReadAction","target":["https:\/\/calhounmeredith.com\/es\/abogado-de-accidentes-de-auto\/colision-frontal\/"]}]},{"@type":"ImageObject","inLanguage":"es","@id":"https:\/\/calhounmeredith.com\/es\/abogado-de-accidentes-de-auto\/colision-frontal\/#primaryimage","url":"https:\/\/calhounmeredith.com\/wp-content\/uploads\/2024\/05\/houston-head-on-collision-lawyer-1.webp","contentUrl":"https:\/\/calhounmeredith.com\/wp-content\/uploads\/2024\/05\/houston-head-on-collision-lawyer-1.webp","width":1280,"height":1000},{"@type":"BreadcrumbList","@id":"https:\/\/calhounmeredith.com\/es\/abogado-de-accidentes-de-auto\/colision-frontal\/#breadcrumb","itemListElement":[{"@type":"ListItem","position":1,"name":"Home","item":"https:\/\/calhounmeredith.com\/es\/"},{"@type":"ListItem","position":2,"name":"Abogado de accidentes de auto en Houston","item":"https:\/\/calhounmeredith.com\/es\/abogado-de-accidentes-de-auto\/"},{"@type":"ListItem","position":3,"name":"Abogado de colisi\u00f3n frontal en Houston"}]},{"@type":"WebSite","@id":"https:\/\/calhounmeredith.com\/#website","url":"https:\/\/calhounmeredith.com\/","name":"Calhoun Meredith","description":"Houston Injury Law Firm","publisher":{"@id":"https:\/\/calhounmeredith.com\/#organization"},"potentialAction":[{"@type":"SearchAction","target":{"@type":"EntryPoint","urlTemplate":"https:\/\/calhounmeredith.com\/?s={search_term_string}"},"query-input":{"@type":"PropertyValueSpecification","valueRequired":true,"valueName":"search_term_string"}}],"inLanguage":"es"},{"@type":"Organization","@id":"https:\/\/calhounmeredith.com\/#organization","name":"Calhoun Meredith","url":"https:\/\/calhounmeredith.com\/","logo":{"@type":"ImageObject","inLanguage":"es","@id":"https:\/\/calhounmeredith.com\/#\/schema\/logo\/image\/","url":"https:\/\/calhounmeredith.com\/wp-content\/uploads\/2022\/04\/calhoun-meredith-new-logo01-colored.png","contentUrl":"https:\/\/calhounmeredith.com\/wp-content\/uploads\/2022\/04\/calhoun-meredith-new-logo01-colored.png","width":400,"height":200,"caption":"Calhoun Meredith"},"image":{"@id":"https:\/\/calhounmeredith.com\/#\/schema\/logo\/image\/"},"sameAs":["https:\/\/www.facebook.com\/calhounmeredithllc"]}]}},"_links":{"self":[{"href":"https:\/\/calhounmeredith.com\/es\/wp-json\/wp\/v2\/pages\/556","targetHints":{"allow":["GET"]}}],"collection":[{"href":"https:\/\/calhounmeredith.com\/es\/wp-json\/wp\/v2\/pages"}],"about":[{"href":"https:\/\/calhounmeredith.com\/es\/wp-json\/wp\/v2\/types\/page"}],"author":[{"embeddable":true,"href":"https:\/\/calhounmeredith.com\/es\/wp-json\/wp\/v2\/users\/21"}],"replies":[{"embeddable":true,"href":"https:\/\/calhounmeredith.com\/es\/wp-json\/wp\/v2\/comments?post=556"}],"version-history":[{"count":4,"href":"https:\/\/calhounmeredith.com\/es\/wp-json\/wp\/v2\/pages\/556\/revisions"}],"predecessor-version":[{"id":5950,"href":"https:\/\/calhounmeredith.com\/es\/wp-json\/wp\/v2\/pages\/556\/revisions\/5950"}],"up":[{"embeddable":true,"href":"https:\/\/calhounmeredith.com\/es\/wp-json\/wp\/v2\/pages\/543"}],"wp:featuredmedia":[{"embeddable":true,"href":"https:\/\/calhounmeredith.com\/es\/wp-json\/wp\/v2\/media\/4119"}],"wp:attachment":[{"href":"https:\/\/calhounmeredith.com\/es\/wp-json\/wp\/v2\/media?parent=556"}],"curies":[{"name":"wp","href":"https:\/\/api.w.org\/{rel}","templated":true}]}}