{"id":554,"date":"2021-02-02T20:30:59","date_gmt":"2021-02-03T01:30:59","guid":{"rendered":"http:\/\/localhost:10028\/houston\/government-relations\/"},"modified":"2025-07-25T10:24:04","modified_gmt":"2025-07-25T10:24:04","slug":"abogado-de-relaciones-gubernamentales","status":"publish","type":"page","link":"https:\/\/calhounmeredith.com\/es\/abogado-de-relaciones-gubernamentales\/","title":{"rendered":"Abogado de relaciones gubernamentales en Houston"},"content":{"rendered":"\r\n<h2 class=\"wp-block-heading\"><strong>Representando a organismos gubernamentales, personas y empresas que tratan con el gobierno<\/strong><\/h2>\r\n\r\n\r\n\r\n\r\n\r\n<p>La experiencia es clave cuando se trata de guiar a las personas y a organizaciones a trav\u00e9s de interacciones legales que tienen con las entidades gubernamentales y viceversa.\u00a0Calhoun Meredith, tiene esa experiencia y la aplica h\u00e1bilmente para abordar asuntos legales con los que nuestros clientes buscan ayuda, incluyendo:\u00a0<\/p>\r\n\r\n\r\n\r\n<h2 class=\"wp-block-heading\">Para individuos, grupos de inter\u00e9s y empresas:<\/h2>\r\n\r\n\r\n\r\n<ul class=\"wp-block-list\">\r\n<li>Navegaci\u00f3n de necesidades burocr\u00e1ticas como solicitar permisos, solicitar variaciones de zonificaci\u00f3n y m\u00e1s.<\/li>\r\n<li>Cumplimiento normativo y defensa\u00a0<\/li>\r\n<li>Redacci\u00f3n y revisi\u00f3n de documentos destinados a fines relacionados con el gobierno\u00a0<\/li>\r\n<li>Gesti\u00f3n: Desarrollar estrategias, redactar planes e influir en los responsables pol\u00edticos por el bien de los constituyentes.<\/li>\r\n<\/ul>\r\n\r\n\r\n\r\n<h2 class=\"wp-block-heading\">Para los organismos gubernamentales:\u00a0<\/h2>\r\n\r\n\r\n\r\n<ul class=\"wp-block-list\">\r\n<li>Contratos: Redacci\u00f3n, creaci\u00f3n, negociaci\u00f3n, finalizaci\u00f3n y administraci\u00f3n de acuerdos entre ciudades y otras entidades gubernamentales, particulares o empresas\u00a0<\/li>\r\n<li>Transacciones: Compra y venta de bienes p\u00fablicos, por ejemplo<\/li>\r\n<\/ul>\r\n\r\n\r\n\r\n<p>En cualquier asunto legal que enfrente al gobierno, nuestros <a href=\"https:\/\/calhounmeredith.com\/es\/houston\/abogado-de-transporte-publico\/\" target=\"_blank\" rel=\"noopener\">abogados de Houston<\/a> ofrecen una direcci\u00f3n clara y una resoluci\u00f3n eficiente.. Nuestro objetivo es simplificar los procesos al tiempo que facilitamos el logro de los objetivos de nuestros clientes.\u00a0Educar a los clientes seg\u00fan sea necesario es una caracter\u00edstica central de nuestros servicios legales.<\/p>\r\n\r\n\r\n\r\n<p><img decoding=\"async\" data-src=\"https:\/\/calhounmeredith.com\/wp-content\/uploads\/2024\/05\/Man-and-women-stand-outside-court-house-1-1.webp\" alt=\"Abogada de relaciones gubernamentales de Houston se encuentra fuera del juzgado\" width=\"577\" height=\"400\" src=\"data:image\/svg+xml;base64,PHN2ZyB3aWR0aD0iMSIgaGVpZ2h0PSIxIiB4bWxucz0iaHR0cDovL3d3dy53My5vcmcvMjAwMC9zdmciPjwvc3ZnPg==\" class=\"lazyload\" style=\"--smush-placeholder-width: 577px; --smush-placeholder-aspect-ratio: 577\/400;\" \/><\/p>\r\n\r\n\r\n\r\n<h2 class=\"wp-block-heading\"><strong>Lo que hace que nuestro bufete de abogados destaque en asuntos gubernamentales\u00a0\u00a0<\/strong><\/h2>\r\n\r\n\r\n\r\n<p>Nuestros abogados son \u00e1giles, ingeniosos e innovadores en la representaci\u00f3n legal para los clientes de ambos lados de los asuntos gubernamentales. Conocemos bien estos asuntos y hacemos lo nuestro para agilizar los procesos siempre que sea posible en el mejor inter\u00e9s de nuestros clientes.\u00a0<\/p>\r\n\r\n\r\n\r\n<p>Independientemente del problema o motivaci\u00f3n que traiga un cliente a nuestra empresa, subrayamos que es importante saber que una entidad gubernamental no es una persona. Por el contrario, los gobiernos existen por y para el pueblo.<\/p>\r\n\r\n\r\n\r\n<p>Las formas, procedimientos, reglas y reglamentos pueden parecer dictar muchas interacciones entre las personas y los \u00f3rganos burocr\u00e1ticos gubernamentales u \u00f3rganos legislativos. Sin embargo, un abogado experto puede mantener vivo el elemento humano. Cuando esto significa perseverar a pesar de los obst\u00e1culos o descubrir v\u00edas alternativas hacia el \u00e9xito, nosotros estaremos a la altura del trabajo.<\/p>\r\n\r\n\r\n\r\n<h2 class=\"wp-block-heading\"><strong>Resuelva su asunto legal que involucra a una entidad gubernamental<\/strong><\/h2>\r\n\r\n\r\n\r\n<p>D\u00e9jenos escuchar sus objetivos en las interacciones gubernamentales en ambos lados de la ecuaci\u00f3n y explicar c\u00f3mo podemos ayudarle. Ll\u00e1menos o p\u00f3ngase en contacto con nosotros en l\u00ednea para programar una consulta GRATUITA.<\/p>\r\n","protected":false},"excerpt":{"rendered":"<p>Representando a organismos gubernamentales, personas y empresas que tratan con el gobierno La experiencia es clave cuando se trata de guiar a las personas y &hellip; <\/p>\n<p class=\"link-more\"><a href=\"https:\/\/calhounmeredith.com\/es\/abogado-de-relaciones-gubernamentales\/\" class=\"more-link\">Continuar leyendo<span class=\"screen-reader-text\"> &#8220;Abogado de relaciones gubernamentales en Houston&#8221;<\/span><\/a><\/p>\n","protected":false},"author":21,"featured_media":3642,"parent":0,"menu_order":0,"comment_status":"closed","ping_status":"closed","template":"","meta":{"_acf_changed":false,"footnotes":""},"class_list":["post-554","page","type-page","status-publish","has-post-thumbnail","hentry","entry"],"acf":[],"yoast_head":"<!-- This site is optimized with the Yoast SEO plugin v27.0 - https:\/\/yoast.com\/product\/yoast-seo-wordpress\/ -->\n<title>Abogado de relaciones gubernamentales en Houston<\/title>\n<meta name=\"description\" content=\"Abogado de relaciones gubernamentales en Houston est\u00e1n listo para asistir. Llama para su consulta gratuita.\" \/>\n<meta name=\"robots\" content=\"index, follow, max-snippet:-1, max-image-preview:large, max-video-preview:-1\" \/>\n<link rel=\"canonical\" href=\"https:\/\/calhounmeredith.com\/es\/abogado-de-relaciones-gubernamentales\/\" \/>\n<meta property=\"og:locale\" content=\"es_MX\" \/>\n<meta property=\"og:type\" content=\"article\" \/>\n<meta property=\"og:title\" content=\"Abogado de relaciones gubernamentales en Houston\" \/>\n<meta property=\"og:description\" content=\"Abogado de relaciones gubernamentales en Houston est\u00e1n listo para asistir. Llama para su consulta gratuita.\" \/>\n<meta property=\"og:url\" content=\"https:\/\/calhounmeredith.com\/es\/abogado-de-relaciones-gubernamentales\/\" \/>\n<meta property=\"og:site_name\" content=\"Calhoun Meredith\" \/>\n<meta property=\"article:publisher\" content=\"https:\/\/www.facebook.com\/calhounmeredithllc\" \/>\n<meta property=\"article:modified_time\" content=\"2025-07-25T10:24:04+00:00\" \/>\n<meta property=\"og:image\" content=\"https:\/\/calhounmeredith.com\/wp-content\/uploads\/2024\/05\/man-and-women-stand-out-side-court-house-150x150-1.webp\" \/>\n\t<meta property=\"og:image:width\" content=\"150\" \/>\n\t<meta property=\"og:image:height\" content=\"150\" \/>\n\t<meta property=\"og:image:type\" content=\"image\/webp\" \/>\n<meta name=\"twitter:card\" content=\"summary_large_image\" \/>\n<meta name=\"twitter:label1\" content=\"Tiempo de lectura\" \/>\n\t<meta name=\"twitter:data1\" content=\"3 minutos\" \/>\n<!-- \/ Yoast SEO plugin. -->","yoast_head_json":{"title":"Abogado de relaciones gubernamentales en Houston","description":"Abogado de relaciones gubernamentales en Houston est\u00e1n listo para asistir. Llama para su consulta gratuita.","robots":{"index":"index","follow":"follow","max-snippet":"max-snippet:-1","max-image-preview":"max-image-preview:large","max-video-preview":"max-video-preview:-1"},"canonical":"https:\/\/calhounmeredith.com\/es\/abogado-de-relaciones-gubernamentales\/","og_locale":"es_MX","og_type":"article","og_title":"Abogado de relaciones gubernamentales en Houston","og_description":"Abogado de relaciones gubernamentales en Houston est\u00e1n listo para asistir. Llama para su consulta gratuita.","og_url":"https:\/\/calhounmeredith.com\/es\/abogado-de-relaciones-gubernamentales\/","og_site_name":"Calhoun Meredith","article_publisher":"https:\/\/www.facebook.com\/calhounmeredithllc","article_modified_time":"2025-07-25T10:24:04+00:00","og_image":[{"width":150,"height":150,"url":"https:\/\/calhounmeredith.com\/wp-content\/uploads\/2024\/05\/man-and-women-stand-out-side-court-house-150x150-1.webp","type":"image\/webp"}],"twitter_card":"summary_large_image","twitter_misc":{"Tiempo de lectura":"3 minutos"},"schema":{"@context":"https:\/\/schema.org","@graph":[{"@type":"WebPage","@id":"https:\/\/calhounmeredith.com\/es\/abogado-de-relaciones-gubernamentales\/","url":"https:\/\/calhounmeredith.com\/es\/abogado-de-relaciones-gubernamentales\/","name":"Abogado de relaciones gubernamentales en Houston","isPartOf":{"@id":"https:\/\/calhounmeredith.com\/#website"},"primaryImageOfPage":{"@id":"https:\/\/calhounmeredith.com\/es\/abogado-de-relaciones-gubernamentales\/#primaryimage"},"image":{"@id":"https:\/\/calhounmeredith.com\/es\/abogado-de-relaciones-gubernamentales\/#primaryimage"},"thumbnailUrl":"https:\/\/calhounmeredith.com\/wp-content\/uploads\/2024\/05\/man-and-women-stand-out-side-court-house-150x150-1.webp","datePublished":"2021-02-03T01:30:59+00:00","dateModified":"2025-07-25T10:24:04+00:00","description":"Abogado de relaciones gubernamentales en Houston est\u00e1n listo para asistir. Llama para su consulta gratuita.","breadcrumb":{"@id":"https:\/\/calhounmeredith.com\/es\/abogado-de-relaciones-gubernamentales\/#breadcrumb"},"inLanguage":"es","potentialAction":[{"@type":"ReadAction","target":["https:\/\/calhounmeredith.com\/es\/abogado-de-relaciones-gubernamentales\/"]}]},{"@type":"ImageObject","inLanguage":"es","@id":"https:\/\/calhounmeredith.com\/es\/abogado-de-relaciones-gubernamentales\/#primaryimage","url":"https:\/\/calhounmeredith.com\/wp-content\/uploads\/2024\/05\/man-and-women-stand-out-side-court-house-150x150-1.webp","contentUrl":"https:\/\/calhounmeredith.com\/wp-content\/uploads\/2024\/05\/man-and-women-stand-out-side-court-house-150x150-1.webp","width":150,"height":150},{"@type":"BreadcrumbList","@id":"https:\/\/calhounmeredith.com\/es\/abogado-de-relaciones-gubernamentales\/#breadcrumb","itemListElement":[{"@type":"ListItem","position":1,"name":"Home","item":"https:\/\/calhounmeredith.com\/es\/"},{"@type":"ListItem","position":2,"name":"Abogado de relaciones gubernamentales en Houston"}]},{"@type":"WebSite","@id":"https:\/\/calhounmeredith.com\/#website","url":"https:\/\/calhounmeredith.com\/","name":"Calhoun Meredith","description":"Houston Injury Law Firm","publisher":{"@id":"https:\/\/calhounmeredith.com\/#organization"},"potentialAction":[{"@type":"SearchAction","target":{"@type":"EntryPoint","urlTemplate":"https:\/\/calhounmeredith.com\/?s={search_term_string}"},"query-input":{"@type":"PropertyValueSpecification","valueRequired":true,"valueName":"search_term_string"}}],"inLanguage":"es"},{"@type":"Organization","@id":"https:\/\/calhounmeredith.com\/#organization","name":"Calhoun Meredith","url":"https:\/\/calhounmeredith.com\/","logo":{"@type":"ImageObject","inLanguage":"es","@id":"https:\/\/calhounmeredith.com\/#\/schema\/logo\/image\/","url":"https:\/\/calhounmeredith.com\/wp-content\/uploads\/2022\/04\/calhoun-meredith-new-logo01-colored.png","contentUrl":"https:\/\/calhounmeredith.com\/wp-content\/uploads\/2022\/04\/calhoun-meredith-new-logo01-colored.png","width":400,"height":200,"caption":"Calhoun Meredith"},"image":{"@id":"https:\/\/calhounmeredith.com\/#\/schema\/logo\/image\/"},"sameAs":["https:\/\/www.facebook.com\/calhounmeredithllc"]}]}},"_links":{"self":[{"href":"https:\/\/calhounmeredith.com\/es\/wp-json\/wp\/v2\/pages\/554","targetHints":{"allow":["GET"]}}],"collection":[{"href":"https:\/\/calhounmeredith.com\/es\/wp-json\/wp\/v2\/pages"}],"about":[{"href":"https:\/\/calhounmeredith.com\/es\/wp-json\/wp\/v2\/types\/page"}],"author":[{"embeddable":true,"href":"https:\/\/calhounmeredith.com\/es\/wp-json\/wp\/v2\/users\/21"}],"replies":[{"embeddable":true,"href":"https:\/\/calhounmeredith.com\/es\/wp-json\/wp\/v2\/comments?post=554"}],"version-history":[{"count":4,"href":"https:\/\/calhounmeredith.com\/es\/wp-json\/wp\/v2\/pages\/554\/revisions"}],"predecessor-version":[{"id":6142,"href":"https:\/\/calhounmeredith.com\/es\/wp-json\/wp\/v2\/pages\/554\/revisions\/6142"}],"wp:featuredmedia":[{"embeddable":true,"href":"https:\/\/calhounmeredith.com\/es\/wp-json\/wp\/v2\/media\/3642"}],"wp:attachment":[{"href":"https:\/\/calhounmeredith.com\/es\/wp-json\/wp\/v2\/media?parent=554"}],"curies":[{"name":"wp","href":"https:\/\/api.w.org\/{rel}","templated":true}]}}