{"id":552,"date":"2021-02-02T20:29:14","date_gmt":"2021-02-03T01:29:14","guid":{"rendered":"http:\/\/localhost:10028\/houston\/entertainment-law-attorney\/"},"modified":"2024-06-05T09:32:23","modified_gmt":"2024-06-05T09:32:23","slug":"abogado-de-derecho-de-entretenimiento","status":"publish","type":"page","link":"https:\/\/calhounmeredith.com\/es\/houston\/abogado-de-derecho-de-entretenimiento\/","title":{"rendered":"Abogado De Derecho De Entretenimiento En Houston"},"content":{"rendered":"\r\n<h2 class=\"wp-block-heading\"><strong>Artistas: Estamos listos para ser sus abogados de confianza<\/strong><\/h2>\r\n\r\n\r\n\r\n\r\n\r\n<p>El panorama legal para paisajistas, actores y otros tipos de artistas est\u00e1 en su mejor etapa para las oportunidades, as\u00ed como para los desaf\u00edos a medida que se busca mejorar la autodirecci\u00f3n y la rentabilidad.\u00a0<\/p>\r\n\r\n\r\n\r\n<p>Ya sea cantante, bailar\u00edn, artista visual, comediante, autor o cualquier otro tipo de artista, sus objetivos probablemente se centren en su creatividad y en aumentar la exposici\u00f3n entre los fans potenciales.<\/p>\r\n\r\n\r\n\r\n<p>Como abogados experimentados en el Derecho de medios, admiramos y aplaudimos su esp\u00edritu de emprender. El hecho de que haya llegado a esta p\u00e1gina web probablemente significa que entiende la importancia y el valor del asesoramiento legal en sus empresas art\u00edsticas. Tal vez usted es un atleta que se prepara para ser profesional, con actividades de entretenimiento incluidas en su anticipada trayectoria profesional.<\/p>\r\n\r\n\r\n\r\n<h2 class=\"wp-block-heading\">Sea cual sea su direcci\u00f3n art\u00edstica, le damos la bienvenida a su consulta en Calhoun Meredith, con respecto a:<\/h2>\r\n\r\n\r\n\r\n<ul class=\"wp-block-list\">\r\n<li>Negociaci\u00f3n de contratos\u00a0<\/li>\r\n<li>Acuerdos de rendimiento\u00a0<\/li>\r\n<li>Acuerdos de Grabaci\u00f3n<\/li>\r\n<li>Contratos de Publicaci\u00f3n<\/li>\r\n<li>Licencias\u00a0<\/li>\r\n<li>Derechos de autor, marcas comerciales y patentes\u00a0<\/li>\r\n<li>Puesta en marcha y operaciones empresariales, incluyendo a empresas secundarias\u00a0<\/li>\r\n<li>Prevenci\u00f3n y resoluci\u00f3n de controversias legales que impliquen:\u00a0<\/li>\r\n<\/ul>\r\n\r\n\r\n\r\n<ul class=\"wp-block-list\">\r\n<li>Compa\u00f1eros\u00a0<\/li>\r\n<li>Agentes\u00a0<\/li>\r\n<li>Arrendadores<\/li>\r\n<li>Promotores\u00a0<\/li>\r\n<li>Otras entidades relacionadas con sus emprendimientos art\u00edsticos<\/li>\r\n<\/ul>\r\n\r\n\r\n\r\n<h2 class=\"wp-block-heading\"><strong>Representaci\u00f3n de 360 grados para individuos y grupos creativos<\/strong><\/h2>\r\n\r\n\r\n\r\n<p>Nuestro equipo de abogados tiene las cualidades que usted est\u00e1 buscando en los defensores en los que confiar: Somos j\u00f3venes, en\u00e9rgicos, bien preparados e innovadores. Si trabaja con nosotros, estamos seguros de que siempre sabr\u00e1 que estamos de su lado.\u00a0<\/p>\r\n\r\n\r\n\r\n<p>El elemento de confianza se aplica en todos los aspectos de los servicios legales que ofrecemos, incluidas las tarifas y la facturaci\u00f3n. La transparencia es nuestra pol\u00edtica. Estamos constantemente centrados en el cliente, ya que nos comprometemos con las verdaderas necesidades y objetivos que este tiene como artista.<\/p>\r\n\r\n\r\n\r\n<h2 class=\"wp-block-heading\"><strong>Sus objetivos para el \u00e9xito es nuestro camino a seguir para los servicios legales<\/strong><\/h2>\r\n\r\n\r\n\r\n<figure class=\"wp-block-image size-large\"><img decoding=\"async\" class=\"wp-image-1456 lazyload\" data-src=\"https:\/\/calhounmeredith.com\/wp-content\/uploads\/2024\/06\/entertainment-lawyer-1.webp\" alt=\"Abogado de entretenimiento con clientes en un bufete de abogados de Houston\" src=\"data:image\/svg+xml;base64,PHN2ZyB3aWR0aD0iMSIgaGVpZ2h0PSIxIiB4bWxucz0iaHR0cDovL3d3dy53My5vcmcvMjAwMC9zdmciPjwvc3ZnPg==\" style=\"--smush-placeholder-width: 600px; --smush-placeholder-aspect-ratio: 600\/400;\" \/><\/figure>\r\n\r\n\r\n\r\n<p>Estamos interesados sobre todo en ofrecer valor mientras apoyamos sus emprendimientos creativos al convertirse en nuestro cliente. Queremos ayudarle en:\u00a0<\/p>\r\n\r\n\r\n\r\n<ul class=\"wp-block-list\">\r\n<li>Proteger su propiedad intelectual\u00a0<\/li>\r\n<li>Posicionarlo para el crecimiento y el \u00e9xito continuo\u00a0<\/li>\r\n<li>Mantenerlo en cumplimiento de las regulaciones y requisitos relacionados con el gobierno\u00a0<\/li>\r\n<li>Facilitarle los tratos constructivos con todas las personas y entidades jur\u00eddicas con las que interactuar\u00e1 mientras persigue su sue\u00f1o como artista<\/li>\r\n<\/ul>\r\n\r\n\r\n\r\n<p>Consideramos que nuestro asesor legal tiene \u00e9xito cuando nuestros clientes artistas son capaces de mantenerse enfocados en el trabajo creativo mientras nosotros nos ocupamos de los asuntos legales.<\/p>\r\n\r\n\r\n\r\n<h2 class=\"wp-block-heading\"><strong>Solicitar una consulta con un abogado innovador y din\u00e1mico del entretenimiento<\/strong><\/h2>\r\n\r\n\r\n\r\n<p>Estamos ansiosos por saber acerca de sus planes de negocios dentro del entretenimiento y las necesidades legales asociadas a este. Perm\u00edtanos explicar c\u00f3mo podemos aportar claridad y direcci\u00f3n en todas las cosas legales relacionadas con sus emprendimientos creativos. \u00a1Ll\u00e1menos o cont\u00e1ctenos en l\u00ednea hoy mismo!<\/p>\r\n","protected":false},"excerpt":{"rendered":"<p>Artistas: Estamos listos para ser sus abogados de confianza El panorama legal para paisajistas, actores y otros tipos de artistas est\u00e1 en su mejor etapa &hellip; <\/p>\n<p class=\"link-more\"><a href=\"https:\/\/calhounmeredith.com\/es\/houston\/abogado-de-derecho-de-entretenimiento\/\" class=\"more-link\">Continuar leyendo<span class=\"screen-reader-text\"> &#8220;Abogado De Derecho De Entretenimiento En Houston&#8221;<\/span><\/a><\/p>\n","protected":false},"author":21,"featured_media":3628,"parent":526,"menu_order":0,"comment_status":"closed","ping_status":"closed","template":"","meta":{"_acf_changed":false,"footnotes":""},"class_list":["post-552","page","type-page","status-publish","has-post-thumbnail","hentry","entry"],"acf":[],"yoast_head":"<!-- This site is optimized with the Yoast SEO plugin v27.0 - https:\/\/yoast.com\/product\/yoast-seo-wordpress\/ -->\n<title>Abogado De Derecho De Entretenimiento En Houston<\/title>\n<meta name=\"description\" content=\"Abogados de derecho de entretenimiento est\u00e1n para asistir. Llama para su consulta gratuita. Consulta gratuita y sin costos iniciales.\" \/>\n<meta name=\"robots\" content=\"index, follow, max-snippet:-1, max-image-preview:large, max-video-preview:-1\" \/>\n<link rel=\"canonical\" href=\"https:\/\/calhounmeredith.com\/es\/houston\/abogado-de-derecho-de-entretenimiento\/\" \/>\n<meta property=\"og:locale\" content=\"es_MX\" \/>\n<meta property=\"og:type\" content=\"article\" \/>\n<meta property=\"og:title\" content=\"Abogado De Derecho De Entretenimiento En Houston\" \/>\n<meta property=\"og:description\" content=\"Abogados de derecho de entretenimiento est\u00e1n para asistir. Llama para su consulta gratuita. Consulta gratuita y sin costos iniciales.\" \/>\n<meta property=\"og:url\" content=\"https:\/\/calhounmeredith.com\/es\/houston\/abogado-de-derecho-de-entretenimiento\/\" \/>\n<meta property=\"og:site_name\" content=\"Calhoun Meredith\" \/>\n<meta property=\"article:publisher\" content=\"https:\/\/www.facebook.com\/calhounmeredithllc\" \/>\n<meta property=\"article:modified_time\" content=\"2024-06-05T09:32:23+00:00\" \/>\n<meta property=\"og:image\" content=\"https:\/\/calhounmeredith.com\/wp-content\/uploads\/2024\/05\/entertainment-lawyer.webp\" \/>\n\t<meta property=\"og:image:width\" content=\"1230\" \/>\n\t<meta property=\"og:image:height\" content=\"820\" \/>\n\t<meta property=\"og:image:type\" content=\"image\/webp\" \/>\n<meta name=\"twitter:card\" content=\"summary_large_image\" \/>\n<meta name=\"twitter:label1\" content=\"Tiempo de lectura\" \/>\n\t<meta name=\"twitter:data1\" content=\"2 minutos\" \/>\n<!-- \/ Yoast SEO plugin. -->","yoast_head_json":{"title":"Abogado De Derecho De Entretenimiento En Houston","description":"Abogados de derecho de entretenimiento est\u00e1n para asistir. Llama para su consulta gratuita. Consulta gratuita y sin costos iniciales.","robots":{"index":"index","follow":"follow","max-snippet":"max-snippet:-1","max-image-preview":"max-image-preview:large","max-video-preview":"max-video-preview:-1"},"canonical":"https:\/\/calhounmeredith.com\/es\/houston\/abogado-de-derecho-de-entretenimiento\/","og_locale":"es_MX","og_type":"article","og_title":"Abogado De Derecho De Entretenimiento En Houston","og_description":"Abogados de derecho de entretenimiento est\u00e1n para asistir. Llama para su consulta gratuita. Consulta gratuita y sin costos iniciales.","og_url":"https:\/\/calhounmeredith.com\/es\/houston\/abogado-de-derecho-de-entretenimiento\/","og_site_name":"Calhoun Meredith","article_publisher":"https:\/\/www.facebook.com\/calhounmeredithllc","article_modified_time":"2024-06-05T09:32:23+00:00","og_image":[{"width":1230,"height":820,"url":"https:\/\/calhounmeredith.com\/wp-content\/uploads\/2024\/05\/entertainment-lawyer.webp","type":"image\/webp"}],"twitter_card":"summary_large_image","twitter_misc":{"Tiempo de lectura":"2 minutos"},"schema":{"@context":"https:\/\/schema.org","@graph":[{"@type":"WebPage","@id":"https:\/\/calhounmeredith.com\/es\/houston\/abogado-de-derecho-de-entretenimiento\/","url":"https:\/\/calhounmeredith.com\/es\/houston\/abogado-de-derecho-de-entretenimiento\/","name":"Abogado De Derecho De Entretenimiento En Houston","isPartOf":{"@id":"https:\/\/calhounmeredith.com\/#website"},"primaryImageOfPage":{"@id":"https:\/\/calhounmeredith.com\/es\/houston\/abogado-de-derecho-de-entretenimiento\/#primaryimage"},"image":{"@id":"https:\/\/calhounmeredith.com\/es\/houston\/abogado-de-derecho-de-entretenimiento\/#primaryimage"},"thumbnailUrl":"https:\/\/calhounmeredith.com\/wp-content\/uploads\/2024\/05\/entertainment-lawyer.webp","datePublished":"2021-02-03T01:29:14+00:00","dateModified":"2024-06-05T09:32:23+00:00","description":"Abogados de derecho de entretenimiento est\u00e1n para asistir. Llama para su consulta gratuita. Consulta gratuita y sin costos iniciales.","breadcrumb":{"@id":"https:\/\/calhounmeredith.com\/es\/houston\/abogado-de-derecho-de-entretenimiento\/#breadcrumb"},"inLanguage":"es","potentialAction":[{"@type":"ReadAction","target":["https:\/\/calhounmeredith.com\/es\/houston\/abogado-de-derecho-de-entretenimiento\/"]}]},{"@type":"ImageObject","inLanguage":"es","@id":"https:\/\/calhounmeredith.com\/es\/houston\/abogado-de-derecho-de-entretenimiento\/#primaryimage","url":"https:\/\/calhounmeredith.com\/wp-content\/uploads\/2024\/05\/entertainment-lawyer.webp","contentUrl":"https:\/\/calhounmeredith.com\/wp-content\/uploads\/2024\/05\/entertainment-lawyer.webp","width":1230,"height":820},{"@type":"BreadcrumbList","@id":"https:\/\/calhounmeredith.com\/es\/houston\/abogado-de-derecho-de-entretenimiento\/#breadcrumb","itemListElement":[{"@type":"ListItem","position":1,"name":"Home","item":"https:\/\/calhounmeredith.com\/es\/"},{"@type":"ListItem","position":2,"name":"Houston","item":"https:\/\/calhounmeredith.com\/es\/"},{"@type":"ListItem","position":3,"name":"Abogado De Derecho De Entretenimiento En Houston"}]},{"@type":"WebSite","@id":"https:\/\/calhounmeredith.com\/#website","url":"https:\/\/calhounmeredith.com\/","name":"Calhoun Meredith","description":"Houston Injury Law Firm","publisher":{"@id":"https:\/\/calhounmeredith.com\/#organization"},"potentialAction":[{"@type":"SearchAction","target":{"@type":"EntryPoint","urlTemplate":"https:\/\/calhounmeredith.com\/?s={search_term_string}"},"query-input":{"@type":"PropertyValueSpecification","valueRequired":true,"valueName":"search_term_string"}}],"inLanguage":"es"},{"@type":"Organization","@id":"https:\/\/calhounmeredith.com\/#organization","name":"Calhoun Meredith","url":"https:\/\/calhounmeredith.com\/","logo":{"@type":"ImageObject","inLanguage":"es","@id":"https:\/\/calhounmeredith.com\/#\/schema\/logo\/image\/","url":"https:\/\/calhounmeredith.com\/wp-content\/uploads\/2022\/04\/calhoun-meredith-new-logo01-colored.png","contentUrl":"https:\/\/calhounmeredith.com\/wp-content\/uploads\/2022\/04\/calhoun-meredith-new-logo01-colored.png","width":400,"height":200,"caption":"Calhoun Meredith"},"image":{"@id":"https:\/\/calhounmeredith.com\/#\/schema\/logo\/image\/"},"sameAs":["https:\/\/www.facebook.com\/calhounmeredithllc"]}]}},"_links":{"self":[{"href":"https:\/\/calhounmeredith.com\/es\/wp-json\/wp\/v2\/pages\/552","targetHints":{"allow":["GET"]}}],"collection":[{"href":"https:\/\/calhounmeredith.com\/es\/wp-json\/wp\/v2\/pages"}],"about":[{"href":"https:\/\/calhounmeredith.com\/es\/wp-json\/wp\/v2\/types\/page"}],"author":[{"embeddable":true,"href":"https:\/\/calhounmeredith.com\/es\/wp-json\/wp\/v2\/users\/21"}],"replies":[{"embeddable":true,"href":"https:\/\/calhounmeredith.com\/es\/wp-json\/wp\/v2\/comments?post=552"}],"version-history":[{"count":3,"href":"https:\/\/calhounmeredith.com\/es\/wp-json\/wp\/v2\/pages\/552\/revisions"}],"predecessor-version":[{"id":4854,"href":"https:\/\/calhounmeredith.com\/es\/wp-json\/wp\/v2\/pages\/552\/revisions\/4854"}],"up":[{"embeddable":true,"href":"https:\/\/calhounmeredith.com\/es\/wp-json\/wp\/v2\/pages\/526"}],"wp:featuredmedia":[{"embeddable":true,"href":"https:\/\/calhounmeredith.com\/es\/wp-json\/wp\/v2\/media\/3628"}],"wp:attachment":[{"href":"https:\/\/calhounmeredith.com\/es\/wp-json\/wp\/v2\/media?parent=552"}],"curies":[{"name":"wp","href":"https:\/\/api.w.org\/{rel}","templated":true}]}}