{"id":550,"date":"2021-02-05T15:32:07","date_gmt":"2021-02-05T20:32:07","guid":{"rendered":"http:\/\/localhost:10028\/houston\/drunk-driving-accident-lawyer\/"},"modified":"2025-07-25T10:24:46","modified_gmt":"2025-07-25T10:24:46","slug":"abogado-de-accidentes-conducir-ebrio","status":"publish","type":"page","link":"https:\/\/calhounmeredith.com\/es\/abogado-de-accidentes-de-auto\/abogado-de-accidentes-conducir-ebrio\/","title":{"rendered":"Abogado de accidentes por conducir ebrio en Houston"},"content":{"rendered":"\r\n<p>Los accidentes por conducir en estado de ebriedad pueden ser graves, no s\u00f3lo son profundamente traumatizantes para la v\u00edctima y sus familiares, sino que tambi\u00e9n pueden llevar a fuertes p\u00e9rdidas financieras en forma de facturas m\u00e9dicas, da\u00f1os a la propiedad, salarios perdidos y gastos de su bolsillo. Estar en el extremo receptor de tal tragedia puede ser dif\u00edcil de superar.<\/p>\r\n\r\n\r\n\r\n<p>Sin embargo, los accidentes por conducir en estado de ebriedad son una realidad y no podemos apartar la cara de este hecho. Lo que podemos hacer es reunir toda nuestra fuerza, eliminar nuestro dolor y agon\u00eda por s\u00f3lo un momento (en la escena del accidente), y buscar una compensaci\u00f3n econ\u00f3mica por todo lo que tuvimos que pasar.\u00a0<\/p>\r\n\r\n\r\n\r\n<p>S\u00f3lo aseg\u00farese de abordar los asuntos despu\u00e9s de consultar con un abogado experimentado de lesiones personales.<\/p>\r\n\r\n\r\n\r\n<p>Si las cosas no funcionan con la compa\u00f1\u00eda de seguros, m\u00e1s adelante, es posible que tenga que proceder con la presentaci\u00f3n de una demanda por lesiones personales.\u00a0<\/p>\r\n\r\n\r\n\r\n<p>Si bien usted puede abordar el asunto por su cuenta, pero, como muchas personas aprenden de la manera dif\u00edcil, no es tan simple como parece. Conseguir que un conductor ebrio sea visto como el culpable (a pesar de que as\u00ed sea) es bastante dif\u00edcil, o que la compa\u00f1\u00eda de seguro utilice excusas para pagarle menos de lo que necesita o evitar el pago por completo.<\/p>\r\n\r\n\r\n\r\n\r\n\r\n<p>Este maltrato exige una acci\u00f3n legal r\u00e1pida, y un equipo de abogados competentes en accidentes de tr\u00e1fico se convertir\u00e1 en su mayor recurso en la b\u00fasqueda de una compensaci\u00f3n justa.<\/p>\r\n\r\n\r\n\r\n<h2 class=\"wp-block-heading\"><strong>\u00bfQu\u00e9 dice la ley en Houston Texas sobre los accidentes automovil\u00edsticos por conducir ebrios?<\/strong><\/h2>\r\n\r\n\r\n\r\n<figure class=\"wp-block-image size-large\"><img decoding=\"async\" class=\"wp-image-520 lazyload\" data-src=\"https:\/\/calhounmeredith.com\/wp-content\/uploads\/2024\/05\/houston-drunk-driving-accident-lawyer-featured-1.webp\" alt=\"Una dama en Houston entrega sus llaves despu\u00e9s de muchos tragos\" src=\"data:image\/svg+xml;base64,PHN2ZyB3aWR0aD0iMSIgaGVpZ2h0PSIxIiB4bWxucz0iaHR0cDovL3d3dy53My5vcmcvMjAwMC9zdmciPjwvc3ZnPg==\" style=\"--smush-placeholder-width: 1280px; --smush-placeholder-aspect-ratio: 1280\/1000;\" \/><\/figure>\r\n\r\n\r\n\r\n<p>Conducir bajo la influencia no es nada que se tome a la ligera. La ley de Texas es clara sobre qui\u00e9n tiene la culpa en un accidente de estos: el conductor intoxicado. Y eso no es todo, <a href=\"https:\/\/calhounmeredith.com\/houston-car-accident-lawyer\/common-injuries\/\" target=\"_blank\" rel=\"noopener\">los conductores intoxicados involucrados en un accidente automovil\u00edstico<\/a> enfrentar\u00e1n cargos criminales (tambi\u00e9n se considera un agravio). Sin embargo, esto no le ayudar\u00e1 en nada con todo el dolor y la agon\u00eda (y todos los tipos de da\u00f1os) por los que est\u00e1 pasando.<\/p>\r\n\r\n\r\n\r\n<p>Para un reembolso financiero justo por todos los da\u00f1os econ\u00f3micos y no econ\u00f3micos que sufri\u00f3, usted puede demandar al conductor culpable, a su proveedor de seguros o a la compa\u00f1\u00eda para la que trabajan; Si el veh\u00edculo pertenec\u00eda a dicha compa\u00f1\u00eda, solicite una consulta legal con los abogados competentes de accidentes de conducci\u00f3n tan pronto como sea posible, especialmente si planea presentar una demanda por lesiones personales.\u00a0<\/p>\r\n\r\n\r\n\r\n<p>Varios factores pueden contribuir a los accidentes por conducir en estado de ebriedad:<\/p>\r\n\r\n\r\n\r\n<p><strong>Conducir bajo la influencia<\/strong>: La ley de Texas proh\u00edbe estrictamente a cualquier individuo con una concentraci\u00f3n de alcohol en la sangre de .08% o m\u00e1s, de conducir. No hay tolerancia o flexibilidad, en este caso, conducir ebrio es un delito, punto. Los conductores menores de 21 a\u00f1os que se encuentren al volante con la m\u00e1s m\u00ednima dosis en la sangre, ser\u00e1n contabilizados como delincuentes, y si sufri\u00f3 lesiones graves, puede tener derecho a cobrar da\u00f1os punitivos.<\/p>\r\n\r\n\r\n\r\n<p><strong>El proveedor de alcohol<\/strong>: Tal vez el conductor ebrio fue a un restaurante o un bar que continu\u00f3 sirvi\u00e9ndole alcohol m\u00e1s all\u00e1 del l\u00edmite seguro de consumo, y no le impidi\u00f3 ponerse detr\u00e1s de las ruedas. Esta parte tambi\u00e9n es culpable en caso de <a href=\"https:\/\/calhounmeredith.com\/es\/a-quien-puedo-demandar-despues-de-un-accidente-de-camion\/\" target=\"_blank\" rel=\"noopener\">accidente automovil\u00edstico y tambi\u00e9n puede demandarlos<\/a> por todo lo que tuvo que pasar..<\/p>\r\n\r\n\r\n\r\n<p><strong>Condiciones inseguras de la calle<\/strong>: Si las condiciones de la calle en la escena del accidente de alguna manera contribuyeron a este accidente, aunque las posibilidades sean escasas, puede responsabilizar al estado de Texas tambi\u00e9n en su demanda por lesiones personales. Es posible presentar reclamaciones <a href=\"https:\/\/calhounmeredith.com\/es\/como-maximizar-su-acuerdo-por-lesiones\/\">por lesiones personales<\/a> contra el estado si no hacen que las calles sean seguras, d\u00e1ndoles una parte de la culpa.<\/p>\r\n\r\n\r\n\r\n<p>Sin embargo, obtener una buena oferta de liquidaci\u00f3n o reclamar su compensaci\u00f3n leg\u00edtima en un tribunal no es un asunto f\u00e1cil. S\u00f3lo abogados experimentados en accidentes de este tipo pueden ayudarle a trav\u00e9s de este asunto y obtener la asistencia financiera que necesita para volver a la normalidad.<\/p>\r\n\r\n\r\n\r\n<p><strong>(Tipos de lesiones sufridas por las v\u00edctimas de accidentes por conducci\u00f3n en estado de ebriedad)<\/strong><\/p>\r\n\r\n\r\n\r\n<p>Es dif\u00edcil hacer cualquier generalizaci\u00f3n en los tipos de da\u00f1os causados por un accidente de este tipo, sin embargo, una cosa es cierta, todas las formas y tipos de da\u00f1os merecen una compensaci\u00f3n y un abogado de lesiones personales se encargar\u00e1 de que usted lo reciba.<\/p>\r\n\r\n\r\n\r\n<p>La naturaleza de las lesiones depende principalmente de la escena del accidente, c\u00f3mo sucedi\u00f3 todo y qui\u00e9n estuvo involucrado. Por ejemplo, un peat\u00f3n atropellado por un conductor ebrio tendr\u00eda el extremo m\u00e1ximo de sufrimiento, mientras que una persona sentada en un veh\u00edculo puede estar algo protegida por bolsas de aire.<\/p>\r\n\r\n\r\n\r\n<p>Sin embargo, los accidentes automovil\u00edsticos graves a menudo resultan en desfiguraciones permanentes, amputaciones, golpes severos en huesos y m\u00fasculos, da\u00f1o a los \u00f3rganos internos, traumatismo cerebral, lesiones graves en la columna vertebral y, en algunos casos, una <a class=\"rank-math-link\" href=\"https:\/\/calhounmeredith.com\/es\/abogado-de-muerte-injusta\/\">muerte injusta<\/a>.<\/p>\r\n\r\n\r\n\r\n<p>Por lo tanto, decir que los accidentes de conducci\u00f3n en estado de ebriedad son peligrosos es un gran eufemismo. Conducir en estado de embriaguez puede llevarlo a consecuencias devastadoras, una posible lesi\u00f3n cerebral traum\u00e1tica puede tener impactos duraderos en la vida de la v\u00edctima, y cualquier persona que pase por este tratamiento es probable que no lo olvide en poco tiempo.\u00a0<\/p>\r\n\r\n\r\n\r\n<p>Si fue agraviado as\u00ed por un conductor ebrio y sufri\u00f3 lesiones graves, necesita reunir su coraje, ponerse en contacto con un abogado de <a href=\"https:\/\/calhounmeredith.com\/es\/como-se-determina-la-culpa\/\" target=\"_blank\" rel=\"noopener\">accidentes automovil\u00edsticos<\/a> experimentado, y buscar un acuerdo financiero aceptable para usted..<\/p>\r\n\r\n\r\n\r\n<h2 class=\"wp-block-heading\"><strong>\u00bfQu\u00e9 hacer despu\u00e9s de estos accidentes?<\/strong><\/h2>\r\n\r\n\r\n\r\n<p>Para cualquier <a href=\"https:\/\/calhounmeredith.com\/es\/despues-de-un-accidente-automovilistico\/\" target=\"_blank\" rel=\"noopener\">accidente automovil\u00edstico<\/a>, incluyendo los accidentes por conducir en estado de ebriedad, usted deber\u00e1 reunir su fuerza y tomar algunas medidas preliminares para asegurar su posici\u00f3n en la exigencia de una compensaci\u00f3n justa por todas las p\u00e9rdidas que sufri\u00f3.\u00a0<\/p>\r\n\r\n\r\n\r\n<figure class=\"wp-block-image size-large\"><img decoding=\"async\" class=\"wp-image-1143 lazyload\" data-src=\"https:\/\/calhounmeredith.com\/wp-content\/uploads\/2021\/01\/drunk-driver.webp\" alt=\"La polic\u00eda detiene a un hombre para una prueba de alcohol\" src=\"data:image\/svg+xml;base64,PHN2ZyB3aWR0aD0iMSIgaGVpZ2h0PSIxIiB4bWxucz0iaHR0cDovL3d3dy53My5vcmcvMjAwMC9zdmciPjwvc3ZnPg==\" style=\"--smush-placeholder-width: 623px; --smush-placeholder-aspect-ratio: 623\/400;\" \/><\/figure>\r\n\r\n\r\n\r\n<h3 class=\"wp-block-heading\">Esto es lo que debe hacer:<\/h3>\r\n\r\n\r\n\r\n<ul class=\"wp-block-list\">\r\n<li>Llame a la Polic\u00eda de Houston (o a cualquier otra agencia policial disponible) inmediatamente, y espere cerca de su veh\u00edculo (en una acera) hasta que lleguen los oficiales.\u00a0<\/li>\r\n<li>Tome fotograf\u00edas de la escena, imagine todo lo que pueda ayudarle a narrar los detalles del accidente, incluyendo sus lesiones, da\u00f1os a su coche y la matr\u00edcula del otro veh\u00edculo (esto es evidencia de primera mano).\u00a0<\/li>\r\n<li>Compruebe a la otra parte, pero tenga cuidado si est\u00e1n borrachos, trate de no agravar la situaci\u00f3n, determine si necesitan asistencia m\u00e9dica inmediata o no.\u00a0<\/li>\r\n<li>Pida la ayuda de cualquier transe\u00fante, y si hubo testigos presenciales, p\u00eddales que compartan su informaci\u00f3n de contacto, ya que pueden convertirse en recursos valiosos en su demanda.\u00a0<\/li>\r\n<li>Lleve copias de los informes policiales con usted, y lleve un registro de todos los gastos (tenga los recibos a la mano) que tuvo que soportar.<\/li>\r\n<li>Busque atenci\u00f3n m\u00e9dica a m\u00e1s tardar dentro de las 72 horas posteriores al accidente, y lleve notas de sus registros m\u00e9dicos.\u00a0<\/li>\r\n<li>Busque una compensaci\u00f3n financiera de la compa\u00f1\u00eda de seguros del conductor culpable, llev\u00e1ndose consigo los informes policiales, los registros m\u00e9dicos y la variedad de pruebas, conf\u00f3rmese con la oferta s\u00f3lo si es justa.<\/li>\r\n<\/ul>\r\n\r\n\r\n\r\n<p>Si usted siente que la compa\u00f1\u00eda de seguros est\u00e1 jugando sucio, o el ajustador est\u00e1 tratando de conseguir que acepte una suma m\u00e1s peque\u00f1a de lo que se merece leg\u00edtimamente, salga sin decir nada. Obtenga asistencia legal de un equipo de abogados experimentados de accidentes automovil\u00edsticos y lleve el asunto a la corte. Para un accidente general de atropello, que puede ocurrir con un conductor ebrio (pueden huir temiendo los cargos), el acuerdo promedio es de entre $10,000 y $25,000 d\u00f3lares.<\/p>\r\n\r\n\r\n\r\n<p>En casos graves (como es el caso de la mayor\u00eda de las <a href=\"https:\/\/calhounmeredith.com\/es\/abogado-de-accidentes-de-auto\/colision-frontal\/\" target=\"_blank\" rel=\"noopener\">colisiones frontales)<\/a>, sus abogados de accidentes de lesiones tambi\u00e9n pueden obtener compensaciones adicionales por su reclamo de lesiones.\u00a0<\/p>\r\n\r\n\r\n\r\n<p>Sin embargo, en casos graves de accidentes por conducir en estado de ebriedad, el reembolso puede ser m\u00e1s que eso, pero si siente que no est\u00e1s recibiendo lo que se merece, puede buscar justicia a trav\u00e9s de demandas civiles contra todas las partes culpables.<\/p>\r\n\r\n\r\n\r\n<h2 class=\"wp-block-heading\"><strong>Compensaci\u00f3n econ\u00f3mica para las v\u00edctimas de un accidente por conducci\u00f3n estado de ebriedad<\/strong><\/h2>\r\n\r\n\r\n\r\n<p>Puede acercarse a las compa\u00f1\u00edas de seguros de las partes culpables y presentar su reclamaci\u00f3n por <a class=\"rank-math-link\" href=\"https:\/\/calhounmeredith.com\/es\/abogado-de-lesiones-personales\/\" target=\"_blank\" rel=\"noreferrer noopener\">lesiones personales<\/a> ante ellas. Como v\u00edctima del accidente, usted tendr\u00e1 derecho a pedir un reembolso financiero para liquidar todos sus da\u00f1os econ\u00f3micos y no econ\u00f3micos, tales como:<\/p>\r\n\r\n\r\n\r\n<ul class=\"wp-block-list\">\r\n<li>Todos los gastos m\u00e9dicos, como la tarifa del m\u00e9dico, el costo del medicamento, el costo de cualquier fisioterapia, la compensaci\u00f3n por cargos de cirug\u00eda, el pago por su estancia en el hospital, etc.\u00a0<\/li>\r\n<li>Cualquier ingreso perdido que resultara de este accidente. Todos los d\u00edas que los m\u00e9dicos le ayudaban o que ten\u00eda que quedarse en casa en agon\u00eda, significaban tiempo cortado de sus horas de trabajo. Un acuerdo justo debe abordar esta p\u00e9rdida.\u00a0<\/li>\r\n<li>La agon\u00eda, la miseria, el dolor, el estr\u00e9s mental o cualquier desfiguraci\u00f3n permanente que haya tenido que soportar debido a la imprudencia de otra persona no puede pasar desapercibida, y la aseguradora est\u00e1 legalmente obligada a compensarle por eso.\u00a0<\/li>\r\n<li>Los da\u00f1os punitivos abarcan todas las p\u00e9rdidas que merecen un castigo ejemplar del conductor culpable para desalentar tal negligencia y falta de respeto a la ley en un futuro, tambi\u00e9n puede agregar esto a la lista de compensaci\u00f3n.<\/li>\r\n<\/ul>\r\n\r\n\r\n\r\n<p>Sin embargo, si la compa\u00f1\u00eda de seguros se niega a cooperar, puede abandonar y ejercer sus derechos legales. P\u00eddale a un equipo de abogados calificados de <a href=\"https:\/\/calhounmeredith.com\/es\/que-debe-hacer-si-usted-es-testigo-de-un-accidente-automovilistico\/\" target=\"_blank\" rel=\"noopener\">accidentes automovil\u00edsticos que redacte una demanda para usted<\/a> y lleve el asunto ante un tribunal.\u00a0<\/p>\r\n\r\n\r\n\r\n<p>Los abogados generalmente resumen todas sus p\u00e9rdidas econ\u00f3micas y se multiplican con un n\u00famero de hasta cinco basado en su grado de dolor y sufrimiento.\u00a0<\/p>\r\n\r\n\r\n\r\n<p>Ellos se encargar\u00e1n de que le den un reembolso justo.<\/p>\r\n\r\n\r\n\r\n<h2 class=\"wp-block-heading\"><strong>El equipo de Calhoun Meredith lo respalda<\/strong><\/h2>\r\n\r\n\r\n\r\n<p>Pasar por una fase as\u00ed en su vida puede ser dif\u00edcil, especialmente si el accidente fue grave. Sin embargo, todos debemos vivir, obtener su compensaci\u00f3n leg\u00edtima es lo \u00fanico que puede hacer para seguir adelante. Se sabe que las aseguradoras juegan sucio, no caiga en sus trampas, nos aseguramos de que nuestros clientes reciban el mejor tratamiento.\u00a0<\/p>\r\n\r\n\r\n\r\n<figure class=\"wp-block-image size-large\"><img decoding=\"async\" class=\"wp-image-1465 lazyload\" data-src=\"https:\/\/calhounmeredith.com\/wp-content\/uploads\/2024\/05\/DUI.webp\" alt=\"La polic\u00eda detiene a una dama para una prueba de alcohol\" src=\"data:image\/svg+xml;base64,PHN2ZyB3aWR0aD0iMSIgaGVpZ2h0PSIxIiB4bWxucz0iaHR0cDovL3d3dy53My5vcmcvMjAwMC9zdmciPjwvc3ZnPg==\" style=\"--smush-placeholder-width: 600px; --smush-placeholder-aspect-ratio: 600\/399;\" \/><\/figure>\r\n\r\n\r\n\r\n<p>Ya sea un accidente menor o uno importante (que puede resultar en muertes injustas), ponerse en contacto con un bufete de abogados nunca es una mala idea.<\/p>\r\n\r\n\r\n\r\n<p>En<a class=\"rank-math-link\" href=\"\/es\/\"> Calhoun Meredith<\/a>, respaldamos a nuestros clientes en todos los escenarios. Nuestros abogados calificados de accidentes automovil\u00edsticos se asegurar\u00e1n de que reciba la asistencia financiera que necesita para llevar su vida de vuelta a la normalidad. Las consultas iniciales son gratuitas, as\u00ed que no dude en llamarnos, le explicaremos todo, y si las cosas no se resuelven con las negociaciones, podemos ayudarle a continuar con una demanda por accidente de conducci\u00f3n. Usted no tiene que preocuparse por pagarnos por adelantado, ya que trabajamos sobre una base de honorarios de contingencia, lo que significa que s\u00f3lo pedimos un pago cuando nuestros clientes ganan su reclamo.<\/p>\r\n","protected":false},"excerpt":{"rendered":"<p>Los accidentes por conducir en estado de ebriedad pueden ser graves, no s\u00f3lo son profundamente traumatizantes para la v\u00edctima y sus familiares, sino que tambi\u00e9n &hellip; <\/p>\n<p class=\"link-more\"><a href=\"https:\/\/calhounmeredith.com\/es\/abogado-de-accidentes-de-auto\/abogado-de-accidentes-conducir-ebrio\/\" class=\"more-link\">Continuar leyendo<span class=\"screen-reader-text\"> &#8220;Abogado de accidentes por conducir ebrio en Houston&#8221;<\/span><\/a><\/p>\n","protected":false},"author":21,"featured_media":4060,"parent":543,"menu_order":0,"comment_status":"closed","ping_status":"closed","template":"","meta":{"_acf_changed":false,"footnotes":""},"class_list":["post-550","page","type-page","status-publish","has-post-thumbnail","hentry","entry"],"acf":[],"yoast_head":"<!-- This site is optimized with the Yoast SEO plugin v27.0 - https:\/\/yoast.com\/product\/yoast-seo-wordpress\/ -->\n<title>Abogado de accidentes por conducir ebrio en Houston<\/title>\n<meta name=\"description\" content=\"Accidentes por conductores ebrios puede afectar tu futuro. P\u00f3ngase en contacto con Calhoun, Meredith hoy mismo para analizar sus opciones.\" \/>\n<meta name=\"robots\" content=\"index, follow, max-snippet:-1, max-image-preview:large, max-video-preview:-1\" \/>\n<link rel=\"canonical\" href=\"https:\/\/calhounmeredith.com\/es\/abogado-de-accidentes-de-auto\/abogado-de-accidentes-conducir-ebrio\/\" \/>\n<meta property=\"og:locale\" content=\"es_MX\" \/>\n<meta property=\"og:type\" content=\"article\" \/>\n<meta property=\"og:title\" content=\"Abogado de accidentes por conducir ebrio en Houston\" \/>\n<meta property=\"og:description\" content=\"Accidentes por conductores ebrios puede afectar tu futuro. P\u00f3ngase en contacto con Calhoun, Meredith hoy mismo para analizar sus opciones.\" \/>\n<meta property=\"og:url\" content=\"https:\/\/calhounmeredith.com\/es\/abogado-de-accidentes-de-auto\/abogado-de-accidentes-conducir-ebrio\/\" \/>\n<meta property=\"og:site_name\" content=\"Calhoun Meredith\" \/>\n<meta property=\"article:publisher\" content=\"https:\/\/www.facebook.com\/calhounmeredithllc\" \/>\n<meta property=\"article:modified_time\" content=\"2025-07-25T10:24:46+00:00\" \/>\n<meta property=\"og:image\" content=\"https:\/\/calhounmeredith.com\/wp-content\/uploads\/2024\/05\/houston-drunk-driving-accident-lawyer-featured-1.webp\" \/>\n\t<meta property=\"og:image:width\" content=\"1280\" \/>\n\t<meta property=\"og:image:height\" content=\"1000\" \/>\n\t<meta property=\"og:image:type\" content=\"image\/webp\" \/>\n<meta name=\"twitter:card\" content=\"summary_large_image\" \/>\n<meta name=\"twitter:label1\" content=\"Tiempo de lectura\" \/>\n\t<meta name=\"twitter:data1\" content=\"9 minutos\" \/>\n<!-- \/ Yoast SEO plugin. -->","yoast_head_json":{"title":"Abogado de accidentes por conducir ebrio en Houston","description":"Accidentes por conductores ebrios puede afectar tu futuro. P\u00f3ngase en contacto con Calhoun, Meredith hoy mismo para analizar sus opciones.","robots":{"index":"index","follow":"follow","max-snippet":"max-snippet:-1","max-image-preview":"max-image-preview:large","max-video-preview":"max-video-preview:-1"},"canonical":"https:\/\/calhounmeredith.com\/es\/abogado-de-accidentes-de-auto\/abogado-de-accidentes-conducir-ebrio\/","og_locale":"es_MX","og_type":"article","og_title":"Abogado de accidentes por conducir ebrio en Houston","og_description":"Accidentes por conductores ebrios puede afectar tu futuro. P\u00f3ngase en contacto con Calhoun, Meredith hoy mismo para analizar sus opciones.","og_url":"https:\/\/calhounmeredith.com\/es\/abogado-de-accidentes-de-auto\/abogado-de-accidentes-conducir-ebrio\/","og_site_name":"Calhoun Meredith","article_publisher":"https:\/\/www.facebook.com\/calhounmeredithllc","article_modified_time":"2025-07-25T10:24:46+00:00","og_image":[{"width":1280,"height":1000,"url":"https:\/\/calhounmeredith.com\/wp-content\/uploads\/2024\/05\/houston-drunk-driving-accident-lawyer-featured-1.webp","type":"image\/webp"}],"twitter_card":"summary_large_image","twitter_misc":{"Tiempo de lectura":"9 minutos"},"schema":{"@context":"https:\/\/schema.org","@graph":[{"@type":"WebPage","@id":"https:\/\/calhounmeredith.com\/es\/abogado-de-accidentes-de-auto\/abogado-de-accidentes-conducir-ebrio\/","url":"https:\/\/calhounmeredith.com\/es\/abogado-de-accidentes-de-auto\/abogado-de-accidentes-conducir-ebrio\/","name":"Abogado de accidentes por conducir ebrio en Houston","isPartOf":{"@id":"https:\/\/calhounmeredith.com\/#website"},"primaryImageOfPage":{"@id":"https:\/\/calhounmeredith.com\/es\/abogado-de-accidentes-de-auto\/abogado-de-accidentes-conducir-ebrio\/#primaryimage"},"image":{"@id":"https:\/\/calhounmeredith.com\/es\/abogado-de-accidentes-de-auto\/abogado-de-accidentes-conducir-ebrio\/#primaryimage"},"thumbnailUrl":"https:\/\/calhounmeredith.com\/wp-content\/uploads\/2024\/05\/houston-drunk-driving-accident-lawyer-featured-1.webp","datePublished":"2021-02-05T20:32:07+00:00","dateModified":"2025-07-25T10:24:46+00:00","description":"Accidentes por conductores ebrios puede afectar tu futuro. P\u00f3ngase en contacto con Calhoun, Meredith hoy mismo para analizar sus opciones.","breadcrumb":{"@id":"https:\/\/calhounmeredith.com\/es\/abogado-de-accidentes-de-auto\/abogado-de-accidentes-conducir-ebrio\/#breadcrumb"},"inLanguage":"es","potentialAction":[{"@type":"ReadAction","target":["https:\/\/calhounmeredith.com\/es\/abogado-de-accidentes-de-auto\/abogado-de-accidentes-conducir-ebrio\/"]}]},{"@type":"ImageObject","inLanguage":"es","@id":"https:\/\/calhounmeredith.com\/es\/abogado-de-accidentes-de-auto\/abogado-de-accidentes-conducir-ebrio\/#primaryimage","url":"https:\/\/calhounmeredith.com\/wp-content\/uploads\/2024\/05\/houston-drunk-driving-accident-lawyer-featured-1.webp","contentUrl":"https:\/\/calhounmeredith.com\/wp-content\/uploads\/2024\/05\/houston-drunk-driving-accident-lawyer-featured-1.webp","width":1280,"height":1000},{"@type":"BreadcrumbList","@id":"https:\/\/calhounmeredith.com\/es\/abogado-de-accidentes-de-auto\/abogado-de-accidentes-conducir-ebrio\/#breadcrumb","itemListElement":[{"@type":"ListItem","position":1,"name":"Home","item":"https:\/\/calhounmeredith.com\/es\/"},{"@type":"ListItem","position":2,"name":"Houston","item":"https:\/\/calhounmeredith.com\/es\/"},{"@type":"ListItem","position":3,"name":"Abogado de accidentes por conducir ebrio en Houston"}]},{"@type":"WebSite","@id":"https:\/\/calhounmeredith.com\/#website","url":"https:\/\/calhounmeredith.com\/","name":"Calhoun Meredith","description":"Houston Injury Law Firm","publisher":{"@id":"https:\/\/calhounmeredith.com\/#organization"},"potentialAction":[{"@type":"SearchAction","target":{"@type":"EntryPoint","urlTemplate":"https:\/\/calhounmeredith.com\/?s={search_term_string}"},"query-input":{"@type":"PropertyValueSpecification","valueRequired":true,"valueName":"search_term_string"}}],"inLanguage":"es"},{"@type":"Organization","@id":"https:\/\/calhounmeredith.com\/#organization","name":"Calhoun Meredith","url":"https:\/\/calhounmeredith.com\/","logo":{"@type":"ImageObject","inLanguage":"es","@id":"https:\/\/calhounmeredith.com\/#\/schema\/logo\/image\/","url":"https:\/\/calhounmeredith.com\/wp-content\/uploads\/2022\/04\/calhoun-meredith-new-logo01-colored.png","contentUrl":"https:\/\/calhounmeredith.com\/wp-content\/uploads\/2022\/04\/calhoun-meredith-new-logo01-colored.png","width":400,"height":200,"caption":"Calhoun Meredith"},"image":{"@id":"https:\/\/calhounmeredith.com\/#\/schema\/logo\/image\/"},"sameAs":["https:\/\/www.facebook.com\/calhounmeredithllc"]}]}},"_links":{"self":[{"href":"https:\/\/calhounmeredith.com\/es\/wp-json\/wp\/v2\/pages\/550","targetHints":{"allow":["GET"]}}],"collection":[{"href":"https:\/\/calhounmeredith.com\/es\/wp-json\/wp\/v2\/pages"}],"about":[{"href":"https:\/\/calhounmeredith.com\/es\/wp-json\/wp\/v2\/types\/page"}],"author":[{"embeddable":true,"href":"https:\/\/calhounmeredith.com\/es\/wp-json\/wp\/v2\/users\/21"}],"replies":[{"embeddable":true,"href":"https:\/\/calhounmeredith.com\/es\/wp-json\/wp\/v2\/comments?post=550"}],"version-history":[{"count":3,"href":"https:\/\/calhounmeredith.com\/es\/wp-json\/wp\/v2\/pages\/550\/revisions"}],"predecessor-version":[{"id":6143,"href":"https:\/\/calhounmeredith.com\/es\/wp-json\/wp\/v2\/pages\/550\/revisions\/6143"}],"up":[{"embeddable":true,"href":"https:\/\/calhounmeredith.com\/es\/wp-json\/wp\/v2\/pages\/543"}],"wp:featuredmedia":[{"embeddable":true,"href":"https:\/\/calhounmeredith.com\/es\/wp-json\/wp\/v2\/media\/4060"}],"wp:attachment":[{"href":"https:\/\/calhounmeredith.com\/es\/wp-json\/wp\/v2\/media?parent=550"}],"curies":[{"name":"wp","href":"https:\/\/api.w.org\/{rel}","templated":true}]}}