{"id":548,"date":"2021-02-02T20:30:13","date_gmt":"2021-02-03T01:30:13","guid":{"rendered":"http:\/\/localhost:10028\/houston\/criminal-defense-attorney\/"},"modified":"2025-10-13T12:18:07","modified_gmt":"2025-10-13T12:18:07","slug":"abogado-de-defensa-criminal","status":"publish","type":"page","link":"https:\/\/calhounmeredith.com\/es\/abogado-de-defensa-criminal\/","title":{"rendered":"Abogado de defensa criminal de Houston"},"content":{"rendered":"\r\n<h2 class=\"wp-block-heading\"><strong>Protegiendo su libertad y su futuro<\/strong><\/h2>\r\n\r\n\r\n\r\n<p>Los cargos criminales nunca son un asunto menor, sin importar que tan leve pueda parecer una supuesta infracci\u00f3n. Por ejemplo, no existe tal cosa como la condena de conducir bajo la influencia de drogas o alcohol de &#8220;bajo nivel&#8221; (DUI por sus siglas en ingl\u00e9s). S\u00ed, hay diferentes niveles de severidad en las sanciones, pero cualquier DUI en el historial de un conductor puede causar obst\u00e1culos a largo plazo en muchas \u00e1reas de la vida. Una defensa fuerte es imprescindible para alguien que quiera la mejor oportunidad en un resultado favorable.<\/p>\r\n\r\n\r\n\r\n\r\n\r\n<p>En Calhoun Meredith, estamos equipados para evaluar los hechos de su caso e idear un poderoso plan para su defensa. Individuos y empresas se acercan a nosotros regularmente en necesitad de defensa frente a cargos criminales como:\u00a0<\/p>\r\n\r\n\r\n\r\n<ul class=\"wp-block-list\">\r\n<li>Robo\u00a0<\/li>\r\n<li>Robo de identidad\u00a0<\/li>\r\n<li>Fraude\u00a0<\/li>\r\n<li>Falsificaci\u00f3n\u00a0<\/li>\r\n<li><a class=\"rank-math-link\" href=\"https:\/\/calhounmeredith.com\/es\/abogado-de-accidentes-de-auto\/abogado-de-accidentes-conducir-ebrio\/\" target=\"_blank\" rel=\"noreferrer noopener\">Conducir Ebrio<\/a>\u00a0 y delitos relacionados<\/li>\r\n<li>Consumo de alcohol en menores de edad\u00a0<\/li>\r\n<li>Suministro de alcohol a menores de edad\u00a0<\/li>\r\n<li>Posesi\u00f3n de drogas y asuntos criminales\u00a0<\/li>\r\n<li>Allanamientos\u00a0<\/li>\r\n<li>Conductas criminales relacionadas con actividades personales o negocios<\/li>\r\n<\/ul>\r\n\r\n\r\n\r\n<h2 class=\"wp-block-heading\"><strong>Defendiendo ferozmente tanto a menores como a adultos<\/strong><\/h2>\r\n\r\n\r\n\r\n<p><img decoding=\"async\" data-src=\"https:\/\/calhounmeredith.com\/wp-content\/uploads\/2024\/05\/feature-42-768x513-1.webp\" alt=\"\" width=\"768\" height=\"513\" src=\"data:image\/svg+xml;base64,PHN2ZyB3aWR0aD0iMSIgaGVpZ2h0PSIxIiB4bWxucz0iaHR0cDovL3d3dy53My5vcmcvMjAwMC9zdmciPjwvc3ZnPg==\" class=\"lazyload\" style=\"--smush-placeholder-width: 768px; --smush-placeholder-aspect-ratio: 768\/513;\" \/><\/p>\r\n\r\n\r\n\r\n<p>Nuestros abogados defensores tienen experiencia y est\u00e1n bien calificados para representarlo independientemente del rango de edad en el usted est\u00e9.\u00a0<\/p>\r\n\r\n\r\n\r\n<ul class=\"wp-block-list\">\r\n<li>Cuando representamos a los j\u00f3venes, luchamos por asegurar que sus casos permanezcan en los tribunales de menores siempre que sea posible.<\/li>\r\n<li>Tambi\u00e9n estamos preparados para luchar por la justicia y las segundas oportunidades para los adultos acusados de cr\u00edmenes.<\/li>\r\n<\/ul>\r\n\r\n\r\n\r\n<h2 class=\"wp-block-heading\"><strong>No deje que un error o un conjunto de circunstancias problem\u00e1ticas definan su valor<\/strong><\/h2>\r\n\r\n\r\n\r\n<p>En <a class=\"rank-math-link\" href=\"\/\" target=\"_blank\" rel=\"noreferrer noopener\">Calhoun Meredith<\/a>, respetamos al m\u00e1ximo a todos los clientes y clientes potenciales que se enfrentan al sistema de justicia penal. Somos abogados, no jueces.\u00a0<\/p>\r\n\r\n\r\n\r\n<p>Independientemente de lo que haya sucedido y de c\u00f3mo lleg\u00f3 a ser acusado o arrestado, usted tiene derechos constitucionales. Estamos ansiosos y dispuestos a defender y proteger esos derechos en su nombre.\u00a0<\/p>\r\n\r\n\r\n\r\n<p>En \u00faltima instancia, esperamos poder ayudarle a poner sus problemas legales en el pasado y para que pueda avanzar con una esperanza renovada en un futuro brillante.<\/p>\r\n\r\n\r\n\r\n<h2 class=\"wp-block-heading\"><strong>Cont\u00e1ctenos sin demorar<\/strong><\/h2>\r\n\r\n\r\n\r\n<p>Hablemos acerca de la mejor manera para usted de ir hacia adelante si ha sido nombrado en rumores o ha sido arrestado bajo sospecha de un crimen. Ll\u00e1menos o p\u00f3ngase en contacto con nosotros en l\u00ednea hoy mismo para programar su consulta GRATUITA.<\/p>\r\n","protected":false},"excerpt":{"rendered":"<p>Protegiendo su libertad y su futuro Los cargos criminales nunca son un asunto menor, sin importar que tan leve pueda parecer una supuesta infracci\u00f3n. Por &hellip; <\/p>\n<p class=\"link-more\"><a href=\"https:\/\/calhounmeredith.com\/es\/abogado-de-defensa-criminal\/\" class=\"more-link\">Continuar leyendo<span class=\"screen-reader-text\"> &#8220;Abogado de defensa criminal de Houston&#8221;<\/span><\/a><\/p>\n","protected":false},"author":21,"featured_media":3615,"parent":0,"menu_order":0,"comment_status":"closed","ping_status":"closed","template":"","meta":{"_acf_changed":false,"footnotes":""},"class_list":["post-548","page","type-page","status-publish","has-post-thumbnail","hentry","entry"],"acf":[],"yoast_head":"<!-- This site is optimized with the Yoast SEO plugin v27.0 - https:\/\/yoast.com\/product\/yoast-seo-wordpress\/ -->\n<title>Abogado de defensa criminal de Houston | Calhoun Meredith<\/title>\n<meta name=\"description\" content=\"Tenemos uno de los nombres m\u00e1s confiables en la comunidad legal de Houston, \u00a1descubra por qu\u00e9! Ofreciendo manejo experimentado de todo tipo de casos criminales .\" \/>\n<meta name=\"robots\" content=\"index, follow, max-snippet:-1, max-image-preview:large, max-video-preview:-1\" \/>\n<link rel=\"canonical\" href=\"https:\/\/calhounmeredith.com\/es\/abogado-de-defensa-criminal\/\" \/>\n<meta property=\"og:locale\" content=\"es_MX\" \/>\n<meta property=\"og:type\" content=\"article\" \/>\n<meta property=\"og:title\" content=\"Abogado de defensa criminal de Houston | Calhoun Meredith\" \/>\n<meta property=\"og:description\" content=\"Tenemos uno de los nombres m\u00e1s confiables en la comunidad legal de Houston, \u00a1descubra por qu\u00e9! Ofreciendo manejo experimentado de todo tipo de casos criminales .\" \/>\n<meta property=\"og:url\" content=\"https:\/\/calhounmeredith.com\/es\/abogado-de-defensa-criminal\/\" \/>\n<meta property=\"og:site_name\" content=\"Calhoun Meredith\" \/>\n<meta property=\"article:publisher\" content=\"https:\/\/www.facebook.com\/calhounmeredithllc\" \/>\n<meta property=\"article:modified_time\" content=\"2025-10-13T12:18:07+00:00\" \/>\n<meta property=\"og:image\" content=\"https:\/\/calhounmeredith.com\/wp-content\/uploads\/2024\/05\/feature-42-768x513-1.webp\" \/>\n\t<meta property=\"og:image:width\" content=\"768\" \/>\n\t<meta property=\"og:image:height\" content=\"513\" \/>\n\t<meta property=\"og:image:type\" content=\"image\/webp\" \/>\n<meta name=\"twitter:card\" content=\"summary_large_image\" \/>\n<meta name=\"twitter:label1\" content=\"Tiempo de lectura\" \/>\n\t<meta name=\"twitter:data1\" content=\"3 minutos\" \/>\n<!-- \/ Yoast SEO plugin. -->","yoast_head_json":{"title":"Abogado de defensa criminal de Houston | Calhoun Meredith","description":"Tenemos uno de los nombres m\u00e1s confiables en la comunidad legal de Houston, \u00a1descubra por qu\u00e9! Ofreciendo manejo experimentado de todo tipo de casos criminales .","robots":{"index":"index","follow":"follow","max-snippet":"max-snippet:-1","max-image-preview":"max-image-preview:large","max-video-preview":"max-video-preview:-1"},"canonical":"https:\/\/calhounmeredith.com\/es\/abogado-de-defensa-criminal\/","og_locale":"es_MX","og_type":"article","og_title":"Abogado de defensa criminal de Houston | Calhoun Meredith","og_description":"Tenemos uno de los nombres m\u00e1s confiables en la comunidad legal de Houston, \u00a1descubra por qu\u00e9! Ofreciendo manejo experimentado de todo tipo de casos criminales .","og_url":"https:\/\/calhounmeredith.com\/es\/abogado-de-defensa-criminal\/","og_site_name":"Calhoun Meredith","article_publisher":"https:\/\/www.facebook.com\/calhounmeredithllc","article_modified_time":"2025-10-13T12:18:07+00:00","og_image":[{"width":768,"height":513,"url":"https:\/\/calhounmeredith.com\/wp-content\/uploads\/2024\/05\/feature-42-768x513-1.webp","type":"image\/webp"}],"twitter_card":"summary_large_image","twitter_misc":{"Tiempo de lectura":"3 minutos"},"schema":{"@context":"https:\/\/schema.org","@graph":[{"@type":"WebPage","@id":"https:\/\/calhounmeredith.com\/es\/abogado-de-defensa-criminal\/","url":"https:\/\/calhounmeredith.com\/es\/abogado-de-defensa-criminal\/","name":"Abogado de defensa criminal de Houston | Calhoun Meredith","isPartOf":{"@id":"https:\/\/calhounmeredith.com\/#website"},"primaryImageOfPage":{"@id":"https:\/\/calhounmeredith.com\/es\/abogado-de-defensa-criminal\/#primaryimage"},"image":{"@id":"https:\/\/calhounmeredith.com\/es\/abogado-de-defensa-criminal\/#primaryimage"},"thumbnailUrl":"https:\/\/calhounmeredith.com\/wp-content\/uploads\/2024\/05\/feature-42-768x513-1.webp","datePublished":"2021-02-03T01:30:13+00:00","dateModified":"2025-10-13T12:18:07+00:00","description":"Tenemos uno de los nombres m\u00e1s confiables en la comunidad legal de Houston, \u00a1descubra por qu\u00e9! Ofreciendo manejo experimentado de todo tipo de casos criminales .","breadcrumb":{"@id":"https:\/\/calhounmeredith.com\/es\/abogado-de-defensa-criminal\/#breadcrumb"},"inLanguage":"es","potentialAction":[{"@type":"ReadAction","target":["https:\/\/calhounmeredith.com\/es\/abogado-de-defensa-criminal\/"]}]},{"@type":"ImageObject","inLanguage":"es","@id":"https:\/\/calhounmeredith.com\/es\/abogado-de-defensa-criminal\/#primaryimage","url":"https:\/\/calhounmeredith.com\/wp-content\/uploads\/2024\/05\/feature-42-768x513-1.webp","contentUrl":"https:\/\/calhounmeredith.com\/wp-content\/uploads\/2024\/05\/feature-42-768x513-1.webp","width":768,"height":513},{"@type":"BreadcrumbList","@id":"https:\/\/calhounmeredith.com\/es\/abogado-de-defensa-criminal\/#breadcrumb","itemListElement":[{"@type":"ListItem","position":1,"name":"Home","item":"https:\/\/calhounmeredith.com\/es\/"},{"@type":"ListItem","position":2,"name":"Abogado de defensa criminal de Houston"}]},{"@type":"WebSite","@id":"https:\/\/calhounmeredith.com\/#website","url":"https:\/\/calhounmeredith.com\/","name":"Calhoun Meredith","description":"Houston Injury Law Firm","publisher":{"@id":"https:\/\/calhounmeredith.com\/#organization"},"potentialAction":[{"@type":"SearchAction","target":{"@type":"EntryPoint","urlTemplate":"https:\/\/calhounmeredith.com\/?s={search_term_string}"},"query-input":{"@type":"PropertyValueSpecification","valueRequired":true,"valueName":"search_term_string"}}],"inLanguage":"es"},{"@type":"Organization","@id":"https:\/\/calhounmeredith.com\/#organization","name":"Calhoun Meredith","url":"https:\/\/calhounmeredith.com\/","logo":{"@type":"ImageObject","inLanguage":"es","@id":"https:\/\/calhounmeredith.com\/#\/schema\/logo\/image\/","url":"https:\/\/calhounmeredith.com\/wp-content\/uploads\/2022\/04\/calhoun-meredith-new-logo01-colored.png","contentUrl":"https:\/\/calhounmeredith.com\/wp-content\/uploads\/2022\/04\/calhoun-meredith-new-logo01-colored.png","width":400,"height":200,"caption":"Calhoun Meredith"},"image":{"@id":"https:\/\/calhounmeredith.com\/#\/schema\/logo\/image\/"},"sameAs":["https:\/\/www.facebook.com\/calhounmeredithllc"]}]}},"_links":{"self":[{"href":"https:\/\/calhounmeredith.com\/es\/wp-json\/wp\/v2\/pages\/548","targetHints":{"allow":["GET"]}}],"collection":[{"href":"https:\/\/calhounmeredith.com\/es\/wp-json\/wp\/v2\/pages"}],"about":[{"href":"https:\/\/calhounmeredith.com\/es\/wp-json\/wp\/v2\/types\/page"}],"author":[{"embeddable":true,"href":"https:\/\/calhounmeredith.com\/es\/wp-json\/wp\/v2\/users\/21"}],"replies":[{"embeddable":true,"href":"https:\/\/calhounmeredith.com\/es\/wp-json\/wp\/v2\/comments?post=548"}],"version-history":[{"count":4,"href":"https:\/\/calhounmeredith.com\/es\/wp-json\/wp\/v2\/pages\/548\/revisions"}],"predecessor-version":[{"id":6099,"href":"https:\/\/calhounmeredith.com\/es\/wp-json\/wp\/v2\/pages\/548\/revisions\/6099"}],"wp:featuredmedia":[{"embeddable":true,"href":"https:\/\/calhounmeredith.com\/es\/wp-json\/wp\/v2\/media\/3615"}],"wp:attachment":[{"href":"https:\/\/calhounmeredith.com\/es\/wp-json\/wp\/v2\/media?parent=548"}],"curies":[{"name":"wp","href":"https:\/\/api.w.org\/{rel}","templated":true}]}}