{"id":545,"date":"2021-02-04T13:19:24","date_gmt":"2021-02-04T18:19:24","guid":{"rendered":"http:\/\/localhost:10028\/houston\/catastrophic-injury-lawyer\/"},"modified":"2025-07-11T15:49:40","modified_gmt":"2025-07-11T15:49:40","slug":"abogado-de-lesiones-catastroficas","status":"publish","type":"page","link":"https:\/\/calhounmeredith.com\/es\/abogado-de-lesiones-catastroficas\/","title":{"rendered":"Abogado de lesiones catastr\u00f3ficas de Houston"},"content":{"rendered":"\r\n<h2 class=\"wp-block-heading\"><strong><strong>Un\u00a0Da\u00f1o\u00a0Grave\u00a0Requiere\u00a0Un\u00a0Abogado\u00a0Serio<\/strong><\/strong><\/h2>\r\n\r\n\r\n\r\n<p>Los accidentes automovil\u00edsticos graves, los accidentes de camiones, las lesiones por ca\u00eddas y otros eventos traum\u00e1ticos cambian la vida de quienes sufren las consecuencias. Si usted ha experimentado una lesi\u00f3n catastr\u00f3fica en un accidente importante, usted y su familia tienen un camino dif\u00edcil por recorrer.\u00a0<\/p>\r\n\r\n\r\n\r\n<p>Estamos listos para ayudarle a encontrar una esperanza a trav\u00e9s de nuestro enfoque innovador para la defensa de lesiones personales.\u00a0Nuestro bufete de abogados considera que es un privilegio y un deber ayudar a aquellos que han sido gravemente heridos.<\/p>\r\n\r\n\r\n\r\n\r\n\r\n<h2 class=\"wp-block-heading\"><strong>Primero: Entendemos sus desaf\u00edos<\/strong><\/h2>\r\n\r\n\r\n\r\n<p>Nuestro profundo conocimiento de la ley de <a href=\"https:\/\/calhounmeredith.com\/es\/abogado-de-lesiones-personales\/\" target=\"_blank\" rel=\"noopener\">lesiones personales<\/a> y nuestro trabajo previo con clientes, nos han preparado para ser sus firmes defensores a medida que usted se recupera de lesiones catastr\u00f3ficas como las siguientes:\u00a0<\/p>\r\n\r\n\r\n\r\n<ul class=\"wp-block-list\">\r\n<li>Cuadriplej\u00eda o paraplejia (par\u00e1lisis) causada por lesiones en la columna vertebral\u00a0<\/li>\r\n<li>Lesi\u00f3n cerebral traum\u00e1tica (TBI por sus siglas en ingl\u00e9s), tambi\u00e9n llamada lesi\u00f3n en la cabeza\u00a0<\/li>\r\n<li>Amputaciones\u00a0<\/li>\r\n<li>Quemaduras u otras lesiones que resultan en desfiguraci\u00f3n y\/o da\u00f1o profundo del tejido<\/li>\r\n<\/ul>\r\n\r\n\r\n\r\n<p><img decoding=\"async\" data-src=\"https:\/\/calhounmeredith.com\/wp-content\/uploads\/2024\/05\/personal-injury-16.webp\" alt=\"Un m\u00e9dico sostiene un modelo de m\u00e9dula espinal en un hospital de Houston\" width=\"1230\" height=\"820\" src=\"data:image\/svg+xml;base64,PHN2ZyB3aWR0aD0iMSIgaGVpZ2h0PSIxIiB4bWxucz0iaHR0cDovL3d3dy53My5vcmcvMjAwMC9zdmciPjwvc3ZnPg==\" class=\"lazyload\" style=\"--smush-placeholder-width: 1230px; --smush-placeholder-aspect-ratio: 1230\/820;\" \/><\/p>\r\n<p>&nbsp;<\/p>\r\n\r\n\r\n\r\n<p>Entendemos las dificultades a las que podr\u00eda enfrentarse, incluyendo:\u00a0<\/p>\r\n\r\n\r\n\r\n<ul class=\"wp-block-list\">\r\n<li>Tratamiento m\u00e9dico inicial intensivo, que puede incluir una larga hospitalizaci\u00f3n y cirug\u00edas\u00a0<\/li>\r\n<li>Terapia y rehabilitaci\u00f3n continuas que puedan hacer que sus amigos lo traten de forma diferente cuando nunca quiso esto<\/li>\r\n<li>Remodelaci\u00f3n u otras formas de preparar su hogar para su regreso<\/li>\r\n<li>Preparaci\u00f3n de art\u00edculos adaptativos como una camioneta, equipos m\u00e9dicos duraderos como un ascensor para usar en casa, reconstrucci\u00f3n de repisas de cocina a una altura especificada y\/o tecnolog\u00eda inform\u00e1tica para ayudar con la comunicaci\u00f3n\u00a0<\/li>\r\n<li>Encontrar y financiar a <a href=\"https:\/\/calhounmeredith.com\/es\/cuales-son-los-tipos-de-casos-de-lesiones-personales\/\" target=\"_blank\" rel=\"noopener\">los asistentes de cuidado personal<\/a> seg\u00fan sea necesario.<\/li>\r\n<\/ul>\r\n\r\n\r\n\r\n<p>Adem\u00e1s de toda la log\u00edstica involucrada con la recuperaci\u00f3n despu\u00e9s de una lesi\u00f3n catastr\u00f3fica, usted y posiblemente su c\u00f3nyuge u otros miembros cercanos de la familia pueden darse cuenta de que usted necesitar\u00eda terapia psicol\u00f3gica, ya que se enfrenta a grandes cambios y p\u00e9rdidas.<\/p>\r\n\r\n\r\n\r\n<h2 class=\"wp-block-heading\"><strong>Estamos listos para luchar por la compensaci\u00f3n que necesita<\/strong><\/h2>\r\n\r\n\r\n\r\n<p>Preparar una demanda exitosa por lesiones catastr\u00f3ficas es complejo y requiere de un an\u00e1lisis cuidadoso. Si nuestros abogados lo representan <a href=\"https:\/\/calhounmeredith.com\/es\/a-quien-puedo-demandar-despues-de-un-accidente-de-camion\/\" target=\"_blank\" rel=\"noopener\">despu\u00e9s de un accidente<\/a> automovil\u00edstico grave o cualquier accidente que resulte en una lesi\u00f3n en la columna vertebral, una lesi\u00f3n cerebral o cualquier lesi\u00f3n grave, trabajaremos duro para asegurarnos de que todas sus p\u00e9rdidas sean contabilizadas..\u00a0<\/p>\r\n\r\n\r\n\r\n<p>Podemos visitar su casa u hospital si es necesario para explicar c\u00f3mo podemos ayudarle. Para programar una consulta, ll\u00e1menos o p\u00f3ngase en contacto con nosotros en l\u00ednea. Estamos ansiosos por ponernos a trabajar en su caso.<\/p>\r\n","protected":false},"excerpt":{"rendered":"<p>Un\u00a0Da\u00f1o\u00a0Grave\u00a0Requiere\u00a0Un\u00a0Abogado\u00a0Serio Los accidentes automovil\u00edsticos graves, los accidentes de camiones, las lesiones por ca\u00eddas y otros eventos traum\u00e1ticos cambian la vida de quienes sufren las consecuencias. &hellip; <\/p>\n<p class=\"link-more\"><a href=\"https:\/\/calhounmeredith.com\/es\/abogado-de-lesiones-catastroficas\/\" class=\"more-link\">Continuar leyendo<span class=\"screen-reader-text\"> &#8220;Abogado de lesiones catastr\u00f3ficas de Houston&#8221;<\/span><\/a><\/p>\n","protected":false},"author":21,"featured_media":3632,"parent":0,"menu_order":0,"comment_status":"closed","ping_status":"closed","template":"","meta":{"_acf_changed":false,"footnotes":""},"class_list":["post-545","page","type-page","status-publish","has-post-thumbnail","hentry","entry"],"acf":[],"yoast_head":"<!-- This site is optimized with the Yoast SEO plugin v27.0 - https:\/\/yoast.com\/product\/yoast-seo-wordpress\/ -->\n<title>Abogado de lesiones catastr\u00f3ficas de Houston<\/title>\n<meta name=\"description\" content=\"Una lesi\u00f3n catastr\u00f3fica puede dejarlo en una situaci\u00f3n dif\u00edcil. El equipo de expertos puede ayudarlo a superar un momento dif\u00edcil.\" \/>\n<meta name=\"robots\" content=\"index, follow, max-snippet:-1, max-image-preview:large, max-video-preview:-1\" \/>\n<link rel=\"canonical\" href=\"https:\/\/calhounmeredith.com\/es\/abogado-de-lesiones-catastroficas\/\" \/>\n<meta property=\"og:locale\" content=\"es_MX\" \/>\n<meta property=\"og:type\" content=\"article\" \/>\n<meta property=\"og:title\" content=\"Abogado de lesiones catastr\u00f3ficas de Houston\" \/>\n<meta property=\"og:description\" content=\"Una lesi\u00f3n catastr\u00f3fica puede dejarlo en una situaci\u00f3n dif\u00edcil. El equipo de expertos puede ayudarlo a superar un momento dif\u00edcil.\" \/>\n<meta property=\"og:url\" content=\"https:\/\/calhounmeredith.com\/es\/abogado-de-lesiones-catastroficas\/\" \/>\n<meta property=\"og:site_name\" content=\"Calhoun Meredith\" \/>\n<meta property=\"article:publisher\" content=\"https:\/\/www.facebook.com\/calhounmeredithllc\" \/>\n<meta property=\"article:modified_time\" content=\"2025-07-11T15:49:40+00:00\" \/>\n<meta property=\"og:image\" content=\"https:\/\/calhounmeredith.com\/wp-content\/uploads\/2024\/05\/personal-injury-16.webp\" \/>\n\t<meta property=\"og:image:width\" content=\"1230\" \/>\n\t<meta property=\"og:image:height\" content=\"820\" \/>\n\t<meta property=\"og:image:type\" content=\"image\/webp\" \/>\n<meta name=\"twitter:card\" content=\"summary_large_image\" \/>\n<meta name=\"twitter:label1\" content=\"Tiempo de lectura\" \/>\n\t<meta name=\"twitter:data1\" content=\"3 minutos\" \/>\n<!-- \/ Yoast SEO plugin. -->","yoast_head_json":{"title":"Abogado de lesiones catastr\u00f3ficas de Houston","description":"Una lesi\u00f3n catastr\u00f3fica puede dejarlo en una situaci\u00f3n dif\u00edcil. El equipo de expertos puede ayudarlo a superar un momento dif\u00edcil.","robots":{"index":"index","follow":"follow","max-snippet":"max-snippet:-1","max-image-preview":"max-image-preview:large","max-video-preview":"max-video-preview:-1"},"canonical":"https:\/\/calhounmeredith.com\/es\/abogado-de-lesiones-catastroficas\/","og_locale":"es_MX","og_type":"article","og_title":"Abogado de lesiones catastr\u00f3ficas de Houston","og_description":"Una lesi\u00f3n catastr\u00f3fica puede dejarlo en una situaci\u00f3n dif\u00edcil. El equipo de expertos puede ayudarlo a superar un momento dif\u00edcil.","og_url":"https:\/\/calhounmeredith.com\/es\/abogado-de-lesiones-catastroficas\/","og_site_name":"Calhoun Meredith","article_publisher":"https:\/\/www.facebook.com\/calhounmeredithllc","article_modified_time":"2025-07-11T15:49:40+00:00","og_image":[{"width":1230,"height":820,"url":"https:\/\/calhounmeredith.com\/wp-content\/uploads\/2024\/05\/personal-injury-16.webp","type":"image\/webp"}],"twitter_card":"summary_large_image","twitter_misc":{"Tiempo de lectura":"3 minutos"},"schema":{"@context":"https:\/\/schema.org","@graph":[{"@type":"WebPage","@id":"https:\/\/calhounmeredith.com\/es\/abogado-de-lesiones-catastroficas\/","url":"https:\/\/calhounmeredith.com\/es\/abogado-de-lesiones-catastroficas\/","name":"Abogado de lesiones catastr\u00f3ficas de Houston","isPartOf":{"@id":"https:\/\/calhounmeredith.com\/#website"},"primaryImageOfPage":{"@id":"https:\/\/calhounmeredith.com\/es\/abogado-de-lesiones-catastroficas\/#primaryimage"},"image":{"@id":"https:\/\/calhounmeredith.com\/es\/abogado-de-lesiones-catastroficas\/#primaryimage"},"thumbnailUrl":"https:\/\/calhounmeredith.com\/wp-content\/uploads\/2024\/05\/personal-injury-16.webp","datePublished":"2021-02-04T18:19:24+00:00","dateModified":"2025-07-11T15:49:40+00:00","description":"Una lesi\u00f3n catastr\u00f3fica puede dejarlo en una situaci\u00f3n dif\u00edcil. El equipo de expertos puede ayudarlo a superar un momento dif\u00edcil.","breadcrumb":{"@id":"https:\/\/calhounmeredith.com\/es\/abogado-de-lesiones-catastroficas\/#breadcrumb"},"inLanguage":"es","potentialAction":[{"@type":"ReadAction","target":["https:\/\/calhounmeredith.com\/es\/abogado-de-lesiones-catastroficas\/"]}]},{"@type":"ImageObject","inLanguage":"es","@id":"https:\/\/calhounmeredith.com\/es\/abogado-de-lesiones-catastroficas\/#primaryimage","url":"https:\/\/calhounmeredith.com\/wp-content\/uploads\/2024\/05\/personal-injury-16.webp","contentUrl":"https:\/\/calhounmeredith.com\/wp-content\/uploads\/2024\/05\/personal-injury-16.webp","width":1230,"height":820},{"@type":"BreadcrumbList","@id":"https:\/\/calhounmeredith.com\/es\/abogado-de-lesiones-catastroficas\/#breadcrumb","itemListElement":[{"@type":"ListItem","position":1,"name":"Home","item":"https:\/\/calhounmeredith.com\/es\/"},{"@type":"ListItem","position":2,"name":"Houston","item":"https:\/\/calhounmeredith.com\/es\/"},{"@type":"ListItem","position":3,"name":"Abogado de lesiones catastr\u00f3ficas de Houston"}]},{"@type":"WebSite","@id":"https:\/\/calhounmeredith.com\/#website","url":"https:\/\/calhounmeredith.com\/","name":"Calhoun Meredith","description":"Houston Injury Law Firm","publisher":{"@id":"https:\/\/calhounmeredith.com\/#organization"},"potentialAction":[{"@type":"SearchAction","target":{"@type":"EntryPoint","urlTemplate":"https:\/\/calhounmeredith.com\/?s={search_term_string}"},"query-input":{"@type":"PropertyValueSpecification","valueRequired":true,"valueName":"search_term_string"}}],"inLanguage":"es"},{"@type":"Organization","@id":"https:\/\/calhounmeredith.com\/#organization","name":"Calhoun Meredith","url":"https:\/\/calhounmeredith.com\/","logo":{"@type":"ImageObject","inLanguage":"es","@id":"https:\/\/calhounmeredith.com\/#\/schema\/logo\/image\/","url":"https:\/\/calhounmeredith.com\/wp-content\/uploads\/2022\/04\/calhoun-meredith-new-logo01-colored.png","contentUrl":"https:\/\/calhounmeredith.com\/wp-content\/uploads\/2022\/04\/calhoun-meredith-new-logo01-colored.png","width":400,"height":200,"caption":"Calhoun Meredith"},"image":{"@id":"https:\/\/calhounmeredith.com\/#\/schema\/logo\/image\/"},"sameAs":["https:\/\/www.facebook.com\/calhounmeredithllc"]}]}},"_links":{"self":[{"href":"https:\/\/calhounmeredith.com\/es\/wp-json\/wp\/v2\/pages\/545","targetHints":{"allow":["GET"]}}],"collection":[{"href":"https:\/\/calhounmeredith.com\/es\/wp-json\/wp\/v2\/pages"}],"about":[{"href":"https:\/\/calhounmeredith.com\/es\/wp-json\/wp\/v2\/types\/page"}],"author":[{"embeddable":true,"href":"https:\/\/calhounmeredith.com\/es\/wp-json\/wp\/v2\/users\/21"}],"replies":[{"embeddable":true,"href":"https:\/\/calhounmeredith.com\/es\/wp-json\/wp\/v2\/comments?post=545"}],"version-history":[{"count":4,"href":"https:\/\/calhounmeredith.com\/es\/wp-json\/wp\/v2\/pages\/545\/revisions"}],"predecessor-version":[{"id":6107,"href":"https:\/\/calhounmeredith.com\/es\/wp-json\/wp\/v2\/pages\/545\/revisions\/6107"}],"wp:featuredmedia":[{"embeddable":true,"href":"https:\/\/calhounmeredith.com\/es\/wp-json\/wp\/v2\/media\/3632"}],"wp:attachment":[{"href":"https:\/\/calhounmeredith.com\/es\/wp-json\/wp\/v2\/media?parent=545"}],"curies":[{"name":"wp","href":"https:\/\/api.w.org\/{rel}","templated":true}]}}