{"id":540,"date":"2021-02-04T13:21:02","date_gmt":"2021-02-04T18:21:02","guid":{"rendered":"http:\/\/localhost:10028\/houston\/business-law\/"},"modified":"2025-07-25T10:23:33","modified_gmt":"2025-07-25T10:23:33","slug":"derecho-empresarial","status":"publish","type":"page","link":"https:\/\/calhounmeredith.com\/es\/derecho-empresarial\/","title":{"rendered":"Derecho empresarial en Houston"},"content":{"rendered":"\r\n<h2 class=\"wp-block-heading\"><strong>Dise\u00f1ar e implementar estrategias eficaces del derecho comercial<\/strong><\/h2>\r\n\r\n\r\n\r\n<p>Los empresarios del \u00e1rea de Houston y las empresas establecidas recurren a Calhoun Meredith, para obtener soluciones legales viables que incluyen:<\/p>\r\n\r\n\r\n\r\n<ul class=\"wp-block-list\">\r\n<li>Formaci\u00f3n de entidades<\/li>\r\n<li>Contratos\u00a0<\/li>\r\n<li>Manuales de los empleados\u00a0<\/li>\r\n<li>Indicaciones de recursos humanos (HR por sus siglas en ingl\u00e9s)\u00a0<\/li>\r\n<li>Resoluci\u00f3n de controversias que involucre contratos y otros asuntos:\u00a0<\/li>\r\n<\/ul>\r\n\r\n\r\n\r\n\r\n\r\n<ul class=\"wp-block-list\">\r\n<li>Entre socios\u00a0<\/li>\r\n<li>Entre los accionistas\u00a0<\/li>\r\n<li>Entre las empresas que realizan transacciones entre s\u00ed\u00a0<\/li>\r\n<li>Entre empresas y opositores legales como propietarios comerciales y agencias reguladoras gubernamentales<\/li>\r\n<\/ul>\r\n\r\n\r\n\r\n<h2 class=\"wp-block-heading\"><strong>Posicionando a las empresas para el \u00e9xito<\/strong><\/h2>\r\n\r\n\r\n\r\n<p>En\u00e9rgicos e innovadores, nuestros abogados siempre aspiran a una soluci\u00f3n eficaz e integrada. Esto significa tener en cuenta simult\u00e1neamente a las cuestiones legales primordiales, direcci\u00f3n estrat\u00e9gica, los mejores intereses de nuestros clientes y los resultados finales.\u00a0Nunca es bueno para nosotros que nuestros clientes del derecho comercial ganen la batalla, pero pierdan la guerra.<\/p>\r\n\r\n\r\n\r\n<p><img decoding=\"async\" class=\"alignnone size-full wp-image-3759 lazyload\" data-src=\"https:\/\/calhounmeredith.com\/wp-content\/uploads\/2024\/05\/Business-Law-1.webp\" alt=\"\" width=\"600\" height=\"400\" data-srcset=\"https:\/\/calhounmeredith.com\/wp-content\/uploads\/2024\/05\/Business-Law-1.webp 600w, https:\/\/calhounmeredith.com\/wp-content\/uploads\/2024\/05\/Business-Law-1-300x200.webp 300w\" data-sizes=\"(max-width: 600px) 100vw, 600px\" src=\"data:image\/svg+xml;base64,PHN2ZyB3aWR0aD0iMSIgaGVpZ2h0PSIxIiB4bWxucz0iaHR0cDovL3d3dy53My5vcmcvMjAwMC9zdmciPjwvc3ZnPg==\" style=\"--smush-placeholder-width: 600px; --smush-placeholder-aspect-ratio: 600\/400;\" \/><\/p>\r\n\r\n\r\n\r\n<h2 class=\"wp-block-heading\"><strong>La rentabilidad debe de suceder siempre que sea posible<\/strong><\/h2>\r\n\r\n\r\n\r\n<p>En todos los casos, independientemente de a qui\u00e9n representemos y de los problemas a los que se enfrenten, somos conscientes de la necesidad del cliente de contener los costos como parte de la soluci\u00f3n. Cada caso proviene de un punto \u00fanico en el ciclo de vida de una empresa, con objetivos particulares como los siguientes:<\/p>\r\n\r\n\r\n\r\n<ul class=\"wp-block-list\">\r\n<li>Algunos est\u00e1n a punto de iniciar nuevas y emocionantes empresas.\u00a0<\/li>\r\n<li>Algunos buscan orientaci\u00f3n a la hora de crear, revisar, finalizar o impugnar contratos.\u00a0<\/li>\r\n<li>Algunos buscan asesoramiento sobre el cumplimiento normativo y otros aspectos relacionados con el gobierno para hacer negocios.\u00a0<\/li>\r\n<li>Muchos propietarios y gerentes de negocios necesitan ayuda de vez en cuando para resolver las disputas.\u00a0<\/li>\r\n<li>Otros est\u00e1n interesados en afinar a las empresas existentes mediante la revisi\u00f3n de los manuales de capacitaci\u00f3n de los empleados.\u00a0<\/li>\r\n<li>Algunos exploran posibilidades en posibles fusiones y adquisiciones.\u00a0<\/li>\r\n<li>Otros persiguen la disoluci\u00f3n o el cierre.\u00a0<\/li>\r\n<\/ul>\r\n\r\n\r\n\r\n<p>Nuestro bufete de abogados de negocios est\u00e1 bien preparado para responder a sus preguntas y resolver sus problemas con la viabilidad y rentabilidad como prioridad de su negocio a largo plazo.<\/p>\r\n\r\n\r\n\r\n<h2 class=\"wp-block-heading\"><strong>Fijar metas conduce al cumplimiento de estas<\/strong><\/h2>\r\n\r\n\r\n\r\n<p>Independientemente de las necesidades que se presenten en el derecho comercial, estamos a la altura del desaf\u00edo. Nuestros clientes, en busca de valor y resultados, aprecian nuestro talento para aplicar la innovaci\u00f3n en asesoramiento legal para cumplir objetivos \u00fanicos y espec\u00edficos.<\/p>\r\n\r\n\r\n\r\n<h2 class=\"wp-block-heading\"><strong>Cuando usted est\u00e9 listo, discutiremos los detalles m\u00e1s importantes<\/strong><\/h2>\r\n\r\n\r\n\r\n<p><img decoding=\"async\" class=\"alignnone size-full wp-image-3761 lazyload\" data-src=\"https:\/\/calhounmeredith.com\/wp-content\/uploads\/2024\/05\/Business-Law-2.webp\" alt=\"\" width=\"600\" height=\"360\" data-srcset=\"https:\/\/calhounmeredith.com\/wp-content\/uploads\/2024\/05\/Business-Law-2.webp 600w, https:\/\/calhounmeredith.com\/wp-content\/uploads\/2024\/05\/Business-Law-2-300x180.webp 300w\" data-sizes=\"(max-width: 600px) 100vw, 600px\" src=\"data:image\/svg+xml;base64,PHN2ZyB3aWR0aD0iMSIgaGVpZ2h0PSIxIiB4bWxucz0iaHR0cDovL3d3dy53My5vcmcvMjAwMC9zdmciPjwvc3ZnPg==\" style=\"--smush-placeholder-width: 600px; --smush-placeholder-aspect-ratio: 600\/360;\" \/><\/p>\r\n\r\n\r\n\r\n<p>Dondequiera que est\u00e9 en el proceso de determinar sus necesidades potenciales o existentes de la ley de negocios, nuestros<a class=\"rank-math-link\" href=\"\/es\/\"> abogados<\/a> est\u00e1n listos para discutir sus opciones. Podemos ayudarle a explorar las instrucciones para lograr sus objetivos con la menor interrupci\u00f3n posible en sus operaciones diarias.\u00a0<\/p>\r\n\r\n\r\n\r\n<p>\u00a1Ll\u00e1menos o cont\u00e1ctenos en l\u00ednea hoy mismo!<\/p>\r\n","protected":false},"excerpt":{"rendered":"<p>Dise\u00f1ar e implementar estrategias eficaces del derecho comercial Los empresarios del \u00e1rea de Houston y las empresas establecidas recurren a Calhoun Meredith, para obtener soluciones &hellip; <\/p>\n<p class=\"link-more\"><a href=\"https:\/\/calhounmeredith.com\/es\/derecho-empresarial\/\" class=\"more-link\">Continuar leyendo<span class=\"screen-reader-text\"> &#8220;Derecho empresarial en Houston&#8221;<\/span><\/a><\/p>\n","protected":false},"author":21,"featured_media":3749,"parent":0,"menu_order":0,"comment_status":"closed","ping_status":"closed","template":"","meta":{"_acf_changed":false,"footnotes":""},"class_list":["post-540","page","type-page","status-publish","has-post-thumbnail","hentry","entry"],"acf":[],"yoast_head":"<!-- This site is optimized with the Yoast SEO plugin v27.0 - https:\/\/yoast.com\/product\/yoast-seo-wordpress\/ -->\n<title>Derecho empresarial en Houston<\/title>\n<meta name=\"description\" content=\"Para derecho empresarial en Houston, llame a Calhoun Meredith para una consulta gratuita\" \/>\n<meta name=\"robots\" content=\"index, follow, max-snippet:-1, max-image-preview:large, max-video-preview:-1\" \/>\n<link rel=\"canonical\" href=\"https:\/\/calhounmeredith.com\/es\/derecho-empresarial\/\" \/>\n<meta property=\"og:locale\" content=\"es_MX\" \/>\n<meta property=\"og:type\" content=\"article\" \/>\n<meta property=\"og:title\" content=\"Derecho empresarial en Houston\" \/>\n<meta property=\"og:description\" content=\"Para derecho empresarial en Houston, llame a Calhoun Meredith para una consulta gratuita\" \/>\n<meta property=\"og:url\" content=\"https:\/\/calhounmeredith.com\/es\/derecho-empresarial\/\" \/>\n<meta property=\"og:site_name\" content=\"Calhoun Meredith\" \/>\n<meta property=\"article:publisher\" content=\"https:\/\/www.facebook.com\/calhounmeredithllc\" \/>\n<meta property=\"article:modified_time\" content=\"2025-07-25T10:23:33+00:00\" \/>\n<meta property=\"og:image\" content=\"https:\/\/calhounmeredith.com\/wp-content\/uploads\/2024\/05\/Business-Law.webp\" \/>\n\t<meta property=\"og:image:width\" content=\"1280\" \/>\n\t<meta property=\"og:image:height\" content=\"714\" \/>\n\t<meta property=\"og:image:type\" content=\"image\/webp\" \/>\n<meta name=\"twitter:card\" content=\"summary_large_image\" \/>\n<meta name=\"twitter:label1\" content=\"Tiempo de lectura\" \/>\n\t<meta name=\"twitter:data1\" content=\"3 minutos\" \/>\n<!-- \/ Yoast SEO plugin. -->","yoast_head_json":{"title":"Derecho empresarial en Houston","description":"Para derecho empresarial en Houston, llame a Calhoun Meredith para una consulta gratuita","robots":{"index":"index","follow":"follow","max-snippet":"max-snippet:-1","max-image-preview":"max-image-preview:large","max-video-preview":"max-video-preview:-1"},"canonical":"https:\/\/calhounmeredith.com\/es\/derecho-empresarial\/","og_locale":"es_MX","og_type":"article","og_title":"Derecho empresarial en Houston","og_description":"Para derecho empresarial en Houston, llame a Calhoun Meredith para una consulta gratuita","og_url":"https:\/\/calhounmeredith.com\/es\/derecho-empresarial\/","og_site_name":"Calhoun Meredith","article_publisher":"https:\/\/www.facebook.com\/calhounmeredithllc","article_modified_time":"2025-07-25T10:23:33+00:00","og_image":[{"width":1280,"height":714,"url":"https:\/\/calhounmeredith.com\/wp-content\/uploads\/2024\/05\/Business-Law.webp","type":"image\/webp"}],"twitter_card":"summary_large_image","twitter_misc":{"Tiempo de lectura":"3 minutos"},"schema":{"@context":"https:\/\/schema.org","@graph":[{"@type":"WebPage","@id":"https:\/\/calhounmeredith.com\/es\/derecho-empresarial\/","url":"https:\/\/calhounmeredith.com\/es\/derecho-empresarial\/","name":"Derecho empresarial en Houston","isPartOf":{"@id":"https:\/\/calhounmeredith.com\/#website"},"primaryImageOfPage":{"@id":"https:\/\/calhounmeredith.com\/es\/derecho-empresarial\/#primaryimage"},"image":{"@id":"https:\/\/calhounmeredith.com\/es\/derecho-empresarial\/#primaryimage"},"thumbnailUrl":"https:\/\/calhounmeredith.com\/wp-content\/uploads\/2024\/05\/Business-Law.webp","datePublished":"2021-02-04T18:21:02+00:00","dateModified":"2025-07-25T10:23:33+00:00","description":"Para derecho empresarial en Houston, llame a Calhoun Meredith para una consulta gratuita","breadcrumb":{"@id":"https:\/\/calhounmeredith.com\/es\/derecho-empresarial\/#breadcrumb"},"inLanguage":"es","potentialAction":[{"@type":"ReadAction","target":["https:\/\/calhounmeredith.com\/es\/derecho-empresarial\/"]}]},{"@type":"ImageObject","inLanguage":"es","@id":"https:\/\/calhounmeredith.com\/es\/derecho-empresarial\/#primaryimage","url":"https:\/\/calhounmeredith.com\/wp-content\/uploads\/2024\/05\/Business-Law.webp","contentUrl":"https:\/\/calhounmeredith.com\/wp-content\/uploads\/2024\/05\/Business-Law.webp","width":1280,"height":714},{"@type":"BreadcrumbList","@id":"https:\/\/calhounmeredith.com\/es\/derecho-empresarial\/#breadcrumb","itemListElement":[{"@type":"ListItem","position":1,"name":"Home","item":"https:\/\/calhounmeredith.com\/es\/"},{"@type":"ListItem","position":2,"name":"Derecho empresarial en Houston"}]},{"@type":"WebSite","@id":"https:\/\/calhounmeredith.com\/#website","url":"https:\/\/calhounmeredith.com\/","name":"Calhoun Meredith","description":"Houston Injury Law Firm","publisher":{"@id":"https:\/\/calhounmeredith.com\/#organization"},"potentialAction":[{"@type":"SearchAction","target":{"@type":"EntryPoint","urlTemplate":"https:\/\/calhounmeredith.com\/?s={search_term_string}"},"query-input":{"@type":"PropertyValueSpecification","valueRequired":true,"valueName":"search_term_string"}}],"inLanguage":"es"},{"@type":"Organization","@id":"https:\/\/calhounmeredith.com\/#organization","name":"Calhoun Meredith","url":"https:\/\/calhounmeredith.com\/","logo":{"@type":"ImageObject","inLanguage":"es","@id":"https:\/\/calhounmeredith.com\/#\/schema\/logo\/image\/","url":"https:\/\/calhounmeredith.com\/wp-content\/uploads\/2022\/04\/calhoun-meredith-new-logo01-colored.png","contentUrl":"https:\/\/calhounmeredith.com\/wp-content\/uploads\/2022\/04\/calhoun-meredith-new-logo01-colored.png","width":400,"height":200,"caption":"Calhoun Meredith"},"image":{"@id":"https:\/\/calhounmeredith.com\/#\/schema\/logo\/image\/"},"sameAs":["https:\/\/www.facebook.com\/calhounmeredithllc"]}]}},"_links":{"self":[{"href":"https:\/\/calhounmeredith.com\/es\/wp-json\/wp\/v2\/pages\/540","targetHints":{"allow":["GET"]}}],"collection":[{"href":"https:\/\/calhounmeredith.com\/es\/wp-json\/wp\/v2\/pages"}],"about":[{"href":"https:\/\/calhounmeredith.com\/es\/wp-json\/wp\/v2\/types\/page"}],"author":[{"embeddable":true,"href":"https:\/\/calhounmeredith.com\/es\/wp-json\/wp\/v2\/users\/21"}],"replies":[{"embeddable":true,"href":"https:\/\/calhounmeredith.com\/es\/wp-json\/wp\/v2\/comments?post=540"}],"version-history":[{"count":4,"href":"https:\/\/calhounmeredith.com\/es\/wp-json\/wp\/v2\/pages\/540\/revisions"}],"predecessor-version":[{"id":6141,"href":"https:\/\/calhounmeredith.com\/es\/wp-json\/wp\/v2\/pages\/540\/revisions\/6141"}],"wp:featuredmedia":[{"embeddable":true,"href":"https:\/\/calhounmeredith.com\/es\/wp-json\/wp\/v2\/media\/3749"}],"wp:attachment":[{"href":"https:\/\/calhounmeredith.com\/es\/wp-json\/wp\/v2\/media?parent=540"}],"curies":[{"name":"wp","href":"https:\/\/api.w.org\/{rel}","templated":true}]}}