{"id":536,"date":"2021-02-10T10:20:53","date_gmt":"2021-02-10T15:20:53","guid":{"rendered":"http:\/\/localhost:10028\/houston\/bicycle-accident-lawyer\/"},"modified":"2025-07-11T15:51:29","modified_gmt":"2025-07-11T15:51:29","slug":"abogado-de-accidentes-de-bicicleta","status":"publish","type":"page","link":"https:\/\/calhounmeredith.com\/es\/abogado-de-accidentes-de-bicicleta\/","title":{"rendered":"Abogado De Accidentes De Bicicleta En Houston"},"content":{"rendered":"\r\n<p>\u00bfEs un ciclista apasionado? Entonces es posible que ya est\u00e9 familiarizado con todos los riesgos involucrados en este asunto. Imag\u00ednese esto: usted va en bicicleta a lo largo de la calle y de repente lo atropella un coche. En un momento, su vida puede cambiar dram\u00e1ticamente. <a href=\"https:\/\/calhounmeredith.com\/houston-car-accident-lawyer\/common-injuries\/\" target=\"_blank\" rel=\"noopener\">Los accidentes de bicicleta a menudo resultan en lesiones<\/a> graves, discapacidad y la necesidad de atenci\u00f3n m\u00e9dica de por vida.. Y usted merece una compensaci\u00f3n justa por su sufrimiento y sus p\u00e9rdidas.\u00a0<\/p>\r\n\r\n\r\n\r\n<p>Las muertes en bicicleta no son poco frecuentes y estos casos exigen una compensaci\u00f3n por <a class=\"rank-math-link\" href=\"https:\/\/calhounmeredith.com\/es\/abogado-de-muerte-injusta\/\" target=\"_blank\" rel=\"noreferrer noopener\">muertes injustas<\/a>.<\/p>\r\n\r\n\r\n\r\n<p>Esta es la raz\u00f3n por la que necesita contratar a nuestro equipo legal de abogados dedicados a accidentes de bicicleta en Houston de Calhoun Meredith.\u00a0<\/p>\r\n\r\n\r\n\r\n<p>En la mayor\u00eda de los casos de las colisiones de bicicletas, las reclamaciones de los ciclistas no son escuchadas porque naturalmente se les considera responsables de su sufrimiento, aunque estuvieran siguiendo las leyes de tr\u00e1fico y solo utilizar\u00e1n los carriles para bicicletas.<\/p>\r\n\r\n\r\n\r\n<p>Pero no tiene que preocuparse&#8230;\u00a0<\/p>\r\n\r\n\r\n\r\n<p>Somos su primera l\u00ednea de defensa contra las compa\u00f1\u00edas de seguros codiciosas que intentar\u00e1n imponer un acuerdo que no cubra las p\u00e9rdidas que resulten de los accidentes de bicicleta.<\/p>\r\n\r\n\r\n\r\n\r\n\r\n<h2 class=\"wp-block-heading\"><strong>\u00bfCu\u00e1l es el estatus de los ciclistas ante la ley en Texas?<\/strong><\/h2>\r\n\r\n\r\n\r\n<figure class=\"wp-block-image size-large\"><img decoding=\"async\" class=\"wp-image-412 lazyload\" data-src=\"https:\/\/calhounmeredith.com\/wp-content\/uploads\/2024\/05\/houston-bicycle-accident-lawyer-featured-1.webp\" alt=\"Un auto negro atropell\u00f3 a un ciclista en Houston\" src=\"data:image\/svg+xml;base64,PHN2ZyB3aWR0aD0iMSIgaGVpZ2h0PSIxIiB4bWxucz0iaHR0cDovL3d3dy53My5vcmcvMjAwMC9zdmciPjwvc3ZnPg==\" style=\"--smush-placeholder-width: 1280px; --smush-placeholder-aspect-ratio: 1280\/1000;\" \/><\/figure>\r\n\r\n\r\n\r\n<p>De acuerdo con el <a class=\"rank-math-link\" href=\"https:\/\/statutes.capitol.texas.gov\/Docs\/TN\/htm\/TN.551.htm\" target=\"_blank\" rel=\"nofollow noreferrer noopener\">C\u00f3digo de Transporte del estado de Texas<\/a>, &#8220;una persona que opera una bicicleta tiene los derechos y deberes aplicables a un conductor que opera un veh\u00edculo&#8221;. Esto significa que los ciclistas tienen derecho al mismo tipo de compensaci\u00f3n que un conductor de coche.<\/p>\r\n\r\n\r\n\r\n<p>Sin embargo, muchos ciclistas no obtienen el acuerdo m\u00e1ximo de alivio al que tienen derecho (en virtud de sus reclamaciones) porque no pueden luchar por su cuenta contra una compa\u00f1\u00eda de seguros de autom\u00f3viles que quiere conformarse con una suma global injustamente baja.<\/p>\r\n\r\n\r\n\r\n<p>Los abogados profesionales de accidentes de bicicleta se encargar\u00e1n de que su reclamo por lesiones personales y las negociaciones posteriores de liquidaci\u00f3n le ayuden a cubrir todos los da\u00f1os econ\u00f3micos y no econ\u00f3micos sufridos seg\u00fan la p\u00f3liza de seguro de la aseguradora. S\u00f3lo tenga en cuenta el <a href=\"https:\/\/calhounmeredith.com\/es\/estatuto-de-limitaciones\/\" target=\"_blank\" rel=\"noopener\">estatuto de limitaciones<\/a> (leyes que dictan limitaciones por tiempo), llamar a un abogado debe ser su prioridad principal..<\/p>\r\n\r\n\r\n\r\n<h2 class=\"wp-block-heading\"><strong>\u00bfTodav\u00eda tiene derecho a una compensaci\u00f3n si tiene parte de la culpa?<\/strong><\/h2>\r\n\r\n\r\n\r\n<p>En algunos casos, usted puede tener una parte de la culpa del accidente de bicicletas, especialmente en la ciudad (donde el tr\u00e1fico es m\u00e1s denso).<\/p>\r\n\r\n\r\n\r\n<p>Incluso usted podr\u00eda pensar que fue totalmente responsable porque no llevaba un casco cuando ocurri\u00f3 el accidente. Esto es lo que un astuto abogado de accidentes de bicicleta de Houston tiene que decir sobre este tema: Aunque la Administraci\u00f3n Nacional de Seguridad del Tr\u00e1fico en Carreteras (<a class=\"rank-math-link\" href=\"https:\/\/www.nhtsa.gov\/road-safety\/bicycle-safety\" rel=\"nofollow\" >NHTSA<\/a>) recomienda usar un casco como uno de sus principales consejos de prevenci\u00f3n de accidentes, no es obligatorio por ley.<\/p>\r\n\r\n\r\n\r\n<p>Adem\u00e1s, incluso si comparte parcialmente la culpa por negligencia con la otra parte, todav\u00eda tiene derecho a una compensaci\u00f3n. El estado de Texas aplica el principio modificado de culpa comparativa, lo que significa que usted recibe una compensaci\u00f3n en proporci\u00f3n a su grado de responsabilidad, si se determina que est\u00e1 por debajo del 51%.<\/p>\r\n\r\n\r\n\r\n<p>Un abogado experimentado en accidentes de bicicleta en <a href=\"https:\/\/calhounmeredith.com\/es\/houston\/\" target=\"_blank\" rel=\"noopener\">Houston<\/a> podr\u00e1 determinar correctamente su grado de responsabilidad y negociar la compensaci\u00f3n m\u00e1xima a la que tiene derecho al manejar su reclamo de accidente de bicicleta.. Los abogados tambi\u00e9n pueden ayudarle a probar c\u00f3mo las condiciones inseguras de la calle aportaron de alguna manera al accidente (si lo hicieron).<\/p>\r\n\r\n\r\n\r\n<h2 class=\"wp-block-heading\"><strong>\u00bfQu\u00e9 debe hacer si fue v\u00edctima de un accidente de bicicleta?<\/strong><\/h2>\r\n\r\n\r\n\r\n<p>Una de las preguntas m\u00e1s comunes sobre accidentes de bicicleta es qu\u00e9 hacer si fue golpeado por un veh\u00edculo mientras andaba en bicicleta por las calles de la ciudad en Texas.\u00a0<\/p>\r\n\r\n\r\n\r\n<p>Esta es la respuesta:<\/p>\r\n\r\n\r\n\r\n<p><strong>Buscar asistencia m\u00e9dica\u00a0<\/strong><\/p>\r\n\r\n\r\n\r\n<p>Llame al 9-1-1 y espere hasta que llegue la ambulancia sin tratar de ponerse de pie, ya que es posible que haya sufrido lesiones graves como da\u00f1os en los tejidos blandos, huesos rotos o incluso lesi\u00f3n de la m\u00e9dula espinal, como suele ocurrir con este tipo de accidentes. Siga la recomendaci\u00f3n de los param\u00e9dicos y vaya a un hospital si se considera necesario.<\/p>\r\n\r\n\r\n\r\n<p><strong>Recopilar cualquier evidencia f\u00edsica<\/strong>\u00a0<\/p>\r\n\r\n\r\n\r\n<p>Si no tiene mucho dolor, trate de reunir evidencia de la escena del accidente (para probar que el otro conductor es culpable), incluyendo:\u00a0<\/p>\r\n\r\n\r\n\r\n<ul class=\"wp-block-list\">\r\n<li>Fotos de su bicicleta da\u00f1ada y sus lesiones visibles (la evidencia m\u00e1s valiosa)<\/li>\r\n<li>Datos de contacto de testigos presenciales\u00a0<\/li>\r\n<li>Detalles del veh\u00edculo que le golpe\u00f3\u00a0<\/li>\r\n<li>La informaci\u00f3n del seguro del conductor.\u00a0<\/li>\r\n<li>Adem\u00e1s de cualquier reporte de accidente de la polic\u00eda.\u00a0<\/li>\r\n<li>Tambi\u00e9n debe realizar un seguimiento de sus p\u00e9rdidas, como la p\u00e9rdida de salarios o la p\u00e9rdida de disfrute de la vida debido al impacto.<\/li>\r\n<\/ul>\r\n\r\n\r\n\r\n<h2 class=\"wp-block-heading\"><strong>Contratar a un abogado de accidentes de bicicleta de Houston\u00a0<\/strong><\/h2>\r\n\r\n\r\n\r\n<figure class=\"wp-block-image size-large\"><img decoding=\"async\" class=\"wp-image-1209 lazyload\" data-src=\"https:\/\/calhounmeredith.com\/wp-content\/uploads\/2021\/06\/bike-ride-1-1.webp\" alt=\"Un hombre monta una bicicleta en una carretera de Houston\" src=\"data:image\/svg+xml;base64,PHN2ZyB3aWR0aD0iMSIgaGVpZ2h0PSIxIiB4bWxucz0iaHR0cDovL3d3dy53My5vcmcvMjAwMC9zdmciPjwvc3ZnPg==\" style=\"--smush-placeholder-width: 599px; --smush-placeholder-aspect-ratio: 599\/400;\" \/><\/figure>\r\n\r\n\r\n\r\n<p>Usted debe contactar a un abogado de accidente de bicicleta tan pronto como sea posible. Si no puede hacerlo, pida a un miembro de la familia que se ponga en contacto con el bufete de abogados de Calhoun Meredith para una consulta inicial, y as\u00ed explorar sus opciones con su reclamo por lesiones por accidente.<\/p>\r\n\r\n\r\n\r\n<p>Intervendremos inmediatamente y manejaremos toda la documentaci\u00f3n y negociaciones con el conductor culpable y su aseguradora. Por lo tanto, todo lo que tiene que hacer es centrarse en mejorar, sin preocupaciones sobre la lucha legal por sus derechos.\u00a0<\/p>\r\n\r\n\r\n\r\n<p>Dado que somos conscientes de todos los tecnicismos utilizados para evadir la culpa de las p\u00e9rdidas sufridas en los casos de bicicletas, estaremos m\u00e1s que listos para ayudarle a recuperar todas las p\u00e9rdidas econ\u00f3micas como da\u00f1os a la propiedad, costos m\u00e9dicos y da\u00f1os especiales.\u00a0<\/p>\r\n\r\n\r\n\r\n<p>Y tambi\u00e9n le ayudaremos a asegurar una compensaci\u00f3n por su dolor y sufrimiento.<\/p>\r\n\r\n\r\n\r\n<h2 class=\"wp-block-heading\"><strong>\u00bfQu\u00e9 puede hacer un abogado de accidentes de bicicleta de Houston por usted?<\/strong><\/h2>\r\n\r\n\r\n\r\n<p>Desde el momento en que nos contrate para representarlo, nombraremos a un abogado experimentado para:\u00a0<\/p>\r\n\r\n\r\n\r\n<ul class=\"wp-block-list\">\r\n<li>Solicitar acceso al informe policial y recopilar informaci\u00f3n\u00a0<\/li>\r\n<li>Discutir con testigos oculares y obtener cualquier foto \/ videos que tomaron en la escena del accidente\u00a0<\/li>\r\n<li>P\u00f3ngase en contacto con la compa\u00f1\u00eda de seguros del conductor y presente una reclamaci\u00f3n de compensaci\u00f3n.<\/li>\r\n<\/ul>\r\n\r\n\r\n\r\n<p>Buscaremos todo tipo de compensaciones permitidas por la ley en tales casos, incluyendo:\u00a0<\/p>\r\n\r\n\r\n\r\n<ul class=\"wp-block-list\">\r\n<li>Facturas m\u00e9dicas\u00a0<\/li>\r\n<li>P\u00e9rdida de ingresos por el per\u00edodo que necesitar\u00e1 para recuperarse en el hospital o en casa\u00a0<\/li>\r\n<li>P\u00e9rdida de los ingresos futuros debido a si est\u00e1 incapacitado y no puede trabajar<\/li>\r\n<li>Cuidado de enfermer\u00eda a largo plazo\u00a0<\/li>\r\n<li>P\u00e9rdidas no econ\u00f3micas: dolor y sufrimiento.<\/li>\r\n<\/ul>\r\n\r\n\r\n\r\n<p>Nuestros abogados de lesiones personales saben que las grandes compa\u00f1\u00edas de seguros tratar\u00e1n de minimizar sus p\u00e9rdidas y el sufrimiento f\u00edsico y mental por el que est\u00e1 <a href=\"https:\/\/calhounmeredith.com\/es\/que-pasa-si-mi-conductor-de-uber-sufre-un-accidente-automovilistico\/\" target=\"_blank\" rel=\"noopener\">pasando debido a sus lesiones por el accidente.<\/a>. Es <a href=\"https:\/\/calhounmeredith.com\/es\/como-funciona-un-acuerdo-por-un-accidente-de-motocicleta\/\" target=\"_blank\" rel=\"noopener\">por eso que luchamos agresivamente para hacerle justicia y asegurarnos de que obtenga cantidades justas de compensaci\u00f3n financiera por todas las p\u00e9rdidas, incluso por accidentes<\/a> tan incomprendidos como los accidentes de bicicletas..<\/p>\r\n\r\n\r\n\r\n<h2 class=\"wp-block-heading\"><strong>\u00bfCu\u00e1nto cuesta contratar a un abogado de accidentes de bicicleta de Houston?<\/strong><\/h2>\r\n\r\n\r\n\r\n<p>Uno de los impedimentos clave que la mayor\u00eda de la gente ve en la contrataci\u00f3n de un abogado para luchar contra su caso es la cuota por hora que tienen que pagar. Cuando llame a Calhoun Meredith se preguntar\u00e1 cu\u00e1nto es de nuestra tarifa anticipada.\u00a0<\/p>\r\n\r\n\r\n\r\n<p>La respuesta es: \u00a1nada!<\/p>\r\n\r\n\r\n\r\n<p>Trabajamos sobre una base de honorarios de contingencia. Esto significa que se nos paga al final de la negociaci\u00f3n del acuerdo o el juicio (si las negociaciones amistosas fallan) de la compensaci\u00f3n que se le otorga.\u00a0<\/p>\r\n\r\n\r\n\r\n<p>Esto significa que:\u00a0<\/p>\r\n\r\n\r\n\r\n<ul class=\"wp-block-list\">\r\n<li>Cualquier persona puede darse el lujo de contratar a un abogado para luchar por sus derechos legales bajo la ley de lesiones personales para accidentes de bicicleta.\u00a0<\/li>\r\n<li>Estamos motivados para tener \u00e9xito, en cualquier caso.\u00a0<\/li>\r\n<li>Se le otorga la compensaci\u00f3n financiera m\u00e1xima en cualquier escenario.<\/li>\r\n<\/ul>\r\n\r\n\r\n\r\n<figure class=\"wp-block-image size-large\"><img decoding=\"async\" class=\"wp-image-1207 lazyload\" data-src=\"https:\/\/calhounmeredith.com\/wp-content\/uploads\/2024\/06\/bike-ride.webp\" alt=\"Un hombre monta una bicicleta en el parque de Houston\" src=\"data:image\/svg+xml;base64,PHN2ZyB3aWR0aD0iMSIgaGVpZ2h0PSIxIiB4bWxucz0iaHR0cDovL3d3dy53My5vcmcvMjAwMC9zdmciPjwvc3ZnPg==\" style=\"--smush-placeholder-width: 600px; --smush-placeholder-aspect-ratio: 600\/400;\" \/><\/figure>\r\n\r\n\r\n\r\n<h2 class=\"wp-block-heading\"><strong>\u00a1Somos su aliado en los momentos m\u00e1s dif\u00edciles!<\/strong><\/h2>\r\n\r\n\r\n\r\n<p>Nuestro equipo de abogados profesionales de accidentes de bicicleta, en <a class=\"rank-math-link\" href=\"\/es\/\">Calhoun Meredith<\/a>, utilizan la \u00e9tica de trabajo m\u00e1s fuerte para tratar con cada cliente. Todas nuestras consultas son confidenciales y estamos disponibles las 24 horas del d\u00eda, los 7 d\u00edas de la semana para las evaluaciones de los casos.<\/p>\r\n\r\n\r\n\r\n<p>Nosotros, como sus abogados, nos interpondremos entre usted y las aseguradoras codiciosas que quieren pagarle la menor cantidad posible por su dolor y sufrimiento. Utilizamos nuestra experiencia, conocimiento de la ley y t\u00e1cticas agresivas de negociaci\u00f3n para ganar una compensaci\u00f3n financiera justa en cada caso que manejamos.\u00a0<\/p>\r\n\r\n\r\n\r\n<p>Le instamos a ponerse en contacto con nosotros lo antes posible despu\u00e9s de que usted o su ser querido se vio involucrado en un accidente de bicicleta con otro veh\u00edculo de motor. \u00a1En el estado de Texas hay un l\u00edmite de tiempo de dos a\u00f1os a partir de la fecha del accidente para presentar una reclamaci\u00f3n, as\u00ed que ll\u00e1menos ahora!<\/p>\r\n","protected":false},"excerpt":{"rendered":"<p>\u00bfEs un ciclista apasionado? Entonces es posible que ya est\u00e9 familiarizado con todos los riesgos involucrados en este asunto. Imag\u00ednese esto: usted va en bicicleta &hellip; <\/p>\n<p class=\"link-more\"><a href=\"https:\/\/calhounmeredith.com\/es\/abogado-de-accidentes-de-bicicleta\/\" class=\"more-link\">Continuar leyendo<span class=\"screen-reader-text\"> &#8220;Abogado De Accidentes De Bicicleta En Houston&#8221;<\/span><\/a><\/p>\n","protected":false},"author":21,"featured_media":4085,"parent":0,"menu_order":0,"comment_status":"closed","ping_status":"closed","template":"","meta":{"_acf_changed":false,"footnotes":""},"class_list":["post-536","page","type-page","status-publish","has-post-thumbnail","hentry","entry"],"acf":[],"yoast_head":"<!-- This site is optimized with the Yoast SEO plugin v27.0 - https:\/\/yoast.com\/product\/yoast-seo-wordpress\/ -->\n<title>Abogado De Accidentes De Bicicleta En Houston<\/title>\n<meta name=\"description\" content=\"\u00bfAccidente de bicicleta? Es posible que merezca una compensaci\u00f3n. P\u00f3ngase en contacto con un abogado de accidentes de bicicleta de Houston.\" \/>\n<meta name=\"robots\" content=\"index, follow, max-snippet:-1, max-image-preview:large, max-video-preview:-1\" \/>\n<link rel=\"canonical\" href=\"https:\/\/calhounmeredith.com\/es\/abogado-de-accidentes-de-bicicleta\/\" \/>\n<meta property=\"og:locale\" content=\"es_MX\" \/>\n<meta property=\"og:type\" content=\"article\" \/>\n<meta property=\"og:title\" content=\"Abogado De Accidentes De Bicicleta En Houston\" \/>\n<meta property=\"og:description\" content=\"\u00bfAccidente de bicicleta? Es posible que merezca una compensaci\u00f3n. P\u00f3ngase en contacto con un abogado de accidentes de bicicleta de Houston.\" \/>\n<meta property=\"og:url\" content=\"https:\/\/calhounmeredith.com\/es\/abogado-de-accidentes-de-bicicleta\/\" \/>\n<meta property=\"og:site_name\" content=\"Calhoun Meredith\" \/>\n<meta property=\"article:publisher\" content=\"https:\/\/www.facebook.com\/calhounmeredithllc\" \/>\n<meta property=\"article:modified_time\" content=\"2025-07-11T15:51:29+00:00\" \/>\n<meta property=\"og:image\" content=\"https:\/\/calhounmeredith.com\/wp-content\/uploads\/2024\/05\/houston-bicycle-accident-lawyer-featured-1.webp\" \/>\n\t<meta property=\"og:image:width\" content=\"1280\" \/>\n\t<meta property=\"og:image:height\" content=\"1000\" \/>\n\t<meta property=\"og:image:type\" content=\"image\/webp\" \/>\n<meta name=\"twitter:card\" content=\"summary_large_image\" \/>\n<meta name=\"twitter:label1\" content=\"Tiempo de lectura\" \/>\n\t<meta name=\"twitter:data1\" content=\"8 minutos\" \/>\n<!-- \/ Yoast SEO plugin. -->","yoast_head_json":{"title":"Abogado De Accidentes De Bicicleta En Houston","description":"\u00bfAccidente de bicicleta? Es posible que merezca una compensaci\u00f3n. P\u00f3ngase en contacto con un abogado de accidentes de bicicleta de Houston.","robots":{"index":"index","follow":"follow","max-snippet":"max-snippet:-1","max-image-preview":"max-image-preview:large","max-video-preview":"max-video-preview:-1"},"canonical":"https:\/\/calhounmeredith.com\/es\/abogado-de-accidentes-de-bicicleta\/","og_locale":"es_MX","og_type":"article","og_title":"Abogado De Accidentes De Bicicleta En Houston","og_description":"\u00bfAccidente de bicicleta? Es posible que merezca una compensaci\u00f3n. P\u00f3ngase en contacto con un abogado de accidentes de bicicleta de Houston.","og_url":"https:\/\/calhounmeredith.com\/es\/abogado-de-accidentes-de-bicicleta\/","og_site_name":"Calhoun Meredith","article_publisher":"https:\/\/www.facebook.com\/calhounmeredithllc","article_modified_time":"2025-07-11T15:51:29+00:00","og_image":[{"width":1280,"height":1000,"url":"https:\/\/calhounmeredith.com\/wp-content\/uploads\/2024\/05\/houston-bicycle-accident-lawyer-featured-1.webp","type":"image\/webp"}],"twitter_card":"summary_large_image","twitter_misc":{"Tiempo de lectura":"8 minutos"},"schema":{"@context":"https:\/\/schema.org","@graph":[{"@type":"WebPage","@id":"https:\/\/calhounmeredith.com\/es\/abogado-de-accidentes-de-bicicleta\/","url":"https:\/\/calhounmeredith.com\/es\/abogado-de-accidentes-de-bicicleta\/","name":"Abogado De Accidentes De Bicicleta En Houston","isPartOf":{"@id":"https:\/\/calhounmeredith.com\/#website"},"primaryImageOfPage":{"@id":"https:\/\/calhounmeredith.com\/es\/abogado-de-accidentes-de-bicicleta\/#primaryimage"},"image":{"@id":"https:\/\/calhounmeredith.com\/es\/abogado-de-accidentes-de-bicicleta\/#primaryimage"},"thumbnailUrl":"https:\/\/calhounmeredith.com\/wp-content\/uploads\/2024\/05\/houston-bicycle-accident-lawyer-featured-1.webp","datePublished":"2021-02-10T15:20:53+00:00","dateModified":"2025-07-11T15:51:29+00:00","description":"\u00bfAccidente de bicicleta? Es posible que merezca una compensaci\u00f3n. P\u00f3ngase en contacto con un abogado de accidentes de bicicleta de Houston.","breadcrumb":{"@id":"https:\/\/calhounmeredith.com\/es\/abogado-de-accidentes-de-bicicleta\/#breadcrumb"},"inLanguage":"es","potentialAction":[{"@type":"ReadAction","target":["https:\/\/calhounmeredith.com\/es\/abogado-de-accidentes-de-bicicleta\/"]}]},{"@type":"ImageObject","inLanguage":"es","@id":"https:\/\/calhounmeredith.com\/es\/abogado-de-accidentes-de-bicicleta\/#primaryimage","url":"https:\/\/calhounmeredith.com\/wp-content\/uploads\/2024\/05\/houston-bicycle-accident-lawyer-featured-1.webp","contentUrl":"https:\/\/calhounmeredith.com\/wp-content\/uploads\/2024\/05\/houston-bicycle-accident-lawyer-featured-1.webp","width":1280,"height":1000},{"@type":"BreadcrumbList","@id":"https:\/\/calhounmeredith.com\/es\/abogado-de-accidentes-de-bicicleta\/#breadcrumb","itemListElement":[{"@type":"ListItem","position":1,"name":"Home","item":"https:\/\/calhounmeredith.com\/es\/"},{"@type":"ListItem","position":2,"name":"Houston","item":"https:\/\/calhounmeredith.com\/es\/"},{"@type":"ListItem","position":3,"name":"Abogado De Accidentes De Bicicleta En Houston"}]},{"@type":"WebSite","@id":"https:\/\/calhounmeredith.com\/#website","url":"https:\/\/calhounmeredith.com\/","name":"Calhoun Meredith","description":"Houston Injury Law Firm","publisher":{"@id":"https:\/\/calhounmeredith.com\/#organization"},"potentialAction":[{"@type":"SearchAction","target":{"@type":"EntryPoint","urlTemplate":"https:\/\/calhounmeredith.com\/?s={search_term_string}"},"query-input":{"@type":"PropertyValueSpecification","valueRequired":true,"valueName":"search_term_string"}}],"inLanguage":"es"},{"@type":"Organization","@id":"https:\/\/calhounmeredith.com\/#organization","name":"Calhoun Meredith","url":"https:\/\/calhounmeredith.com\/","logo":{"@type":"ImageObject","inLanguage":"es","@id":"https:\/\/calhounmeredith.com\/#\/schema\/logo\/image\/","url":"https:\/\/calhounmeredith.com\/wp-content\/uploads\/2022\/04\/calhoun-meredith-new-logo01-colored.png","contentUrl":"https:\/\/calhounmeredith.com\/wp-content\/uploads\/2022\/04\/calhoun-meredith-new-logo01-colored.png","width":400,"height":200,"caption":"Calhoun Meredith"},"image":{"@id":"https:\/\/calhounmeredith.com\/#\/schema\/logo\/image\/"},"sameAs":["https:\/\/www.facebook.com\/calhounmeredithllc"]}]}},"_links":{"self":[{"href":"https:\/\/calhounmeredith.com\/es\/wp-json\/wp\/v2\/pages\/536","targetHints":{"allow":["GET"]}}],"collection":[{"href":"https:\/\/calhounmeredith.com\/es\/wp-json\/wp\/v2\/pages"}],"about":[{"href":"https:\/\/calhounmeredith.com\/es\/wp-json\/wp\/v2\/types\/page"}],"author":[{"embeddable":true,"href":"https:\/\/calhounmeredith.com\/es\/wp-json\/wp\/v2\/users\/21"}],"replies":[{"embeddable":true,"href":"https:\/\/calhounmeredith.com\/es\/wp-json\/wp\/v2\/comments?post=536"}],"version-history":[{"count":5,"href":"https:\/\/calhounmeredith.com\/es\/wp-json\/wp\/v2\/pages\/536\/revisions"}],"predecessor-version":[{"id":6109,"href":"https:\/\/calhounmeredith.com\/es\/wp-json\/wp\/v2\/pages\/536\/revisions\/6109"}],"wp:featuredmedia":[{"embeddable":true,"href":"https:\/\/calhounmeredith.com\/es\/wp-json\/wp\/v2\/media\/4085"}],"wp:attachment":[{"href":"https:\/\/calhounmeredith.com\/es\/wp-json\/wp\/v2\/media?parent=536"}],"curies":[{"name":"wp","href":"https:\/\/api.w.org\/{rel}","templated":true}]}}