{"id":534,"date":"2021-01-31T10:37:43","date_gmt":"2021-01-31T15:37:43","guid":{"rendered":"http:\/\/localhost:10028\/hom\/"},"modified":"2021-08-20T13:15:29","modified_gmt":"2021-08-20T13:15:29","slug":"hom","status":"publish","type":"page","link":"https:\/\/calhounmeredith.com\/es\/","title":{"rendered":"Inicio"},"content":{"rendered":"","protected":false},"excerpt":{"rendered":"","protected":false},"author":21,"featured_media":0,"parent":0,"menu_order":0,"comment_status":"closed","ping_status":"closed","template":"","meta":{"_acf_changed":false,"footnotes":""},"class_list":["post-534","page","type-page","status-publish","hentry","entry"],"acf":[],"yoast_head":"<!-- This site is optimized with the Yoast SEO plugin v27.0 - https:\/\/yoast.com\/product\/yoast-seo-wordpress\/ -->\n<title>Abogados de lesiones en Houston, TX | Ayuda las 24 Horas<\/title>\n<meta name=\"description\" content=\"Nuestros abogados de lesiones en Houston le ayudar\u00e1n a conseguir la m\u00e1xima compensaci\u00f3n posible por sus lesiones. Ofrecemos consulta 100%% GRATIS y sin riesgo\" \/>\n<meta name=\"robots\" content=\"index, follow, max-snippet:-1, max-image-preview:large, max-video-preview:-1\" \/>\n<link rel=\"canonical\" href=\"https:\/\/calhounmeredith.com\/es\/\" \/>\n<meta property=\"og:locale\" content=\"es_MX\" \/>\n<meta property=\"og:type\" content=\"article\" \/>\n<meta property=\"og:title\" content=\"Abogados de lesiones en Houston, TX | Ayuda las 24 Horas\" \/>\n<meta property=\"og:description\" content=\"Nuestros abogados de lesiones en Houston le ayudar\u00e1n a conseguir la m\u00e1xima compensaci\u00f3n posible por sus lesiones. Ofrecemos consulta 100%% GRATIS y sin riesgo\" \/>\n<meta property=\"og:url\" content=\"https:\/\/calhounmeredith.com\/es\/\" \/>\n<meta property=\"og:site_name\" content=\"Calhoun Meredith\" \/>\n<meta property=\"article:publisher\" content=\"https:\/\/www.facebook.com\/calhounmeredithllc\" \/>\n<meta property=\"article:modified_time\" content=\"2021-08-20T13:15:29+00:00\" \/>\n<meta property=\"og:image\" content=\"https:\/\/calhounmeredith.com\/wp-content\/uploads\/2024\/08\/preview-image-logo.png\" \/>\n\t<meta property=\"og:image:width\" content=\"381\" \/>\n\t<meta property=\"og:image:height\" content=\"155\" \/>\n\t<meta property=\"og:image:type\" content=\"image\/png\" \/>\n<meta name=\"twitter:card\" content=\"summary_large_image\" \/>\n<!-- \/ Yoast SEO plugin. -->","yoast_head_json":{"title":"Abogados de lesiones en Houston, TX | Ayuda las 24 Horas","description":"Nuestros abogados de lesiones en Houston le ayudar\u00e1n a conseguir la m\u00e1xima compensaci\u00f3n posible por sus lesiones. Ofrecemos consulta 100%% GRATIS y sin riesgo","robots":{"index":"index","follow":"follow","max-snippet":"max-snippet:-1","max-image-preview":"max-image-preview:large","max-video-preview":"max-video-preview:-1"},"canonical":"https:\/\/calhounmeredith.com\/es\/","og_locale":"es_MX","og_type":"article","og_title":"Abogados de lesiones en Houston, TX | Ayuda las 24 Horas","og_description":"Nuestros abogados de lesiones en Houston le ayudar\u00e1n a conseguir la m\u00e1xima compensaci\u00f3n posible por sus lesiones. Ofrecemos consulta 100%% GRATIS y sin riesgo","og_url":"https:\/\/calhounmeredith.com\/es\/","og_site_name":"Calhoun Meredith","article_publisher":"https:\/\/www.facebook.com\/calhounmeredithllc","article_modified_time":"2021-08-20T13:15:29+00:00","og_image":[{"width":381,"height":155,"url":"https:\/\/calhounmeredith.com\/wp-content\/uploads\/2024\/08\/preview-image-logo.png","type":"image\/png"}],"twitter_card":"summary_large_image","schema":{"@context":"https:\/\/schema.org","@graph":[{"@type":"WebPage","@id":"https:\/\/calhounmeredith.com\/es\/","url":"https:\/\/calhounmeredith.com\/es\/","name":"Abogados de lesiones en Houston, TX | Ayuda las 24 Horas","isPartOf":{"@id":"https:\/\/calhounmeredith.com\/#website"},"datePublished":"2021-01-31T15:37:43+00:00","dateModified":"2021-08-20T13:15:29+00:00","description":"Nuestros abogados de lesiones en Houston le ayudar\u00e1n a conseguir la m\u00e1xima compensaci\u00f3n posible por sus lesiones. Ofrecemos consulta 100%% GRATIS y sin riesgo","breadcrumb":{"@id":"https:\/\/calhounmeredith.com\/es\/#breadcrumb"},"inLanguage":"es","potentialAction":[{"@type":"ReadAction","target":["https:\/\/calhounmeredith.com\/es\/"]}]},{"@type":"BreadcrumbList","@id":"https:\/\/calhounmeredith.com\/es\/#breadcrumb","itemListElement":[{"@type":"ListItem","position":1,"name":"Home","item":"https:\/\/calhounmeredith.com\/es\/"},{"@type":"ListItem","position":2,"name":"Inicio"}]},{"@type":"WebSite","@id":"https:\/\/calhounmeredith.com\/#website","url":"https:\/\/calhounmeredith.com\/","name":"Calhoun Meredith","description":"Houston Injury Law Firm","publisher":{"@id":"https:\/\/calhounmeredith.com\/#organization"},"potentialAction":[{"@type":"SearchAction","target":{"@type":"EntryPoint","urlTemplate":"https:\/\/calhounmeredith.com\/?s={search_term_string}"},"query-input":{"@type":"PropertyValueSpecification","valueRequired":true,"valueName":"search_term_string"}}],"inLanguage":"es"},{"@type":"Organization","@id":"https:\/\/calhounmeredith.com\/#organization","name":"Calhoun Meredith","url":"https:\/\/calhounmeredith.com\/","logo":{"@type":"ImageObject","inLanguage":"es","@id":"https:\/\/calhounmeredith.com\/#\/schema\/logo\/image\/","url":"https:\/\/calhounmeredith.com\/wp-content\/uploads\/2022\/04\/calhoun-meredith-new-logo01-colored.png","contentUrl":"https:\/\/calhounmeredith.com\/wp-content\/uploads\/2022\/04\/calhoun-meredith-new-logo01-colored.png","width":400,"height":200,"caption":"Calhoun Meredith"},"image":{"@id":"https:\/\/calhounmeredith.com\/#\/schema\/logo\/image\/"},"sameAs":["https:\/\/www.facebook.com\/calhounmeredithllc"]}]}},"_links":{"self":[{"href":"https:\/\/calhounmeredith.com\/es\/wp-json\/wp\/v2\/pages\/534","targetHints":{"allow":["GET"]}}],"collection":[{"href":"https:\/\/calhounmeredith.com\/es\/wp-json\/wp\/v2\/pages"}],"about":[{"href":"https:\/\/calhounmeredith.com\/es\/wp-json\/wp\/v2\/types\/page"}],"author":[{"embeddable":true,"href":"https:\/\/calhounmeredith.com\/es\/wp-json\/wp\/v2\/users\/21"}],"replies":[{"embeddable":true,"href":"https:\/\/calhounmeredith.com\/es\/wp-json\/wp\/v2\/comments?post=534"}],"version-history":[{"count":0,"href":"https:\/\/calhounmeredith.com\/es\/wp-json\/wp\/v2\/pages\/534\/revisions"}],"wp:attachment":[{"href":"https:\/\/calhounmeredith.com\/es\/wp-json\/wp\/v2\/media?parent=534"}],"curies":[{"name":"wp","href":"https:\/\/api.w.org\/{rel}","templated":true}]}}