{"id":528,"date":"2021-02-04T13:24:54","date_gmt":"2021-02-04T18:24:54","guid":{"rendered":"http:\/\/localhost:10028\/houston\/apartment-complex-violence\/"},"modified":"2025-07-25T10:22:01","modified_gmt":"2025-07-25T10:22:01","slug":"violencia-en-complejos-de-apartamentos","status":"publish","type":"page","link":"https:\/\/calhounmeredith.com\/es\/violencia-en-complejos-de-apartamentos\/","title":{"rendered":"Violencia en complejos de apartamentos en Houston"},"content":{"rendered":"\r\n<p>\u00bfFue asaltado en su apartamento o herido por alguien que entraba ilegalmente al complejo? \u00bfCre\u00eda que estaba a salvo, pero lamentablemente fue enga\u00f1ado por la seguridad en su edificio o un edificio que visit\u00f3? \u00bfHa perdido tiempo con el trabajo o las facturas m\u00e9dicas? \u00bfCree que los due\u00f1os de la propiedad pudieron haber hecho algo para detener el asalto y sus lesiones? Si es as\u00ed, le pedimos que nos llame a Calhoun Meredith y hable con un abogado de violencia en complejos de apartamentos de Houston para explorar sus opciones legales.<\/p>\r\n\r\n\r\n\r\n<p>No todos los bufetes de abogados manejan casos de delitos de apartamentos. Incluso varios abogados de <a class=\"rank-math-link\" href=\"https:\/\/calhounmeredith.com\/es\/abogado-de-lesiones-personales\/\">lesiones personales<\/a> no asumen tales afirmaciones. Por lo tanto, es recomendable elegir un bufete de abogados de Houston, Texas, con una amplia historia en la ley negligente de seguridad. El equipo legal de Calhoun Meredith tiene un historial de lucha en nombre de las v\u00edctimas de cr\u00edmenes violentos en apartamentos. Es un honor para nosotros ayudarle a dirigir su situaci\u00f3n legal.<\/p>\r\n\r\n\r\n\r\n\r\n\r\n<p>Las complicaciones con la violencia contra una mujer son que un jurado o juez debe decidir qu\u00e9 peligros de seguridad podr\u00edan haber sido anticipados y evitados por los responsables de la seguridad del edificio en cuesti\u00f3n. La interpretaci\u00f3n de la ley es significativamente vaga y depende en gran medida de los acontecimientos de la situaci\u00f3n. Por esta raz\u00f3n, usted debe tener un abogado experto en cr\u00edmenes en apartamentos de Houston de su lado, que sea capaz de investigar y explorar cualquier incidente desde todos los \u00e1ngulos.<\/p>\r\n\r\n\r\n\r\n<p>Las personas inocentes se convierten en v\u00edctimas porque presumen que todos los propietarios y arrendatarios son individuos responsables que toman medidas significativas para evitar cr\u00edmenes violentos que se pudieran predecir. Creen que un oficial de polic\u00eda patrullar\u00e1 un edificio de apartamentos si es necesario. Lamentablemente, no siempre es as\u00ed.<\/p>\r\n\r\n\r\n\r\n<figure class=\"wp-block-image size-large\"><img decoding=\"async\" class=\"wp-image-342 lazyload\" data-src=\"https:\/\/calhounmeredith.com\/wp-content\/uploads\/2024\/05\/houston-apartment-violence.webp\" alt=\"violencia en el apartamento de houston\" src=\"data:image\/svg+xml;base64,PHN2ZyB3aWR0aD0iMSIgaGVpZ2h0PSIxIiB4bWxucz0iaHR0cDovL3d3dy53My5vcmcvMjAwMC9zdmciPjwvc3ZnPg==\" style=\"--smush-placeholder-width: 600px; --smush-placeholder-aspect-ratio: 600\/400;\" \/><\/figure>\r\n\r\n\r\n\r\n<p>Los<a class=\"rank-math-link\" href=\"https:\/\/es.statista.com\/estadisticas\/634038\/tasa-de-crimenes-violentos-en-ee-uu-por-estado\/\" rel=\"nofollow\" > cr\u00edmenes violentos<\/a> en apartamentos, incluida la violencia dom\u00e9stica, est\u00e1n aumentando diariamente en Houston, Texas. Cuando la polic\u00eda local y el departamento del sheriff del condado de Harris se queda corto, las v\u00edctimas, como las que est\u00e1n en una situaci\u00f3n de violencia dom\u00e9stica, podr\u00edan tener m\u00e1s \u00e9xito en recuperar sus p\u00e9rdidas al conseguir un abogado. Representamos a los residentes en <a class=\"rank-math-link\" href=\"https:\/\/es.wikipedia.org\/wiki\/Houston\" rel=\"nofollow\" >Houston, TX<\/a>, que han sufrido de p\u00e9rdidas considerables debido a la negligencia y delitos de los propietarios que administran los apartamentos y empresas. Para hablar sobre su caso con nuestro abogado de cr\u00edmenes violentos en apartamentos de Houston, TX, p\u00f3ngase en contacto con nosotros hoy mismo.<\/p>\r\n\r\n\r\n\r\n<h2 class=\"wp-block-heading\"><strong>Actividad delictiva en complejos de apartamentos<\/strong><\/h2>\r\n\r\n\r\n\r\n<p>Los complejos de apartamentos pueden atraer a los delincuentes, ya que proporcionan numerosas v\u00edctimas posibles dentro de un \u00e1rea peque\u00f1a, por lo que es m\u00e1s r\u00e1pido y m\u00e1s eficaz para robar a un n\u00famero considerable de personas. Cuando se encuentran, estos delincuentes suelen ser violentos, y las v\u00edctimas podr\u00edan estar en grave riesgo de un ataque f\u00edsico grave o mortal. Nuestro abogado de cr\u00edmenes violentos en apartamentos de Houston est\u00e1 familiarizado con todas estas situaciones. Las actividades delictivas habituales en los complejos de apartamentos son las siguientes:<\/p>\r\n\r\n\r\n\r\n<ul class=\"wp-block-list\">\r\n<li><strong>Allanamientos o robo<\/strong> &#8211; Esto podr\u00eda suceder cuando los residentes de un apartamento est\u00e1n en casa. Los delincuentes les roban sus pertenencias en su presencia a punta de pistola o mientras ellos y sus seres queridos duermen.\u00a0<\/li>\r\n<li><strong>Violaci\u00f3n<\/strong> &#8211; Esto podr\u00eda ocurrir antes o despu\u00e9s de un robo. Las v\u00edctimas de violaci\u00f3n no son s\u00f3lo mujeres.\u00a0<\/li>\r\n<li><strong>Homicidio<\/strong> &#8211; Si es amenazado o confrontado, un criminal podr\u00eda matar a las v\u00edctimas. Sin embargo, podr\u00edan hacerlo sin ninguna raz\u00f3n aparente.<\/li>\r\n<li><strong>Consumo de drogas, compra, distribuci\u00f3n y posesi\u00f3n<\/strong> \u2013 Los drogadictos y el robo van de la mano. Un c\u00edrculo vicioso comienza cuando una persona se vuelve adicta a las drogas y no puede permanecer empleada. Cediendo a su adicci\u00f3n, pierden su trabajo y luego comienzan a robar para pagar las drogas.<\/li>\r\n<\/ul>\r\n\r\n\r\n\r\n<h2 class=\"wp-block-heading\"><strong>Delitos en complejos de apartamentos en Harris County TX<\/strong><\/h2>\r\n\r\n\r\n\r\n<p>Como un abogado de delitos de violencia en apartamentos del Condado de<a class=\"rank-math-link\" href=\"https:\/\/hcad.org\/hcad-forms\/hcad-forms-en-espanol\/\" rel=\"nofollow\" > Harris County<\/a>, por lo general descubrimos que las grandes empresas fuera de la ciudad poseen y administran complejos de apartamentos en comunidades de crimen alto. Hacen mucho, poco o nada para proteger a sus residentes que viven en sus propiedades. La raz\u00f3n de esto es sencilla: gastar dinero en seguridad confiable altera los resultados.\u00a0<\/p>\r\n\r\n\r\n\r\n<p>Como abogado de delitos de apartamentos de Houston, nuestros profesionales legales tienen una experiencia significativa luchando apasionadamente y obteniendo justicia para las v\u00edctimas heridas de cr\u00edmenes violentos. Nuestra dedicaci\u00f3n para luchar por las v\u00edctimas de cr\u00edmenes es insuperable.<\/p>\r\n\r\n\r\n\r\n<h2 class=\"wp-block-heading\"><strong>Complejos de apartamentos inseguros<\/strong><\/h2>\r\n\r\n\r\n\r\n<p>Las estad\u00edsticas se\u00f1alan que m\u00e1s de 1 mill\u00f3n de mujeres son v\u00edctimas de cr\u00edmenes violentos cada a\u00f1o. Adem\u00e1s de tiroteos, los actos de violencia que ocurren en complejos de apartamentos inseguros incluyen:\u00a0<\/p>\r\n\r\n\r\n\r\n<ul class=\"wp-block-list\">\r\n<li>Asalto en coche<\/li>\r\n<li>Robo a mano armada\u00a0<\/li>\r\n<li>Robo de coches\u00a0<\/li>\r\n<li>Agresi\u00f3n sexual y violaci\u00f3n\u00a0<\/li>\r\n<li>Asesinato y <a class=\"rank-math-link\" href=\"https:\/\/calhounmeredith.com\/es\/abogado-de-muerte-injusta\/\">muerte\u00a0Injusta<\/a><\/li>\r\n<li>Robo de pertenencias dentro del autom\u00f3vil\u00a0<\/li>\r\n<li>Apu\u00f1aladas\u00a0<\/li>\r\n<li>Tiroteos en un apartamento\u00a0<\/li>\r\n<li>Allanamientos forzados\u00a0<\/li>\r\n<li>Robos\u00a0<\/li>\r\n<li>Agresiones<\/li>\r\n<\/ul>\r\n\r\n\r\n\r\n<p>Los delincuentes que localizan a los ocupantes en los <a class=\"rank-math-link\" href=\"https:\/\/www.apartments.com\/es\/houston-tx\/de-menos-de-600\/\" rel=\"nofollow\" >complejos de apartamentos<\/a> aprovechan la falta o inadecuada seguridad. Una bombilla quemada podr\u00eda convertir a una escalera o un pasillo en la oportunidad ideal para un criminal. Una propiedad o estacionamiento sin vallas y sin luces podr\u00eda ayudarle tanto al criminal a entrar como a usted de alejarse de este.\u00a0<\/p>\r\n\r\n\r\n\r\n<p>Cerraduras defectuosas en las ventanas y puertas podr\u00edan permitirles a los ladrones a entrar a un apartamento, mostrando poco o ning\u00fan rastro de c\u00f3mo llegaron a la residencia. La falta de c\u00e1maras de vigilancia y guardias de seguridad podr\u00edan alentar a situaciones violentas y eliminar cualquier preocupaci\u00f3n de ser atrapados.<\/p>\r\n\r\n\r\n\r\n<p>Las lesiones graves alteran la vida. Las v\u00edctimas sufren de falta de trabajo, facturas m\u00e9dicas, perdidas de trabajo, atrasarse con los pagos, dificultad para mantener relaciones y perder un apartamento. Lidiar con las secuelas de un crimen violento en su apartamento es dif\u00edcil. Los abogados no pueden retroceder en el tiempo. Sin embargo, un abogado adecuado podr\u00eda ayudarle a luchar por la compensaci\u00f3n que merece para poder seguir adelante con su vida.<\/p>\r\n\r\n\r\n\r\n<h2 class=\"wp-block-heading\"><strong>C\u00f3mo puede ayudarle un abogado de violencia en complejos de apartamentos<\/strong><\/h2>\r\n\r\n\r\n\r\n<p>Usted no quiere tener a una firma de pr\u00e1cticas generales o un defensor legal que se encargue principalmente de leyes en bienes ra\u00edces, por ejemplo, y solo trabaje en estas \u00e1reas. En su lugar, usted necesita de un abogado que posea la experiencia, la resiliencia y las habilidades para llegar a recursos externos, como los profesionales de la seguridad. Cuando usted trabaja con un <a href=\"https:\/\/calhounmeredith.com\/es\/houston\/abogado-de-transporte-publico\/\" target=\"_blank\" rel=\"noopener\">abogado experto en violencia en complejos de apartamentos de Houston<\/a>, usted podr\u00eda estar tranquilo al darse cuenta de que su abogado tiene conexiones con externos expertos que podr\u00edan ser capaces de aumentar la fuerza de su demanda..<\/p>\r\n\r\n\r\n\r\n<p>Para explicar mejor c\u00f3mo un experimentado abogado de delitos de apartamentos de Houston puede ayudarle a medida que avanza su demanda, usaremos un caso de un guardia de seguridad en la entrada de un complejo de edificios de apartamentos. Algunos propietarios de edificios asumen que como tienen un guardia de seguridad en su lugar, han cumplido con todos los requisitos legales y no ser\u00e1n considerados responsables en caso de un ataque violento. Esta idea no es completamente adecuada. Nuestros abogados podr\u00edan investigar:<\/p>\r\n\r\n\r\n\r\n<ul class=\"wp-block-list\">\r\n<li>Si todos los procedimientos de seguridad est\u00e1n en marcha\u00a0<\/li>\r\n<li>Si hubiera alguna pol\u00edtica de seguridad\u00a0<\/li>\r\n<li>Los requisitos y la capacitaci\u00f3n de los guardias de seguridad y la empresa\u00a0<\/li>\r\n<li>El estado del equipo de seguridad\u00a0<\/li>\r\n<li>La ejecuci\u00f3n precisa de un plan de seguridad<\/li>\r\n<\/ul>\r\n\r\n\r\n\r\n<figure class=\"wp-block-image size-large\"><img decoding=\"async\" class=\"wp-image-1425 lazyload\" data-src=\"https:\/\/calhounmeredith.com\/wp-content\/uploads\/2024\/05\/apartment.webp\" alt=\"Complejo de apartamentos en Texas\" src=\"data:image\/svg+xml;base64,PHN2ZyB3aWR0aD0iMSIgaGVpZ2h0PSIxIiB4bWxucz0iaHR0cDovL3d3dy53My5vcmcvMjAwMC9zdmciPjwvc3ZnPg==\" style=\"--smush-placeholder-width: 600px; --smush-placeholder-aspect-ratio: 600\/400;\" \/><\/figure>\r\n\r\n\r\n\r\n<h2 class=\"wp-block-heading\"><strong>Contrate a nuestro abogado de violencia en complejos de apartamentos de Houston<\/strong><\/h2>\r\n\r\n\r\n\r\n<p>Si usted ha sido v\u00edctima de un crimen en su apartamento, llamar a un abogado experimentado en violencia en complejos de apartamentos, debe estar entre sus primeros pasos a tomar.\u00a0<\/p>\r\n\r\n\r\n\r\n<p>Ning\u00fan bufete de abogados en Houston o el estado de Texas tiene m\u00e1s conocimiento en representar a las v\u00edctimas de tiroteos en apartamentos que <a class=\"rank-math-link\" href=\"\/es\/\">Calhoun Meredith<\/a>. Nuestra firma ha estado representando a las v\u00edctimas de cr\u00edmenes violentos de apartamentos durante d\u00e9cadas. A diferencia de otros bufetes de abogados de Houston, representar a las v\u00edctimas es todo lo que hacemos. Como muestran nuestros resultados, nuestros abogados son excelentes en lo que hacen.<\/p>\r\n\r\n\r\n\r\n<p>Hemos proporcionado asistencia legal a un gran n\u00famero de v\u00edctimas en todo Texas. Nuestros abogados les ayudan a presentar demandas como resultado de asaltos, tiroteos, homicidios, robos, robos de autos y otros cr\u00edmenes violentos que ocurren en <a href=\"https:\/\/calhounmeredith.com\/violence-home-seek-justice-complex-injury\/\" target=\"_blank\" rel=\"noopener\">complejos de apartamentos<\/a> u otros edificios con mala seguridad.\u00a0<\/p>\r\n\r\n\r\n\r\n<p>Si usted o alguien que ama fue v\u00edctima de un crimen violento en un apartamento, llame a nuestra oficina hoy para programar una consulta.<\/p>\r\n","protected":false},"excerpt":{"rendered":"<p>\u00bfFue asaltado en su apartamento o herido por alguien que entraba ilegalmente al complejo? \u00bfCre\u00eda que estaba a salvo, pero lamentablemente fue enga\u00f1ado por la &hellip; <\/p>\n<p class=\"link-more\"><a href=\"https:\/\/calhounmeredith.com\/es\/violencia-en-complejos-de-apartamentos\/\" class=\"more-link\">Continuar leyendo<span class=\"screen-reader-text\"> &#8220;Violencia en complejos de apartamentos en Houston&#8221;<\/span><\/a><\/p>\n","protected":false},"author":21,"featured_media":3956,"parent":0,"menu_order":0,"comment_status":"closed","ping_status":"closed","template":"","meta":{"_acf_changed":false,"footnotes":""},"class_list":["post-528","page","type-page","status-publish","has-post-thumbnail","hentry","entry"],"acf":[],"yoast_head":"<!-- This site is optimized with the Yoast SEO plugin v27.0 - https:\/\/yoast.com\/product\/yoast-seo-wordpress\/ -->\n<title>Violencia en complejos de apartamentos en Houston<\/title>\n<meta name=\"description\" content=\"\u00bfResultado lesionado debido a la violencia en el complejo de apartamentos? Comun\u00edquese con Calhoun Meredith hoy.\" \/>\n<meta name=\"robots\" content=\"index, follow, max-snippet:-1, max-image-preview:large, max-video-preview:-1\" \/>\n<link rel=\"canonical\" href=\"https:\/\/calhounmeredith.com\/es\/violencia-en-complejos-de-apartamentos\/\" \/>\n<meta property=\"og:locale\" content=\"es_MX\" \/>\n<meta property=\"og:type\" content=\"article\" \/>\n<meta property=\"og:title\" content=\"Violencia en complejos de apartamentos en Houston\" \/>\n<meta property=\"og:description\" content=\"\u00bfResultado lesionado debido a la violencia en el complejo de apartamentos? Comun\u00edquese con Calhoun Meredith hoy.\" \/>\n<meta property=\"og:url\" content=\"https:\/\/calhounmeredith.com\/es\/violencia-en-complejos-de-apartamentos\/\" \/>\n<meta property=\"og:site_name\" content=\"Calhoun Meredith\" \/>\n<meta property=\"article:publisher\" content=\"https:\/\/www.facebook.com\/calhounmeredithllc\" \/>\n<meta property=\"article:modified_time\" content=\"2025-07-25T10:22:01+00:00\" \/>\n<meta property=\"og:image\" content=\"https:\/\/calhounmeredith.com\/wp-content\/uploads\/2024\/05\/houston-apartment-complex-violence-1.webp\" \/>\n\t<meta property=\"og:image:width\" content=\"1280\" \/>\n\t<meta property=\"og:image:height\" content=\"1000\" \/>\n\t<meta property=\"og:image:type\" content=\"image\/webp\" \/>\n<meta name=\"twitter:card\" content=\"summary_large_image\" \/>\n<meta name=\"twitter:label1\" content=\"Tiempo de lectura\" \/>\n\t<meta name=\"twitter:data1\" content=\"7 minutos\" \/>\n<!-- \/ Yoast SEO plugin. -->","yoast_head_json":{"title":"Violencia en complejos de apartamentos en Houston","description":"\u00bfResultado lesionado debido a la violencia en el complejo de apartamentos? Comun\u00edquese con Calhoun Meredith hoy.","robots":{"index":"index","follow":"follow","max-snippet":"max-snippet:-1","max-image-preview":"max-image-preview:large","max-video-preview":"max-video-preview:-1"},"canonical":"https:\/\/calhounmeredith.com\/es\/violencia-en-complejos-de-apartamentos\/","og_locale":"es_MX","og_type":"article","og_title":"Violencia en complejos de apartamentos en Houston","og_description":"\u00bfResultado lesionado debido a la violencia en el complejo de apartamentos? Comun\u00edquese con Calhoun Meredith hoy.","og_url":"https:\/\/calhounmeredith.com\/es\/violencia-en-complejos-de-apartamentos\/","og_site_name":"Calhoun Meredith","article_publisher":"https:\/\/www.facebook.com\/calhounmeredithllc","article_modified_time":"2025-07-25T10:22:01+00:00","og_image":[{"width":1280,"height":1000,"url":"https:\/\/calhounmeredith.com\/wp-content\/uploads\/2024\/05\/houston-apartment-complex-violence-1.webp","type":"image\/webp"}],"twitter_card":"summary_large_image","twitter_misc":{"Tiempo de lectura":"7 minutos"},"schema":{"@context":"https:\/\/schema.org","@graph":[{"@type":"WebPage","@id":"https:\/\/calhounmeredith.com\/es\/violencia-en-complejos-de-apartamentos\/","url":"https:\/\/calhounmeredith.com\/es\/violencia-en-complejos-de-apartamentos\/","name":"Violencia en complejos de apartamentos en Houston","isPartOf":{"@id":"https:\/\/calhounmeredith.com\/#website"},"primaryImageOfPage":{"@id":"https:\/\/calhounmeredith.com\/es\/violencia-en-complejos-de-apartamentos\/#primaryimage"},"image":{"@id":"https:\/\/calhounmeredith.com\/es\/violencia-en-complejos-de-apartamentos\/#primaryimage"},"thumbnailUrl":"https:\/\/calhounmeredith.com\/wp-content\/uploads\/2024\/05\/houston-apartment-complex-violence-1.webp","datePublished":"2021-02-04T18:24:54+00:00","dateModified":"2025-07-25T10:22:01+00:00","description":"\u00bfResultado lesionado debido a la violencia en el complejo de apartamentos? Comun\u00edquese con Calhoun Meredith hoy.","breadcrumb":{"@id":"https:\/\/calhounmeredith.com\/es\/violencia-en-complejos-de-apartamentos\/#breadcrumb"},"inLanguage":"es","potentialAction":[{"@type":"ReadAction","target":["https:\/\/calhounmeredith.com\/es\/violencia-en-complejos-de-apartamentos\/"]}]},{"@type":"ImageObject","inLanguage":"es","@id":"https:\/\/calhounmeredith.com\/es\/violencia-en-complejos-de-apartamentos\/#primaryimage","url":"https:\/\/calhounmeredith.com\/wp-content\/uploads\/2024\/05\/houston-apartment-complex-violence-1.webp","contentUrl":"https:\/\/calhounmeredith.com\/wp-content\/uploads\/2024\/05\/houston-apartment-complex-violence-1.webp","width":1280,"height":1000},{"@type":"BreadcrumbList","@id":"https:\/\/calhounmeredith.com\/es\/violencia-en-complejos-de-apartamentos\/#breadcrumb","itemListElement":[{"@type":"ListItem","position":1,"name":"Home","item":"https:\/\/calhounmeredith.com\/es\/"},{"@type":"ListItem","position":2,"name":"Violencia en complejos de apartamentos en Houston"}]},{"@type":"WebSite","@id":"https:\/\/calhounmeredith.com\/#website","url":"https:\/\/calhounmeredith.com\/","name":"Calhoun Meredith","description":"Houston Injury Law Firm","publisher":{"@id":"https:\/\/calhounmeredith.com\/#organization"},"potentialAction":[{"@type":"SearchAction","target":{"@type":"EntryPoint","urlTemplate":"https:\/\/calhounmeredith.com\/?s={search_term_string}"},"query-input":{"@type":"PropertyValueSpecification","valueRequired":true,"valueName":"search_term_string"}}],"inLanguage":"es"},{"@type":"Organization","@id":"https:\/\/calhounmeredith.com\/#organization","name":"Calhoun Meredith","url":"https:\/\/calhounmeredith.com\/","logo":{"@type":"ImageObject","inLanguage":"es","@id":"https:\/\/calhounmeredith.com\/#\/schema\/logo\/image\/","url":"https:\/\/calhounmeredith.com\/wp-content\/uploads\/2022\/04\/calhoun-meredith-new-logo01-colored.png","contentUrl":"https:\/\/calhounmeredith.com\/wp-content\/uploads\/2022\/04\/calhoun-meredith-new-logo01-colored.png","width":400,"height":200,"caption":"Calhoun Meredith"},"image":{"@id":"https:\/\/calhounmeredith.com\/#\/schema\/logo\/image\/"},"sameAs":["https:\/\/www.facebook.com\/calhounmeredithllc"]}]}},"_links":{"self":[{"href":"https:\/\/calhounmeredith.com\/es\/wp-json\/wp\/v2\/pages\/528","targetHints":{"allow":["GET"]}}],"collection":[{"href":"https:\/\/calhounmeredith.com\/es\/wp-json\/wp\/v2\/pages"}],"about":[{"href":"https:\/\/calhounmeredith.com\/es\/wp-json\/wp\/v2\/types\/page"}],"author":[{"embeddable":true,"href":"https:\/\/calhounmeredith.com\/es\/wp-json\/wp\/v2\/users\/21"}],"replies":[{"embeddable":true,"href":"https:\/\/calhounmeredith.com\/es\/wp-json\/wp\/v2\/comments?post=528"}],"version-history":[{"count":6,"href":"https:\/\/calhounmeredith.com\/es\/wp-json\/wp\/v2\/pages\/528\/revisions"}],"predecessor-version":[{"id":6140,"href":"https:\/\/calhounmeredith.com\/es\/wp-json\/wp\/v2\/pages\/528\/revisions\/6140"}],"wp:featuredmedia":[{"embeddable":true,"href":"https:\/\/calhounmeredith.com\/es\/wp-json\/wp\/v2\/media\/3956"}],"wp:attachment":[{"href":"https:\/\/calhounmeredith.com\/es\/wp-json\/wp\/v2\/media?parent=528"}],"curies":[{"name":"wp","href":"https:\/\/api.w.org\/{rel}","templated":true}]}}