{"id":5048,"date":"2024-06-18T10:06:16","date_gmt":"2024-06-18T10:06:16","guid":{"rendered":"https:\/\/calhounmeredith.com\/?page_id=5048"},"modified":"2025-07-11T15:39:36","modified_gmt":"2025-07-11T15:39:36","slug":"privacy-policy","status":"publish","type":"page","link":"https:\/\/calhounmeredith.com\/es\/privacy-policy\/","title":{"rendered":"Privacy Policy"},"content":{"rendered":"<p>No se compartir\u00e1 ninguna informaci\u00f3n m\u00f3vil con terceros\/afiliados con fines de marketing\/promoci\u00f3n. Todas las categor\u00edas anteriores excluyen los datos de aceptaci\u00f3n y el consentimiento del originador de mensajes de texto; Esta informaci\u00f3n no ser\u00e1 compartida con terceros.<\/p>\r\n<p>Esta pol\u00edtica de privacidad se aplica a la informaci\u00f3n recopilada en l\u00ednea de los usuarios de este sitio web. En esta pol\u00edtica, puede aprender qu\u00e9 tipo de informaci\u00f3n recopilamos, cu\u00e1ndo y c\u00f3mo podemos usar esa informaci\u00f3n, c\u00f3mo protegemos la informaci\u00f3n y las opciones que tiene con respecto a su informaci\u00f3n personal.<\/p>\r\n<h2>\u00bfQu\u00e9 informaci\u00f3n personal se recopila a trav\u00e9s de este sitio web y c\u00f3mo se utiliza?<\/h2>\r\n<p>Recopilamos informaci\u00f3n sobre nuestros usuarios de tres maneras: directamente del usuario, de los registros de nuestro servidor web y mediante cookies. Usamos la informaci\u00f3n principalmente para brindarle una experiencia de Internet personalizada que brinde la informaci\u00f3n, los recursos y los servicios que sean m\u00e1s relevantes y \u00fatiles para usted. No compartimos la informaci\u00f3n que usted proporciona con otros, a menos que as\u00ed lo indiquemos en esta Pol\u00edtica de Privacidad, o cuando creamos de buena fe que la ley as\u00ed lo exige.<\/p>\r\n<h3>Informaci\u00f3n proporcionada por el usuario<\/h3>\r\n<p>Si completa el formulario de &#8220;contacto&#8221; en este sitio web, le pediremos que proporcione cierta informaci\u00f3n personal (como direcci\u00f3n de correo electr\u00f3nico, nombre, n\u00famero de tel\u00e9fono y estado). S\u00f3lo requerimos que proporcione una direcci\u00f3n de correo electr\u00f3nico en el formulario de contacto. Adem\u00e1s, si el chat est\u00e1 disponible a trav\u00e9s de este sitio, es posible que se le solicite que proporcione informaci\u00f3n si participa en un chat en l\u00ednea. No env\u00ede ninguna informaci\u00f3n de identificaci\u00f3n personal confidencial, de propiedad exclusiva o sensible (por ejemplo, n\u00famero de seguro social; fecha de nacimiento; n\u00famero de licencia de conducir; o tarjeta de cr\u00e9dito, cuenta bancaria u otra informaci\u00f3n financiera) (colectivamente, &#8220;Informaci\u00f3n confidencial&#8221;). Si env\u00eda informaci\u00f3n confidencial, lo hace bajo su propio riesgo y no seremos responsables ante usted ni de las consecuencias de su env\u00edo.<\/p>\r\n<p>La informaci\u00f3n que nos proporcione a trav\u00e9s del formulario de contacto o un chat en l\u00ednea se utilizar\u00e1 para que podamos responder a su consulta. Tambi\u00e9n podemos utilizar la informaci\u00f3n que usted nos proporciona para comunicarnos con usted en el futuro. Si no desea recibir dichas comunicaciones, puede cancelar su suscripci\u00f3n como se describe a continuaci\u00f3n.<\/p>\r\n<h3>Registros del servidor web<\/h3>\r\n<p>Cuando visita nuestro sitio web, podemos rastrear informaci\u00f3n sobre su visita y almacenar esa informaci\u00f3n en registros del servidor web, que son registros de las actividades en nuestros sitios. Los servidores capturan y guardan autom\u00e1ticamente la informaci\u00f3n de forma electr\u00f3nica. Ejemplos de la informaci\u00f3n que podemos recopilar incluyen:<\/p>\r\n<ul>\r\n<li>su direcci\u00f3n de protocolo de Internet \u00fanica;<\/li>\r\n<li>el nombre de su proveedor de servicios de Internet exclusivo;<\/li>\r\n<li>el pueblo\/ciudad, condado\/estado y pa\u00eds desde el que accede a nuestro sitio web;<\/li>\r\n<li>el tipo de navegador o computadora que utiliza;<\/li>\r\n<li>la cantidad de enlaces en los que hace clic dentro del sitio;<\/li>\r\n<li>la fecha y hora de su visita;<\/li>\r\n<li>la p\u00e1gina web desde la que lleg\u00f3 a nuestro sitio;<\/li>\r\n<li>las p\u00e1ginas que vio en el sitio; y<\/li>\r\n<li>ciertas b\u00fasquedas\/consultas que realiz\u00f3 a trav\u00e9s de nuestro(s) sitio(s) web.<\/li>\r\n<\/ul>\r\n<p>La informaci\u00f3n que recopilamos en los registros del servidor web nos ayuda a administrar el sitio, analizar su uso, proteger el sitio web y su contenido del uso inadecuado y mejorar la experiencia del usuario.<\/p>\r\n<h3>Galletas<\/h3>\r\n<p>Para ofrecer y proporcionar un servicio personalizado y personal, nuestros sitios web y aplicaciones pueden utilizar cookies y tecnolog\u00edas similares para almacenar y ayudar a rastrear informaci\u00f3n sobre usted. Las cookies son simplemente peque\u00f1os fragmentos de datos que se env\u00edan a su navegador desde un servidor web y se almacenan en el disco duro de su computadora. Utilizamos cookies para recordarnos qui\u00e9n es usted y ayudarle a navegar por nuestros sitios durante sus visitas. Las cookies tambi\u00e9n pueden decirnos a d\u00f3nde van los visitantes en un sitio web y permitirnos guardar sus preferencias para que no tenga que volver a ingresarlas cada vez que lo visite. El uso de cookies es relativamente est\u00e1ndar. La mayor\u00eda de los navegadores de Internet est\u00e1n configurados inicialmente para aceptar cookies, pero usted puede utilizar su navegador para notificarle cuando recibe una cookie o para desactivarlas.<\/p>\r\n<p>Si desea desactivar las cookies de este sitio, puede hacerlo utilizando su navegador. Debe comprender que es posible que algunas funciones de muchos sitios no funcionen correctamente si no acepta las cookies. Para obtener m\u00e1s informaci\u00f3n sobre el uso de navegadores para administrar cookies, consulte\u00a0<a class=\"rank-math-link\" href=\"https:\/\/www.allaboutcookies.org\/manage-cookies\/\" target=\"_blank\" rel=\"nofollow noreferrer noopener\">Todo sobre las cookies<\/a>. Tambi\u00e9n puede negarse a aceptar cookies Flash de este sitio web utilizando\u00a0<a class=\"rank-math-link\" href=\"https:\/\/www.adobe.com\/devnet-docs\/acrobatetk\/index.html\" target=\"_blank\" rel=\"nofollow noreferrer noopener\">Herramientas de gesti\u00f3n de Flash de Adobe<\/a>. Puede optar por no participar en el uso de cookies de Google visitando\u00a0<a class=\"rank-math-link\" href=\"https:\/\/www.google.com\/ads\/preferences?continue=aHR0cHM6Ly9hZHNzZXR0aW5ncy5nb29nbGUuY29tL2Fub255bW91cw%3D%3D\" target=\"_blank\" rel=\"nofollow noreferrer noopener\">Configuraci\u00f3n de anuncios de Google<\/a>.<\/p>\r\n<!-- \/wp:post-content -->\r\n\r\n<!-- wp:paragraph -->\r\n<p>Al visitar este sitio web, usted acepta el uso de cookies y tecnolog\u00edas similares de acuerdo con esta Declaraci\u00f3n de Privacidad.<\/p>\r\n<!-- \/wp:paragraph -->\r\n\r\n<!-- wp:heading {\"level\":3} -->\r\n<h3>Servicios de terceros<\/h3>\r\n<!-- \/wp:heading -->\r\n\r\n<!-- wp:paragraph -->\r\n<p>Podemos utilizar servicios alojados por terceros, incluido Adobe Site Catalyst, para ayudarnos a proporcionar nuestros servicios y ayudarnos a comprender el uso de nuestro sitio por parte de nuestros visitantes. Estos servicios pueden recopilar informaci\u00f3n enviada por su navegador como parte de una solicitud de p\u00e1gina web, incluida su direcci\u00f3n IP o cookies. Si estos servicios de terceros recopilan informaci\u00f3n, lo hacen de forma an\u00f3nima y en conjunto para proporcionarnos informaci\u00f3n \u00fatil, como las tendencias del sitio web, sin identificar a los visitantes individuales.<\/p>\r\n<!-- \/wp:paragraph -->\r\n\r\n<!-- wp:paragraph -->\r\n<p>Adem\u00e1s, podemos utilizar servicios proporcionados por terceros para mostrarle contenido, productos, servicios y publicidad relevantes. Estos terceros pueden utilizar cookies, balizas web y tecnolog\u00edas similares para recopilar o recibir informaci\u00f3n de este sitio web y de otros lugares de Internet. Luego pueden usar esa informaci\u00f3n para proporcionar servicios de medici\u00f3n para que podamos comprender sus intereses y reorientar anuncios en funci\u00f3n de sus visitas anteriores a este sitio web. Tenga en cuenta que no compartimos su informaci\u00f3n personal con ning\u00fan anunciante, servidor de anuncios o red publicitaria de terceros.<\/p>\r\n<!-- \/wp:paragraph -->\r\n\r\n<!-- wp:paragraph -->\r\n<p>Es posible que pueda optar por no participar en la recopilaci\u00f3n y el uso de informaci\u00f3n para la orientaci\u00f3n de anuncios por parte de terceros visitando <a class=\"rank-math-link\" href=\"https:\/\/optout.aboutads.info\/?c=2&amp;lang=EN\" target=\"_blank\" rel=\"nofollow noreferrer noopener\">www.aboutads.info\/choices<\/a>.Puede inhabilitar el uso de cookies por parte de Google visitando la Configuraci\u00f3n de anuncios de Google. Puede visitar esta p\u00e1gina para optar por no recibir publicidad dirigida de AdRoll y sus socios. Consulte &#8220;Cookies&#8221; en la secci\u00f3n anterior para obtener m\u00e1s informaci\u00f3n sobre c\u00f3mo puede controlar el uso de cookies en su computadora.<\/p>\r\n<!-- \/wp:paragraph -->\r\n\r\n<!-- wp:heading {\"level\":3} -->\r\n<h3>California no realiza seguimiento<\/h3>\r\n<!-- \/wp:heading -->\r\n\r\n<!-- wp:paragraph -->\r\n<p>Nuestros servicios web no alteran, cambian ni responden al recibir solicitudes o se\u00f1ales de No rastrear (DNT) en los navegadores. Como se describi\u00f3 con m\u00e1s detalle anteriormente, rastreamos la actividad del usuario utilizando registros del servidor web, cookies y tecnolog\u00edas similares. La informaci\u00f3n recopilada en los registros del servidor web nos ayuda a analizar el uso del sitio web y mejorar la experiencia del usuario. Las cookies nos permiten ofrecerle una experiencia personalizada y presentarle publicidad relevante.<\/p>\r\n<!-- \/wp:paragraph -->\r\n\r\n<!-- wp:heading -->\r\n<h2>\u00bfC\u00f3mo se protege la informaci\u00f3n personal?<\/h2>\r\n<!-- \/wp:heading -->\r\n\r\n<!-- wp:paragraph -->\r\n<p>Tomamos ciertas medidas de seguridad apropiadas para ayudar a proteger su informaci\u00f3n personal contra p\u00e9rdidas accidentales y contra acceso, uso o divulgaci\u00f3n no autorizados. Sin embargo, no podemos garantizar que personas no autorizadas siempre no puedan burlar nuestras medidas de seguridad.<\/p>\r\n<!-- \/wp:paragraph -->\r\n\r\n<!-- wp:heading -->\r\n<h2>\u00bfQui\u00e9n tiene acceso a la informaci\u00f3n?<\/h2>\r\n<!-- \/wp:heading -->\r\n\r\n<!-- wp:paragraph -->\r\n<p>No venderemos, alquilaremos ni arrendaremos listas de correo u otros datos de usuario a otros, y no pondremos su informaci\u00f3n personal a disposici\u00f3n de partes no afiliadas, excepto de la siguiente manera:<\/p>\r\n<!-- \/wp:paragraph -->\r\n\r\n<!-- wp:list -->\r\n<ul>\r\n<li>a agentes, proveedores de sitios web y\/o contratistas que puedan usarlo en nuestro nombre o en relaci\u00f3n con su relaci\u00f3n con nosotros;<\/li>\r\n<li>si no podemos ayudarlo con su asunto, pero conocemos a un abogado o firma no afiliada que pueda ayudarlo, podemos recomendarlo y compartir la informaci\u00f3n que nos proporcion\u00f3 con esa parte; y<\/li>\r\n<li>seg\u00fan lo exija la ley, en una cuesti\u00f3n de seguridad o pol\u00edtica p\u00fablica, seg\u00fan sea necesario en relaci\u00f3n con la transferencia de nuestros activos comerciales (por ejemplo, si somos adquiridos por otra empresa o si somos liquidados durante un procedimiento de quiebra), o si creemos de buena fe que compartir los datos es necesario para proteger nuestros derechos o propiedad.<\/li>\r\n<\/ul>\r\n<!-- \/wp:list -->\r\n\r\n<!-- wp:heading -->\r\n<h2>\u00bfC\u00f3mo puedo corregir, modificar o eliminar mi informaci\u00f3n personal y\/u optar por no recibir comunicaciones futuras?<\/h2>\r\n<!-- \/wp:heading -->\r\n\r\n<!-- wp:paragraph -->\r\n<p>Puede optar por no recibir ning\u00fan contacto futuro con nosotros en cualquier momento. Cont\u00e1ctenos a trav\u00e9s del n\u00famero de tel\u00e9fono, formulario de contacto o direcci\u00f3n postal en nuestro sitio web en cualquier momento para:<\/p>\r\n<!-- \/wp:paragraph -->\r\n\r\n<!-- wp:list -->\r\n<ul>\r\n<li>ver qu\u00e9 datos tenemos sobre usted, si los hubiera;<\/li>\r\n<li>cambiar\/corregir cualquier dato que tengamos sobre usted;<\/li>\r\n<li>solicitarnos que eliminemos cualquier dato que tengamos sobre usted; y\/o<\/li>\r\n<li>optar por no recibir futuras comunicaciones nuestras.<\/li>\r\n<\/ul>\r\n<!-- \/wp:list -->\r\n\r\n<!-- wp:paragraph -->\r\n<p>Si tiene alguna pregunta o inquietud adicional sobre esta pol\u00edtica de privacidad, comun\u00edquese con nosotros a trav\u00e9s del n\u00famero de tel\u00e9fono, el formulario de contacto o la direcci\u00f3n postal que figuran en este sitio web. Si nuestras pr\u00e1cticas de informaci\u00f3n cambian de manera significativa, publicaremos los cambios de pol\u00edtica aqu\u00ed.<\/p>\r\n<!-- \/wp:paragraph -->\r\n\r\n<!-- wp:paragraph -->\r\n<p>Efectivo el 14 de septiembre de 2015.<\/p>\r\n<!-- \/wp:paragraph -->","protected":false},"excerpt":{"rendered":"<p>No se compartir\u00e1 ninguna informaci\u00f3n m\u00f3vil con terceros\/afiliados con fines de marketing\/promoci\u00f3n. Todas las categor\u00edas anteriores excluyen los datos de aceptaci\u00f3n y el consentimiento del &hellip; <\/p>\n<p class=\"link-more\"><a href=\"https:\/\/calhounmeredith.com\/es\/privacy-policy\/\" class=\"more-link\">Continuar leyendo<span class=\"screen-reader-text\"> &#8220;Privacy Policy&#8221;<\/span><\/a><\/p>\n","protected":false},"author":21,"featured_media":0,"parent":0,"menu_order":0,"comment_status":"closed","ping_status":"closed","template":"","meta":{"_acf_changed":false,"footnotes":""},"class_list":["post-5048","page","type-page","status-publish","hentry","entry"],"acf":[],"yoast_head":"<!-- This site is optimized with the Yoast SEO plugin v27.0 - https:\/\/yoast.com\/product\/yoast-seo-wordpress\/ -->\n<title>Privacy Policy | Calhoun Meredith<\/title>\n<meta name=\"robots\" content=\"index, follow, max-snippet:-1, max-image-preview:large, max-video-preview:-1\" \/>\n<link rel=\"canonical\" href=\"https:\/\/calhounmeredith.com\/es\/privacy-policy\/\" \/>\n<meta property=\"og:locale\" content=\"es_MX\" \/>\n<meta property=\"og:type\" content=\"article\" \/>\n<meta property=\"og:title\" content=\"Privacy Policy | Calhoun Meredith\" \/>\n<meta property=\"og:description\" content=\"No se compartir\u00e1 ninguna informaci\u00f3n m\u00f3vil con terceros\/afiliados con fines de marketing\/promoci\u00f3n. Todas las categor\u00edas anteriores excluyen los datos de aceptaci\u00f3n y el consentimiento del &hellip; Continuar leyendo &quot;Privacy Policy&quot;\" \/>\n<meta property=\"og:url\" content=\"https:\/\/calhounmeredith.com\/es\/privacy-policy\/\" \/>\n<meta property=\"og:site_name\" content=\"Calhoun Meredith\" \/>\n<meta property=\"article:publisher\" content=\"https:\/\/www.facebook.com\/calhounmeredithllc\" \/>\n<meta property=\"article:modified_time\" content=\"2025-07-11T15:39:36+00:00\" \/>\n<meta property=\"og:image\" content=\"https:\/\/calhounmeredith.com\/wp-content\/uploads\/2024\/08\/preview-image-logo.png\" \/>\n\t<meta property=\"og:image:width\" content=\"381\" \/>\n\t<meta property=\"og:image:height\" content=\"155\" \/>\n\t<meta property=\"og:image:type\" content=\"image\/png\" \/>\n<meta name=\"twitter:card\" content=\"summary_large_image\" \/>\n<meta name=\"twitter:label1\" content=\"Tiempo de lectura\" \/>\n\t<meta name=\"twitter:data1\" content=\"7 minutos\" \/>\n<!-- \/ Yoast SEO plugin. -->","yoast_head_json":{"title":"Privacy Policy | Calhoun Meredith","robots":{"index":"index","follow":"follow","max-snippet":"max-snippet:-1","max-image-preview":"max-image-preview:large","max-video-preview":"max-video-preview:-1"},"canonical":"https:\/\/calhounmeredith.com\/es\/privacy-policy\/","og_locale":"es_MX","og_type":"article","og_title":"Privacy Policy | Calhoun Meredith","og_description":"No se compartir\u00e1 ninguna informaci\u00f3n m\u00f3vil con terceros\/afiliados con fines de marketing\/promoci\u00f3n. Todas las categor\u00edas anteriores excluyen los datos de aceptaci\u00f3n y el consentimiento del &hellip; Continuar leyendo \"Privacy Policy\"","og_url":"https:\/\/calhounmeredith.com\/es\/privacy-policy\/","og_site_name":"Calhoun Meredith","article_publisher":"https:\/\/www.facebook.com\/calhounmeredithllc","article_modified_time":"2025-07-11T15:39:36+00:00","og_image":[{"width":381,"height":155,"url":"https:\/\/calhounmeredith.com\/wp-content\/uploads\/2024\/08\/preview-image-logo.png","type":"image\/png"}],"twitter_card":"summary_large_image","twitter_misc":{"Tiempo de lectura":"7 minutos"},"schema":{"@context":"https:\/\/schema.org","@graph":[{"@type":"WebPage","@id":"https:\/\/calhounmeredith.com\/es\/privacy-policy\/","url":"https:\/\/calhounmeredith.com\/es\/privacy-policy\/","name":"Privacy Policy | Calhoun Meredith","isPartOf":{"@id":"https:\/\/calhounmeredith.com\/#website"},"datePublished":"2024-06-18T10:06:16+00:00","dateModified":"2025-07-11T15:39:36+00:00","breadcrumb":{"@id":"https:\/\/calhounmeredith.com\/es\/privacy-policy\/#breadcrumb"},"inLanguage":"es","potentialAction":[{"@type":"ReadAction","target":["https:\/\/calhounmeredith.com\/es\/privacy-policy\/"]}]},{"@type":"BreadcrumbList","@id":"https:\/\/calhounmeredith.com\/es\/privacy-policy\/#breadcrumb","itemListElement":[{"@type":"ListItem","position":1,"name":"Home","item":"https:\/\/calhounmeredith.com\/es\/"},{"@type":"ListItem","position":2,"name":"Privacy Policy"}]},{"@type":"WebSite","@id":"https:\/\/calhounmeredith.com\/#website","url":"https:\/\/calhounmeredith.com\/","name":"Calhoun Meredith","description":"Houston Injury Law Firm","publisher":{"@id":"https:\/\/calhounmeredith.com\/#organization"},"potentialAction":[{"@type":"SearchAction","target":{"@type":"EntryPoint","urlTemplate":"https:\/\/calhounmeredith.com\/?s={search_term_string}"},"query-input":{"@type":"PropertyValueSpecification","valueRequired":true,"valueName":"search_term_string"}}],"inLanguage":"es"},{"@type":"Organization","@id":"https:\/\/calhounmeredith.com\/#organization","name":"Calhoun Meredith","url":"https:\/\/calhounmeredith.com\/","logo":{"@type":"ImageObject","inLanguage":"es","@id":"https:\/\/calhounmeredith.com\/#\/schema\/logo\/image\/","url":"https:\/\/calhounmeredith.com\/wp-content\/uploads\/2022\/04\/calhoun-meredith-new-logo01-colored.png","contentUrl":"https:\/\/calhounmeredith.com\/wp-content\/uploads\/2022\/04\/calhoun-meredith-new-logo01-colored.png","width":400,"height":200,"caption":"Calhoun Meredith"},"image":{"@id":"https:\/\/calhounmeredith.com\/#\/schema\/logo\/image\/"},"sameAs":["https:\/\/www.facebook.com\/calhounmeredithllc"]}]}},"_links":{"self":[{"href":"https:\/\/calhounmeredith.com\/es\/wp-json\/wp\/v2\/pages\/5048","targetHints":{"allow":["GET"]}}],"collection":[{"href":"https:\/\/calhounmeredith.com\/es\/wp-json\/wp\/v2\/pages"}],"about":[{"href":"https:\/\/calhounmeredith.com\/es\/wp-json\/wp\/v2\/types\/page"}],"author":[{"embeddable":true,"href":"https:\/\/calhounmeredith.com\/es\/wp-json\/wp\/v2\/users\/21"}],"replies":[{"embeddable":true,"href":"https:\/\/calhounmeredith.com\/es\/wp-json\/wp\/v2\/comments?post=5048"}],"version-history":[{"count":5,"href":"https:\/\/calhounmeredith.com\/es\/wp-json\/wp\/v2\/pages\/5048\/revisions"}],"predecessor-version":[{"id":6105,"href":"https:\/\/calhounmeredith.com\/es\/wp-json\/wp\/v2\/pages\/5048\/revisions\/6105"}],"wp:attachment":[{"href":"https:\/\/calhounmeredith.com\/es\/wp-json\/wp\/v2\/media?parent=5048"}],"curies":[{"name":"wp","href":"https:\/\/api.w.org\/{rel}","templated":true}]}}